{"id":8314,"date":"2022-10-14T15:30:07","date_gmt":"2022-10-14T13:30:07","guid":{"rendered":"https:\/\/www.byrna-defense.com\/?post_type=product&#038;p=8314"},"modified":"2025-11-24T17:05:51","modified_gmt":"2025-11-24T16:05:51","slug":"pro-training","status":"publish","type":"product","link":"https:\/\/www.byrna-defense.com\/tr\/product\/pro-training\/","title":{"rendered":"BYRNA TRAINING PROJECTILES"},"content":{"rendered":"<div class=\"vc_row wpb_row vc_row-fluid\"><div class=\"wpb_column vc_column_container vc_col-sm-12\"><div class=\"vc_column-inner\"><div class=\"wpb_wrapper\">\t\n\t\t\t<div id=\"wd-688767f229f13\" class=\"wd-text-block-wrapper wd-wpb color-scheme-custom wd-width-100 text-left\">\n\t\t\t\t<div class=\"woodmart-title-container woodmart-text-block reset-last-child font-primary wd-font-weight-400\">\n\t\t\t\t\tExiste en pot de 95 projectiles.\t\t\t\t<\/div>\n\t\t\t\t\t\t\t<\/div>\n\t\t\t\n\t\t\t<div id=\"wd-63bd5c7accd11\" class=\"wd-text-block-wrapper wd-wpb color-scheme-custom wd-width-100 text-left\">\n\t\t\t\t<div class=\"woodmart-title-container woodmart-text-block reset-last-child font-primary wd-font-weight-400\">\n\t\t\t\t\t\u0130nert beyaz tozla doldurulmu\u015f 'E\u011fitim' mermisi, tahri\u015f edici veya etkisiz hale getirici kimyasal i\u00e7eren mermilerin kullan\u0131labilece\u011fi acil durumlar\u0131 sim\u00fcle etmek i\u00e7in \u00f6nemli bir m\u00fchimmatt\u0131r. Byrna hava f\u0131rlat\u0131c\u0131s\u0131 ile kullan\u0131lmak \u00fczere tasarlanm\u0131\u015ft\u0131r ve 12 metreye kadar etkili bir mesafeden iti\u015f sa\u011flar.<\/p>\n<p>Dayan\u0131kl\u0131 bir polimer malzemeden \u00fcretilen mermi, tahri\u015f edici veya etkisiz hale getirici bir kimyasal (Max veya Pepper) i\u00e7eren bir merminin da\u011f\u0131lmas\u0131n\u0131 ve etkisini taklit eden inert beyaz bir tozla doldurulur. Bu sayede, etkisiz hale getirici ve tahri\u015f edici kimyasallar i\u00e7eren mermileri kullanman\u0131z\u0131n istenece\u011fi ger\u00e7ek ya\u015fam durumlar\u0131na etkili bir \u015fekilde haz\u0131rlanabilirsiniz.<\/p>\n<p>Bu mermide kullan\u0131lan inert beyaz toz toksik de\u011fildir ve tahri\u015f edici de\u011fildir, bu da kullan\u0131m\u0131 g\u00fcvenli hale getirir. Ayr\u0131ca temizlenmesi kolayd\u0131r ve kal\u0131c\u0131 bir kal\u0131nt\u0131 b\u0131rakmaz.<\/p>\n<p>Bu e\u011fitim mermisi, kendilerini acil durumlara etkili bir \u015fekilde haz\u0131rlamak isteyen kolluk kuvvetleri, \u00f6zel g\u00fcvenlik g\u00f6revlileri, g\u00fcvenlik \u00e7al\u0131\u015fanlar\u0131 ve \u00f6zel ki\u015filer i\u00e7in idealdir. Etkisiz hale getiren bir merminin ger\u00e7ek hayattaki ko\u015fullar\u0131n\u0131 sim\u00fcle eder. Bu nedenle, g\u00fcvenli ve etkili kullan\u0131m i\u00e7in \u00e7evrimi\u00e7i e\u011fitimin takip edilmesi ve talimatlara uyulmas\u0131 tavsiye edilir.\t\t\t\t<\/div>\n\t\t\t\t\t\t\t<\/div>\n\t\t<\/div><\/div><\/div><\/div><div class=\"vc_row wpb_row vc_row-fluid\"><div class=\"wpb_column vc_column_container vc_col-sm-12\"><div class=\"vc_column-inner\"><div class=\"wpb_wrapper\"><div id=\"wd-636293417bdcd\" class=\"wd-button-wrapper text-left\"><a href=\"https:\/\/www.byrna-defense.com\/wp-content\/uploads\/2022\/10\/Fiche-de-donne\u0301es-se\u0301curite\u0301-BYRNA-PRO-TRAINING-PROJECTILE-SDS.pdf\" title=\"\" class=\"btn btn-color-primary btn-style-default btn-shape-semi-round btn-size-default\">G\u00fcvenlik bilgi formu<\/a><\/div><\/div><\/div><\/div><\/div>","protected":false},"excerpt":{"rendered":"<p>Tahri\u015f edici veya etkisiz hale getirici bir kimyasal i\u00e7eren mermilerin ate\u015flenmesini, \u00e7arpmas\u0131n\u0131 ve da\u011f\u0131lmas\u0131n\u0131 sim\u00fcle etmek i\u00e7in kullan\u0131lan inert beyaz tozla dolu e\u011fitim mermileri.<\/p>\n<p>&nbsp;<br \/>\n<input class=\"favorite styled\"\n       type=\"button\"\n       value=\"Sipari\u015f\"\n       style=\"background-color: #FC671D; color: white; font-weight: bold;\"\n       onclick=\"location.href='https:\/\/www.naturabuy.fr\/stores\/2029\/'\"><\/p>","protected":false},"featured_media":8514,"comment_status":"closed","ping_status":"closed","template":"","meta":[],"product_brand":[],"product_cat":[40],"product_tag":[],"class_list":{"0":"post-8314","1":"product","2":"type-product","3":"status-publish","4":"has-post-thumbnail","6":"product_cat-projectiles","8":"first","9":"instock","10":"shipping-taxable","11":"purchasable","12":"product-type-variable","13":"has-default-attributes"},"_links":{"self":[{"href":"https:\/\/www.byrna-defense.com\/tr\/wp-json\/wp\/v2\/product\/8314","targetHints":{"allow":["GET"]}}],"collection":[{"href":"https:\/\/www.byrna-defense.com\/tr\/wp-json\/wp\/v2\/product"}],"about":[{"href":"https:\/\/www.byrna-defense.com\/tr\/wp-json\/wp\/v2\/types\/product"}],"replies":[{"embeddable":true,"href":"https:\/\/www.byrna-defense.com\/tr\/wp-json\/wp\/v2\/comments?post=8314"}],"wp:featuredmedia":[{"embeddable":true,"href":"https:\/\/www.byrna-defense.com\/tr\/wp-json\/wp\/v2\/media\/8514"}],"wp:attachment":[{"href":"https:\/\/www.byrna-defense.com\/tr\/wp-json\/wp\/v2\/media?parent=8314"}],"wp:term":[{"taxonomy":"product_brand","embeddable":true,"href":"https:\/\/www.byrna-defense.com\/tr\/wp-json\/wp\/v2\/product_brand?post=8314"},{"taxonomy":"product_cat","embeddable":true,"href":"https:\/\/www.byrna-defense.com\/tr\/wp-json\/wp\/v2\/product_cat?post=8314"},{"taxonomy":"product_tag","embeddable":true,"href":"https:\/\/www.byrna-defense.com\/tr\/wp-json\/wp\/v2\/product_tag?post=8314"}],"curies":[{"name":"wp","href":"https:\/\/api.w.org\/{rel}","templated":true}]}}