{"id":7728,"date":"2022-09-19T15:29:42","date_gmt":"2022-09-19T13:29:42","guid":{"rendered":"http:\/\/preprod.byrna-defense.com\/www\/?post_type=product&#038;p=7728"},"modified":"2025-11-24T17:04:58","modified_gmt":"2025-11-24T16:04:58","slug":"banshee","status":"publish","type":"product","link":"https:\/\/www.byrna-defense.com\/tr\/product\/banshee\/","title":{"rendered":"Banshee ki\u015fisel alarm"},"content":{"rendered":"<div class=\"vc_row wpb_row vc_row-fluid\"><div class=\"wpb_column vc_column_container vc_col-sm-12\"><div class=\"vc_column-inner\"><div class=\"wpb_wrapper\">\n\t<div class=\"wpb_text_column wpb_content_element\" >\n\t\t<div class=\"wpb_wrapper\">\n\t\t\t<p>Byrna Banshee, bireyleri potansiyel sald\u0131r\u0131lardan korumak i\u00e7in tasarlanm\u0131\u015f askeri s\u0131n\u0131f bir ki\u015fisel g\u00fcvenlik alarm\u0131d\u0131r. 130dB'lik ses g\u00fcc\u00fcyle saniyeler i\u00e7inde dikkatleri \u00fczerinize \u00e7ekebilir ve tiz, delici sesiyle olas\u0131 sald\u0131r\u0131lar\u0131 engelleyebilir.<\/p>\n<p>Bir karabina ile donat\u0131lm\u0131\u015f olup, acil durumlarda h\u0131zl\u0131 eri\u015fim i\u00e7in s\u0131rt \u00e7antalar\u0131na, el \u00e7antas\u0131 ask\u0131lar\u0131na ve pantolon halkalar\u0131na kolayca tak\u0131labilir. B\u00f6ylece alarm her zaman elinizin alt\u0131nda olur.<\/p>\n<p>Dayan\u0131kl\u0131, suya dayan\u0131kl\u0131 malzemelerden \u00fcretilen bu alarm uzun \u00f6m\u00fcrl\u00fc ve g\u00fcvenilirdir. Ayr\u0131ca bir y\u0131la kadar dayanan de\u011fi\u015ftirilebilir pillere sahiptir; bu da \u00f6\u011frenciler, yeti\u015fkinler, ya\u015fl\u0131lar ve a\u00e7\u0131k hava merakl\u0131lar\u0131 i\u00e7in idealdir.<\/p>\n<p>Sonu\u00e7 olarak Byrna Banshee, g\u00fcvenliklerinden endi\u015fe duyan herkes i\u00e7in kendilerini potansiyel sald\u0131rganlardan korumak ve acil bir durumda dikkat \u00e7ekmek i\u00e7in gerekli bir ara\u00e7t\u0131r. 130dB, bir askeri jetin kalk\u0131\u015f\u0131n\u0131 50 fit uzaktan duymaya e\u015fde\u011ferdir, bu nedenle bu alarm ki\u015fisel g\u00fcvenli\u011finiz i\u00e7in \u00e7ok \u00f6nemlidir.<\/p>\n\n\t\t<\/div>\n\t<\/div>\n<\/div><\/div><\/div><\/div><div class=\"vc_row wpb_row vc_row-fluid\"><div class=\"wpb_column vc_column_container vc_col-sm-4\"><div class=\"vc_column-inner\"><div class=\"wpb_wrapper\"><\/div><\/div><\/div><div class=\"wpb_column vc_column_container vc_col-sm-4\"><div class=\"vc_column-inner\"><div class=\"wpb_wrapper\">\n\t<div class=\"wpb_video_widget wpb_content_element vc_clearfix vc_video-aspect-ratio-169 vc_video-el-width-100 vc_video-align-left\" >\n\t\t<div class=\"wpb_wrapper\">\n\t\t\t\n\t\t\t<div class=\"wpb_video_wrapper\"><div class=\"wd-video-poster-wrapper\"><div class=\"wd-video-poster\" style=\"background-image:url(https:\/\/www.byrna-defense.com\/wp-content\/uploads\/2022\/09\/Banshee-Lifestyle-1_800x.jpg)\";><\/div><div class=\"button-play\"><\/div><\/div><iframe title=\"BYRNA BANSHEE\" width=\"500\" height=\"281\" src=\"https:\/\/www.youtube.com\/embed\/xLmvtI8U064?feature=oembed\" frameborder=\"0\" allow=\"accelerometer; autoplay; clipboard-write; encrypted-media; gyroscope; picture-in-picture; web-share\" referrerpolicy=\"strict-origin-when-cross-origin\" allowfullscreen><\/iframe><\/div>\n\t\t<\/div>\n\t<\/div>\n<\/div><\/div><\/div><div class=\"wpb_column vc_column_container vc_col-sm-4\"><div class=\"vc_column-inner\"><div class=\"wpb_wrapper\"><\/div><\/div><\/div><\/div>","protected":false},"excerpt":{"rendered":"<p>Mantram\u0131za sad\u0131k kalarak <strong>G\u00fcvenlik i\u00e7inde ya\u015famak<\/strong> \" T\u00fcrkiye'de ilk kez <strong>Byrna Banshee<\/strong> Dikkatleri \u00fczerinize \u00e7eken ve olas\u0131 sald\u0131r\u0131lar\u0131 engelleyen sesli bir uyar\u0131 \u00fcretebilen 130dB*, askeri s\u0131n\u0131f bir ki\u015fisel g\u00fcvenlik alarm\u0131.<\/p>\n<p>&nbsp;<br \/>\n<input class=\"favorite styled\"\n       type=\"button\"\n       value=\"Sipari\u015f\"\n       style=\"background-color: #FC671D; color: white; font-weight: bold;\"\n       onclick=\"location.href='https:\/\/www.naturabuy.fr\/stores\/2029\/'\"><\/p>","protected":false},"featured_media":7777,"comment_status":"closed","ping_status":"closed","template":"","meta":[],"product_brand":[],"product_cat":[15],"product_tag":[],"class_list":{"0":"post-7728","1":"product","2":"type-product","3":"status-publish","4":"has-post-thumbnail","6":"product_cat-uncategorized","8":"first","9":"instock","10":"shipping-taxable","11":"purchasable","12":"product-type-variable","13":"has-default-attributes"},"_links":{"self":[{"href":"https:\/\/www.byrna-defense.com\/tr\/wp-json\/wp\/v2\/product\/7728","targetHints":{"allow":["GET"]}}],"collection":[{"href":"https:\/\/www.byrna-defense.com\/tr\/wp-json\/wp\/v2\/product"}],"about":[{"href":"https:\/\/www.byrna-defense.com\/tr\/wp-json\/wp\/v2\/types\/product"}],"replies":[{"embeddable":true,"href":"https:\/\/www.byrna-defense.com\/tr\/wp-json\/wp\/v2\/comments?post=7728"}],"wp:featuredmedia":[{"embeddable":true,"href":"https:\/\/www.byrna-defense.com\/tr\/wp-json\/wp\/v2\/media\/7777"}],"wp:attachment":[{"href":"https:\/\/www.byrna-defense.com\/tr\/wp-json\/wp\/v2\/media?parent=7728"}],"wp:term":[{"taxonomy":"product_brand","embeddable":true,"href":"https:\/\/www.byrna-defense.com\/tr\/wp-json\/wp\/v2\/product_brand?post=7728"},{"taxonomy":"product_cat","embeddable":true,"href":"https:\/\/www.byrna-defense.com\/tr\/wp-json\/wp\/v2\/product_cat?post=7728"},{"taxonomy":"product_tag","embeddable":true,"href":"https:\/\/www.byrna-defense.com\/tr\/wp-json\/wp\/v2\/product_tag?post=7728"}],"curies":[{"name":"wp","href":"https:\/\/api.w.org\/{rel}","templated":true}]}}