{"id":8002,"date":"2022-10-11T15:37:36","date_gmt":"2022-10-11T13:37:36","guid":{"rendered":"http:\/\/preprod.byrna-defense.com\/www\/?page_id=8002"},"modified":"2024-02-05T14:20:02","modified_gmt":"2024-02-05T13:20:02","slug":"premiers-soins","status":"publish","type":"page","link":"https:\/\/www.byrna-defense.com\/tr\/premiers-soins\/","title":{"rendered":"\u0130lk Yard\u0131m"},"content":{"rendered":"<div class=\"vc_row wpb_row vc_row-fluid\"><div class=\"wpb_column vc_column_container vc_col-sm-12\"><div class=\"vc_column-inner\"><div class=\"wpb_wrapper\">\t\n\t\t\t<div id=\"wd-636248e963a91\" class=\"wd-text-block-wrapper wd-wpb color-scheme-custom wd-width-100 text-left vc_custom_1667385585161\">\n\t\t\t\t<div class=\"woodmart-title-container woodmart-text-block reset-last-child font-text wd-font-weight-400 wd-fontsize-m\">\n\t\t\t\t\tKimyasal tahri\u015f edici maddeler ciddi yaralanmalara, kal\u0131c\u0131 sakatl\u0131klara ve nadir durumlarda \u00f6l\u00fcme neden olabilir. \u00c7ocuklar, ya\u015fl\u0131lar ve kronik hastal\u0131klar\u0131 olan ki\u015filer kimyasal tahri\u015f edici maddelerin etkilerine kar\u015f\u0131 daha savunmas\u0131zd\u0131r. Ast\u0131m gibi \u00f6nceden mevcut solunum rahats\u0131zl\u0131klar\u0131 olan ki\u015filerin t\u0131bbi m\u00fcdahaleye ihtiya\u00e7 duymas\u0131 muhtemeldir ve bazen hastaneye yat\u0131r\u0131lmalar\u0131 ve hatta solunum yard\u0131m\u0131 almalar\u0131 gerekebilir. CS'ye cilt maruziyeti kimyasal yan\u0131klara veya alerjik kontakt dermatite neden olabilir. \u0130nsanlar yak\u0131n mesafeden etkilendi\u011finde veya ciddi \u015fekilde maruz kald\u0131\u011f\u0131nda, kornea skar\u0131n\u0131 i\u00e7eren g\u00f6z hasar\u0131 kal\u0131c\u0131 g\u00f6rme keskinli\u011fi kayb\u0131na neden olabilir.\t\t\t\t<\/div>\n\t\t\t\t\t\t\t<\/div>\n\t\t<\/div><\/div><\/div><\/div><div class=\"vc_row wpb_row vc_row-fluid\"><div class=\"wpb_column vc_column_container vc_col-sm-12\"><div class=\"vc_column-inner\"><div class=\"wpb_wrapper\">\t\n\t\t\t<div id=\"wd-636248f4de5ba\" class=\"wd-text-block-wrapper wd-wpb color-scheme-custom wd-width-100 text-left\">\n\t\t\t\t<div class=\"woodmart-title-container woodmart-text-block reset-last-child font-text wd-font-weight-400 wd-fontsize-m\">\n\t\t\t\t\tKazara d\u00f6k\u00fclmesi veya kimyasal tahri\u015f edici maddelere maruz kal\u0131nmas\u0131 durumunda derhal t\u0131bbi yard\u0131m al\u0131n.<\/p>\n<ul>\n<li><strong>INHALASYONDAN SONRA<\/strong> :<br \/>\nTemiz hava sa\u011flay\u0131n; \u015fikayetler ortaya \u00e7\u0131karsa bir doktora dan\u0131\u015f\u0131n.<br \/>\nEtkilenen ki\u015fi nefes almakta zorluk \u00e7ekiyorsa oksijen tedavisi sa\u011flay\u0131n.<\/li>\n<li><strong>CILT ILE TEMAS ETTIKTEN SONRA<\/strong> :<br \/>\nHemen sabun ve suyla y\u0131kay\u0131n ve iyice durulay\u0131n.<br \/>\nCilt tahri\u015fi veya k\u0131zar\u0131kl\u0131k olu\u015fursa: T\u0131bbi tavsiye\/m\u00fcdahale al\u0131n.<\/li>\n<li><strong>G\u00d6Z TEMASINDAN SONRA<\/strong> :<br \/>\nKontakt lens kullan\u0131yorsan\u0131z \u00e7\u0131kar\u0131n.<br \/>\nA\u00e7\u0131k g\u00f6z(ler)\u00fc akan suyun alt\u0131nda birka\u00e7 dakika durulay\u0131n. Belirtiler devam ederse bir doktora dan\u0131\u015f\u0131n.<\/li>\n<li><strong>YUTULDUKTAN SONRA<\/strong> :<br \/>\nA\u011fz\u0131n\u0131z\u0131 \u00e7alkalay\u0131n ve bol su i\u00e7in.<br \/>\nKusturmaya \u00e7al\u0131\u015fmay\u0131n; derhal t\u0131bbi yard\u0131m al\u0131n.<\/li>\n<li><strong>HEM AKUT HEM DE GECIKMI\u015e EN \u00d6NEMLI SEMPTOMLAR VE ETKILER<\/strong> :<br \/>\nSolunum yollar\u0131nda tahri\u015fe neden olabilir.<br \/>\n\u00d6ks\u00fcr\u00fck.<br \/>\nSolunum g\u00fc\u00e7l\u00fc\u011f\u00fc.<br \/>\nG\u00f6z tahri\u015fine neden olur.<br \/>\nAlerjik reaksiyonlar.<\/li>\n<li><strong>TEHL\u0130KE<\/strong> :<br \/>\nKansere neden oldu\u011fundan \u015f\u00fcpheleniliyor. Maruz kalma yolu: Soluma.<\/li>\n<\/ul>\n<p><strong>GEREKLI ACIL TIBBI M\u00dcDAHALE VE \u00d6ZEL TEDAVININ BELIRTILMESI<\/strong> :<br \/>\nSemptomatik olarak tedavi edin.<br \/>\nN-vanililnonanamid i\u00e7erir. Alerjik reaksiyon olu\u015fturabilir.\t\t\t\t<\/div>\n\t\t\t\t\t\t\t<\/div>\n\t\t<\/div><\/div><\/div><\/div><div class=\"vc_row wpb_row vc_row-fluid vc_row-o-equal-height vc_row-o-content-middle vc_row-flex\"><div class=\"wpb_column vc_column_container vc_col-sm-6\"><div class=\"vc_column-inner\"><div class=\"wpb_wrapper\">\t\t\t<div class=\"info-box-wrapper\">\n\t\t\t\t<div id=\"wd-63624cf66ffd4\" class=\"wd-info-box wd-wpb text-left box-icon-align-left box-style-border color-scheme-light wd-bg-none\"  >\n\t\t\t\t\t\t\t\t\t\t\t<div class=\"box-icon-wrapper  box-with-icon box-icon-simple\">\n\t\t\t\t\t\t\t<div class=\"info-box-icon\">\n\n\t\t\t\t\t\t\t\n\t\t\t\t\t\t\t\t\t\t\t\t\t\t\t\t\t<img decoding=\"async\" class=\"info-icon image-1\" src=\"https:\/\/www.byrna-defense.com\/wp-content\/uploads\/2022\/10\/Byrna_render_Max_1ct-150x150.webp\" width=\"150\" height=\"150\" alt=\"Byrna_render_Max_1ct\" title=\"Byrna_render_Max_1ct\" \/>\t\t\t\t\t\t\t\t\t\t\t\t\t\t\t\t\n\t\t\t\t\t\t\t\n\t\t\t\t\t\t\t<\/div>\n\t\t\t\t\t\t<\/div>\n\t\t\t\t\t\t\t\t\t\t<div class=\"info-box-content\">\n\t\t\t\t\t\t<div class=\"info-box-subtitle wd-fontsize-xs subtitle-style-default wd-font-weight-700\">Byrna Max projekt\u00f6rler<\/div><h4 class=\"info-box-title title wd-font-weight-400 box-title-style-default wd-fontsize-m\">Kullan\u0131m: Kendini savunma<br \/>\nForm\u00fclasyon: OC, CS, PAVA<\/h4>\t\t\t\t\t\t<div class=\"info-box-inner set-cont-mb-s reset-last-child\">\n\t\t\t\t\t\t\t\t\t\t\t\t\t<\/div>\n\n\t\t\t\t\t\t\t\t\t\t\t\t\n\t\t\t\t\t<\/div>\n\n\t\t\t\t\t<style>#wd-63624cf66ffd4 .info-box-subtitle{background-color:  !important;}<\/style>\t\t\t\t<\/div>\n\t\t\t<\/div>\n\t\t<\/div><\/div><\/div><div class=\"wpb_column vc_column_container vc_col-sm-6\"><div class=\"vc_column-inner\"><div class=\"wpb_wrapper\"><div id=\"wd-63624d25ce89c\" class=\"wd-button-wrapper text-center\"><a href=\"https:\/\/www.byrna-defense.com\/wp-content\/uploads\/2022\/10\/Fiche-de-donne\u0301es-se\u0301curite\u0301-BYRNA-MAX-PROJECTILE-SDS.pdf\" title=\"\" class=\"btn btn-color-primary btn-style-default btn-shape-rectangle btn-size-default\">G\u00fcvenlik bilgi formu<\/a><\/div><\/div><\/div><\/div><\/div><div class=\"vc_row wpb_row vc_row-fluid vc_row-o-equal-height vc_row-o-content-middle vc_row-flex\"><div class=\"wpb_column vc_column_container vc_col-sm-6\"><div class=\"vc_column-inner\"><div class=\"wpb_wrapper\">\t\t\t<div class=\"info-box-wrapper\">\n\t\t\t\t<div id=\"wd-63624e7adf422\" class=\"wd-info-box wd-wpb text-left box-icon-align-left box-style-border color-scheme-light wd-bg-none\"  >\n\t\t\t\t\t\t\t\t\t\t\t<div class=\"box-icon-wrapper  box-with-icon box-icon-simple\">\n\t\t\t\t\t\t\t<div class=\"info-box-icon\">\n\n\t\t\t\t\t\t\t\n\t\t\t\t\t\t\t\t\t\t\t\t\t\t\t\t\t<img decoding=\"async\" class=\"info-icon image-1\" src=\"https:\/\/www.byrna-defense.com\/wp-content\/uploads\/2022\/10\/Red_Grey_Pepper-150x150.webp\" width=\"150\" height=\"150\" alt=\"Red_Grey_Pepper\" title=\"Red_Grey_Pepper\" \/>\t\t\t\t\t\t\t\t\t\t\t\t\t\t\t\t\n\t\t\t\t\t\t\t\n\t\t\t\t\t\t\t<\/div>\n\t\t\t\t\t\t<\/div>\n\t\t\t\t\t\t\t\t\t\t<div class=\"info-box-content\">\n\t\t\t\t\t\t<div class=\"info-box-subtitle wd-fontsize-xs subtitle-style-default wd-font-weight-700\">Byrna Pepper projekt\u00f6rleri<\/div><h4 class=\"info-box-title title wd-font-weight-400 box-title-style-default wd-fontsize-m\">Kullan\u0131m: Kendini savunma<br \/>\nForm\u00fclasyon: OC, PAVA<\/h4>\t\t\t\t\t\t<div class=\"info-box-inner set-cont-mb-s reset-last-child\">\n\t\t\t\t\t\t\t\t\t\t\t\t\t<\/div>\n\n\t\t\t\t\t\t\t\t\t\t\t\t\n\t\t\t\t\t<\/div>\n\n\t\t\t\t\t<style>#wd-63624e7adf422 .info-box-subtitle{background-color:  !important;}<\/style>\t\t\t\t<\/div>\n\t\t\t<\/div>\n\t\t<\/div><\/div><\/div><div class=\"wpb_column vc_column_container vc_col-sm-6\"><div class=\"vc_column-inner\"><div class=\"wpb_wrapper\"><div id=\"wd-65c0e01145157\" class=\"wd-button-wrapper text-center\"><a href=\"https:\/\/www.byrna-defense.com\/wp-content\/uploads\/2022\/10\/Fiche-de-donne%CC%81es-se%CC%81curite%CC%81-BYRNA-PEPPER-PROJECTILE-SDS.pdf\" title=\"\" class=\"btn btn-color-primary btn-style-default btn-shape-rectangle btn-size-default\">G\u00fcvenlik bilgi formu<\/a><\/div><\/div><\/div><\/div><\/div><div class=\"vc_row wpb_row vc_row-fluid vc_row-o-equal-height vc_row-o-content-middle vc_row-flex\"><div class=\"wpb_column vc_column_container vc_col-sm-6\"><div class=\"vc_column-inner\"><div class=\"wpb_wrapper\">\t\t\t<div class=\"info-box-wrapper\">\n\t\t\t\t<div id=\"wd-6362747c9d442\" class=\"wd-info-box wd-wpb text-left box-icon-align-left box-style-border color-scheme-light wd-bg-none\"  >\n\t\t\t\t\t\t\t\t\t\t\t<div class=\"box-icon-wrapper  box-with-icon box-icon-simple\">\n\t\t\t\t\t\t\t<div class=\"info-box-icon\">\n\n\t\t\t\t\t\t\t\n\t\t\t\t\t\t\t\t\t\t\t\t\t\t\t\t\t<img decoding=\"async\" class=\"info-icon image-1\" src=\"https:\/\/www.byrna-defense.com\/wp-content\/uploads\/2022\/10\/Pro-Training-Single-150x150.webp\" width=\"150\" height=\"150\" alt=\"Pro-Training-Single\" title=\"Pro-E\u011fitim-Tek\" \/>\t\t\t\t\t\t\t\t\t\t\t\t\t\t\t\t\n\t\t\t\t\t\t\t\n\t\t\t\t\t\t\t<\/div>\n\t\t\t\t\t\t<\/div>\n\t\t\t\t\t\t\t\t\t\t<div class=\"info-box-content\">\n\t\t\t\t\t\t<div class=\"info-box-subtitle wd-fontsize-xs subtitle-style-default wd-font-weight-700\">Byrna E\u011fitim projekt\u00f6rleri<\/div><h4 class=\"info-box-title title wd-font-weight-400 box-title-style-default wd-fontsize-m\">Kullan\u0131m: Al\u0131\u015ft\u0131rma \/ Kendini savunma<br \/>\nForm\u00fclasyon: Talk pudras\u0131<\/h4>\t\t\t\t\t\t<div class=\"info-box-inner set-cont-mb-s reset-last-child\">\n\t\t\t\t\t\t\t\t\t\t\t\t\t<\/div>\n\n\t\t\t\t\t\t\t\t\t\t\t\t\n\t\t\t\t\t<\/div>\n\n\t\t\t\t\t<style>#wd-6362747c9d442 .info-box-subtitle{background-color:  !important;}<\/style>\t\t\t\t<\/div>\n\t\t\t<\/div>\n\t\t<\/div><\/div><\/div><div class=\"wpb_column vc_column_container vc_col-sm-6\"><div class=\"vc_column-inner\"><div class=\"wpb_wrapper\"><div id=\"wd-636274ac7a06f\" class=\"wd-button-wrapper text-center\"><a href=\"https:\/\/www.byrna-defense.com\/wp-content\/uploads\/2022\/10\/Fiche-de-donne\u0301es-se\u0301curite\u0301-BYRNA-PRO-TRAINING-PROJECTILE-SDS.pdf\" title=\"\" class=\"btn btn-color-primary btn-style-default btn-shape-rectangle btn-size-default\">G\u00fcvenlik bilgi formu<\/a><\/div><\/div><\/div><\/div><\/div><div class=\"vc_row wpb_row vc_row-fluid vc_row-o-equal-height vc_row-o-content-middle vc_row-flex\"><div class=\"wpb_column vc_column_container vc_col-sm-6\"><div class=\"vc_column-inner\"><div class=\"wpb_wrapper\">\t\t\t<div class=\"info-box-wrapper\">\n\t\t\t\t<div id=\"wd-636274b543933\" class=\"wd-info-box wd-wpb text-left box-icon-align-left box-style-border color-scheme-light wd-bg-none\"  >\n\t\t\t\t\t\t\t\t\t\t\t<div class=\"box-icon-wrapper  box-with-icon box-icon-simple\">\n\t\t\t\t\t\t\t<div class=\"info-box-icon\">\n\n\t\t\t\t\t\t\t\n\t\t\t\t\t\t\t\t\t\t\t\t\t\t\t\t\t<img decoding=\"async\" class=\"info-icon image-1\" src=\"https:\/\/www.byrna-defense.com\/wp-content\/uploads\/2022\/10\/Byrna_render_Eco_Kinetic_1ct-150x150.webp\" width=\"150\" height=\"150\" alt=\"Byrna_render_Eco_Kinetic_1ct\" title=\"Byrna_render_Eco_Kinetic_1ct\" \/>\t\t\t\t\t\t\t\t\t\t\t\t\t\t\t\t\n\t\t\t\t\t\t\t\n\t\t\t\t\t\t\t<\/div>\n\t\t\t\t\t\t<\/div>\n\t\t\t\t\t\t\t\t\t\t<div class=\"info-box-content\">\n\t\t\t\t\t\t<div class=\"info-box-subtitle wd-fontsize-xs subtitle-style-default wd-font-weight-700\">Byrna Eko-e\u011fitim projekt\u00f6rleri<\/div><h4 class=\"info-box-title title wd-font-weight-400 box-title-style-default wd-fontsize-m\">Kullan\u0131m: E\u011fitim<br \/>\nForm\u00fclasyon: Suda \u00e7\u00f6z\u00fcn\u00fcr plastik<\/h4>\t\t\t\t\t\t<div class=\"info-box-inner set-cont-mb-s reset-last-child\">\n\t\t\t\t\t\t\t\t\t\t\t\t\t<\/div>\n\n\t\t\t\t\t\t\t\t\t\t\t\t\n\t\t\t\t\t<\/div>\n\n\t\t\t\t\t<style>#wd-636274b543933 .info-box-subtitle{background-color:  !important;}<\/style>\t\t\t\t<\/div>\n\t\t\t<\/div>\n\t\t<\/div><\/div><\/div><div class=\"wpb_column vc_column_container vc_col-sm-6\"><div class=\"vc_column-inner\"><div class=\"wpb_wrapper\"><div id=\"wd-636274ec54f73\" class=\"wd-button-wrapper text-center\"><a href=\"https:\/\/www.byrna-defense.com\/wp-content\/uploads\/2022\/10\/Fiche-de-donne\u0301es-se\u0301curite\u0301-BYRNA-ECO-KINETIC-PROJECTILE-SDS.pdf\" title=\"\" class=\"btn btn-color-primary btn-style-default btn-shape-rectangle btn-size-default\">G\u00fcvenlik bilgi formu<\/a><\/div><\/div><\/div><\/div><\/div>","protected":false},"excerpt":{"rendered":"Kimyasal tahri\u015f edici maddeler ciddi yaralanmalara, kal\u0131c\u0131 sakatl\u0131klara ve nadir durumlarda \u00f6l\u00fcme neden olabilir. \u00c7ocuklar i\u00e7in,","protected":false},"author":1,"featured_media":0,"parent":0,"menu_order":0,"comment_status":"closed","ping_status":"closed","template":"","meta":{"footnotes":""},"class_list":["post-8002","page","type-page","status-publish","hentry"],"_links":{"self":[{"href":"https:\/\/www.byrna-defense.com\/tr\/wp-json\/wp\/v2\/pages\/8002","targetHints":{"allow":["GET"]}}],"collection":[{"href":"https:\/\/www.byrna-defense.com\/tr\/wp-json\/wp\/v2\/pages"}],"about":[{"href":"https:\/\/www.byrna-defense.com\/tr\/wp-json\/wp\/v2\/types\/page"}],"author":[{"embeddable":true,"href":"https:\/\/www.byrna-defense.com\/tr\/wp-json\/wp\/v2\/users\/1"}],"replies":[{"embeddable":true,"href":"https:\/\/www.byrna-defense.com\/tr\/wp-json\/wp\/v2\/comments?post=8002"}],"version-history":[{"count":28,"href":"https:\/\/www.byrna-defense.com\/tr\/wp-json\/wp\/v2\/pages\/8002\/revisions"}],"predecessor-version":[{"id":9150,"href":"https:\/\/www.byrna-defense.com\/tr\/wp-json\/wp\/v2\/pages\/8002\/revisions\/9150"}],"wp:attachment":[{"href":"https:\/\/www.byrna-defense.com\/tr\/wp-json\/wp\/v2\/media?parent=8002"}],"curies":[{"name":"wp","href":"https:\/\/api.w.org\/{rel}","templated":true}]}}