{"id":8572,"date":"2022-11-02T15:15:25","date_gmt":"2022-11-02T14:15:25","guid":{"rendered":"https:\/\/www.byrna-defense.com\/?post_type=product&#038;p=8572"},"modified":"2025-11-24T17:06:04","modified_gmt":"2025-11-24T16:06:04","slug":"byrna-target-trap","status":"publish","type":"product","link":"https:\/\/www.byrna-defense.com\/sr\/product\/byrna-target-trap\/","title":{"rendered":"BYRNA TARGET TRAP"},"content":{"rendered":"<div class=\"vc_row wpb_row vc_row-fluid\"><div class=\"wpb_column vc_column_container vc_col-sm-12\"><div class=\"vc_column-inner\"><div class=\"wpb_wrapper\">\n\t<div class=\"wpb_text_column wpb_content_element\" >\n\t\t<div class=\"wpb_wrapper\">\n\t\t\t<p>La Cible d&rsquo;entrainement Byrna est un accessoire pour les utilisateurs de projectiles Byrna Kinetic ou Eco-Kinetic. Elle est con\u00e7ue pour offrir une plateforme d&rsquo;entra\u00eenement s\u00fbre et efficace pour am\u00e9liorer vos comp\u00e9tences de tir. Elle est fabriqu\u00e9e \u00e0 partir de mat\u00e9riaux de qualit\u00e9 pour une longue dur\u00e9e d&rsquo;utilisation.<\/p>\n<p>Cette cible est sp\u00e9cifiquement con\u00e7ue pour \u00eatre utilis\u00e9e avec des munitions Kinetic (Polymer dur) ou Eco-Kinetic (Poudre compr\u00e9ss\u00e9e verte) et est capable de r\u00e9cup\u00e9rer les billes de mani\u00e8re efficace apr\u00e8s chaque tir. Cela permet de r\u00e9utiliser les billes et de r\u00e9duire les co\u00fbts d&rsquo;entra\u00eenement (Attention : Le tir r\u00e9p\u00e9t\u00e9 des munitions \u00ab\u00a0\u00e9co-kinetic\u00a0\u00bb fabriqu\u00e9es en poudre compress\u00e9e peut conduire \u00e0 une d\u00e9formation de la structure de la bille).<\/p>\n<p>Il est \u00e9galement con\u00e7u pour \u00eatre utilis\u00e9 \u00e0 l&rsquo;int\u00e9rieur comme \u00e0 l&rsquo;ext\u00e9rieur, pour vous permettre de vous entra\u00eener dans n&rsquo;importe quelles conditions m\u00e9t\u00e9orologiques. Elle est aussi con\u00e7ue pour r\u00e9sister \u00e0 l&rsquo;usure et \u00e0 l&rsquo;abrasion pour une utilisation prolong\u00e9e.<\/p>\n\n\t\t<\/div>\n\t<\/div>\n\n\t\t<div class=\"wd-list wd-wpb color-scheme- wd-fontsize-xs wd-list-type-icon wd-list-style-default\" id=\"wd-63627d52e5137\">\n\t\t\t<ul>\n\t\t\t\t\t\t\t\t\t\t\t\t\t\t<li>\n\t\t\t\t\t\t\t\t\t\t\t\t\t<div class=\"list-icon fas fa-check\"><\/div>\n\t\t\t\t\t\t\t\t\t\t\t\t<span class=\"list-content\">Nylon taffetas caoutchout\u00e9 de haute qualit\u00e9 avec cadre en acier durable.<\/span>\n\t\t\t\t\t<\/li>\n\t\t\t\t\t\t\t\t\t\t\t\t<\/ul>\n\t\t\t\t\t<\/div>\n\t\t\n\t\t\n\t\t<div class=\"wd-list wd-wpb color-scheme- wd-fontsize-xs wd-list-type-icon wd-list-style-default\" id=\"wd-63627d6d9e941\">\n\t\t\t<ul>\n\t\t\t\t\t\t\t\t\t\t\t\t\t\t<li>\n\t\t\t\t\t\t\t\t\t\t\t\t\t<div class=\"list-icon fas fa-check\"><\/div>\n\t\t\t\t\t\t\t\t\t\t\t\t<span class=\"list-content\">Double filet int\u00e9gr\u00e9 pour r\u00e9duire le bruit et ajouter un pouvoir d'arr\u00eat suppl\u00e9mentaire.\n<\/span>\n\t\t\t\t\t<\/li>\n\t\t\t\t\t\t\t\t\t\t\t\t<\/ul>\n\t\t\t\t\t<\/div>\n\t\t\n\t\t\n\t\t<div class=\"wd-list wd-wpb color-scheme- wd-fontsize-xs wd-list-type-icon wd-list-style-default\" id=\"wd-63627d76ddfb8\">\n\t\t\t<ul>\n\t\t\t\t\t\t\t\t\t\t\t\t\t\t<li>\n\t\t\t\t\t\t\t\t\t\t\t\t\t<div class=\"list-icon fas fa-check\"><\/div>\n\t\t\t\t\t\t\t\t\t\t\t\t<span class=\"list-content\">La conception de la tente permet au tireur de pi\u00e9ger et de collecter facilement les projectiles.\n<\/span>\n\t\t\t\t\t<\/li>\n\t\t\t\t\t\t\t\t\t\t\t\t<\/ul>\n\t\t\t\t\t<\/div>\n\t\t\n\t\t\n\t\t<div class=\"wd-list wd-wpb color-scheme- wd-fontsize-xs wd-list-type-icon wd-list-style-default\" id=\"wd-63627d7fd1826\">\n\t\t\t<ul>\n\t\t\t\t\t\t\t\t\t\t\t\t\t\t<li>\n\t\t\t\t\t\t\t\t\t\t\t\t\t<div class=\"list-icon fas fa-check\"><\/div>\n\t\t\t\t\t\t\t\t\t\t\t\t<span class=\"list-content\">Taille ouverte de 45 x 45 x 50 cm, diam\u00e8tre de 13 cm apr\u00e8s avoir \u00e9t\u00e9 pli\u00e9 dans la pochette de transport.\n<\/span>\n\t\t\t\t\t<\/li>\n\t\t\t\t\t\t\t\t\t\t\t\t<\/ul>\n\t\t\t\t\t<\/div>\n\t\t\n\t\t\n\t\t<div class=\"wd-list wd-wpb color-scheme- wd-fontsize-xs wd-list-type-icon wd-list-style-default\" id=\"wd-63627d89c9d46\">\n\t\t\t<ul>\n\t\t\t\t\t\t\t\t\t\t\t\t\t\t<li>\n\t\t\t\t\t\t\t\t\t\t\t\t\t<div class=\"list-icon fas fa-check\"><\/div>\n\t\t\t\t\t\t\t\t\t\t\t\t<span class=\"list-content\">Pochette de voyage incluse pour un transport facile.<\/span>\n\t\t\t\t\t<\/li>\n\t\t\t\t\t\t\t\t\t\t\t\t<\/ul>\n\t\t\t\t\t<\/div>\n\t\t\n\t\t<\/div><\/div><\/div><div class=\"wpb_column vc_column_container vc_col-sm-12\"><div class=\"vc_column-inner\"><div class=\"wpb_wrapper\"><\/div><\/div><\/div><\/div><div class=\"vc_row wpb_row vc_row-fluid\"><div class=\"wpb_column vc_column_container vc_col-sm-12\"><div class=\"vc_column-inner\"><div class=\"wpb_wrapper\"><div id=\"wd-63bd7073f13b4\" class=\"wd-button-wrapper text-left\"><a href=\"https:\/\/www.byrna-defense.com\/wp-content\/uploads\/2022\/11\/byrna-tent.pdf\" title=\"\" class=\"btn btn-color-primary btn-style-default btn-shape-semi-round btn-size-default btn-icon-pos-right\">Manuel<span class=\"wd-btn-icon\"><span class=\"wd-icon fas fa-arrow-circle-down\"><\/span><\/span><\/a><\/div><div class=\"vc_empty_space\"   style=\"height: 32px\"><span class=\"vc_empty_space_inner\"><\/span><\/div><div id=\"wd-63bd383f49609\" class=\"wd-button-wrapper text-left\"><a href=\"https:\/\/www.byrna-defense.com\/wp-content\/uploads\/2023\/01\/Byrna-Pliable-Piege-a-Cible-FICHE-TECHNIQUE.pdf\" title=\"\" class=\"btn btn-color-primary btn-style-default btn-shape-semi-round btn-size-default btn-icon-pos-right\">Fiche technique<span class=\"wd-btn-icon\"><span class=\"wd-icon fas fa-arrow-circle-down\"><\/span><\/span><\/a><\/div><div class=\"vc_empty_space\"   style=\"height: 32px\"><span class=\"vc_empty_space_inner\"><\/span><\/div><\/div><\/div><\/div><\/div><div class=\"vc_row wpb_row vc_row-fluid\"><div class=\"wpb_column vc_column_container vc_col-sm-12\"><div class=\"vc_column-inner\"><div class=\"wpb_wrapper\"><\/div><\/div><\/div><\/div>","protected":false},"excerpt":{"rendered":"<p>Cible d&rsquo;entrainement Byrna avec r\u00e9cup\u00e9ration des billes. Usage exclusif pour munitions Kinetic (Polymer dur) ou Eco-Kinetic (Poudre compr\u00e9ss\u00e9e verte).<\/p>\n<p>&nbsp;<br \/>\n<input class=\"favorite styled\"\n       type=\"button\"\n       value=\"Commander\"\n       style=\"background-color: #FC671D; color: white; font-weight: bold;\"\n       onclick=\"location.href='https:\/\/www.naturabuy.fr\/stores\/2029\/'\"><\/p>","protected":false},"featured_media":8573,"comment_status":"closed","ping_status":"closed","template":"","meta":[],"product_brand":[],"product_cat":[42],"product_tag":[],"class_list":{"0":"post-8572","1":"product","2":"type-product","3":"status-publish","4":"has-post-thumbnail","6":"product_cat-accessoires","8":"first","9":"instock","10":"shipping-taxable","11":"purchasable","12":"product-type-simple"},"_links":{"self":[{"href":"https:\/\/www.byrna-defense.com\/sr\/wp-json\/wp\/v2\/product\/8572","targetHints":{"allow":["GET"]}}],"collection":[{"href":"https:\/\/www.byrna-defense.com\/sr\/wp-json\/wp\/v2\/product"}],"about":[{"href":"https:\/\/www.byrna-defense.com\/sr\/wp-json\/wp\/v2\/types\/product"}],"replies":[{"embeddable":true,"href":"https:\/\/www.byrna-defense.com\/sr\/wp-json\/wp\/v2\/comments?post=8572"}],"wp:featuredmedia":[{"embeddable":true,"href":"https:\/\/www.byrna-defense.com\/sr\/wp-json\/wp\/v2\/media\/8573"}],"wp:attachment":[{"href":"https:\/\/www.byrna-defense.com\/sr\/wp-json\/wp\/v2\/media?parent=8572"}],"wp:term":[{"taxonomy":"product_brand","embeddable":true,"href":"https:\/\/www.byrna-defense.com\/sr\/wp-json\/wp\/v2\/product_brand?post=8572"},{"taxonomy":"product_cat","embeddable":true,"href":"https:\/\/www.byrna-defense.com\/sr\/wp-json\/wp\/v2\/product_cat?post=8572"},{"taxonomy":"product_tag","embeddable":true,"href":"https:\/\/www.byrna-defense.com\/sr\/wp-json\/wp\/v2\/product_tag?post=8572"}],"curies":[{"name":"wp","href":"https:\/\/api.w.org\/{rel}","templated":true}]}}