{"id":8314,"date":"2022-10-14T15:30:07","date_gmt":"2022-10-14T13:30:07","guid":{"rendered":"https:\/\/www.byrna-defense.com\/?post_type=product&#038;p=8314"},"modified":"2025-11-24T17:05:51","modified_gmt":"2025-11-24T16:05:51","slug":"pro-training","status":"publish","type":"product","link":"https:\/\/www.byrna-defense.com\/sr\/product\/pro-training\/","title":{"rendered":"BYRNA TRAINING PROJECTILES"},"content":{"rendered":"<div class=\"vc_row wpb_row vc_row-fluid\"><div class=\"wpb_column vc_column_container vc_col-sm-12\"><div class=\"vc_column-inner\"><div class=\"wpb_wrapper\">\t\n\t\t\t<div id=\"wd-688767f229f13\" class=\"wd-text-block-wrapper wd-wpb color-scheme-custom wd-width-100 text-left\">\n\t\t\t\t<div class=\"woodmart-title-container woodmart-text-block reset-last-child font-primary wd-font-weight-400\">\n\t\t\t\t\tExiste en pot de 95 projectiles.\t\t\t\t<\/div>\n\t\t\t\t\t\t\t<\/div>\n\t\t\t\n\t\t\t<div id=\"wd-63bd5c7accd11\" class=\"wd-text-block-wrapper wd-wpb color-scheme-custom wd-width-100 text-left\">\n\t\t\t\t<div class=\"woodmart-title-container woodmart-text-block reset-last-child font-primary wd-font-weight-400\">\n\t\t\t\t\tLe projectile d&rsquo;entra\u00eenement \u00ab\u00a0Training\u00a0\u00bb rempli de poudre blanche inerte est une munition indispensable pour simuler les situations d&rsquo;urgence dans lesquelles des projectiles contenant un produit chimique irritant ou incapacitant peuvent \u00eatre utilis\u00e9s. Il est con\u00e7u pour \u00eatre utilis\u00e9 avec un lanceur \u00e0 air comprim\u00e9 Byrna, qui permet une propulsion \u00e0 une distance efficace de 12 m\u00e8tres maximum.<\/p>\n<p>Fabriqu\u00e9 \u00e0 partir d&rsquo;un mat\u00e9riau en polym\u00e8re durable, le projectile est rempli d&rsquo;une poudre blanche inerte qui permet de simuler la dispersion et l&rsquo;impact d&rsquo;un projectile contenant un produit chimique irritant ou incapacitant (Max ou Pepper). Cela permet de se pr\u00e9parer efficacement aux situations r\u00e9elles pour lesquelles vous serez appel\u00e9s \u00e0 utiliser les projectiles contenant des produits chimiques incapacitants et irritants.<\/p>\n<p>La poudre blanche inerte utilis\u00e9e dans ce projectile est non toxique et non irritante, ce qui permet un usage en toute s\u00e9curit\u00e9. Elle est \u00e9galement facile \u00e0 nettoyer et ne laisse pas de r\u00e9sidus persistants.<\/p>\n<p>Ce projectile d&rsquo;entra\u00eenement est id\u00e9al pour les forces de l&rsquo;ordre, les agents de s\u00e9curit\u00e9 priv\u00e9e, les employ\u00e9s de s\u00e9curit\u00e9 et les particuliers qui souhaitent se pr\u00e9parer efficacement aux situations d&rsquo;urgences. Il permet de simuler les conditions r\u00e9elles d&rsquo;un tir de projectile incapacitant. Il est donc recommand\u00e9 de suivre des formations en ligne et de respecter les consignes d&rsquo;utilisation pour une utilisation s\u00fbre et efficace.\t\t\t\t<\/div>\n\t\t\t\t\t\t\t<\/div>\n\t\t<\/div><\/div><\/div><\/div><div class=\"vc_row wpb_row vc_row-fluid\"><div class=\"wpb_column vc_column_container vc_col-sm-12\"><div class=\"vc_column-inner\"><div class=\"wpb_wrapper\"><div id=\"wd-636293417bdcd\" class=\"wd-button-wrapper text-left\"><a href=\"https:\/\/www.byrna-defense.com\/wp-content\/uploads\/2022\/10\/Fiche-de-donne\u0301es-se\u0301curite\u0301-BYRNA-PRO-TRAINING-PROJECTILE-SDS.pdf\" title=\"\" class=\"btn btn-color-primary btn-style-default btn-shape-semi-round btn-size-default\">Fiche de s\u00e9curit\u00e9<\/a><\/div><\/div><\/div><\/div><\/div>","protected":false},"excerpt":{"rendered":"<p>Projectiles d&rsquo;entrainement remplis de poudre blanche inerte utilis\u00e9s pour simuler le tir, l&rsquo;impact et la dispersion des projectiles contenant un produit chimique irritant ou incapacitant.<\/p>\n<p>&nbsp;<br \/>\n<input class=\"favorite styled\"\n       type=\"button\"\n       value=\"Commander\"\n       style=\"background-color: #FC671D; color: white; font-weight: bold;\"\n       onclick=\"location.href='https:\/\/www.naturabuy.fr\/stores\/2029\/'\"><\/p>","protected":false},"featured_media":8514,"comment_status":"closed","ping_status":"closed","template":"","meta":[],"product_brand":[],"product_cat":[40],"product_tag":[],"class_list":{"0":"post-8314","1":"product","2":"type-product","3":"status-publish","4":"has-post-thumbnail","6":"product_cat-projectiles","8":"first","9":"instock","10":"shipping-taxable","11":"purchasable","12":"product-type-variable","13":"has-default-attributes"},"_links":{"self":[{"href":"https:\/\/www.byrna-defense.com\/sr\/wp-json\/wp\/v2\/product\/8314","targetHints":{"allow":["GET"]}}],"collection":[{"href":"https:\/\/www.byrna-defense.com\/sr\/wp-json\/wp\/v2\/product"}],"about":[{"href":"https:\/\/www.byrna-defense.com\/sr\/wp-json\/wp\/v2\/types\/product"}],"replies":[{"embeddable":true,"href":"https:\/\/www.byrna-defense.com\/sr\/wp-json\/wp\/v2\/comments?post=8314"}],"wp:featuredmedia":[{"embeddable":true,"href":"https:\/\/www.byrna-defense.com\/sr\/wp-json\/wp\/v2\/media\/8514"}],"wp:attachment":[{"href":"https:\/\/www.byrna-defense.com\/sr\/wp-json\/wp\/v2\/media?parent=8314"}],"wp:term":[{"taxonomy":"product_brand","embeddable":true,"href":"https:\/\/www.byrna-defense.com\/sr\/wp-json\/wp\/v2\/product_brand?post=8314"},{"taxonomy":"product_cat","embeddable":true,"href":"https:\/\/www.byrna-defense.com\/sr\/wp-json\/wp\/v2\/product_cat?post=8314"},{"taxonomy":"product_tag","embeddable":true,"href":"https:\/\/www.byrna-defense.com\/sr\/wp-json\/wp\/v2\/product_tag?post=8314"}],"curies":[{"name":"wp","href":"https:\/\/api.w.org\/{rel}","templated":true}]}}