{"id":8269,"date":"2022-10-14T14:06:43","date_gmt":"2022-10-14T12:06:43","guid":{"rendered":"https:\/\/www.byrna-defense.com\/?post_type=product&#038;p=8269"},"modified":"2023-04-28T11:11:05","modified_gmt":"2023-04-28T09:11:05","slug":"byrna-waistband-holster","status":"publish","type":"product","link":"https:\/\/www.byrna-defense.com\/sr\/product\/byrna-waistband-holster\/","title":{"rendered":"BYRNA KYDEX TACTICAL HOLSTER"},"content":{"rendered":"<div class=\"vc_row wpb_row vc_row-fluid\"><div class=\"wpb_column vc_column_container vc_col-sm-12\"><div class=\"vc_column-inner\"><div class=\"wpb_wrapper\">\t\n\t\t\t<div id=\"wd-63bd7290798ef\" class=\"wd-text-block-wrapper wd-wpb color-scheme-custom wd-width-100 text-left\">\n\t\t\t\t<div class=\"woodmart-title-container woodmart-text-block reset-last-child font-primary wd-font-weight-400\">\n\t\t\t\t\tCet \u00e9tui de ceinture est con\u00e7u sur mesure pour les lanceurs Byrna HD et Byrna SD. Il est fabriqu\u00e9 en Kydex, pour une r\u00e9sistance optimale et une longue dur\u00e9e d&rsquo;utilisation. Il est \u00e9galement \u00e9quip\u00e9 d&rsquo;un clip orientable pour le fixer facilement \u00e0 votre ceinture et y ins\u00e9rer votre lanceur, pour une utilisation en toutes circonstances.<\/p>\n<p>Il vous permet de garder votre Byrna en s\u00e9curit\u00e9 \u00e0 vos c\u00f4t\u00e9s, pour une utilisation rapide et efficace en cas de besoin. Il est id\u00e9al pour les situations de d\u00e9fense personnelle, les activit\u00e9s de plein air et les entra\u00eenements professionnels. Notez que le lanceur n&rsquo;est pas inclus dans cet \u00e9tui.<\/p>\n<p><em>Le port d&rsquo;arme sur la voie publique est r\u00e9gi de fa\u00e7on diff\u00e9rente selon les pays, malgr\u00e9 tout, vous pouvez utiliser le Holster Kydex Tactical chez vous pour des tirs d&rsquo;entra\u00eenements ou r\u00e9cr\u00e9atifs.<\/em>\t\t\t\t<\/div>\n\t\t\t\t\t\t\t<\/div>\n\t\t<\/div><\/div><\/div><\/div><div class=\"vc_row wpb_row vc_row-fluid\"><div class=\"wpb_column vc_column_container vc_col-sm-12\"><div class=\"vc_column-inner\"><div class=\"wpb_wrapper\"><div id=\"wd-63628d00e7151\" class=\"wd-button-wrapper text-left\"><a href=\"https:\/\/www.byrna-defense.com\/wp-content\/uploads\/2022\/11\/Byrna-Etui-Niveau-2-FICHE-TECHNIQUE.pdf\" title=\"\" class=\"btn btn-color-primary btn-style-default btn-shape-semi-round btn-size-default btn-icon-pos-right\">Fiche technique<span class=\"wd-btn-icon\"><span class=\"wd-icon fas fa-arrow-circle-down\"><\/span><\/span><\/a><\/div><\/div><\/div><\/div><\/div>","protected":false},"excerpt":{"rendered":"<p>Le Holster Kydex Tactical de ceinture est un accessoire de qualit\u00e9 militaire con\u00e7u pour les utilisateurs de lanceurs Byrna HD Pro et Byrna SD. Il est enti\u00e8rement ajustable pour s&rsquo;adapter \u00e0 votre corps et \u00e0 vos usages. Il est fabriqu\u00e9 \u00e0 partir de mat\u00e9riaux robustes pour une utilisation prolong\u00e9e.<\/p>","protected":false},"featured_media":8275,"comment_status":"closed","ping_status":"closed","template":"","meta":[],"product_brand":[],"product_cat":[42],"product_tag":[],"class_list":{"0":"post-8269","1":"product","2":"type-product","3":"status-publish","4":"has-post-thumbnail","6":"product_cat-accessoires","8":"first","9":"instock","10":"shipping-taxable","11":"purchasable","12":"product-type-variable"},"_links":{"self":[{"href":"https:\/\/www.byrna-defense.com\/sr\/wp-json\/wp\/v2\/product\/8269","targetHints":{"allow":["GET"]}}],"collection":[{"href":"https:\/\/www.byrna-defense.com\/sr\/wp-json\/wp\/v2\/product"}],"about":[{"href":"https:\/\/www.byrna-defense.com\/sr\/wp-json\/wp\/v2\/types\/product"}],"replies":[{"embeddable":true,"href":"https:\/\/www.byrna-defense.com\/sr\/wp-json\/wp\/v2\/comments?post=8269"}],"wp:featuredmedia":[{"embeddable":true,"href":"https:\/\/www.byrna-defense.com\/sr\/wp-json\/wp\/v2\/media\/8275"}],"wp:attachment":[{"href":"https:\/\/www.byrna-defense.com\/sr\/wp-json\/wp\/v2\/media?parent=8269"}],"wp:term":[{"taxonomy":"product_brand","embeddable":true,"href":"https:\/\/www.byrna-defense.com\/sr\/wp-json\/wp\/v2\/product_brand?post=8269"},{"taxonomy":"product_cat","embeddable":true,"href":"https:\/\/www.byrna-defense.com\/sr\/wp-json\/wp\/v2\/product_cat?post=8269"},{"taxonomy":"product_tag","embeddable":true,"href":"https:\/\/www.byrna-defense.com\/sr\/wp-json\/wp\/v2\/product_tag?post=8269"}],"curies":[{"name":"wp","href":"https:\/\/api.w.org\/{rel}","templated":true}]}}