{"id":8314,"date":"2022-10-14T15:30:07","date_gmt":"2022-10-14T13:30:07","guid":{"rendered":"https:\/\/www.byrna-defense.com\/?post_type=product&#038;p=8314"},"modified":"2025-11-24T17:05:51","modified_gmt":"2025-11-24T16:05:51","slug":"pro-training","status":"publish","type":"product","link":"https:\/\/www.byrna-defense.com\/sl\/product\/pro-training\/","title":{"rendered":"BYRNA TRAINING PROJECTILES"},"content":{"rendered":"<div class=\"vc_row wpb_row vc_row-fluid\"><div class=\"wpb_column vc_column_container vc_col-sm-12\"><div class=\"vc_column-inner\"><div class=\"wpb_wrapper\">\t\n\t\t\t<div id=\"wd-688767f229f13\" class=\"wd-text-block-wrapper wd-wpb color-scheme-custom wd-width-100 text-left\">\n\t\t\t\t<div class=\"woodmart-title-container woodmart-text-block reset-last-child font-primary wd-font-weight-400\">\n\t\t\t\t\tExiste en pot de 95 projectiles.\t\t\t\t<\/div>\n\t\t\t\t\t\t\t<\/div>\n\t\t\t\n\t\t\t<div id=\"wd-63bd5c7accd11\" class=\"wd-text-block-wrapper wd-wpb color-scheme-custom wd-width-100 text-left\">\n\t\t\t\t<div class=\"woodmart-title-container woodmart-text-block reset-last-child font-primary wd-font-weight-400\">\n\t\t\t\t\tIzstrelki za usposabljanje, napolnjeni z inertnim belim prahom, so osnovno strelivo za simulacijo izrednih razmer, v katerih se lahko uporabijo izstrelki z dra\u017eilno ali onesposabljajo\u010do kemikalijo. Zasnovan je za uporabo z zra\u010dnim izstreljevalnikom Byrna, ki omogo\u010da pogon na razdalji do 12 metrov.<\/p>\n<p>Izstrelki so izdelani iz trpe\u017enega polimernega materiala in napolnjeni z inertnim belim prahom, ki simulira razpr\u0161itev in udarec izstrelka z dra\u017eilno ali onesposabljajo\u010do kemikalijo (Max ali Pepper). Tako se boste lahko u\u010dinkovito pripravili na resni\u010dne situacije, v katerih boste morali uporabiti izstrelke, ki vsebujejo onesposabljajo\u010de in dra\u017eilne kemikalije.<\/p>\n<p>Inertni beli prah, ki se uporablja v tem izstrelku, ni strupen in ne dra\u017ei, zato je varen za uporabo. Poleg tega ga je enostavno \u010distiti in ne pu\u0161\u010da trdovratnih ostankov.<\/p>\n<p>Ta vadbeni projektil je idealen za uslu\u017ebence organov pregona, zasebne varnostnike, varnostnike in zasebnike, ki se \u017eelijo u\u010dinkovito pripraviti na izredne razmere. Simulira resni\u010dne razmere, v katerih pride do onesposobitve z izstrelkom. Zato priporo\u010damo, da upo\u0161tevate spletno usposabljanje in navodila za varno in u\u010dinkovito uporabo.\t\t\t\t<\/div>\n\t\t\t\t\t\t\t<\/div>\n\t\t<\/div><\/div><\/div><\/div><div class=\"vc_row wpb_row vc_row-fluid\"><div class=\"wpb_column vc_column_container vc_col-sm-12\"><div class=\"vc_column-inner\"><div class=\"wpb_wrapper\"><div id=\"wd-636293417bdcd\" class=\"wd-button-wrapper text-left\"><a href=\"https:\/\/www.byrna-defense.com\/wp-content\/uploads\/2022\/10\/Fiche-de-donne\u0301es-se\u0301curite\u0301-BYRNA-PRO-TRAINING-PROJECTILE-SDS.pdf\" title=\"\" class=\"btn btn-color-primary btn-style-default btn-shape-semi-round btn-size-default\">Varnostni list<\/a><\/div><\/div><\/div><\/div><\/div>","protected":false},"excerpt":{"rendered":"<p>Izstrelki za usposabljanje, napolnjeni z inertnim belim prahom, ki se uporabljajo za simulacijo streljanja, udarca in razpr\u0161itve izstrelkov, ki vsebujejo dra\u017eilno ali onesposabljajo\u010do kemikalijo.<\/p>\n<p>&nbsp;<br \/>\n<input class=\"favorite styled\"\n       type=\"button\"\n       value=\"Naro\u010dilo\"\n       style=\"background-color: #FC671D; color: white; font-weight: bold;\"\n       onclick=\"location.href='https:\/\/www.naturabuy.fr\/stores\/2029\/'\"><\/p>","protected":false},"featured_media":8514,"comment_status":"closed","ping_status":"closed","template":"","meta":[],"product_brand":[],"product_cat":[40],"product_tag":[],"class_list":{"0":"post-8314","1":"product","2":"type-product","3":"status-publish","4":"has-post-thumbnail","6":"product_cat-projectiles","8":"first","9":"instock","10":"shipping-taxable","11":"purchasable","12":"product-type-variable","13":"has-default-attributes"},"_links":{"self":[{"href":"https:\/\/www.byrna-defense.com\/sl\/wp-json\/wp\/v2\/product\/8314","targetHints":{"allow":["GET"]}}],"collection":[{"href":"https:\/\/www.byrna-defense.com\/sl\/wp-json\/wp\/v2\/product"}],"about":[{"href":"https:\/\/www.byrna-defense.com\/sl\/wp-json\/wp\/v2\/types\/product"}],"replies":[{"embeddable":true,"href":"https:\/\/www.byrna-defense.com\/sl\/wp-json\/wp\/v2\/comments?post=8314"}],"wp:featuredmedia":[{"embeddable":true,"href":"https:\/\/www.byrna-defense.com\/sl\/wp-json\/wp\/v2\/media\/8514"}],"wp:attachment":[{"href":"https:\/\/www.byrna-defense.com\/sl\/wp-json\/wp\/v2\/media?parent=8314"}],"wp:term":[{"taxonomy":"product_brand","embeddable":true,"href":"https:\/\/www.byrna-defense.com\/sl\/wp-json\/wp\/v2\/product_brand?post=8314"},{"taxonomy":"product_cat","embeddable":true,"href":"https:\/\/www.byrna-defense.com\/sl\/wp-json\/wp\/v2\/product_cat?post=8314"},{"taxonomy":"product_tag","embeddable":true,"href":"https:\/\/www.byrna-defense.com\/sl\/wp-json\/wp\/v2\/product_tag?post=8314"}],"curies":[{"name":"wp","href":"https:\/\/api.w.org\/{rel}","templated":true}]}}