{"id":8260,"date":"2022-10-14T13:59:17","date_gmt":"2022-10-14T11:59:17","guid":{"rendered":"https:\/\/www.byrna-defense.com\/?post_type=product&#038;p=8260"},"modified":"2025-11-24T17:05:10","modified_gmt":"2025-11-24T16:05:10","slug":"byrna-spare-magazines-black-set-of-2","status":"publish","type":"product","link":"https:\/\/www.byrna-defense.com\/sl\/product\/byrna-spare-magazines-black-set-of-2\/","title":{"rendered":"BYRNA 2 PAKETKA MAG BOX"},"content":{"rendered":"<div class=\"vc_row wpb_row vc_row-fluid\"><div class=\"wpb_column vc_column_container vc_col-sm-12\"><div class=\"vc_column-inner\"><div class=\"wpb_wrapper\">\t\n\t\t\t<div id=\"wd-63bd714d61dd0\" class=\"wd-text-block-wrapper wd-wpb color-scheme-custom wd-width-100 text-left\">\n\t\t\t\t<div class=\"woodmart-title-container woodmart-text-block reset-last-child font-primary wd-font-weight-400\">\n\t\t\t\t\tVsak nabojnik vsebuje 5 nabojev streliva Kinetic (trdi polimer) ali Eco-Kinetic (zeleni stisnjeni prah) in je zdru\u017eljiv z modeli Byrna HD pro, Byrna SD in Byrna SD XL. Zasnovani so za uporabo z oro\u017ejem Byrna, kar zagotavlja popolno zdru\u017eljivost in varno uporabo.<\/p>\n<p>Izdelani so iz kakovostnih materialov za dolgo \u017eivljenjsko dobo. Opremljeni so tudi s sistemom za zaklepanje, ki prepre\u010duje nesre\u010de pri rokovanju. Enostavno jih je uporabljati in namestiti, zato lahko pi\u0161tolo napolnite hitro in enostavno.\t\t\t\t<\/div>\n\t\t\t\t\t\t\t<\/div>\n\t\t<\/div><\/div><\/div><\/div>","protected":false},"excerpt":{"rendered":"<p>Byrnovi rezervni naboji s 5 naboji so nepogre\u0161ljiva dodatna oprema za uporabnike modelov Byrna HD pro, Byrna SD in Byrna SD XL. Omogo\u010dajo vam hitro in enostavno polnjenje oro\u017eja, zaradi \u010desar ne morete prekiniti usposabljanja ali vam v nujnih primerih zmanjka streliva.<\/p>\n<p>&nbsp;<br \/>\n<input class=\"favorite styled\"\n       type=\"button\"\n       value=\"Naro\u010dilo\"\n       style=\"background-color: #FC671D; color: white; font-weight: bold;\"\n       onclick=\"location.href='https:\/\/www.naturabuy.fr\/stores\/2029\/'\"><\/p>","protected":false},"featured_media":8264,"comment_status":"closed","ping_status":"closed","template":"","meta":[],"product_brand":[],"product_cat":[42],"product_tag":[],"class_list":{"0":"post-8260","1":"product","2":"type-product","3":"status-publish","4":"has-post-thumbnail","6":"product_cat-accessoires","8":"first","9":"instock","10":"shipping-taxable","11":"purchasable","12":"product-type-simple"},"_links":{"self":[{"href":"https:\/\/www.byrna-defense.com\/sl\/wp-json\/wp\/v2\/product\/8260","targetHints":{"allow":["GET"]}}],"collection":[{"href":"https:\/\/www.byrna-defense.com\/sl\/wp-json\/wp\/v2\/product"}],"about":[{"href":"https:\/\/www.byrna-defense.com\/sl\/wp-json\/wp\/v2\/types\/product"}],"replies":[{"embeddable":true,"href":"https:\/\/www.byrna-defense.com\/sl\/wp-json\/wp\/v2\/comments?post=8260"}],"wp:featuredmedia":[{"embeddable":true,"href":"https:\/\/www.byrna-defense.com\/sl\/wp-json\/wp\/v2\/media\/8264"}],"wp:attachment":[{"href":"https:\/\/www.byrna-defense.com\/sl\/wp-json\/wp\/v2\/media?parent=8260"}],"wp:term":[{"taxonomy":"product_brand","embeddable":true,"href":"https:\/\/www.byrna-defense.com\/sl\/wp-json\/wp\/v2\/product_brand?post=8260"},{"taxonomy":"product_cat","embeddable":true,"href":"https:\/\/www.byrna-defense.com\/sl\/wp-json\/wp\/v2\/product_cat?post=8260"},{"taxonomy":"product_tag","embeddable":true,"href":"https:\/\/www.byrna-defense.com\/sl\/wp-json\/wp\/v2\/product_tag?post=8260"}],"curies":[{"name":"wp","href":"https:\/\/api.w.org\/{rel}","templated":true}]}}