{"id":7728,"date":"2022-09-19T15:29:42","date_gmt":"2022-09-19T13:29:42","guid":{"rendered":"http:\/\/preprod.byrna-defense.com\/www\/?post_type=product&#038;p=7728"},"modified":"2025-11-24T17:04:58","modified_gmt":"2025-11-24T16:04:58","slug":"banshee","status":"publish","type":"product","link":"https:\/\/www.byrna-defense.com\/sl\/product\/banshee\/","title":{"rendered":"Osebni alarm Banshee"},"content":{"rendered":"<div class=\"vc_row wpb_row vc_row-fluid\"><div class=\"wpb_column vc_column_container vc_col-sm-12\"><div class=\"vc_column-inner\"><div class=\"wpb_wrapper\">\n\t<div class=\"wpb_text_column wpb_content_element\" >\n\t\t<div class=\"wpb_wrapper\">\n\t\t\t<p>Byrna Banshee je voja\u0161ki osebni varnostni alarm, namenjen za\u0161\u010diti posameznikov pred morebitnimi napadi. Z mo\u010djo zvoka 130 dB lahko v nekaj sekundah pritegne pozornost in prepre\u010di morebitne napade s svojim prodornim zvokom.<\/p>\n<p>Opremljen je s karabinom, ki se zlahka pritrdi na nahrbtnike, trakove torbic in zanke hla\u010d za hiter dostop v nujnih primerih. Tako boste imeli alarm vedno pri roki.<\/p>\n<p>Ta alarm je izdelan iz trpe\u017enih, na vodo odpornih materialov, zato je dolgotrajen in zanesljiv. Ima tudi zamenljive baterije, ki zdr\u017eijo do enega leta, kar je idealno za \u0161tudente, odrasle, starej\u0161e in navdu\u0161ence na prostem.<\/p>\n<p>V celoti gledano je Byrna Banshee nujno orodje za vse, ki skrbijo za svojo varnost, za za\u0161\u010dito pred morebitnimi napadalci in za pritegnitev pozornosti v nujnih primerih. 130 dB je enako, kot \u010de bi sli\u0161ali vzlet voja\u0161kega letala z razdalje 15 metrov, zato je ta alarm nujen za va\u0161o osebno varnost.<\/p>\n\n\t\t<\/div>\n\t<\/div>\n<\/div><\/div><\/div><\/div><div class=\"vc_row wpb_row vc_row-fluid\"><div class=\"wpb_column vc_column_container vc_col-sm-4\"><div class=\"vc_column-inner\"><div class=\"wpb_wrapper\"><\/div><\/div><\/div><div class=\"wpb_column vc_column_container vc_col-sm-4\"><div class=\"vc_column-inner\"><div class=\"wpb_wrapper\">\n\t<div class=\"wpb_video_widget wpb_content_element vc_clearfix vc_video-aspect-ratio-169 vc_video-el-width-100 vc_video-align-left\" >\n\t\t<div class=\"wpb_wrapper\">\n\t\t\t\n\t\t\t<div class=\"wpb_video_wrapper\"><div class=\"wd-video-poster-wrapper\"><div class=\"wd-video-poster\" style=\"background-image:url(https:\/\/www.byrna-defense.com\/wp-content\/uploads\/2022\/09\/Banshee-Lifestyle-1_800x.jpg)\";><\/div><div class=\"button-play\"><\/div><\/div><iframe title=\"BYRNA BANSHEE\" width=\"500\" height=\"281\" src=\"https:\/\/www.youtube.com\/embed\/xLmvtI8U064?feature=oembed\" frameborder=\"0\" allow=\"accelerometer; autoplay; clipboard-write; encrypted-media; gyroscope; picture-in-picture; web-share\" referrerpolicy=\"strict-origin-when-cross-origin\" allowfullscreen><\/iframe><\/div>\n\t\t<\/div>\n\t<\/div>\n<\/div><\/div><\/div><div class=\"wpb_column vc_column_container vc_col-sm-4\"><div class=\"vc_column-inner\"><div class=\"wpb_wrapper\"><\/div><\/div><\/div><\/div>","protected":false},"excerpt":{"rendered":"<p>V skladu z na\u0161o mantro <strong>\u017divljenje na varnem<\/strong> \" Z veseljem vam predstavljamo <strong>Byrna Banshee<\/strong> Osebni varnostni alarm voja\u0161kega razreda s 130 dB* z zvo\u010dnim opozorilom, ki opozori na vas in prepre\u010di morebitne napade.<\/p>\n<p>&nbsp;<br \/>\n<input class=\"favorite styled\"\n       type=\"button\"\n       value=\"Naro\u010dilo\"\n       style=\"background-color: #FC671D; color: white; font-weight: bold;\"\n       onclick=\"location.href='https:\/\/www.naturabuy.fr\/stores\/2029\/'\"><\/p>","protected":false},"featured_media":7777,"comment_status":"closed","ping_status":"closed","template":"","meta":[],"product_brand":[],"product_cat":[15],"product_tag":[],"class_list":{"0":"post-7728","1":"product","2":"type-product","3":"status-publish","4":"has-post-thumbnail","6":"product_cat-uncategorized","8":"first","9":"instock","10":"shipping-taxable","11":"purchasable","12":"product-type-variable","13":"has-default-attributes"},"_links":{"self":[{"href":"https:\/\/www.byrna-defense.com\/sl\/wp-json\/wp\/v2\/product\/7728","targetHints":{"allow":["GET"]}}],"collection":[{"href":"https:\/\/www.byrna-defense.com\/sl\/wp-json\/wp\/v2\/product"}],"about":[{"href":"https:\/\/www.byrna-defense.com\/sl\/wp-json\/wp\/v2\/types\/product"}],"replies":[{"embeddable":true,"href":"https:\/\/www.byrna-defense.com\/sl\/wp-json\/wp\/v2\/comments?post=7728"}],"wp:featuredmedia":[{"embeddable":true,"href":"https:\/\/www.byrna-defense.com\/sl\/wp-json\/wp\/v2\/media\/7777"}],"wp:attachment":[{"href":"https:\/\/www.byrna-defense.com\/sl\/wp-json\/wp\/v2\/media?parent=7728"}],"wp:term":[{"taxonomy":"product_brand","embeddable":true,"href":"https:\/\/www.byrna-defense.com\/sl\/wp-json\/wp\/v2\/product_brand?post=7728"},{"taxonomy":"product_cat","embeddable":true,"href":"https:\/\/www.byrna-defense.com\/sl\/wp-json\/wp\/v2\/product_cat?post=7728"},{"taxonomy":"product_tag","embeddable":true,"href":"https:\/\/www.byrna-defense.com\/sl\/wp-json\/wp\/v2\/product_tag?post=7728"}],"curies":[{"name":"wp","href":"https:\/\/api.w.org\/{rel}","templated":true}]}}