{"id":7985,"date":"2022-10-11T15:13:19","date_gmt":"2022-10-11T13:13:19","guid":{"rendered":"http:\/\/preprod.byrna-defense.com\/www\/?page_id=7985"},"modified":"2022-10-13T17:18:14","modified_gmt":"2022-10-13T15:18:14","slug":"avis","status":"publish","type":"page","link":"https:\/\/www.byrna-defense.com\/sl\/avis\/","title":{"rendered":"Obvestilo"},"content":{"rendered":"<div class=\"vc_row wpb_row vc_row-fluid\"><div class=\"wpb_column vc_column_container vc_col-sm-12\"><div class=\"vc_column-inner\"><div class=\"wpb_wrapper\">\t\t\n\t\t<div id=\"wd-63456bded8699\" class=\"title-wrapper wd-wpb set-mb-s reset-last-child  wd-title-color-default wd-title-style-default wd-width-100 text-center\">\n\t\t\t\n\t\t\t<div class=\"liner-continer\">\n\t\t\t\t<h4 class=\"woodmart-title-container title  wd-font-weight- wd-fontsize-l\" >Oglejte si nekaj pregledov spodaj<\/h4>\n\t\t\t\t\t\t\t<\/div>\n\t\t\t\n\t\t\t\n\t\t\t\t\t<\/div>\n\t\t\n\t\t<\/div><\/div><\/div><\/div><div class=\"vc_row wpb_row vc_row-fluid\"><div class=\"wpb_column vc_column_container vc_col-sm-4\"><div class=\"vc_column-inner\"><div class=\"wpb_wrapper\">\t\t\t\n\t\t\t<div id=\"carousel-7817\" class=\"testimonials testimonials-wrapper testimonials-slider testimon-style-standard testimon-align-center   wd-carousel-container wd-carousel-spacing-30\" data-owl-carousel data-desktop=\"1\" data-tablet_landscape=\"1\" data-tablet=\"1\" data-mobile=\"1\">\n\t\t\t\t<div class=\"owl-carousel owl-items-lg-1 owl-items-md-1 owl-items-sm-1 owl-items-xs-1\" >\n\t\t\t\t\t\n\t\t\t<div class=\"testimonial column\" >\n\t\t\t\t<div class=\"testimonial-inner\">\n\t\t\t\t\t\t\t\t\t\t\t<div class=\"testimonial-avatar\">\n\t\t\t\t\t\t\t<img decoding=\"async\" class=\"testimonial-avatar-image\" src=\"https:\/\/www.byrna-defense.com\/wp-content\/uploads\/2022\/10\/original-100x100.jpg\" width=\"100\" height=\"100\" alt=\"original\" title=\"izvirnik\" \/>\t\t\t\t\t\t<\/div>\n\t\t\t\t\t\t\t\t\t\t<div class=\"testimonial-content\">\n\t\t\t\t\t\t<div class=\"testimonial-rating\">\n\t\t\t\t\t\t\t<span class=\"star-rating\">\n\t\t\t\t\t\t\t\t<span style=\"width:100%\"><\/span>\n\t\t\t\t\t\t\t<\/span>\n\t\t\t\t\t\t<\/div>\n\t\t\t\t\t\t<img decoding=\"async\" class=\"aligncenter wp-image-7990\" src=\"https:\/\/www.byrna-defense.com\/wp-content\/uploads\/2022\/10\/avis_5etoiles.jpg\" alt=\"\" width=\"90\" height=\"20\" srcset=\"https:\/\/www.byrna-defense.com\/wp-content\/uploads\/2022\/10\/avis_5etoiles.jpg 291w, https:\/\/www.byrna-defense.com\/wp-content\/uploads\/2022\/10\/avis_5etoiles-18x4.jpg 18w, https:\/\/www.byrna-defense.com\/wp-content\/uploads\/2022\/10\/avis_5etoiles-75x17.jpg 75w\" sizes=\"(max-width: 90px) 100vw, 90px\" \/><\/p>\n<p style=\"text-align: center;\">Komplet (roza barve, seveda) sem dobil za svojo \u017eeno kot presene\u010denje - zelo ji je v\u0161e\u010d! Pravkar sem naro\u010dil ve\u010d plinskih kanistrov in streliva za usposabljanje.<br \/>\nPi\u0161tola je zelo udobna in enostavna za uporabo. Imela ga bo v torbici za hojo iz pisarne do avtomobila, saj je njena pisarna v slabi soseski.<\/p>\n<p>\t\t\t\t\t\t<footer>\n\t\t\t\t\t\t\tMichael G\t\t\t\t\t\t\t\t\t\t\t\t\t\t\t<span>Potrjen kupec<\/span>\n\t\t\t\t\t\t\t\t\t\t\t\t\t<\/footer>\n\t\t\t\t\t<\/div>\n\t\t\t\t<\/div>\n\t\t\t<\/div>\n\n\t\t\t\t\t\t<\/div>\n\t\t\t<\/div>\n\t\t<\/div><\/div><\/div><div class=\"wpb_column vc_column_container vc_col-sm-4\"><div class=\"vc_column-inner\"><div class=\"wpb_wrapper\">\t\t\t\n\t\t\t<div id=\"carousel-7500\" class=\"testimonials testimonials-wrapper testimonials-slider testimon-style-standard testimon-align-center   wd-carousel-container wd-carousel-spacing-30\" data-owl-carousel data-desktop=\"1\" data-tablet_landscape=\"1\" data-tablet=\"1\" data-mobile=\"1\">\n\t\t\t\t<div class=\"owl-carousel owl-items-lg-1 owl-items-md-1 owl-items-sm-1 owl-items-xs-1\" >\n\t\t\t\t\t\n\t\t\t<div class=\"testimonial column\" >\n\t\t\t\t<div class=\"testimonial-inner\">\n\t\t\t\t\t\t\t\t\t\t\t<div class=\"testimonial-avatar\">\n\t\t\t\t\t\t\t<img decoding=\"async\" class=\"testimonial-avatar-image\" src=\"https:\/\/www.byrna-defense.com\/wp-content\/uploads\/2022\/10\/original-1-100x100.jpg\" width=\"100\" height=\"100\" alt=\"original (1)\" title=\"izvirnik (1)\" \/>\t\t\t\t\t\t<\/div>\n\t\t\t\t\t\t\t\t\t\t<div class=\"testimonial-content\">\n\t\t\t\t\t\t<div class=\"testimonial-rating\">\n\t\t\t\t\t\t\t<span class=\"star-rating\">\n\t\t\t\t\t\t\t\t<span style=\"width:100%\"><\/span>\n\t\t\t\t\t\t\t<\/span>\n\t\t\t\t\t\t<\/div>\n\t\t\t\t\t\t<img decoding=\"async\" class=\"aligncenter wp-image-7990\" src=\"https:\/\/www.byrna-defense.com\/wp-content\/uploads\/2022\/10\/avis_5etoiles.jpg\" alt=\"\" width=\"90\" height=\"20\" srcset=\"https:\/\/www.byrna-defense.com\/wp-content\/uploads\/2022\/10\/avis_5etoiles.jpg 291w, https:\/\/www.byrna-defense.com\/wp-content\/uploads\/2022\/10\/avis_5etoiles-18x4.jpg 18w, https:\/\/www.byrna-defense.com\/wp-content\/uploads\/2022\/10\/avis_5etoiles-75x17.jpg 75w\" sizes=\"(max-width: 90px) 100vw, 90px\" \/><\/p>\n<p style=\"text-align: center;\">Najbolj\u0161a nesmrtonosna alternativa na trgu. Zabavno je vaditi ciljno streljanje. Menim, da moram biti v Kaliforniji ustvarjalen pri svojih dejanjih, da bi za\u0161\u010ditil dru\u017eino in premo\u017eenje. Zahvaljujem se vam, Bryan, za genialnost, ki jo je bilo treba ustvariti, in za tr\u017eenje, da bi ga dobili in poznali.<\/p>\n<p>\t\t\t\t\t\t<footer>\n\t\t\t\t\t\t\tLawrence B\t\t\t\t\t\t\t\t\t\t\t\t\t\t\t<span>Potrjen kupec<\/span>\n\t\t\t\t\t\t\t\t\t\t\t\t\t<\/footer>\n\t\t\t\t\t<\/div>\n\t\t\t\t<\/div>\n\t\t\t<\/div>\n\n\t\t\t\t\t\t<\/div>\n\t\t\t<\/div>\n\t\t<\/div><\/div><\/div><div class=\"wpb_column vc_column_container vc_col-sm-4\"><div class=\"vc_column-inner\"><div class=\"wpb_wrapper\">\t\t\t\n\t\t\t<div id=\"carousel-5224\" class=\"testimonials testimonials-wrapper testimonials-slider testimon-style-standard testimon-align-center   wd-carousel-container wd-carousel-spacing-30\" data-owl-carousel data-desktop=\"1\" data-tablet_landscape=\"1\" data-tablet=\"1\" data-mobile=\"1\">\n\t\t\t\t<div class=\"owl-carousel owl-items-lg-1 owl-items-md-1 owl-items-sm-1 owl-items-xs-1\" >\n\t\t\t\t\t\n\t\t\t<div class=\"testimonial column\" >\n\t\t\t\t<div class=\"testimonial-inner\">\n\t\t\t\t\t\t\t\t\t\t\t<div class=\"testimonial-avatar\">\n\t\t\t\t\t\t\t<img decoding=\"async\" class=\"testimonial-avatar-image\" src=\"https:\/\/www.byrna-defense.com\/wp-content\/uploads\/2022\/10\/original-2-100x100.jpg\" width=\"100\" height=\"100\" alt=\"original (2)\" title=\"izvirnik (2)\" \/>\t\t\t\t\t\t<\/div>\n\t\t\t\t\t\t\t\t\t\t<div class=\"testimonial-content\">\n\t\t\t\t\t\t<div class=\"testimonial-rating\">\n\t\t\t\t\t\t\t<span class=\"star-rating\">\n\t\t\t\t\t\t\t\t<span style=\"width:100%\"><\/span>\n\t\t\t\t\t\t\t<\/span>\n\t\t\t\t\t\t<\/div>\n\t\t\t\t\t\t<img decoding=\"async\" class=\"wp-image-7990 aligncenter\" src=\"https:\/\/www.byrna-defense.com\/wp-content\/uploads\/2022\/10\/avis_5etoiles.jpg\" alt=\"\" width=\"90\" height=\"20\" srcset=\"https:\/\/www.byrna-defense.com\/wp-content\/uploads\/2022\/10\/avis_5etoiles.jpg 291w, https:\/\/www.byrna-defense.com\/wp-content\/uploads\/2022\/10\/avis_5etoiles-18x4.jpg 18w, https:\/\/www.byrna-defense.com\/wp-content\/uploads\/2022\/10\/avis_5etoiles-75x17.jpg 75w\" sizes=\"(max-width: 90px) 100vw, 90px\" \/><\/p>\n<p style=\"text-align: center;\">To ni prva nesmrtonosna samoza\u0161\u010ditna pi\u0161tola, ki sem jo kupil, vendar bo zadnja. V lasti imam impulzni paralizator skupaj z napravo Tippmann TPIX, ki jo prodaja sol. Tippman je bil moj pripomo\u010dek za doma\u010do obrambo in taser, ki sem ga vedno nosil na sebi. Svojo prvo byrno sem kupil zato, da bi imel pri prena\u0161anju ve\u010d strelov pri roki, kot sem jih imel s pulznim taserjem.<\/p>\n<p>\t\t\t\t\t\t<footer>\n\t\t\t\t\t\t\tRon M\t\t\t\t\t\t\t\t\t\t\t\t\t\t\t<span>Potrjen kupec<\/span>\n\t\t\t\t\t\t\t\t\t\t\t\t\t<\/footer>\n\t\t\t\t\t<\/div>\n\t\t\t\t<\/div>\n\t\t\t<\/div>\n\n\t\t\t\t\t\t<\/div>\n\t\t\t<\/div>\n\t\t<\/div><\/div><\/div><\/div><div class=\"vc_row wpb_row vc_row-fluid\"><div class=\"wpb_column vc_column_container vc_col-sm-12\"><div class=\"vc_column-inner\"><div class=\"wpb_wrapper\"><div class=\"vc_empty_space\"   style=\"height: 32px\"><span class=\"vc_empty_space_inner\"><\/span><\/div><\/div><\/div><\/div><\/div><div class=\"vc_row wpb_row vc_row-fluid\"><div class=\"wpb_column vc_column_container vc_col-sm-4\"><div class=\"vc_column-inner\"><div class=\"wpb_wrapper\">\t\t\t\n\t\t\t<div id=\"carousel-9073\" class=\"testimonials testimonials-wrapper testimonials-slider testimon-style-standard testimon-align-center   wd-carousel-container wd-carousel-spacing-30\" data-owl-carousel data-desktop=\"1\" data-tablet_landscape=\"1\" data-tablet=\"1\" data-mobile=\"1\">\n\t\t\t\t<div class=\"owl-carousel owl-items-lg-1 owl-items-md-1 owl-items-sm-1 owl-items-xs-1\" >\n\t\t\t\t\t\n\t\t\t<div class=\"testimonial column\" >\n\t\t\t\t<div class=\"testimonial-inner\">\n\t\t\t\t\t\t\t\t\t\t\t<div class=\"testimonial-avatar\">\n\t\t\t\t\t\t\t<img decoding=\"async\" class=\"testimonial-avatar-image\" src=\"https:\/\/www.byrna-defense.com\/wp-content\/uploads\/2022\/10\/original-3-100x100.jpg\" width=\"100\" height=\"100\" alt=\"original (3)\" title=\"izvirnik (3)\" \/>\t\t\t\t\t\t<\/div>\n\t\t\t\t\t\t\t\t\t\t<div class=\"testimonial-content\">\n\t\t\t\t\t\t<div class=\"testimonial-rating\">\n\t\t\t\t\t\t\t<span class=\"star-rating\">\n\t\t\t\t\t\t\t\t<span style=\"width:100%\"><\/span>\n\t\t\t\t\t\t\t<\/span>\n\t\t\t\t\t\t<\/div>\n\t\t\t\t\t\t<img decoding=\"async\" class=\"wp-image-7990 aligncenter\" src=\"https:\/\/www.byrna-defense.com\/wp-content\/uploads\/2022\/10\/avis_5etoiles.jpg\" alt=\"\" width=\"90\" height=\"20\" srcset=\"https:\/\/www.byrna-defense.com\/wp-content\/uploads\/2022\/10\/avis_5etoiles.jpg 291w, https:\/\/www.byrna-defense.com\/wp-content\/uploads\/2022\/10\/avis_5etoiles-18x4.jpg 18w, https:\/\/www.byrna-defense.com\/wp-content\/uploads\/2022\/10\/avis_5etoiles-75x17.jpg 75w\" sizes=\"(max-width: 90px) 100vw, 90px\" \/><\/p>\n<p style=\"text-align: center;\">V\u0161e\u010d mi je... Imam oro\u017eje, vendar samo ob\u010dutek neletalnega na\u010dina je neverjetno in manj glavobolov<\/p>\n<p>\t\t\t\t\t\t<footer>\n\t\t\t\t\t\t\tJose A\t\t\t\t\t\t\t\t\t\t\t\t\t\t\t<span>Potrjen kupec<\/span>\n\t\t\t\t\t\t\t\t\t\t\t\t\t<\/footer>\n\t\t\t\t\t<\/div>\n\t\t\t\t<\/div>\n\t\t\t<\/div>\n\n\t\t\t\t\t\t<\/div>\n\t\t\t<\/div>\n\t\t<\/div><\/div><\/div><div class=\"wpb_column vc_column_container vc_col-sm-4\"><div class=\"vc_column-inner\"><div class=\"wpb_wrapper\">\t\t\t\n\t\t\t<div id=\"carousel-3555\" class=\"testimonials testimonials-wrapper testimonials-slider testimon-style-standard testimon-align-center   wd-carousel-container wd-carousel-spacing-30\" data-owl-carousel data-desktop=\"1\" data-tablet_landscape=\"1\" data-tablet=\"1\" data-mobile=\"1\">\n\t\t\t\t<div class=\"owl-carousel owl-items-lg-1 owl-items-md-1 owl-items-sm-1 owl-items-xs-1\" >\n\t\t\t\t\t\n\t\t\t<div class=\"testimonial column\" >\n\t\t\t\t<div class=\"testimonial-inner\">\n\t\t\t\t\t\t\t\t\t\t\t<div class=\"testimonial-avatar\">\n\t\t\t\t\t\t\t<img decoding=\"async\" class=\"testimonial-avatar-image\" src=\"https:\/\/www.byrna-defense.com\/wp-content\/uploads\/2022\/10\/original-5-100x100.jpg\" width=\"100\" height=\"100\" alt=\"original (5)\" title=\"izvirnik (5)\" \/>\t\t\t\t\t\t<\/div>\n\t\t\t\t\t\t\t\t\t\t<div class=\"testimonial-content\">\n\t\t\t\t\t\t<div class=\"testimonial-rating\">\n\t\t\t\t\t\t\t<span class=\"star-rating\">\n\t\t\t\t\t\t\t\t<span style=\"width:100%\"><\/span>\n\t\t\t\t\t\t\t<\/span>\n\t\t\t\t\t\t<\/div>\n\t\t\t\t\t\t<img decoding=\"async\" class=\"aligncenter wp-image-7990\" src=\"https:\/\/www.byrna-defense.com\/wp-content\/uploads\/2022\/10\/avis_5etoiles.jpg\" alt=\"\" width=\"90\" height=\"20\" srcset=\"https:\/\/www.byrna-defense.com\/wp-content\/uploads\/2022\/10\/avis_5etoiles.jpg 291w, https:\/\/www.byrna-defense.com\/wp-content\/uploads\/2022\/10\/avis_5etoiles-18x4.jpg 18w, https:\/\/www.byrna-defense.com\/wp-content\/uploads\/2022\/10\/avis_5etoiles-75x17.jpg 75w\" sizes=\"(max-width: 90px) 100vw, 90px\" \/><\/p>\n<p style=\"text-align: center;\">Deluje odli\u010dno, ne bi \u017eelel, da bi ga udarili v obraz. To bi bilo res grozno!<\/p>\n<p>\t\t\t\t\t\t<footer>\n\t\t\t\t\t\t\tCurtis W\t\t\t\t\t\t\t\t\t\t\t\t\t\t\t<span>Potrjen kupec<\/span>\n\t\t\t\t\t\t\t\t\t\t\t\t\t<\/footer>\n\t\t\t\t\t<\/div>\n\t\t\t\t<\/div>\n\t\t\t<\/div>\n\n\t\t\t\t\t\t<\/div>\n\t\t\t<\/div>\n\t\t<\/div><\/div><\/div><div class=\"wpb_column vc_column_container vc_col-sm-4\"><div class=\"vc_column-inner\"><div class=\"wpb_wrapper\">\t\t\t\n\t\t\t<div id=\"carousel-3481\" class=\"testimonials testimonials-wrapper testimonials-slider testimon-style-standard testimon-align-center   wd-carousel-container wd-carousel-spacing-30\" data-owl-carousel data-desktop=\"1\" data-tablet_landscape=\"1\" data-tablet=\"1\" data-mobile=\"1\">\n\t\t\t\t<div class=\"owl-carousel owl-items-lg-1 owl-items-md-1 owl-items-sm-1 owl-items-xs-1\" >\n\t\t\t\t\t\n\t\t\t<div class=\"testimonial column\" >\n\t\t\t\t<div class=\"testimonial-inner\">\n\t\t\t\t\t\t\t\t\t\t\t<div class=\"testimonial-avatar\">\n\t\t\t\t\t\t\t<img decoding=\"async\" class=\"testimonial-avatar-image\" src=\"https:\/\/www.byrna-defense.com\/wp-content\/uploads\/2022\/10\/original-4-100x100.jpg\" width=\"100\" height=\"100\" alt=\"original (4)\" title=\"izvirnik (4)\" \/>\t\t\t\t\t\t<\/div>\n\t\t\t\t\t\t\t\t\t\t<div class=\"testimonial-content\">\n\t\t\t\t\t\t<div class=\"testimonial-rating\">\n\t\t\t\t\t\t\t<span class=\"star-rating\">\n\t\t\t\t\t\t\t\t<span style=\"width:100%\"><\/span>\n\t\t\t\t\t\t\t<\/span>\n\t\t\t\t\t\t<\/div>\n\t\t\t\t\t\t<img decoding=\"async\" class=\"aligncenter wp-image-7990\" src=\"https:\/\/www.byrna-defense.com\/wp-content\/uploads\/2022\/10\/avis_5etoiles.jpg\" alt=\"\" width=\"90\" height=\"20\" srcset=\"https:\/\/www.byrna-defense.com\/wp-content\/uploads\/2022\/10\/avis_5etoiles.jpg 291w, https:\/\/www.byrna-defense.com\/wp-content\/uploads\/2022\/10\/avis_5etoiles-18x4.jpg 18w, https:\/\/www.byrna-defense.com\/wp-content\/uploads\/2022\/10\/avis_5etoiles-75x17.jpg 75w\" sizes=\"(max-width: 90px) 100vw, 90px\" \/><\/p>\n<p style=\"text-align: center;\">To sem dobil za svojo \u017eeno, saj je zagotovo \"Ungun\" sredi\u0161\u010de demografske mase, ki jo i\u0161\u010de Byrna. Prispel je pravo\u010dasno in je bil varno zapakiran. Slike in videoposnetki, ki so na voljo, preprosto ne zajamejo kakovosti in natan\u010dnosti konstrukcije.<\/p>\n<p>\t\t\t\t\t\t<footer>\n\t\t\t\t\t\t\tLaurence A\t\t\t\t\t\t\t\t\t\t\t\t\t\t\t<span>Potrjen kupec<\/span>\n\t\t\t\t\t\t\t\t\t\t\t\t\t<\/footer>\n\t\t\t\t\t<\/div>\n\t\t\t\t<\/div>\n\t\t\t<\/div>\n\n\t\t\t\t\t\t<\/div>\n\t\t\t<\/div>\n\t\t<\/div><\/div><\/div><\/div>","protected":false},"excerpt":{"rendered":"Oglejte si nekaj pregledov spodaj Komplet (seveda roza barve) sem dobil za \u017eeno kot presene\u010denje - zelo ji je v\u0161e\u010d.","protected":false},"author":1,"featured_media":0,"parent":0,"menu_order":0,"comment_status":"closed","ping_status":"closed","template":"","meta":{"footnotes":""},"class_list":["post-7985","page","type-page","status-publish","hentry"],"_links":{"self":[{"href":"https:\/\/www.byrna-defense.com\/sl\/wp-json\/wp\/v2\/pages\/7985","targetHints":{"allow":["GET"]}}],"collection":[{"href":"https:\/\/www.byrna-defense.com\/sl\/wp-json\/wp\/v2\/pages"}],"about":[{"href":"https:\/\/www.byrna-defense.com\/sl\/wp-json\/wp\/v2\/types\/page"}],"author":[{"embeddable":true,"href":"https:\/\/www.byrna-defense.com\/sl\/wp-json\/wp\/v2\/users\/1"}],"replies":[{"embeddable":true,"href":"https:\/\/www.byrna-defense.com\/sl\/wp-json\/wp\/v2\/comments?post=7985"}],"version-history":[{"count":10,"href":"https:\/\/www.byrna-defense.com\/sl\/wp-json\/wp\/v2\/pages\/7985\/revisions"}],"predecessor-version":[{"id":8088,"href":"https:\/\/www.byrna-defense.com\/sl\/wp-json\/wp\/v2\/pages\/7985\/revisions\/8088"}],"wp:attachment":[{"href":"https:\/\/www.byrna-defense.com\/sl\/wp-json\/wp\/v2\/media?parent=7985"}],"curies":[{"name":"wp","href":"https:\/\/api.w.org\/{rel}","templated":true}]}}