{"id":7898,"date":"2022-09-20T11:43:26","date_gmt":"2022-09-20T09:43:26","guid":{"rendered":"http:\/\/preprod.byrna-defense.com\/www\/?page_id=7898"},"modified":"2023-01-12T16:11:55","modified_gmt":"2023-01-12T15:11:55","slug":"formations-law-enforcement","status":"publish","type":"page","link":"https:\/\/www.byrna-defense.com\/sl\/formations-law-enforcement\/","title":{"rendered":"Usposabljanje"},"content":{"rendered":"<div class=\"vc_row wpb_row vc_row-fluid\"><div class=\"wpb_column vc_column_container vc_col-sm-12\"><div class=\"vc_column-inner\"><div class=\"wpb_wrapper\">\t\n\t\t\t<div id=\"wd-6345753832788\" class=\"wd-text-block-wrapper wd-wpb color-scheme- wd-width-100 text-left\">\n\t\t\t\t<div class=\"woodmart-title-container woodmart-text-block reset-last-child font-primary wd-font-weight-400\">\n\t\t\t\t\tTo je primer besedila, ki ga je treba spremeniti.\t\t\t\t<\/div>\n\t\t\t\t\t\t\t<\/div>\n\t\t<\/div><\/div><\/div><\/div><div class=\"vc_row wpb_row vc_row-fluid\"><div class=\"wpb_column vc_column_container vc_col-sm-12\"><div class=\"vc_column-inner\"><div class=\"wpb_wrapper\">\n<div class=\"wpcf7 no-js\" id=\"wpcf7-f7923-o1\" lang=\"fr-FR\" dir=\"ltr\" data-wpcf7-id=\"7923\">\n<div class=\"screen-reader-response\"><p role=\"status\" aria-live=\"polite\" aria-atomic=\"true\"><\/p> <ul><\/ul><\/div>\n<form action=\"\/sl\/wp-json\/wp\/v2\/pages\/7898#wpcf7-f7923-o1\" method=\"post\" class=\"wpcf7-form init\" aria-label=\"Kontaktni obrazec\" novalidate=\"novalidate\" data-status=\"init\" data-trp-original-action=\"\/sl\/wp-json\/wp\/v2\/pages\/7898#wpcf7-f7923-o1\">\n<fieldset class=\"hidden-fields-container\"><input type=\"hidden\" name=\"_wpcf7\" value=\"7923\" \/><input type=\"hidden\" name=\"_wpcf7_version\" value=\"6.1.2\" \/><input type=\"hidden\" name=\"_wpcf7_locale\" value=\"fr_FR\" \/><input type=\"hidden\" name=\"_wpcf7_unit_tag\" value=\"wpcf7-f7923-o1\" \/><input type=\"hidden\" name=\"_wpcf7_container_post\" value=\"0\" \/><input type=\"hidden\" name=\"_wpcf7_posted_data_hash\" value=\"\" \/><input type=\"hidden\" name=\"_wpcf7_recaptcha_response\" value=\"\" \/>\n<\/fieldset>\n<p><label> Va\u0161e ime<br \/>\n<span class=\"wpcf7-form-control-wrap\" data-name=\"your-name\"><input size=\"40\" maxlength=\"400\" class=\"wpcf7-form-control wpcf7-text wpcf7-validates-as-required\" aria-required=\"true\" aria-invalid=\"false\" value=\"\" type=\"text\" name=\"your-name\" \/><\/span> <\/label>\n<\/p>\n<p><label> Va\u0161e ime<br \/>\n<span class=\"wpcf7-form-control-wrap\" data-name=\"your-surname\"><input size=\"40\" maxlength=\"400\" class=\"wpcf7-form-control wpcf7-text wpcf7-validates-as-required\" aria-required=\"true\" aria-invalid=\"false\" value=\"\" type=\"text\" name=\"your-surname\" \/><\/span> <\/label>\n<\/p>\n<p><label> Va\u0161 telefon<br \/>\n<span class=\"wpcf7-form-control-wrap\" data-name=\"tel-665\"><input size=\"40\" maxlength=\"400\" class=\"wpcf7-form-control wpcf7-tel wpcf7-validates-as-required wpcf7-text wpcf7-validates-as-tel\" aria-required=\"true\" aria-invalid=\"false\" value=\"\" type=\"tel\" name=\"tel-665\" \/><\/span> <\/label>\n<\/p>\n<p><label> Va\u0161 e-po\u0161tni naslov<br \/>\n<span class=\"wpcf7-form-control-wrap\" data-name=\"your-email\"><input size=\"40\" maxlength=\"400\" class=\"wpcf7-form-control wpcf7-email wpcf7-validates-as-required wpcf7-text wpcf7-validates-as-email\" aria-required=\"true\" aria-invalid=\"false\" value=\"\" type=\"email\" name=\"your-email\" \/><\/span> <\/label>\n<\/p>\n<p><label> Va\u0161e podjetje \/ storitev<br \/>\n<span class=\"wpcf7-form-control-wrap\" data-name=\"your-entreprise\"><input size=\"40\" maxlength=\"400\" class=\"wpcf7-form-control wpcf7-email wpcf7-validates-as-required wpcf7-text wpcf7-validates-as-email\" aria-required=\"true\" aria-invalid=\"false\" value=\"\" type=\"email\" name=\"your-entreprise\" \/><\/span> <\/label>\n<\/p>\n<p><label> Objekt<br \/>\n<span class=\"wpcf7-form-control-wrap\" data-name=\"your-subject\"><input size=\"40\" maxlength=\"400\" class=\"wpcf7-form-control wpcf7-text wpcf7-validates-as-required\" aria-required=\"true\" aria-invalid=\"false\" value=\"\" type=\"text\" name=\"your-subject\" \/><\/span> <\/label>\n<\/p>\n<p><label> Va\u0161e sporo\u010dilo (neobvezno)<br \/>\n<span class=\"wpcf7-form-control-wrap\" data-name=\"your-message\"><textarea cols=\"40\" rows=\"10\" maxlength=\"2000\" class=\"wpcf7-form-control wpcf7-textarea\" aria-invalid=\"false\" name=\"your-message\"><\/textarea><\/span> <\/label>\n<\/p>\n<p><input class=\"wpcf7-form-control wpcf7-submit has-spinner\" type=\"submit\" value=\"Po\u0161lji\" \/>\n<\/p><div class=\"wpcf7-response-output\" aria-hidden=\"true\"><\/div>\n<input type=\"hidden\" name=\"trp-form-language\" value=\"sl\"\/><\/form>\n<\/div>\n<\/div><\/div><\/div><\/div><div data-vc-full-width=\"true\" data-vc-full-width-init=\"false\" class=\"vc_row wpb_row vc_row-fluid vc_custom_1673534748698 vc_row-has-fill\"><div class=\"wpb_column vc_column_container vc_col-sm-3\"><div class=\"vc_column-inner\"><div class=\"wpb_wrapper\">\n\t<div  class=\"wpb_single_image wpb_content_element vc_align_left vc_custom_1673535315187\">\n\t\t\n\t\t<figure class=\"wpb_wrapper vc_figure\">\n\t\t\t<a href=\"https:\/\/www.byrna-defense.com\/sl\/home-defense-domicile\/\" target=\"_self\" class=\"vc_single_image-wrapper   vc_box_border_grey\"><img decoding=\"async\" class=\"vc_single_image-img\" src=\"https:\/\/www.byrna-defense.com\/wp-content\/uploads\/2023\/01\/Byrna_Technologies_Inc_Primary_180x-180x60.webp\" width=\"180\" height=\"60\" alt=\"Byrna_Technologies_Inc_Primary_180x\" title=\"Byrna_Technologies_Inc_Primary_180x\" \/><\/a>\n\t\t<\/figure>\n\t<\/div>\n\t\n\t\t\t<div id=\"wd-63c01e4ab41cc\" class=\"wd-text-block-wrapper wd-wpb color-scheme- wd-width-100 text-left vc_custom_1673535058364\">\n\t\t\t\t<div class=\"woodmart-title-container woodmart-text-block reset-last-child font-text wd-font-weight-\">\n\t\t\t\t\t<b>BYRNA DEFENCE<\/b> Ustvaril je <strong><span style=\"color: #a0000;\">Fibroweb<br \/>\n<\/span><\/strong>Avtorske pravice <i class=\"fa fa-copyright\"><\/i> 2022\t\t\t\t<\/div>\n\t\t\t\t\t\t\t<\/div>\n\t\t\n\t\t\t<div class=\"wd-social-icons text-left icons-design-default icons-size-default color-scheme-light social-follow social-form-circle\">\n\t\t\t\t\t\t\t\t\t<a rel=\"noopener noreferrer nofollow\" href=\"#\" target=\"_blank\" class=\"wd-social-icon social-facebook\">\n\t\t\t\t\t\t<span class=\"wd-icon\"><\/span>\n\t\t\t\t\t\t\t\t\t\t\t<\/a>\n\t\t\t\t\n\t\t\t\t\t\t\t\t\t<a rel=\"noopener noreferrer nofollow\" href=\"#\" target=\"_blank\" class=\"wd-social-icon social-twitter\">\n\t\t\t\t\t\t<span class=\"wd-icon\"><\/span>\n\t\t\t\t\t\t\t\t\t\t\t<\/a>\n\t\t\t\t\n\t\t\t\t\n\t\t\t\t\t\t\t\t\t<a rel=\"noopener noreferrer nofollow\" href=\"#\" target=\"_blank\" class=\"wd-social-icon social-instagram\">\n\t\t\t\t\t\t<span class=\"wd-icon\"><\/span>\n\t\t\t\t\t\t\t\t\t\t\t<\/a>\n\t\t\t\t\n\t\t\t\t\t\t\t\t\t<a rel=\"noopener noreferrer nofollow\" href=\"#\" target=\"_blank\" class=\"wd-social-icon social-youtube\">\n\t\t\t\t\t\t<span class=\"wd-icon\"><\/span>\n\t\t\t\t\t\t\t\t\t\t\t<\/a>\n\t\t\t\t\n\t\t\t\t\n\t\t\t\t\n\t\t\t\t\n\t\t\t\t\n\t\t\t\t\n\t\t\t\t\n\t\t\t\t\n\t\t\t\t\n\t\t\t\t\n\t\t\t\t\n\t\t\t\t\n\t\t\t\t\n\t\t\t\t\t\t\t\t\n\t\t\t\t\t\t\t\t\n\t\t\t\t\n\t\t\t\t\t\t\t\t\n\t\t\t\t\n\t\t\t<\/div>\n\n\t\t<\/div><\/div><\/div><div class=\"wpb_column vc_column_container vc_col-sm-3\"><div class=\"vc_column-inner\"><div class=\"wpb_wrapper\">\t\t\n\t\t<div id=\"wd-63c01df0636db\" class=\"title-wrapper wd-wpb set-mb-s reset-last-child  wd-title-color-default wd-title-style-default wd-width-100 text-left vc_custom_1673534976519\">\n\t\t\t\n\t\t\t<div class=\"liner-continer\">\n\t\t\t\t<h4 class=\"woodmart-title-container title  wd-font-weight-400 wd-fontsize-m\" >Na\u0161i izdelki<\/h4>\n\t\t\t\t\t\t\t<\/div>\n\t\t\t\n\t\t\t\n\t\t\t\t\t<\/div>\n\t\t\n\t\t\n\t<div class=\"wpb_text_column wpb_content_element color-scheme-light\" >\n\t\t<div class=\"wpb_wrapper\">\n\t\t\t<p><a href=\"http:\/\/Mission 4 Les TCR Lanceur Byrna Pro Les munitions\"><span class=\"list-content\">Misija 4<\/span><\/a><\/p>\n<p><a href=\"https:\/\/www.byrna-defense.com\/sl\/tcr\/\"><span class=\"list-content\">RCWs<\/span><\/a><\/p>\n<p><span class=\"list-content\">Zagonska naprava Byrna Pro<\/span><\/p>\n<p><span class=\"list-content\">Strelivo<\/span><\/p>\n\n\t\t<\/div>\n\t<\/div>\n<\/div><\/div><\/div><div class=\"wpb_column vc_column_container vc_col-sm-3\"><div class=\"vc_column-inner\"><div class=\"wpb_wrapper\">\t\t\n\t\t<div id=\"wd-63c01e034e5ac\" class=\"title-wrapper wd-wpb set-mb-s reset-last-child  wd-title-color-default wd-title-style-default wd-width-100 text-left vc_custom_1673534986996\">\n\t\t\t\n\t\t\t<div class=\"liner-continer\">\n\t\t\t\t<h4 class=\"woodmart-title-container title  wd-font-weight-400 wd-fontsize-m\" >Na\u0161e storitve<\/h4>\n\t\t\t\t\t\t\t<\/div>\n\t\t\t\n\t\t\t\n\t\t\t\t\t<\/div>\n\t\t\n\t\t\n\t<div class=\"wpb_text_column wpb_content_element color-scheme-light\" >\n\t\t<div class=\"wpb_wrapper\">\n\t\t\t<p><a href=\"https:\/\/www.byrna-defense.com\/sl\/formations-law-enforcement\/\"><span class=\"list-content\">Zahtevajte te\u010daj usposabljanja<\/span><\/a><\/p>\n<p><a href=\"https:\/\/www.byrna-defense.com\/sl\/formation\/\"><span class=\"list-content\">Zahtevajte ponudbo<\/span><\/a><\/p>\n<p><a href=\"https:\/\/www.byrna-defense.com\/sl\/formation\/\"><span class=\"list-content\">Pi\u0161ite nam<\/span><\/a><\/p>\n\n\t\t<\/div>\n\t<\/div>\n<\/div><\/div><\/div><div class=\"wpb_column vc_column_container vc_col-sm-3\"><div class=\"vc_column-inner\"><div class=\"wpb_wrapper\"><div class=\"wpb_gmaps_widget wpb_content_element\"><div class=\"wpb_wrapper\"><div class=\"wpb_map_wraper\"><iframe src=\"https:\/\/www.google.com\/maps\/embed?pb=!1m18!1m12!1m3!1d2933.875861117814!2d2.8161603156878727!3d42.663985979167656!2m3!1f0!2f0!3f0!3m2!1i1024!2i768!4f13.1!3m3!1m2!1s0x12b0727d5aee94f1%3A0xa1e8bf7d422aa0ef!2s2%20Imp.%20Paul%20S%C3%A9journ%C3%A9%2C%2066350%20Toulouges!5e0!3m2!1sfr!2sfr!4v1673535837501!5m2!1sfr!2sfr\" width=\"600\" height=\"150\" style=\"border:0;\" allowfullscreen=\"\" loading=\"lazy\" referrerpolicy=\"no-referrer-when-downgrade\"><\/iframe><\/div><\/div><\/div><\/div><\/div><\/div><\/div><div class=\"vc_row-full-width vc_clearfix\"><\/div>","protected":false},"excerpt":{"rendered":"To je primer besedila, ki ga bo treba spremeniti Va\u0161 priimek Va\u0161e ime Va\u0161a telefonska \u0161tevilka Va\u0161 e-po\u0161tni naslov Va\u0161e podjetje\/ime podjetja","protected":false},"author":1,"featured_media":0,"parent":0,"menu_order":0,"comment_status":"closed","ping_status":"closed","template":"","meta":{"footnotes":""},"class_list":["post-7898","page","type-page","status-publish","hentry"],"_links":{"self":[{"href":"https:\/\/www.byrna-defense.com\/sl\/wp-json\/wp\/v2\/pages\/7898","targetHints":{"allow":["GET"]}}],"collection":[{"href":"https:\/\/www.byrna-defense.com\/sl\/wp-json\/wp\/v2\/pages"}],"about":[{"href":"https:\/\/www.byrna-defense.com\/sl\/wp-json\/wp\/v2\/types\/page"}],"author":[{"embeddable":true,"href":"https:\/\/www.byrna-defense.com\/sl\/wp-json\/wp\/v2\/users\/1"}],"replies":[{"embeddable":true,"href":"https:\/\/www.byrna-defense.com\/sl\/wp-json\/wp\/v2\/comments?post=7898"}],"version-history":[{"count":7,"href":"https:\/\/www.byrna-defense.com\/sl\/wp-json\/wp\/v2\/pages\/7898\/revisions"}],"predecessor-version":[{"id":8917,"href":"https:\/\/www.byrna-defense.com\/sl\/wp-json\/wp\/v2\/pages\/7898\/revisions\/8917"}],"wp:attachment":[{"href":"https:\/\/www.byrna-defense.com\/sl\/wp-json\/wp\/v2\/media?parent=7898"}],"curies":[{"name":"wp","href":"https:\/\/api.w.org\/{rel}","templated":true}]}}