{"id":8324,"date":"2022-10-14T15:45:10","date_gmt":"2022-10-14T13:45:10","guid":{"rendered":"https:\/\/www.byrna-defense.com\/?post_type=product&#038;p=8324"},"modified":"2025-11-24T17:05:57","modified_gmt":"2025-11-24T16:05:57","slug":"byrna-magazine-carrier","status":"publish","type":"product","link":"https:\/\/www.byrna-defense.com\/pt\/product\/byrna-magazine-carrier\/","title":{"rendered":"PORTA-REVISTAS BYRNA"},"content":{"rendered":"<div class=\"vc_row wpb_row vc_row-fluid\"><div class=\"wpb_column vc_column_container vc_col-sm-12\"><div class=\"vc_column-inner\"><div class=\"wpb_wrapper\">\t\n\t\t\t<div id=\"wd-63bd610187956\" class=\"wd-text-block-wrapper wd-wpb color-scheme-custom wd-width-100 text-left\">\n\t\t\t\t<div class=\"woodmart-title-container woodmart-text-block reset-last-child font-text wd-font-weight-400\">\n\t\t\t\t\tO porta revistas Byrna \u00e9 um acess\u00f3rio indispens\u00e1vel para os utilizadores de Byrna. Foi concebido para segurar com seguran\u00e7a a sua revista Byrna de reserva, para que possa t\u00ea-la \u00e0 m\u00e3o quando necess\u00e1rio. \u00c9 feito de materiais dur\u00e1veis para uma longa dura\u00e7\u00e3o.<\/p>\n<p>\u00c9 f\u00e1cil de usar, basta prender o seu carregador Byrna sobresselente no suporte, pode prend\u00ea-lo ao seu cinto ou bolso para um acesso r\u00e1pido e f\u00e1cil. Tem tamb\u00e9m um sistema de fecho para evitar a remo\u00e7\u00e3o acidental do carregador.<\/p>\n<p>O porta revistas Byrna \u00e9 um acess\u00f3rio pr\u00e1tico e essencial para todos os utilizadores de Byrna. Permite-lhe ter sempre uma revista de reserva dispon\u00edvel, para que esteja pronto a responder a qualquer situa\u00e7\u00e3o de emerg\u00eancia. \u00c9 tamb\u00e9m compat\u00edvel com outros proj\u00e9cteis e revistas Byrna.<\/p>\n<p>Compat\u00edvel com Byrna HD, Byrna HD XL e Byrna SD<\/p>\n<p>Carregador n\u00e3o inclu\u00eddo.\t\t\t\t<\/div>\n\t\t\t\t\t\t\t<\/div>\n\t\t<\/div><\/div><\/div><\/div><div class=\"vc_row wpb_row vc_row-fluid\"><div class=\"wpb_column vc_column_container vc_col-sm-12\"><div class=\"vc_column-inner\"><div class=\"wpb_wrapper\">\t\n\t\t\t<div id=\"wd-63bd36f93d916\" class=\"wd-text-block-wrapper wd-wpb color-scheme-custom wd-width-100 text-left\">\n\t\t\t\t<div class=\"woodmart-title-container woodmart-text-block reset-last-child font-primary wd-font-weight-400\">\n\t\t\t\t\t\t\t\t\t<\/div>\n\t\t\t\t\t\t\t<\/div>\n\t\t<\/div><\/div><\/div><\/div>","protected":false},"excerpt":{"rendered":"<p>O suporte do carregador Byrna \u00e9 perfeitamente adequado para segurar com seguran\u00e7a o seu carregador Byrna sobresselente no seu cinto ou no seu bolso.<\/p>\n<p>&nbsp;<br \/>\n<input class=\"favorite styled\"\n       type=\"button\"\n       value=\"Encomenda\"\n       style=\"background-color: #FC671D; color: white; font-weight: bold;\"\n       onclick=\"location.href='https:\/\/www.naturabuy.fr\/stores\/2029\/'\"><\/p>","protected":false},"featured_media":8327,"comment_status":"closed","ping_status":"closed","template":"","meta":[],"product_brand":[],"product_cat":[42],"product_tag":[],"class_list":{"0":"post-8324","1":"product","2":"type-product","3":"status-publish","4":"has-post-thumbnail","6":"product_cat-accessoires","8":"first","9":"instock","10":"shipping-taxable","11":"purchasable","12":"product-type-simple"},"_links":{"self":[{"href":"https:\/\/www.byrna-defense.com\/pt\/wp-json\/wp\/v2\/product\/8324","targetHints":{"allow":["GET"]}}],"collection":[{"href":"https:\/\/www.byrna-defense.com\/pt\/wp-json\/wp\/v2\/product"}],"about":[{"href":"https:\/\/www.byrna-defense.com\/pt\/wp-json\/wp\/v2\/types\/product"}],"replies":[{"embeddable":true,"href":"https:\/\/www.byrna-defense.com\/pt\/wp-json\/wp\/v2\/comments?post=8324"}],"wp:featuredmedia":[{"embeddable":true,"href":"https:\/\/www.byrna-defense.com\/pt\/wp-json\/wp\/v2\/media\/8327"}],"wp:attachment":[{"href":"https:\/\/www.byrna-defense.com\/pt\/wp-json\/wp\/v2\/media?parent=8324"}],"wp:term":[{"taxonomy":"product_brand","embeddable":true,"href":"https:\/\/www.byrna-defense.com\/pt\/wp-json\/wp\/v2\/product_brand?post=8324"},{"taxonomy":"product_cat","embeddable":true,"href":"https:\/\/www.byrna-defense.com\/pt\/wp-json\/wp\/v2\/product_cat?post=8324"},{"taxonomy":"product_tag","embeddable":true,"href":"https:\/\/www.byrna-defense.com\/pt\/wp-json\/wp\/v2\/product_tag?post=8324"}],"curies":[{"name":"wp","href":"https:\/\/api.w.org\/{rel}","templated":true}]}}