{"id":8292,"date":"2022-10-14T15:00:52","date_gmt":"2022-10-14T13:00:52","guid":{"rendered":"https:\/\/www.byrna-defense.com\/?post_type=product&#038;p=8292"},"modified":"2025-11-24T17:05:32","modified_gmt":"2025-11-24T16:05:32","slug":"byrna-pepper-projectiles","status":"publish","type":"product","link":"https:\/\/www.byrna-defense.com\/pt\/product\/byrna-pepper-projectiles\/","title":{"rendered":"PROJ\u00c9CTEIS DE PIMENTA BYRNA"},"content":{"rendered":"<div class=\"vc_row wpb_row vc_row-fluid\"><div class=\"wpb_column vc_column_container vc_col-sm-12\"><div class=\"vc_column-inner\"><div class=\"wpb_wrapper\">\t\n\t\t\t<div id=\"wd-63bd4d2a1db2a\" class=\"wd-text-block-wrapper wd-wpb color-scheme-custom wd-width-100 text-left\">\n\t\t\t\t<div class=\"woodmart-title-container woodmart-text-block reset-last-child font-primary wd-font-weight-400\">\n\t\t\t\t\t<strong>Os proj\u00e9cteis Byrna 'Pepper' cont\u00eam uma mistura de Oleoresin Capsicum (OC) + PAVA, tornando-os num dos mais poderosos proj\u00e9cteis do mercado.<\/strong>\t\t\t\t<\/div>\n\t\t\t\t\t\t\t<\/div>\n\t\t\t\n\t\t\t<div id=\"wd-63bd516f8ea73\" class=\"wd-text-block-wrapper wd-wpb color-scheme-custom wd-width-100 text-left\">\n\t\t\t\t<div class=\"woodmart-title-container woodmart-text-block reset-last-child font-text wd-font-weight-400\">\n\t\t\t\t\t<\/p>\n<h5><span style=\"font-weight: 400\">O OC (oleoresina capsicum) 1% e PAVA (piperidina-1-metiodetoxima) 4% \u00e9 um proj\u00e9ctil incapacitante n\u00e3o letal concebido para imobilizar temporariamente uma pessoa sem causar danos graves. \u00c9 constitu\u00edda por uma c\u00e1psula de pl\u00e1stico contendo uma mistura de OC e PAVA em p\u00f3.<\/span><\/h5>\n<p><span style=\"font-weight: 400\">Quando o proj\u00e9ctil \u00e9 disparado, a c\u00e1psula parte-se e a mistura de CO e PAVA espalha-se pelo ar, causando irrita\u00e7\u00e3o nos olhos e no tracto respirat\u00f3rio da pessoa afectada. OC, tamb\u00e9m utilizado em latas de spray de pimenta, \u00e9 um poderoso irritante que provoca rega, espirros e queimadura da pele. PAVA actua como um agente incapacitante, causando fraqueza muscular tempor\u00e1ria e perda de coordena\u00e7\u00e3o.<\/span><\/p>\n<p><span style=\"font-weight: 400\">O proj\u00e9ctil incapacitante baseado em OC e PAVA \u00e9 eficaz a uma dist\u00e2ncia de at\u00e9 12 metros. Em alguns pa\u00edses \u00e9 utilizado pelo pessoal da pol\u00edcia e da seguran\u00e7a para imobilizar pessoas violentas ou n\u00e3o cooperantes. Tamb\u00e9m \u00e9 conhecido por ser \u00fatil em situa\u00e7\u00f5es de rua ou de multid\u00e3o, onde pode imobilizar as pessoas sem causar ferimentos graves.<\/span><\/p>\n<p><span style=\"font-weight: 400\">Em resumo, o proj\u00e9ctil incapacitante OC e PAVA \u00e9 um produto n\u00e3o letal que \u00e9 eficaz na imobiliza\u00e7\u00e3o tempor\u00e1ria de uma pessoa atrav\u00e9s do uso combinado de um irritante ocular e de um agente incapacitante.<br \/>\n<\/span><\/p>\n<p><span style=\"font-weight: 400\">\u00c9 importante notar que, embora o proj\u00e9ctil Byrna n\u00e3o seja letal, pode causar ferimentos se utilizado a um alcance demasiado pr\u00f3ximo ou se o alvo tiver condi\u00e7\u00f5es m\u00e9dicas preexistentes. Recomenda-se, portanto, a sua utiliza\u00e7\u00e3o apenas em casos de perigo imediato e ap\u00f3s avalia\u00e7\u00e3o da situa\u00e7\u00e3o.<\/span><\/p>\n<p>Enquanto o agressor estiver temporariamente incapacitado, \u00e9 melhor fugir do que tentar neutraliz\u00e1-lo. \u00c9 importante contactar a pol\u00edcia para lidar com a situa\u00e7\u00e3o.<\/p>\n<p>&nbsp;<\/p>\n<p>\t\t\t\t<\/div>\n\t\t\t\t\t\t\t<\/div>\n\t\t<\/div><\/div><\/div><\/div><div class=\"vc_row wpb_row vc_row-fluid\"><div class=\"wpb_column vc_column_container vc_col-sm-12\"><div class=\"vc_column-inner\"><div class=\"wpb_wrapper\"><div id=\"wd-6362904e74c3a\" class=\"wd-button-wrapper text-left\"><a href=\"https:\/\/www.byrna-defense.com\/wp-content\/uploads\/2022\/10\/Fiche-de-donne\u0301es-se\u0301curite\u0301-BYRNA-PEPPER-PROJECTILE-SDS.pdf\" title=\"\" class=\"btn btn-color-primary btn-style-default btn-shape-semi-round btn-size-default btn-icon-pos-right\">Ficha de dados de seguran\u00e7a<span class=\"wd-btn-icon\"><span class=\"wd-icon fas fa-exclamation-triangle\"><\/span><\/span><\/a><\/div><\/div><\/div><\/div><\/div>","protected":false},"excerpt":{"rendered":"<p>O proj\u00e9ctil n\u00e3o letal Byrna \"Pepper\" \u00e9 concebido para imobilizar temporariamente indiv\u00edduos perigosos ou agressivos. \u00c9 feito de OC (Oleoresin Capsicum) combinado com PAVA para causar dor intensa e ardor nos olhos, nariz e membranas mucosas. \u00c9 disparado pelo lan\u00e7ador Byrna para uma efic\u00e1cia \u00f3ptima entre 10 e 12 metros. Recomenda-se a utiliza\u00e7\u00e3o deste proj\u00e9ctil apenas em caso de perigo imediato e ap\u00f3s avalia\u00e7\u00e3o da situa\u00e7\u00e3o.<\/p>\n<div class=\"woocommerce-product-details__short-description\">\n<p><em>Em alguns pa\u00edses, estas muni\u00e7\u00f5es est\u00e3o reservadas \u00e0s for\u00e7as da lei e de seguran\u00e7a.<\/em><\/p>\n<\/div>\n<p>&nbsp;<br \/>\n<input class=\"favorite styled\"\n       type=\"button\"\n       value=\"Encomenda\"\n       style=\"background-color: #FC671D; color: white; font-weight: bold;\"\n       onclick=\"location.href='https:\/\/www.naturabuy.fr\/stores\/2029\/'\"><\/p>","protected":false},"featured_media":8295,"comment_status":"closed","ping_status":"closed","template":"","meta":[],"product_brand":[],"product_cat":[40],"product_tag":[],"class_list":{"0":"post-8292","1":"product","2":"type-product","3":"status-publish","4":"has-post-thumbnail","6":"product_cat-projectiles","8":"first","9":"instock","10":"shipping-taxable","11":"purchasable","12":"product-type-variable"},"_links":{"self":[{"href":"https:\/\/www.byrna-defense.com\/pt\/wp-json\/wp\/v2\/product\/8292","targetHints":{"allow":["GET"]}}],"collection":[{"href":"https:\/\/www.byrna-defense.com\/pt\/wp-json\/wp\/v2\/product"}],"about":[{"href":"https:\/\/www.byrna-defense.com\/pt\/wp-json\/wp\/v2\/types\/product"}],"replies":[{"embeddable":true,"href":"https:\/\/www.byrna-defense.com\/pt\/wp-json\/wp\/v2\/comments?post=8292"}],"wp:featuredmedia":[{"embeddable":true,"href":"https:\/\/www.byrna-defense.com\/pt\/wp-json\/wp\/v2\/media\/8295"}],"wp:attachment":[{"href":"https:\/\/www.byrna-defense.com\/pt\/wp-json\/wp\/v2\/media?parent=8292"}],"wp:term":[{"taxonomy":"product_brand","embeddable":true,"href":"https:\/\/www.byrna-defense.com\/pt\/wp-json\/wp\/v2\/product_brand?post=8292"},{"taxonomy":"product_cat","embeddable":true,"href":"https:\/\/www.byrna-defense.com\/pt\/wp-json\/wp\/v2\/product_cat?post=8292"},{"taxonomy":"product_tag","embeddable":true,"href":"https:\/\/www.byrna-defense.com\/pt\/wp-json\/wp\/v2\/product_tag?post=8292"}],"curies":[{"name":"wp","href":"https:\/\/api.w.org\/{rel}","templated":true}]}}