{"id":7728,"date":"2022-09-19T15:29:42","date_gmt":"2022-09-19T13:29:42","guid":{"rendered":"http:\/\/preprod.byrna-defense.com\/www\/?post_type=product&#038;p=7728"},"modified":"2025-11-24T17:04:58","modified_gmt":"2025-11-24T16:04:58","slug":"banshee","status":"publish","type":"product","link":"https:\/\/www.byrna-defense.com\/pt\/product\/banshee\/","title":{"rendered":"Alarme pessoal Banshee"},"content":{"rendered":"<div class=\"vc_row wpb_row vc_row-fluid\"><div class=\"wpb_column vc_column_container vc_col-sm-12\"><div class=\"vc_column-inner\"><div class=\"wpb_wrapper\">\n\t<div class=\"wpb_text_column wpb_content_element\" >\n\t\t<div class=\"wpb_wrapper\">\n\t\t\t<p>O Byrna Banshee \u00e9 um alarme de seguran\u00e7a pessoal de grau militar concebido para proteger os indiv\u00edduos de potenciais ataques. Com uma pot\u00eancia sonora de 130dB, \u00e9 capaz de chamar a aten\u00e7\u00e3o para si em segundos, frustrando potenciais ataques com o seu som agudo e penetrante.<\/p>\n<p>Equipado com um mosquet\u00e3o, prende-se facilmente a mochilas, al\u00e7as de m\u00e3o e la\u00e7os de cal\u00e7as para um acesso r\u00e1pido em caso de emerg\u00eancia. Por isso, ter\u00e1 sempre o alarme \u00e0 m\u00e3o.<\/p>\n<p>Feito de materiais dur\u00e1veis e resistentes \u00e0 \u00e1gua, este alarme \u00e9 duradouro e fi\u00e1vel. Tem tamb\u00e9m baterias substitu\u00edveis que duram at\u00e9 um ano, o que \u00e9 ideal para estudantes, adultos, idosos e entusiastas do ar livre.<\/p>\n<p>Em suma, o Byrna Banshee \u00e9 um instrumento essencial para qualquer pessoa preocupada com a sua seguran\u00e7a, para se proteger de potenciais atacantes e para atrair a aten\u00e7\u00e3o numa emerg\u00eancia. 130dB \u00e9 o equivalente a ouvir um jacto militar descolar a 50 p\u00e9s de dist\u00e2ncia, pelo que este alarme \u00e9 simplesmente essencial para a sua seguran\u00e7a pessoal.<\/p>\n\n\t\t<\/div>\n\t<\/div>\n<\/div><\/div><\/div><\/div><div class=\"vc_row wpb_row vc_row-fluid\"><div class=\"wpb_column vc_column_container vc_col-sm-4\"><div class=\"vc_column-inner\"><div class=\"wpb_wrapper\"><\/div><\/div><\/div><div class=\"wpb_column vc_column_container vc_col-sm-4\"><div class=\"vc_column-inner\"><div class=\"wpb_wrapper\">\n\t<div class=\"wpb_video_widget wpb_content_element vc_clearfix vc_video-aspect-ratio-169 vc_video-el-width-100 vc_video-align-left\" >\n\t\t<div class=\"wpb_wrapper\">\n\t\t\t\n\t\t\t<div class=\"wpb_video_wrapper\"><div class=\"wd-video-poster-wrapper\"><div class=\"wd-video-poster\" style=\"background-image:url(https:\/\/www.byrna-defense.com\/wp-content\/uploads\/2022\/09\/Banshee-Lifestyle-1_800x.jpg)\";><\/div><div class=\"button-play\"><\/div><\/div><iframe title=\"BYRNA BANSHEE\" width=\"500\" height=\"281\" src=\"https:\/\/www.youtube.com\/embed\/xLmvtI8U064?feature=oembed\" frameborder=\"0\" allow=\"accelerometer; autoplay; clipboard-write; encrypted-media; gyroscope; picture-in-picture; web-share\" referrerpolicy=\"strict-origin-when-cross-origin\" allowfullscreen><\/iframe><\/div>\n\t\t<\/div>\n\t<\/div>\n<\/div><\/div><\/div><div class=\"wpb_column vc_column_container vc_col-sm-4\"><div class=\"vc_column-inner\"><div class=\"wpb_wrapper\"><\/div><\/div><\/div><\/div>","protected":false},"excerpt":{"rendered":"<p>Fiel ao nosso mantra <strong>Viver em seguran\u00e7a<\/strong> \" Temos o prazer de apresentar o <strong>Byrna Banshee<\/strong> Um alarme de seguran\u00e7a pessoal de grau militar de 130dB*, capaz de produzir um alerta sonoro que lhe chama a aten\u00e7\u00e3o e contraria potenciais ataques.<\/p>\n<p>&nbsp;<br \/>\n<input class=\"favorite styled\"\n       type=\"button\"\n       value=\"Encomenda\"\n       style=\"background-color: #FC671D; color: white; font-weight: bold;\"\n       onclick=\"location.href='https:\/\/www.naturabuy.fr\/stores\/2029\/'\"><\/p>","protected":false},"featured_media":7777,"comment_status":"closed","ping_status":"closed","template":"","meta":[],"product_brand":[],"product_cat":[15],"product_tag":[],"class_list":{"0":"post-7728","1":"product","2":"type-product","3":"status-publish","4":"has-post-thumbnail","6":"product_cat-uncategorized","8":"first","9":"instock","10":"shipping-taxable","11":"purchasable","12":"product-type-variable","13":"has-default-attributes"},"_links":{"self":[{"href":"https:\/\/www.byrna-defense.com\/pt\/wp-json\/wp\/v2\/product\/7728","targetHints":{"allow":["GET"]}}],"collection":[{"href":"https:\/\/www.byrna-defense.com\/pt\/wp-json\/wp\/v2\/product"}],"about":[{"href":"https:\/\/www.byrna-defense.com\/pt\/wp-json\/wp\/v2\/types\/product"}],"replies":[{"embeddable":true,"href":"https:\/\/www.byrna-defense.com\/pt\/wp-json\/wp\/v2\/comments?post=7728"}],"wp:featuredmedia":[{"embeddable":true,"href":"https:\/\/www.byrna-defense.com\/pt\/wp-json\/wp\/v2\/media\/7777"}],"wp:attachment":[{"href":"https:\/\/www.byrna-defense.com\/pt\/wp-json\/wp\/v2\/media?parent=7728"}],"wp:term":[{"taxonomy":"product_brand","embeddable":true,"href":"https:\/\/www.byrna-defense.com\/pt\/wp-json\/wp\/v2\/product_brand?post=7728"},{"taxonomy":"product_cat","embeddable":true,"href":"https:\/\/www.byrna-defense.com\/pt\/wp-json\/wp\/v2\/product_cat?post=7728"},{"taxonomy":"product_tag","embeddable":true,"href":"https:\/\/www.byrna-defense.com\/pt\/wp-json\/wp\/v2\/product_tag?post=7728"}],"curies":[{"name":"wp","href":"https:\/\/api.w.org\/{rel}","templated":true}]}}