{"id":8560,"date":"2022-11-02T14:57:32","date_gmt":"2022-11-02T13:57:32","guid":{"rendered":"https:\/\/www.byrna-defense.com\/?page_id=8560"},"modified":"2022-11-02T15:02:40","modified_gmt":"2022-11-02T14:02:40","slug":"a-propos","status":"publish","type":"page","link":"https:\/\/www.byrna-defense.com\/pt\/a-propos\/","title":{"rendered":"Sobre n\u00f3s"},"content":{"rendered":"<div class=\"vc_row wpb_row vc_row-fluid\"><div class=\"wpb_column vc_column_container vc_col-sm-12\"><div class=\"vc_column-inner\"><div class=\"wpb_wrapper\">\t\t<div id=\"gallery_868\" class=\"wd-images-gallery wd-justify-center wd-items-middle view-grid photoswipe-images\" >\n\t\t\t<div class=\"gallery-images row wd-spacing-0\">\n\t\t\t\t\t\t\t\t\t\t\t\t\t\t\t<div class=\"wd-gallery-item col-md-4 col-6\">\n\t\t\t\t\t\t\t\t\t\t\t\t\t\t<a href=\"https:\/\/www.byrna-defense.com\/wp-content\/uploads\/2022\/11\/Byrna_Technologies_Inc_Logo.webp\" data-elementor-open-lightbox=\"no\" data-index=\"1\" data-width=\"749\" data-height=\"278\"  >\n\t\t\t\t\t\t\t\t\t\t\t\t\t\t\t\t\n\t\t\t\t\t\t\t\t\t\t\t\t\t\t\t\t\t<img decoding=\"async\" class=\"wd-gallery-image image-1\" src=\"https:\/\/www.byrna-defense.com\/wp-content\/uploads\/2022\/11\/Byrna_Technologies_Inc_Logo.webp\" width=\"749\" height=\"278\" alt=\"Byrna_Technologies_Inc_Logo\" title=\"Byrna_Technologies_Inc_Logo\" \/>\t\t\t\t\t\t\t\t\t\t\t\t\t\t\t\t\n\t\t\t\t\t\t\t\t\n\t\t\t\t\t\t\t\t\t\t\t\t\t\t\t<\/a>\n\t\t\t\t\t\t\t\t\t\t\t\t<\/div>\n\t\t\t\t\t\t\t\t\t\t\t\t<\/div>\n\t\t<\/div>\n\t\t\t\t<div class=\"vc_empty_space\"   style=\"height: 32px\"><span class=\"vc_empty_space_inner\"><\/span><\/div>\t\n\t\t\t<div id=\"wd-63627846e46bf\" class=\"wd-text-block-wrapper wd-wpb color-scheme-custom wd-width-100 text-left\">\n\t\t\t\t<div class=\"woodmart-title-container woodmart-text-block reset-last-child font-primary wd-font-weight-400 wd-fontsize-l\">\n\t\t\t\t\tPronunciado <strong>bur-nah<\/strong>O Byrna HD (Home Defense) \u00e9 o melhor dispositivo de seguran\u00e7a pessoal port\u00e1til alimentado com CO2 da classe. O Byrna HD dispara proj\u00e9cteis qu\u00edmicos irritantes de calibre 68 cheios com um cocktail muito potente de OC (g\u00e1s pimenta) e CS (g\u00e1s lacrimog\u00e9neo) num \u00fanico disparo.<\/p>\n<p>O Byrna HD pode efectivamente deter, desorientar e desarmar potenciais atacantes a dist\u00e2ncias de at\u00e9 18 metros. O design compacto do Byrna HD \u00e9 ideal para transporte oculto e pode ser levado praticamente para qualquer lugar.<\/p>\n<p>N\u00e3o \u00e9 necess\u00e1ria licen\u00e7a ou licen\u00e7a federal para comprar ou transportar a arma, n\u00e3o h\u00e1 per\u00edodo de espera ou verifica\u00e7\u00e3o de antecedentes para comprar e possuir o Byrna HD.<\/p>\n<p>Byrna Technologies Inc. \u00e9 uma empresa sediada em Massachusetts com uma longa hist\u00f3ria de excel\u00eancia no fabrico de armas n\u00e3o letais localmente e na \u00e1rea circundante. Byrna tamb\u00e9m vende muni\u00e7\u00f5es n\u00e3o letais aos militares e \u00e0s ag\u00eancias de aplica\u00e7\u00e3o da lei e de correc\u00e7\u00e3o atrav\u00e9s da sua divis\u00e3o de aplica\u00e7\u00e3o da lei de Byrna.\t\t\t\t<\/div>\n\t\t\t\t\t\t\t<\/div>\n\t\t<\/div><\/div><\/div><\/div><div class=\"vc_row wpb_row vc_row-fluid\"><div class=\"wpb_column vc_column_container vc_col-sm-12\"><div class=\"vc_column-inner\"><div class=\"wpb_wrapper\"><\/div><\/div><\/div><\/div>","protected":false},"excerpt":{"rendered":"Pronunciado bur-nah, o Byrna HD (Home Defense) \u00e9 o melhor dispositivo de seguran\u00e7a pessoal port\u00e1til alimentado a CO2 do mercado.","protected":false},"author":3,"featured_media":0,"parent":0,"menu_order":0,"comment_status":"closed","ping_status":"closed","template":"","meta":{"footnotes":""},"class_list":["post-8560","page","type-page","status-publish","hentry"],"_links":{"self":[{"href":"https:\/\/www.byrna-defense.com\/pt\/wp-json\/wp\/v2\/pages\/8560","targetHints":{"allow":["GET"]}}],"collection":[{"href":"https:\/\/www.byrna-defense.com\/pt\/wp-json\/wp\/v2\/pages"}],"about":[{"href":"https:\/\/www.byrna-defense.com\/pt\/wp-json\/wp\/v2\/types\/page"}],"author":[{"embeddable":true,"href":"https:\/\/www.byrna-defense.com\/pt\/wp-json\/wp\/v2\/users\/3"}],"replies":[{"embeddable":true,"href":"https:\/\/www.byrna-defense.com\/pt\/wp-json\/wp\/v2\/comments?post=8560"}],"version-history":[{"count":5,"href":"https:\/\/www.byrna-defense.com\/pt\/wp-json\/wp\/v2\/pages\/8560\/revisions"}],"predecessor-version":[{"id":8566,"href":"https:\/\/www.byrna-defense.com\/pt\/wp-json\/wp\/v2\/pages\/8560\/revisions\/8566"}],"wp:attachment":[{"href":"https:\/\/www.byrna-defense.com\/pt\/wp-json\/wp\/v2\/media?parent=8560"}],"curies":[{"name":"wp","href":"https:\/\/api.w.org\/{rel}","templated":true}]}}