{"id":8012,"date":"2022-10-11T15:41:18","date_gmt":"2022-10-11T13:41:18","guid":{"rendered":"http:\/\/preprod.byrna-defense.com\/www\/?page_id=8012"},"modified":"2022-11-02T11:29:29","modified_gmt":"2022-11-02T10:29:29","slug":"services-retours","status":"publish","type":"page","link":"https:\/\/www.byrna-defense.com\/pt\/services-retours\/","title":{"rendered":"Servi\u00e7os &amp; Devolu\u00e7\u00f5es"},"content":{"rendered":"<div class=\"vc_row wpb_row vc_row-fluid\"><div class=\"wpb_column vc_column_container vc_col-sm-12\"><div class=\"vc_column-inner\"><div class=\"wpb_wrapper\">\n\t<div class=\"wpb_text_column wpb_content_element\" >\n\t\t<div class=\"wpb_wrapper\">\n\t\t\t<h2>INTERC\u00c2MBIOS E FEEDBACK<\/h2>\n<div>\n<p>Tem 30 dias a partir da data de expedi\u00e7\u00e3o para devolver os produtos, desde que os artigos n\u00e3o sejam desembalados, devem ser reembalados da mesma forma e enviados para o seguinte endere\u00e7o\u00a0<strong>Soci\u00e9t\u00e9 Alliance - 2 impasse Paul S\u00e9journ\u00e9, 66350, Toulouges, Fran\u00e7a<\/strong>.<br \/>\nAp\u00f3s a recep\u00e7\u00e3o, os artigos ser\u00e3o verificados por um departamento de qualidade antes do reembolso ou emiss\u00e3o de um voucher.<\/p>\n<ul>\n<li>\n<h4>EM CASO DE ERRO DO CLIENTE<\/h4>\n<p>Os custos de devolu\u00e7\u00e3o s\u00e3o \u00e0 sua custa, ser\u00e1 negociado um acordo com o departamento de vendas.<\/li>\n<li>\n<h4>NO CASO DE UM ERRO DURANTE A PREPARA\u00c7\u00c3O DA ENCOMENDA<\/h4>\n<p>Os produtos em falta na sua encomenda ser-lhe-\u00e3o enviados dentro de 2-3 dias \u00fateis, em caso de falta de stock ser\u00e1 feito um acordo entre o particular e o departamento de vendas.<\/li>\n<li>\n<h4>EM CASO DE CANCELAMENTO DO CLIENTE AP\u00d3S O ENVIO<\/h4>\n<p>O reembolso ser\u00e1 efectuado ap\u00f3s a devolu\u00e7\u00e3o do pacote ao nosso armaz\u00e9m e os custos de sa\u00edda e\/ou devolu\u00e7\u00e3o ser\u00e3o deduzidos do montante total do reembolso.<\/li>\n<\/ul>\n<\/div>\n\n\t\t<\/div>\n\t<\/div>\n<\/div><\/div><\/div><\/div>","protected":false},"excerpt":{"rendered":"TROCAS E DEVOLU\u00c7\u00d5ES O comprador disp\u00f5e de 30 dias a contar da data de expedi\u00e7\u00e3o para devolver os produtos, desde que","protected":false},"author":1,"featured_media":0,"parent":0,"menu_order":0,"comment_status":"closed","ping_status":"closed","template":"","meta":{"footnotes":""},"class_list":["post-8012","page","type-page","status-publish","hentry"],"_links":{"self":[{"href":"https:\/\/www.byrna-defense.com\/pt\/wp-json\/wp\/v2\/pages\/8012","targetHints":{"allow":["GET"]}}],"collection":[{"href":"https:\/\/www.byrna-defense.com\/pt\/wp-json\/wp\/v2\/pages"}],"about":[{"href":"https:\/\/www.byrna-defense.com\/pt\/wp-json\/wp\/v2\/types\/page"}],"author":[{"embeddable":true,"href":"https:\/\/www.byrna-defense.com\/pt\/wp-json\/wp\/v2\/users\/1"}],"replies":[{"embeddable":true,"href":"https:\/\/www.byrna-defense.com\/pt\/wp-json\/wp\/v2\/comments?post=8012"}],"version-history":[{"count":6,"href":"https:\/\/www.byrna-defense.com\/pt\/wp-json\/wp\/v2\/pages\/8012\/revisions"}],"predecessor-version":[{"id":8533,"href":"https:\/\/www.byrna-defense.com\/pt\/wp-json\/wp\/v2\/pages\/8012\/revisions\/8533"}],"wp:attachment":[{"href":"https:\/\/www.byrna-defense.com\/pt\/wp-json\/wp\/v2\/media?parent=8012"}],"curies":[{"name":"wp","href":"https:\/\/api.w.org\/{rel}","templated":true}]}}