{"id":8002,"date":"2022-10-11T15:37:36","date_gmt":"2022-10-11T13:37:36","guid":{"rendered":"http:\/\/preprod.byrna-defense.com\/www\/?page_id=8002"},"modified":"2024-02-05T14:20:02","modified_gmt":"2024-02-05T13:20:02","slug":"premiers-soins","status":"publish","type":"page","link":"https:\/\/www.byrna-defense.com\/pt\/premiers-soins\/","title":{"rendered":"Primeiros Socorros"},"content":{"rendered":"<div class=\"vc_row wpb_row vc_row-fluid\"><div class=\"wpb_column vc_column_container vc_col-sm-12\"><div class=\"vc_column-inner\"><div class=\"wpb_wrapper\">\t\n\t\t\t<div id=\"wd-636248e963a91\" class=\"wd-text-block-wrapper wd-wpb color-scheme-custom wd-width-100 text-left vc_custom_1667385585161\">\n\t\t\t\t<div class=\"woodmart-title-container woodmart-text-block reset-last-child font-text wd-font-weight-400 wd-fontsize-m\">\n\t\t\t\t\tOs irritantes qu\u00edmicos podem causar les\u00f5es graves, incapacidade permanente e, em casos raros, morte. As crian\u00e7as, os idosos e as pessoas com doen\u00e7as cr\u00f3nicas s\u00e3o mais vulner\u00e1veis aos efeitos dos irritantes qu\u00edmicos. As pessoas com doen\u00e7as respirat\u00f3rias pr\u00e9-existentes, tais como a asma, podem precisar de cuidados m\u00e9dicos e podem por vezes necessitar de hospitaliza\u00e7\u00e3o ou mesmo de assist\u00eancia respirat\u00f3ria. A exposi\u00e7\u00e3o da pele a CS pode causar queimaduras qu\u00edmicas ou induzir dermatites al\u00e9rgicas de contacto. Quando as pessoas s\u00e3o afectadas a curta dist\u00e2ncia ou severamente expostas, os danos oculares que envolvem cicatrizes na c\u00f3rnea podem resultar na perda permanente da acuidade visual.\t\t\t\t<\/div>\n\t\t\t\t\t\t\t<\/div>\n\t\t<\/div><\/div><\/div><\/div><div class=\"vc_row wpb_row vc_row-fluid\"><div class=\"wpb_column vc_column_container vc_col-sm-12\"><div class=\"vc_column-inner\"><div class=\"wpb_wrapper\">\t\n\t\t\t<div id=\"wd-636248f4de5ba\" class=\"wd-text-block-wrapper wd-wpb color-scheme-custom wd-width-100 text-left\">\n\t\t\t\t<div class=\"woodmart-title-container woodmart-text-block reset-last-child font-text wd-font-weight-400 wd-fontsize-m\">\n\t\t\t\t\tEm caso de derrame acidental ou exposi\u00e7\u00e3o a irritantes qu\u00edmicos, procurar aten\u00e7\u00e3o m\u00e9dica imediata.<\/p>\n<ul>\n<li><strong>AP\u00d3S INALA\u00c7\u00c3O<\/strong> :<br \/>\nProvidenciar ar fresco; consultar um m\u00e9dico se surgirem queixas.<br \/>\nFornecer tratamento com oxig\u00e9nio se a pessoa afectada tiver dificuldade em respirar.<\/li>\n<li><strong>AP\u00d3S CONTACTO COM A PELE<\/strong> :<br \/>\nLavar imediatamente com \u00e1gua e sab\u00e3o e enxaguar cuidadosamente.<br \/>\nSe ocorrer irrita\u00e7\u00e3o ou erup\u00e7\u00e3o cut\u00e2nea: obter aconselhamento\/aten\u00e7\u00e3o m\u00e9dica.<\/li>\n<li><strong>AP\u00d3S CONTACTO VISUAL<\/strong> :<br \/>\nRetire as lentes de contacto se as usar.<br \/>\nLavar o(s) olho(s) durante v\u00e1rios minutos sob \u00e1gua corrente. Se os sintomas persistirem, consultar um m\u00e9dico.<\/li>\n<li><strong>AP\u00d3S INGEST\u00c3O<\/strong> :<br \/>\nLavar a boca e beber muita \u00e1gua.<br \/>\nN\u00e3o induzir o v\u00f3mito; procurar imediatamente cuidados m\u00e9dicos.<\/li>\n<li><strong>OS SINTOMAS E EFEITOS MAIS IMPORTANTES, TANTO AGUDOS COMO RETARDADOS<\/strong> :<br \/>\nPode causar irrita\u00e7\u00e3o do tracto respirat\u00f3rio.<br \/>\nTosse.<br \/>\nDificuldades respirat\u00f3rias.<br \/>\nProvoca irrita\u00e7\u00e3o nos olhos.<br \/>\nReac\u00e7\u00f5es al\u00e9rgicas.<\/li>\n<li><strong>PERIGO<\/strong> :<br \/>\nSuspeito de causar cancro. Via de exposi\u00e7\u00e3o: Inala\u00e7\u00e3o.<\/li>\n<\/ul>\n<p><strong>INDICA\u00c7\u00c3O DE QUALQUER ATEN\u00c7\u00c3O M\u00c9DICA IMEDIATA E TRATAMENTO ESPECIAL NECESS\u00c1RIO<\/strong> :<br \/>\nTratar de forma sintom\u00e1tica.<br \/>\nCont\u00e9m N-vanillylnonanamida. Pode produzir uma reac\u00e7\u00e3o al\u00e9rgica.\t\t\t\t<\/div>\n\t\t\t\t\t\t\t<\/div>\n\t\t<\/div><\/div><\/div><\/div><div class=\"vc_row wpb_row vc_row-fluid vc_row-o-equal-height vc_row-o-content-middle vc_row-flex\"><div class=\"wpb_column vc_column_container vc_col-sm-6\"><div class=\"vc_column-inner\"><div class=\"wpb_wrapper\">\t\t\t<div class=\"info-box-wrapper\">\n\t\t\t\t<div id=\"wd-63624cf66ffd4\" class=\"wd-info-box wd-wpb text-left box-icon-align-left box-style-border color-scheme-light wd-bg-none\"  >\n\t\t\t\t\t\t\t\t\t\t\t<div class=\"box-icon-wrapper  box-with-icon box-icon-simple\">\n\t\t\t\t\t\t\t<div class=\"info-box-icon\">\n\n\t\t\t\t\t\t\t\n\t\t\t\t\t\t\t\t\t\t\t\t\t\t\t\t\t<img decoding=\"async\" class=\"info-icon image-1\" src=\"https:\/\/www.byrna-defense.com\/wp-content\/uploads\/2022\/10\/Byrna_render_Max_1ct-150x150.webp\" width=\"150\" height=\"150\" alt=\"Byrna_render_Max_1ct\" title=\"Byrna_render_Max_1ct\" \/>\t\t\t\t\t\t\t\t\t\t\t\t\t\t\t\t\n\t\t\t\t\t\t\t\n\t\t\t\t\t\t\t<\/div>\n\t\t\t\t\t\t<\/div>\n\t\t\t\t\t\t\t\t\t\t<div class=\"info-box-content\">\n\t\t\t\t\t\t<div class=\"info-box-subtitle wd-fontsize-xs subtitle-style-default wd-font-weight-700\">Projectores Byrna Max<\/div><h4 class=\"info-box-title title wd-font-weight-400 box-title-style-default wd-fontsize-m\">Utiliza\u00e7\u00e3o: Autodefesa<br \/>\nFormula\u00e7\u00e3o: OC, CS, PAVA<\/h4>\t\t\t\t\t\t<div class=\"info-box-inner set-cont-mb-s reset-last-child\">\n\t\t\t\t\t\t\t\t\t\t\t\t\t<\/div>\n\n\t\t\t\t\t\t\t\t\t\t\t\t\n\t\t\t\t\t<\/div>\n\n\t\t\t\t\t<style>#wd-63624cf66ffd4 .info-box-subtitle{background-color:  !important;}<\/style>\t\t\t\t<\/div>\n\t\t\t<\/div>\n\t\t<\/div><\/div><\/div><div class=\"wpb_column vc_column_container vc_col-sm-6\"><div class=\"vc_column-inner\"><div class=\"wpb_wrapper\"><div id=\"wd-63624d25ce89c\" class=\"wd-button-wrapper text-center\"><a href=\"https:\/\/www.byrna-defense.com\/wp-content\/uploads\/2022\/10\/Fiche-de-donne\u0301es-se\u0301curite\u0301-BYRNA-MAX-PROJECTILE-SDS.pdf\" title=\"\" class=\"btn btn-color-primary btn-style-default btn-shape-rectangle btn-size-default\">Ficha de dados de seguran\u00e7a<\/a><\/div><\/div><\/div><\/div><\/div><div class=\"vc_row wpb_row vc_row-fluid vc_row-o-equal-height vc_row-o-content-middle vc_row-flex\"><div class=\"wpb_column vc_column_container vc_col-sm-6\"><div class=\"vc_column-inner\"><div class=\"wpb_wrapper\">\t\t\t<div class=\"info-box-wrapper\">\n\t\t\t\t<div id=\"wd-63624e7adf422\" class=\"wd-info-box wd-wpb text-left box-icon-align-left box-style-border color-scheme-light wd-bg-none\"  >\n\t\t\t\t\t\t\t\t\t\t\t<div class=\"box-icon-wrapper  box-with-icon box-icon-simple\">\n\t\t\t\t\t\t\t<div class=\"info-box-icon\">\n\n\t\t\t\t\t\t\t\n\t\t\t\t\t\t\t\t\t\t\t\t\t\t\t\t\t<img decoding=\"async\" class=\"info-icon image-1\" src=\"https:\/\/www.byrna-defense.com\/wp-content\/uploads\/2022\/10\/Red_Grey_Pepper-150x150.webp\" width=\"150\" height=\"150\" alt=\"Red_Grey_Pepper\" title=\"Red_Grey_Pepper\" \/>\t\t\t\t\t\t\t\t\t\t\t\t\t\t\t\t\n\t\t\t\t\t\t\t\n\t\t\t\t\t\t\t<\/div>\n\t\t\t\t\t\t<\/div>\n\t\t\t\t\t\t\t\t\t\t<div class=\"info-box-content\">\n\t\t\t\t\t\t<div class=\"info-box-subtitle wd-fontsize-xs subtitle-style-default wd-font-weight-700\">Projectores Byrna Pepper<\/div><h4 class=\"info-box-title title wd-font-weight-400 box-title-style-default wd-fontsize-m\">Utiliza\u00e7\u00e3o: Autodefesa<br \/>\nFormula\u00e7\u00e3o: OC, PAVA<\/h4>\t\t\t\t\t\t<div class=\"info-box-inner set-cont-mb-s reset-last-child\">\n\t\t\t\t\t\t\t\t\t\t\t\t\t<\/div>\n\n\t\t\t\t\t\t\t\t\t\t\t\t\n\t\t\t\t\t<\/div>\n\n\t\t\t\t\t<style>#wd-63624e7adf422 .info-box-subtitle{background-color:  !important;}<\/style>\t\t\t\t<\/div>\n\t\t\t<\/div>\n\t\t<\/div><\/div><\/div><div class=\"wpb_column vc_column_container vc_col-sm-6\"><div class=\"vc_column-inner\"><div class=\"wpb_wrapper\"><div id=\"wd-65c0e01145157\" class=\"wd-button-wrapper text-center\"><a href=\"https:\/\/www.byrna-defense.com\/wp-content\/uploads\/2022\/10\/Fiche-de-donne%CC%81es-se%CC%81curite%CC%81-BYRNA-PEPPER-PROJECTILE-SDS.pdf\" title=\"\" class=\"btn btn-color-primary btn-style-default btn-shape-rectangle btn-size-default\">Ficha de dados de seguran\u00e7a<\/a><\/div><\/div><\/div><\/div><\/div><div class=\"vc_row wpb_row vc_row-fluid vc_row-o-equal-height vc_row-o-content-middle vc_row-flex\"><div class=\"wpb_column vc_column_container vc_col-sm-6\"><div class=\"vc_column-inner\"><div class=\"wpb_wrapper\">\t\t\t<div class=\"info-box-wrapper\">\n\t\t\t\t<div id=\"wd-6362747c9d442\" class=\"wd-info-box wd-wpb text-left box-icon-align-left box-style-border color-scheme-light wd-bg-none\"  >\n\t\t\t\t\t\t\t\t\t\t\t<div class=\"box-icon-wrapper  box-with-icon box-icon-simple\">\n\t\t\t\t\t\t\t<div class=\"info-box-icon\">\n\n\t\t\t\t\t\t\t\n\t\t\t\t\t\t\t\t\t\t\t\t\t\t\t\t\t<img decoding=\"async\" class=\"info-icon image-1\" src=\"https:\/\/www.byrna-defense.com\/wp-content\/uploads\/2022\/10\/Pro-Training-Single-150x150.webp\" width=\"150\" height=\"150\" alt=\"Pro-Training-Single\" title=\"Pro-Training-Single\" \/>\t\t\t\t\t\t\t\t\t\t\t\t\t\t\t\t\n\t\t\t\t\t\t\t\n\t\t\t\t\t\t\t<\/div>\n\t\t\t\t\t\t<\/div>\n\t\t\t\t\t\t\t\t\t\t<div class=\"info-box-content\">\n\t\t\t\t\t\t<div class=\"info-box-subtitle wd-fontsize-xs subtitle-style-default wd-font-weight-700\">Byrna Projectores de forma\u00e7\u00e3o<\/div><h4 class=\"info-box-title title wd-font-weight-400 box-title-style-default wd-fontsize-m\">Utiliza\u00e7\u00e3o: Pr\u00e1tica \/ Autodefesa<br \/>\nFormula\u00e7\u00e3o: Talco em p\u00f3<\/h4>\t\t\t\t\t\t<div class=\"info-box-inner set-cont-mb-s reset-last-child\">\n\t\t\t\t\t\t\t\t\t\t\t\t\t<\/div>\n\n\t\t\t\t\t\t\t\t\t\t\t\t\n\t\t\t\t\t<\/div>\n\n\t\t\t\t\t<style>#wd-6362747c9d442 .info-box-subtitle{background-color:  !important;}<\/style>\t\t\t\t<\/div>\n\t\t\t<\/div>\n\t\t<\/div><\/div><\/div><div class=\"wpb_column vc_column_container vc_col-sm-6\"><div class=\"vc_column-inner\"><div class=\"wpb_wrapper\"><div id=\"wd-636274ac7a06f\" class=\"wd-button-wrapper text-center\"><a href=\"https:\/\/www.byrna-defense.com\/wp-content\/uploads\/2022\/10\/Fiche-de-donne\u0301es-se\u0301curite\u0301-BYRNA-PRO-TRAINING-PROJECTILE-SDS.pdf\" title=\"\" class=\"btn btn-color-primary btn-style-default btn-shape-rectangle btn-size-default\">Ficha de dados de seguran\u00e7a<\/a><\/div><\/div><\/div><\/div><\/div><div class=\"vc_row wpb_row vc_row-fluid vc_row-o-equal-height vc_row-o-content-middle vc_row-flex\"><div class=\"wpb_column vc_column_container vc_col-sm-6\"><div class=\"vc_column-inner\"><div class=\"wpb_wrapper\">\t\t\t<div class=\"info-box-wrapper\">\n\t\t\t\t<div id=\"wd-636274b543933\" class=\"wd-info-box wd-wpb text-left box-icon-align-left box-style-border color-scheme-light wd-bg-none\"  >\n\t\t\t\t\t\t\t\t\t\t\t<div class=\"box-icon-wrapper  box-with-icon box-icon-simple\">\n\t\t\t\t\t\t\t<div class=\"info-box-icon\">\n\n\t\t\t\t\t\t\t\n\t\t\t\t\t\t\t\t\t\t\t\t\t\t\t\t\t<img decoding=\"async\" class=\"info-icon image-1\" src=\"https:\/\/www.byrna-defense.com\/wp-content\/uploads\/2022\/10\/Byrna_render_Eco_Kinetic_1ct-150x150.webp\" width=\"150\" height=\"150\" alt=\"Byrna_render_Eco_Kinetic_1ct\" title=\"Byrna_render_Eco_Kinetic_1ct\" \/>\t\t\t\t\t\t\t\t\t\t\t\t\t\t\t\t\n\t\t\t\t\t\t\t\n\t\t\t\t\t\t\t<\/div>\n\t\t\t\t\t\t<\/div>\n\t\t\t\t\t\t\t\t\t\t<div class=\"info-box-content\">\n\t\t\t\t\t\t<div class=\"info-box-subtitle wd-fontsize-xs subtitle-style-default wd-font-weight-700\">Byrna Eco-forma\u00e7\u00e3o de projectores<\/div><h4 class=\"info-box-title title wd-font-weight-400 box-title-style-default wd-fontsize-m\">Utiliza\u00e7\u00e3o: Forma\u00e7\u00e3o<br \/>\nFormula\u00e7\u00e3o: Pl\u00e1stico sol\u00favel em \u00e1gua<\/h4>\t\t\t\t\t\t<div class=\"info-box-inner set-cont-mb-s reset-last-child\">\n\t\t\t\t\t\t\t\t\t\t\t\t\t<\/div>\n\n\t\t\t\t\t\t\t\t\t\t\t\t\n\t\t\t\t\t<\/div>\n\n\t\t\t\t\t<style>#wd-636274b543933 .info-box-subtitle{background-color:  !important;}<\/style>\t\t\t\t<\/div>\n\t\t\t<\/div>\n\t\t<\/div><\/div><\/div><div class=\"wpb_column vc_column_container vc_col-sm-6\"><div class=\"vc_column-inner\"><div class=\"wpb_wrapper\"><div id=\"wd-636274ec54f73\" class=\"wd-button-wrapper text-center\"><a href=\"https:\/\/www.byrna-defense.com\/wp-content\/uploads\/2022\/10\/Fiche-de-donne\u0301es-se\u0301curite\u0301-BYRNA-ECO-KINETIC-PROJECTILE-SDS.pdf\" title=\"\" class=\"btn btn-color-primary btn-style-default btn-shape-rectangle btn-size-default\">Ficha de dados de seguran\u00e7a<\/a><\/div><\/div><\/div><\/div><\/div>","protected":false},"excerpt":{"rendered":"Os irritantes qu\u00edmicos podem causar les\u00f5es graves, incapacidade permanente e, em casos raros, a morte. Crian\u00e7as,","protected":false},"author":1,"featured_media":0,"parent":0,"menu_order":0,"comment_status":"closed","ping_status":"closed","template":"","meta":{"footnotes":""},"class_list":["post-8002","page","type-page","status-publish","hentry"],"_links":{"self":[{"href":"https:\/\/www.byrna-defense.com\/pt\/wp-json\/wp\/v2\/pages\/8002","targetHints":{"allow":["GET"]}}],"collection":[{"href":"https:\/\/www.byrna-defense.com\/pt\/wp-json\/wp\/v2\/pages"}],"about":[{"href":"https:\/\/www.byrna-defense.com\/pt\/wp-json\/wp\/v2\/types\/page"}],"author":[{"embeddable":true,"href":"https:\/\/www.byrna-defense.com\/pt\/wp-json\/wp\/v2\/users\/1"}],"replies":[{"embeddable":true,"href":"https:\/\/www.byrna-defense.com\/pt\/wp-json\/wp\/v2\/comments?post=8002"}],"version-history":[{"count":28,"href":"https:\/\/www.byrna-defense.com\/pt\/wp-json\/wp\/v2\/pages\/8002\/revisions"}],"predecessor-version":[{"id":9150,"href":"https:\/\/www.byrna-defense.com\/pt\/wp-json\/wp\/v2\/pages\/8002\/revisions\/9150"}],"wp:attachment":[{"href":"https:\/\/www.byrna-defense.com\/pt\/wp-json\/wp\/v2\/media?parent=8002"}],"curies":[{"name":"wp","href":"https:\/\/api.w.org\/{rel}","templated":true}]}}