{"id":7985,"date":"2022-10-11T15:13:19","date_gmt":"2022-10-11T13:13:19","guid":{"rendered":"http:\/\/preprod.byrna-defense.com\/www\/?page_id=7985"},"modified":"2022-10-13T17:18:14","modified_gmt":"2022-10-13T15:18:14","slug":"avis","status":"publish","type":"page","link":"https:\/\/www.byrna-defense.com\/pt\/avis\/","title":{"rendered":"Aviso"},"content":{"rendered":"<div class=\"vc_row wpb_row vc_row-fluid\"><div class=\"wpb_column vc_column_container vc_col-sm-12\"><div class=\"vc_column-inner\"><div class=\"wpb_wrapper\">\t\t\n\t\t<div id=\"wd-63456bded8699\" class=\"title-wrapper wd-wpb set-mb-s reset-last-child  wd-title-color-default wd-title-style-default wd-width-100 text-center\">\n\t\t\t\n\t\t\t<div class=\"liner-continer\">\n\t\t\t\t<h4 class=\"woodmart-title-container title  wd-font-weight- wd-fontsize-l\" >Confira algumas das revis\u00f5es abaixo<\/h4>\n\t\t\t\t\t\t\t<\/div>\n\t\t\t\n\t\t\t\n\t\t\t\t\t<\/div>\n\t\t\n\t\t<\/div><\/div><\/div><\/div><div class=\"vc_row wpb_row vc_row-fluid\"><div class=\"wpb_column vc_column_container vc_col-sm-4\"><div class=\"vc_column-inner\"><div class=\"wpb_wrapper\">\t\t\t\n\t\t\t<div id=\"carousel-8467\" class=\"testimonials testimonials-wrapper testimonials-slider testimon-style-standard testimon-align-center   wd-carousel-container wd-carousel-spacing-30\" data-owl-carousel data-desktop=\"1\" data-tablet_landscape=\"1\" data-tablet=\"1\" data-mobile=\"1\">\n\t\t\t\t<div class=\"owl-carousel owl-items-lg-1 owl-items-md-1 owl-items-sm-1 owl-items-xs-1\" >\n\t\t\t\t\t\n\t\t\t<div class=\"testimonial column\" >\n\t\t\t\t<div class=\"testimonial-inner\">\n\t\t\t\t\t\t\t\t\t\t\t<div class=\"testimonial-avatar\">\n\t\t\t\t\t\t\t<img decoding=\"async\" class=\"testimonial-avatar-image\" src=\"https:\/\/www.byrna-defense.com\/wp-content\/uploads\/2022\/10\/original-100x100.jpg\" width=\"100\" height=\"100\" alt=\"original\" title=\"original\" \/>\t\t\t\t\t\t<\/div>\n\t\t\t\t\t\t\t\t\t\t<div class=\"testimonial-content\">\n\t\t\t\t\t\t<div class=\"testimonial-rating\">\n\t\t\t\t\t\t\t<span class=\"star-rating\">\n\t\t\t\t\t\t\t\t<span style=\"width:100%\"><\/span>\n\t\t\t\t\t\t\t<\/span>\n\t\t\t\t\t\t<\/div>\n\t\t\t\t\t\t<img decoding=\"async\" class=\"aligncenter wp-image-7990\" src=\"https:\/\/www.byrna-defense.com\/wp-content\/uploads\/2022\/10\/avis_5etoiles.jpg\" alt=\"\" width=\"90\" height=\"20\" srcset=\"https:\/\/www.byrna-defense.com\/wp-content\/uploads\/2022\/10\/avis_5etoiles.jpg 291w, https:\/\/www.byrna-defense.com\/wp-content\/uploads\/2022\/10\/avis_5etoiles-18x4.jpg 18w, https:\/\/www.byrna-defense.com\/wp-content\/uploads\/2022\/10\/avis_5etoiles-75x17.jpg 75w\" sizes=\"(max-width: 90px) 100vw, 90px\" \/><\/p>\n<p style=\"text-align: center;\">Recebi o kit (cor-de-rosa, claro) para a minha mulher como uma surpresa - ela adora-o! Acabei de encomendar mais botijas de g\u00e1s e muni\u00e7\u00f5es de treino.<br \/>\nA arma em si \u00e9 muito confort\u00e1vel e f\u00e1cil de operar. Ela vai guard\u00e1-la na sua bolsa para andar do escrit\u00f3rio para o carro, pois o seu escrit\u00f3rio fica numa zona m\u00e1<\/p>\n<p>\t\t\t\t\t\t<footer>\n\t\t\t\t\t\t\tMichael G\t\t\t\t\t\t\t\t\t\t\t\t\t\t\t<span>Comprador Verificado<\/span>\n\t\t\t\t\t\t\t\t\t\t\t\t\t<\/footer>\n\t\t\t\t\t<\/div>\n\t\t\t\t<\/div>\n\t\t\t<\/div>\n\n\t\t\t\t\t\t<\/div>\n\t\t\t<\/div>\n\t\t<\/div><\/div><\/div><div class=\"wpb_column vc_column_container vc_col-sm-4\"><div class=\"vc_column-inner\"><div class=\"wpb_wrapper\">\t\t\t\n\t\t\t<div id=\"carousel-8270\" class=\"testimonials testimonials-wrapper testimonials-slider testimon-style-standard testimon-align-center   wd-carousel-container wd-carousel-spacing-30\" data-owl-carousel data-desktop=\"1\" data-tablet_landscape=\"1\" data-tablet=\"1\" data-mobile=\"1\">\n\t\t\t\t<div class=\"owl-carousel owl-items-lg-1 owl-items-md-1 owl-items-sm-1 owl-items-xs-1\" >\n\t\t\t\t\t\n\t\t\t<div class=\"testimonial column\" >\n\t\t\t\t<div class=\"testimonial-inner\">\n\t\t\t\t\t\t\t\t\t\t\t<div class=\"testimonial-avatar\">\n\t\t\t\t\t\t\t<img decoding=\"async\" class=\"testimonial-avatar-image\" src=\"https:\/\/www.byrna-defense.com\/wp-content\/uploads\/2022\/10\/original-1-100x100.jpg\" width=\"100\" height=\"100\" alt=\"original (1)\" title=\"original (1)\" \/>\t\t\t\t\t\t<\/div>\n\t\t\t\t\t\t\t\t\t\t<div class=\"testimonial-content\">\n\t\t\t\t\t\t<div class=\"testimonial-rating\">\n\t\t\t\t\t\t\t<span class=\"star-rating\">\n\t\t\t\t\t\t\t\t<span style=\"width:100%\"><\/span>\n\t\t\t\t\t\t\t<\/span>\n\t\t\t\t\t\t<\/div>\n\t\t\t\t\t\t<img decoding=\"async\" class=\"aligncenter wp-image-7990\" src=\"https:\/\/www.byrna-defense.com\/wp-content\/uploads\/2022\/10\/avis_5etoiles.jpg\" alt=\"\" width=\"90\" height=\"20\" srcset=\"https:\/\/www.byrna-defense.com\/wp-content\/uploads\/2022\/10\/avis_5etoiles.jpg 291w, https:\/\/www.byrna-defense.com\/wp-content\/uploads\/2022\/10\/avis_5etoiles-18x4.jpg 18w, https:\/\/www.byrna-defense.com\/wp-content\/uploads\/2022\/10\/avis_5etoiles-75x17.jpg 75w\" sizes=\"(max-width: 90px) 100vw, 90px\" \/><\/p>\n<p style=\"text-align: center;\">A melhor alternativa n\u00e3o letal no mercado. \u00c9 divertido visar a pr\u00e1tica. Sinto que na Calif\u00f3rnia, tenho de ser criativo naquilo que fa\u00e7o para proteger a fam\u00edlia e a propriedade. A alternativa c\u00e9nica f\u00e1-lo-\u00e1 por agora. obrigado Bryan pelo g\u00e9nio que foi preciso para criar isto, e pelo marketing para o fazer chegar l\u00e1 e ser conhecido.<\/p>\n<p>\t\t\t\t\t\t<footer>\n\t\t\t\t\t\t\tLawrence B\t\t\t\t\t\t\t\t\t\t\t\t\t\t\t<span>Comprador Verificado<\/span>\n\t\t\t\t\t\t\t\t\t\t\t\t\t<\/footer>\n\t\t\t\t\t<\/div>\n\t\t\t\t<\/div>\n\t\t\t<\/div>\n\n\t\t\t\t\t\t<\/div>\n\t\t\t<\/div>\n\t\t<\/div><\/div><\/div><div class=\"wpb_column vc_column_container vc_col-sm-4\"><div class=\"vc_column-inner\"><div class=\"wpb_wrapper\">\t\t\t\n\t\t\t<div id=\"carousel-4053\" class=\"testimonials testimonials-wrapper testimonials-slider testimon-style-standard testimon-align-center   wd-carousel-container wd-carousel-spacing-30\" data-owl-carousel data-desktop=\"1\" data-tablet_landscape=\"1\" data-tablet=\"1\" data-mobile=\"1\">\n\t\t\t\t<div class=\"owl-carousel owl-items-lg-1 owl-items-md-1 owl-items-sm-1 owl-items-xs-1\" >\n\t\t\t\t\t\n\t\t\t<div class=\"testimonial column\" >\n\t\t\t\t<div class=\"testimonial-inner\">\n\t\t\t\t\t\t\t\t\t\t\t<div class=\"testimonial-avatar\">\n\t\t\t\t\t\t\t<img decoding=\"async\" class=\"testimonial-avatar-image\" src=\"https:\/\/www.byrna-defense.com\/wp-content\/uploads\/2022\/10\/original-2-100x100.jpg\" width=\"100\" height=\"100\" alt=\"original (2)\" title=\"original (2)\" \/>\t\t\t\t\t\t<\/div>\n\t\t\t\t\t\t\t\t\t\t<div class=\"testimonial-content\">\n\t\t\t\t\t\t<div class=\"testimonial-rating\">\n\t\t\t\t\t\t\t<span class=\"star-rating\">\n\t\t\t\t\t\t\t\t<span style=\"width:100%\"><\/span>\n\t\t\t\t\t\t\t<\/span>\n\t\t\t\t\t\t<\/div>\n\t\t\t\t\t\t<img decoding=\"async\" class=\"wp-image-7990 aligncenter\" src=\"https:\/\/www.byrna-defense.com\/wp-content\/uploads\/2022\/10\/avis_5etoiles.jpg\" alt=\"\" width=\"90\" height=\"20\" srcset=\"https:\/\/www.byrna-defense.com\/wp-content\/uploads\/2022\/10\/avis_5etoiles.jpg 291w, https:\/\/www.byrna-defense.com\/wp-content\/uploads\/2022\/10\/avis_5etoiles-18x4.jpg 18w, https:\/\/www.byrna-defense.com\/wp-content\/uploads\/2022\/10\/avis_5etoiles-75x17.jpg 75w\" sizes=\"(max-width: 90px) 100vw, 90px\" \/><\/p>\n<p style=\"text-align: center;\">Este n\u00e3o \u00e9 o primeiro wepon n\u00e3o letal de autodefesa que comprei, mas ser\u00e1 o \u00faltimo. Possuo um taser pulse juntamente com o Tippmann TPIX que \u00e9 vendido por sal. O Tippman tem sido o meu objecto de defesa em casa e o taser que sempre carreguei sobre mim. Comprei a minha primeira byrna para que tivesse mais doses \u00e0 m\u00e3o ao carregar do que tinha com o taser pulse.<\/p>\n<p>\t\t\t\t\t\t<footer>\n\t\t\t\t\t\t\tRon M\t\t\t\t\t\t\t\t\t\t\t\t\t\t\t<span>Comprador Verificado<\/span>\n\t\t\t\t\t\t\t\t\t\t\t\t\t<\/footer>\n\t\t\t\t\t<\/div>\n\t\t\t\t<\/div>\n\t\t\t<\/div>\n\n\t\t\t\t\t\t<\/div>\n\t\t\t<\/div>\n\t\t<\/div><\/div><\/div><\/div><div class=\"vc_row wpb_row vc_row-fluid\"><div class=\"wpb_column vc_column_container vc_col-sm-12\"><div class=\"vc_column-inner\"><div class=\"wpb_wrapper\"><div class=\"vc_empty_space\"   style=\"height: 32px\"><span class=\"vc_empty_space_inner\"><\/span><\/div><\/div><\/div><\/div><\/div><div class=\"vc_row wpb_row vc_row-fluid\"><div class=\"wpb_column vc_column_container vc_col-sm-4\"><div class=\"vc_column-inner\"><div class=\"wpb_wrapper\">\t\t\t\n\t\t\t<div id=\"carousel-7653\" class=\"testimonials testimonials-wrapper testimonials-slider testimon-style-standard testimon-align-center   wd-carousel-container wd-carousel-spacing-30\" data-owl-carousel data-desktop=\"1\" data-tablet_landscape=\"1\" data-tablet=\"1\" data-mobile=\"1\">\n\t\t\t\t<div class=\"owl-carousel owl-items-lg-1 owl-items-md-1 owl-items-sm-1 owl-items-xs-1\" >\n\t\t\t\t\t\n\t\t\t<div class=\"testimonial column\" >\n\t\t\t\t<div class=\"testimonial-inner\">\n\t\t\t\t\t\t\t\t\t\t\t<div class=\"testimonial-avatar\">\n\t\t\t\t\t\t\t<img decoding=\"async\" class=\"testimonial-avatar-image\" src=\"https:\/\/www.byrna-defense.com\/wp-content\/uploads\/2022\/10\/original-3-100x100.jpg\" width=\"100\" height=\"100\" alt=\"original (3)\" title=\"original (3)\" \/>\t\t\t\t\t\t<\/div>\n\t\t\t\t\t\t\t\t\t\t<div class=\"testimonial-content\">\n\t\t\t\t\t\t<div class=\"testimonial-rating\">\n\t\t\t\t\t\t\t<span class=\"star-rating\">\n\t\t\t\t\t\t\t\t<span style=\"width:100%\"><\/span>\n\t\t\t\t\t\t\t<\/span>\n\t\t\t\t\t\t<\/div>\n\t\t\t\t\t\t<img decoding=\"async\" class=\"wp-image-7990 aligncenter\" src=\"https:\/\/www.byrna-defense.com\/wp-content\/uploads\/2022\/10\/avis_5etoiles.jpg\" alt=\"\" width=\"90\" height=\"20\" srcset=\"https:\/\/www.byrna-defense.com\/wp-content\/uploads\/2022\/10\/avis_5etoiles.jpg 291w, https:\/\/www.byrna-defense.com\/wp-content\/uploads\/2022\/10\/avis_5etoiles-18x4.jpg 18w, https:\/\/www.byrna-defense.com\/wp-content\/uploads\/2022\/10\/avis_5etoiles-75x17.jpg 75w\" sizes=\"(max-width: 90px) 100vw, 90px\" \/><\/p>\n<p style=\"text-align: center;\">Adoro... Tenho armas mas apenas a sensa\u00e7\u00e3o de Uma forma n\u00e3o letal \u00e9 espantosa e menos dores de cabe\u00e7a<\/p>\n<p>\t\t\t\t\t\t<footer>\n\t\t\t\t\t\t\tJose A\t\t\t\t\t\t\t\t\t\t\t\t\t\t\t<span>Comprador Verificado<\/span>\n\t\t\t\t\t\t\t\t\t\t\t\t\t<\/footer>\n\t\t\t\t\t<\/div>\n\t\t\t\t<\/div>\n\t\t\t<\/div>\n\n\t\t\t\t\t\t<\/div>\n\t\t\t<\/div>\n\t\t<\/div><\/div><\/div><div class=\"wpb_column vc_column_container vc_col-sm-4\"><div class=\"vc_column-inner\"><div class=\"wpb_wrapper\">\t\t\t\n\t\t\t<div id=\"carousel-4526\" class=\"testimonials testimonials-wrapper testimonials-slider testimon-style-standard testimon-align-center   wd-carousel-container wd-carousel-spacing-30\" data-owl-carousel data-desktop=\"1\" data-tablet_landscape=\"1\" data-tablet=\"1\" data-mobile=\"1\">\n\t\t\t\t<div class=\"owl-carousel owl-items-lg-1 owl-items-md-1 owl-items-sm-1 owl-items-xs-1\" >\n\t\t\t\t\t\n\t\t\t<div class=\"testimonial column\" >\n\t\t\t\t<div class=\"testimonial-inner\">\n\t\t\t\t\t\t\t\t\t\t\t<div class=\"testimonial-avatar\">\n\t\t\t\t\t\t\t<img decoding=\"async\" class=\"testimonial-avatar-image\" src=\"https:\/\/www.byrna-defense.com\/wp-content\/uploads\/2022\/10\/original-5-100x100.jpg\" width=\"100\" height=\"100\" alt=\"original (5)\" title=\"original (5)\" \/>\t\t\t\t\t\t<\/div>\n\t\t\t\t\t\t\t\t\t\t<div class=\"testimonial-content\">\n\t\t\t\t\t\t<div class=\"testimonial-rating\">\n\t\t\t\t\t\t\t<span class=\"star-rating\">\n\t\t\t\t\t\t\t\t<span style=\"width:100%\"><\/span>\n\t\t\t\t\t\t\t<\/span>\n\t\t\t\t\t\t<\/div>\n\t\t\t\t\t\t<img decoding=\"async\" class=\"aligncenter wp-image-7990\" src=\"https:\/\/www.byrna-defense.com\/wp-content\/uploads\/2022\/10\/avis_5etoiles.jpg\" alt=\"\" width=\"90\" height=\"20\" srcset=\"https:\/\/www.byrna-defense.com\/wp-content\/uploads\/2022\/10\/avis_5etoiles.jpg 291w, https:\/\/www.byrna-defense.com\/wp-content\/uploads\/2022\/10\/avis_5etoiles-18x4.jpg 18w, https:\/\/www.byrna-defense.com\/wp-content\/uploads\/2022\/10\/avis_5etoiles-75x17.jpg 75w\" sizes=\"(max-width: 90px) 100vw, 90px\" \/><\/p>\n<p style=\"text-align: center;\">Funciona muito bem, n\u00e3o quereria ser atingido na cara com ele. Seria realmente uma porcaria!<\/p>\n<p>\t\t\t\t\t\t<footer>\n\t\t\t\t\t\t\tCurtis W\t\t\t\t\t\t\t\t\t\t\t\t\t\t\t<span>Comprador Verificado<\/span>\n\t\t\t\t\t\t\t\t\t\t\t\t\t<\/footer>\n\t\t\t\t\t<\/div>\n\t\t\t\t<\/div>\n\t\t\t<\/div>\n\n\t\t\t\t\t\t<\/div>\n\t\t\t<\/div>\n\t\t<\/div><\/div><\/div><div class=\"wpb_column vc_column_container vc_col-sm-4\"><div class=\"vc_column-inner\"><div class=\"wpb_wrapper\">\t\t\t\n\t\t\t<div id=\"carousel-7217\" class=\"testimonials testimonials-wrapper testimonials-slider testimon-style-standard testimon-align-center   wd-carousel-container wd-carousel-spacing-30\" data-owl-carousel data-desktop=\"1\" data-tablet_landscape=\"1\" data-tablet=\"1\" data-mobile=\"1\">\n\t\t\t\t<div class=\"owl-carousel owl-items-lg-1 owl-items-md-1 owl-items-sm-1 owl-items-xs-1\" >\n\t\t\t\t\t\n\t\t\t<div class=\"testimonial column\" >\n\t\t\t\t<div class=\"testimonial-inner\">\n\t\t\t\t\t\t\t\t\t\t\t<div class=\"testimonial-avatar\">\n\t\t\t\t\t\t\t<img decoding=\"async\" class=\"testimonial-avatar-image\" src=\"https:\/\/www.byrna-defense.com\/wp-content\/uploads\/2022\/10\/original-4-100x100.jpg\" width=\"100\" height=\"100\" alt=\"original (4)\" title=\"original (4)\" \/>\t\t\t\t\t\t<\/div>\n\t\t\t\t\t\t\t\t\t\t<div class=\"testimonial-content\">\n\t\t\t\t\t\t<div class=\"testimonial-rating\">\n\t\t\t\t\t\t\t<span class=\"star-rating\">\n\t\t\t\t\t\t\t\t<span style=\"width:100%\"><\/span>\n\t\t\t\t\t\t\t<\/span>\n\t\t\t\t\t\t<\/div>\n\t\t\t\t\t\t<img decoding=\"async\" class=\"aligncenter wp-image-7990\" src=\"https:\/\/www.byrna-defense.com\/wp-content\/uploads\/2022\/10\/avis_5etoiles.jpg\" alt=\"\" width=\"90\" height=\"20\" srcset=\"https:\/\/www.byrna-defense.com\/wp-content\/uploads\/2022\/10\/avis_5etoiles.jpg 291w, https:\/\/www.byrna-defense.com\/wp-content\/uploads\/2022\/10\/avis_5etoiles-18x4.jpg 18w, https:\/\/www.byrna-defense.com\/wp-content\/uploads\/2022\/10\/avis_5etoiles-75x17.jpg 75w\" sizes=\"(max-width: 90px) 100vw, 90px\" \/><\/p>\n<p style=\"text-align: center;\">Consegui isto para a minha mulher, pois ela \u00e9 definitivamente o centro \"Ungun\" de Byrna demogr\u00e1fica maci\u00e7a que procura. Chegou a tempo, e foi embalado em seguran\u00e7a. As fotografias e v\u00eddeos dispon\u00edveis simplesmente n\u00e3o captam a qualidade e precis\u00e3o da constru\u00e7\u00e3o.<\/p>\n<p>\t\t\t\t\t\t<footer>\n\t\t\t\t\t\t\tLaurence A\t\t\t\t\t\t\t\t\t\t\t\t\t\t\t<span>Comprador Verificado<\/span>\n\t\t\t\t\t\t\t\t\t\t\t\t\t<\/footer>\n\t\t\t\t\t<\/div>\n\t\t\t\t<\/div>\n\t\t\t<\/div>\n\n\t\t\t\t\t\t<\/div>\n\t\t\t<\/div>\n\t\t<\/div><\/div><\/div><\/div>","protected":false},"excerpt":{"rendered":"Ver algumas opini\u00f5es abaixo Comprei o kit (cor-de-rosa, claro) para a minha mulher como surpresa - ela adora","protected":false},"author":1,"featured_media":0,"parent":0,"menu_order":0,"comment_status":"closed","ping_status":"closed","template":"","meta":{"footnotes":""},"class_list":["post-7985","page","type-page","status-publish","hentry"],"_links":{"self":[{"href":"https:\/\/www.byrna-defense.com\/pt\/wp-json\/wp\/v2\/pages\/7985","targetHints":{"allow":["GET"]}}],"collection":[{"href":"https:\/\/www.byrna-defense.com\/pt\/wp-json\/wp\/v2\/pages"}],"about":[{"href":"https:\/\/www.byrna-defense.com\/pt\/wp-json\/wp\/v2\/types\/page"}],"author":[{"embeddable":true,"href":"https:\/\/www.byrna-defense.com\/pt\/wp-json\/wp\/v2\/users\/1"}],"replies":[{"embeddable":true,"href":"https:\/\/www.byrna-defense.com\/pt\/wp-json\/wp\/v2\/comments?post=7985"}],"version-history":[{"count":10,"href":"https:\/\/www.byrna-defense.com\/pt\/wp-json\/wp\/v2\/pages\/7985\/revisions"}],"predecessor-version":[{"id":8088,"href":"https:\/\/www.byrna-defense.com\/pt\/wp-json\/wp\/v2\/pages\/7985\/revisions\/8088"}],"wp:attachment":[{"href":"https:\/\/www.byrna-defense.com\/pt\/wp-json\/wp\/v2\/media?parent=7985"}],"curies":[{"name":"wp","href":"https:\/\/api.w.org\/{rel}","templated":true}]}}