{"id":8572,"date":"2022-11-02T15:15:25","date_gmt":"2022-11-02T14:15:25","guid":{"rendered":"https:\/\/www.byrna-defense.com\/?post_type=product&#038;p=8572"},"modified":"2025-11-24T17:06:04","modified_gmt":"2025-11-24T16:06:04","slug":"byrna-target-trap","status":"publish","type":"product","link":"https:\/\/www.byrna-defense.com\/pl\/product\/byrna-target-trap\/","title":{"rendered":"BYRNA TARGET TRAP"},"content":{"rendered":"<div class=\"vc_row wpb_row vc_row-fluid\"><div class=\"wpb_column vc_column_container vc_col-sm-12\"><div class=\"vc_column-inner\"><div class=\"wpb_wrapper\">\n\t<div class=\"wpb_text_column wpb_content_element\" >\n\t\t<div class=\"wpb_wrapper\">\n\t\t\t<p>Byrna Training Target to akcesorium dla u\u017cytkownik\u00f3w pocisk\u00f3w Byrna Kinetic lub Eco-Kinetic. Zosta\u0142 zaprojektowany tak, aby zapewni\u0107 bezpieczn\u0105 i skuteczn\u0105 platform\u0119 treningow\u0105 do doskonalenia umiej\u0119tno\u015bci strzeleckich. Wykonany jest z wysokiej jako\u015bci materia\u0142\u00f3w zapewniaj\u0105cych d\u0142ug\u0105 \u017cywotno\u015b\u0107.<\/p>\n<p>Cel ten jest specjalnie zaprojektowany do u\u017cytku z amunicj\u0105 Kinetic (Hard Polymer) lub Eco-Kinetic (Green Compressed Powder) i jest w stanie skutecznie odzyska\u0107 pellet po ka\u017cdym strzale. Pozwala to na wielokrotne wykorzystanie kulek i zmniejsza koszty szkolenia (Uwaga: Wielokrotne odpalanie amunicji \"ekokinetycznej\" wykonanej ze sprasowanego prochu mo\u017ce prowadzi\u0107 do deformacji struktury kulek).<\/p>\n<p>Jest on r\u00f3wnie\u017c przeznaczony do u\u017cytku zar\u00f3wno w pomieszczeniach, jak i na zewn\u0105trz, dzi\u0119ki czemu mo\u017cna trenowa\u0107 w ka\u017cdych warunkach pogodowych. Jest r\u00f3wnie\u017c zaprojektowany tak, aby by\u0142 odporny na zu\u017cycie przy d\u0142u\u017cszym u\u017cytkowaniu.<\/p>\n\n\t\t<\/div>\n\t<\/div>\n\n\t\t<div class=\"wd-list wd-wpb color-scheme- wd-fontsize-xs wd-list-type-icon wd-list-style-default\" id=\"wd-63627d52e5137\">\n\t\t\t<ul>\n\t\t\t\t\t\t\t\t\t\t\t\t\t\t<li>\n\t\t\t\t\t\t\t\t\t\t\t\t\t<div class=\"list-icon fas fa-check\"><\/div>\n\t\t\t\t\t\t\t\t\t\t\t\t<span class=\"list-content\">Wysokiej jako\u015bci gumowana nylonowa tafta z wytrzyma\u0142\u0105 stalow\u0105 ram\u0105.<\/span>\n\t\t\t\t\t<\/li>\n\t\t\t\t\t\t\t\t\t\t\t\t<\/ul>\n\t\t\t\t\t<\/div>\n\t\t\n\t\t\n\t\t<div class=\"wd-list wd-wpb color-scheme- wd-fontsize-xs wd-list-type-icon wd-list-style-default\" id=\"wd-63627d6d9e941\">\n\t\t\t<ul>\n\t\t\t\t\t\t\t\t\t\t\t\t\t\t<li>\n\t\t\t\t\t\t\t\t\t\t\t\t\t<div class=\"list-icon fas fa-check\"><\/div>\n\t\t\t\t\t\t\t\t\t\t\t\t<span class=\"list-content\">Zintegrowany podw\u00f3jny gwint w celu zmniejszenia ha\u0142asu i dodania dodatkowej si\u0142y hamowania.\n<\/span>\n\t\t\t\t\t<\/li>\n\t\t\t\t\t\t\t\t\t\t\t\t<\/ul>\n\t\t\t\t\t<\/div>\n\t\t\n\t\t\n\t\t<div class=\"wd-list wd-wpb color-scheme- wd-fontsize-xs wd-list-type-icon wd-list-style-default\" id=\"wd-63627d76ddfb8\">\n\t\t\t<ul>\n\t\t\t\t\t\t\t\t\t\t\t\t\t\t<li>\n\t\t\t\t\t\t\t\t\t\t\t\t\t<div class=\"list-icon fas fa-check\"><\/div>\n\t\t\t\t\t\t\t\t\t\t\t\t<span class=\"list-content\">Konstrukcja namiotu pozwala strzelcowi na \u0142atwe wy\u0142apywanie i zbieranie pocisk\u00f3w.\n<\/span>\n\t\t\t\t\t<\/li>\n\t\t\t\t\t\t\t\t\t\t\t\t<\/ul>\n\t\t\t\t\t<\/div>\n\t\t\n\t\t\n\t\t<div class=\"wd-list wd-wpb color-scheme- wd-fontsize-xs wd-list-type-icon wd-list-style-default\" id=\"wd-63627d7fd1826\">\n\t\t\t<ul>\n\t\t\t\t\t\t\t\t\t\t\t\t\t\t<li>\n\t\t\t\t\t\t\t\t\t\t\t\t\t<div class=\"list-icon fas fa-check\"><\/div>\n\t\t\t\t\t\t\t\t\t\t\t\t<span class=\"list-content\">Wymiary otwarte 45 x 45 x 50 cm, \u015brednica 13 cm po z\u0142o\u017ceniu w torbie transportowej.\n<\/span>\n\t\t\t\t\t<\/li>\n\t\t\t\t\t\t\t\t\t\t\t\t<\/ul>\n\t\t\t\t\t<\/div>\n\t\t\n\t\t\n\t\t<div class=\"wd-list wd-wpb color-scheme- wd-fontsize-xs wd-list-type-icon wd-list-style-default\" id=\"wd-63627d89c9d46\">\n\t\t\t<ul>\n\t\t\t\t\t\t\t\t\t\t\t\t\t\t<li>\n\t\t\t\t\t\t\t\t\t\t\t\t\t<div class=\"list-icon fas fa-check\"><\/div>\n\t\t\t\t\t\t\t\t\t\t\t\t<span class=\"list-content\">W zestawie torba podr\u00f3\u017cna u\u0142atwiaj\u0105ca transport.<\/span>\n\t\t\t\t\t<\/li>\n\t\t\t\t\t\t\t\t\t\t\t\t<\/ul>\n\t\t\t\t\t<\/div>\n\t\t\n\t\t<\/div><\/div><\/div><div class=\"wpb_column vc_column_container vc_col-sm-12\"><div class=\"vc_column-inner\"><div class=\"wpb_wrapper\"><\/div><\/div><\/div><\/div><div class=\"vc_row wpb_row vc_row-fluid\"><div class=\"wpb_column vc_column_container vc_col-sm-12\"><div class=\"vc_column-inner\"><div class=\"wpb_wrapper\"><div id=\"wd-63bd7073f13b4\" class=\"wd-button-wrapper text-left\"><a href=\"https:\/\/www.byrna-defense.com\/wp-content\/uploads\/2022\/11\/byrna-tent.pdf\" title=\"\" class=\"btn btn-color-primary btn-style-default btn-shape-semi-round btn-size-default btn-icon-pos-right\">Manuel<span class=\"wd-btn-icon\"><span class=\"wd-icon fas fa-arrow-circle-down\"><\/span><\/span><\/a><\/div><div class=\"vc_empty_space\"   style=\"height: 32px\"><span class=\"vc_empty_space_inner\"><\/span><\/div><div id=\"wd-63bd383f49609\" class=\"wd-button-wrapper text-left\"><a href=\"https:\/\/www.byrna-defense.com\/wp-content\/uploads\/2023\/01\/Byrna-Pliable-Piege-a-Cible-FICHE-TECHNIQUE.pdf\" title=\"\" class=\"btn btn-color-primary btn-style-default btn-shape-semi-round btn-size-default btn-icon-pos-right\">Karta katalogowa<span class=\"wd-btn-icon\"><span class=\"wd-icon fas fa-arrow-circle-down\"><\/span><\/span><\/a><\/div><div class=\"vc_empty_space\"   style=\"height: 32px\"><span class=\"vc_empty_space_inner\"><\/span><\/div><\/div><\/div><\/div><\/div><div class=\"vc_row wpb_row vc_row-fluid\"><div class=\"wpb_column vc_column_container vc_col-sm-12\"><div class=\"vc_column-inner\"><div class=\"wpb_wrapper\"><\/div><\/div><\/div><\/div>","protected":false},"excerpt":{"rendered":"<p>Cel treningowy Byrna z odzyskiem pi\u0142ki. Wy\u0142\u0105czne zastosowanie dla amunicji Kinetic (Hard Polymer) lub Eco-Kinetic (Green compressed powder).<\/p>\n<p>&nbsp;<br \/>\n<input class=\"favorite styled\"\n       type=\"button\"\n       value=\"Zam\u00f3wienie\"\n       style=\"background-color: #FC671D; color: white; font-weight: bold;\"\n       onclick=\"location.href='https:\/\/www.naturabuy.fr\/stores\/2029\/'\"><\/p>","protected":false},"featured_media":8573,"comment_status":"closed","ping_status":"closed","template":"","meta":[],"product_brand":[],"product_cat":[42],"product_tag":[],"class_list":{"0":"post-8572","1":"product","2":"type-product","3":"status-publish","4":"has-post-thumbnail","6":"product_cat-accessoires","8":"first","9":"instock","10":"shipping-taxable","11":"purchasable","12":"product-type-simple"},"_links":{"self":[{"href":"https:\/\/www.byrna-defense.com\/pl\/wp-json\/wp\/v2\/product\/8572","targetHints":{"allow":["GET"]}}],"collection":[{"href":"https:\/\/www.byrna-defense.com\/pl\/wp-json\/wp\/v2\/product"}],"about":[{"href":"https:\/\/www.byrna-defense.com\/pl\/wp-json\/wp\/v2\/types\/product"}],"replies":[{"embeddable":true,"href":"https:\/\/www.byrna-defense.com\/pl\/wp-json\/wp\/v2\/comments?post=8572"}],"wp:featuredmedia":[{"embeddable":true,"href":"https:\/\/www.byrna-defense.com\/pl\/wp-json\/wp\/v2\/media\/8573"}],"wp:attachment":[{"href":"https:\/\/www.byrna-defense.com\/pl\/wp-json\/wp\/v2\/media?parent=8572"}],"wp:term":[{"taxonomy":"product_brand","embeddable":true,"href":"https:\/\/www.byrna-defense.com\/pl\/wp-json\/wp\/v2\/product_brand?post=8572"},{"taxonomy":"product_cat","embeddable":true,"href":"https:\/\/www.byrna-defense.com\/pl\/wp-json\/wp\/v2\/product_cat?post=8572"},{"taxonomy":"product_tag","embeddable":true,"href":"https:\/\/www.byrna-defense.com\/pl\/wp-json\/wp\/v2\/product_tag?post=8572"}],"curies":[{"name":"wp","href":"https:\/\/api.w.org\/{rel}","templated":true}]}}