{"id":8324,"date":"2022-10-14T15:45:10","date_gmt":"2022-10-14T13:45:10","guid":{"rendered":"https:\/\/www.byrna-defense.com\/?post_type=product&#038;p=8324"},"modified":"2025-11-24T17:05:57","modified_gmt":"2025-11-24T16:05:57","slug":"byrna-magazine-carrier","status":"publish","type":"product","link":"https:\/\/www.byrna-defense.com\/pl\/product\/byrna-magazine-carrier\/","title":{"rendered":"NO\u015aNIK CZASOPISM BYRNA"},"content":{"rendered":"<div class=\"vc_row wpb_row vc_row-fluid\"><div class=\"wpb_column vc_column_container vc_col-sm-12\"><div class=\"vc_column-inner\"><div class=\"wpb_wrapper\">\t\n\t\t\t<div id=\"wd-63bd610187956\" class=\"wd-text-block-wrapper wd-wpb color-scheme-custom wd-width-100 text-left\">\n\t\t\t\t<div class=\"woodmart-title-container woodmart-text-block reset-last-child font-text wd-font-weight-400\">\n\t\t\t\t\tUchwyt na magazynki Byrna to niezb\u0119dne akcesorium dla u\u017cytkownik\u00f3w Byrna. Zosta\u0142 zaprojektowany tak, aby bezpiecznie pomie\u015bci\u0107 zapasowy magazynek Byrna, dzi\u0119ki czemu mo\u017cna go mie\u0107 pod r\u0119k\u0105 w razie potrzeby. Wykonany jest z trwa\u0142ych materia\u0142\u00f3w zapewniaj\u0105cych d\u0142ug\u0105 \u017cywotno\u015b\u0107.<\/p>\n<p>Jest \u0142atwy w u\u017cyciu, wystarczy przypi\u0105\u0107 zapasow\u0105 \u0142adowark\u0119 Byrna do uchwytu, mo\u017cna go przymocowa\u0107 do paska lub kieszeni, aby uzyska\u0107 szybki i \u0142atwy dost\u0119p. Posiada r\u00f3wnie\u017c blokad\u0119 uniemo\u017cliwiaj\u0105c\u0105 przypadkowe wyj\u0119cie magazynka.<\/p>\n<p>Uchwyt na magazynki Byrna to praktyczne i niezb\u0119dne akcesorium dla wszystkich u\u017cytkownik\u00f3w Byrna. Dzi\u0119ki niemu mo\u017cesz mie\u0107 zawsze dost\u0119pny zapasowy magazynek, dzi\u0119ki czemu jeste\u015b gotowy do reakcji na ka\u017cd\u0105 sytuacj\u0119 kryzysow\u0105. Jest r\u00f3wnie\u017c kompatybilny z innymi pociskami i magazynkami Byrna.<\/p>\n<p>Kompatybilny z Byrna HD, Byrna HD XL i Byrna SD<\/p>\n<p>\u0141adowarka nie wchodzi w sk\u0142ad zestawu.\t\t\t\t<\/div>\n\t\t\t\t\t\t\t<\/div>\n\t\t<\/div><\/div><\/div><\/div><div class=\"vc_row wpb_row vc_row-fluid\"><div class=\"wpb_column vc_column_container vc_col-sm-12\"><div class=\"vc_column-inner\"><div class=\"wpb_wrapper\">\t\n\t\t\t<div id=\"wd-63bd36f93d916\" class=\"wd-text-block-wrapper wd-wpb color-scheme-custom wd-width-100 text-left\">\n\t\t\t\t<div class=\"woodmart-title-container woodmart-text-block reset-last-child font-primary wd-font-weight-400\">\n\t\t\t\t\t\t\t\t\t<\/div>\n\t\t\t\t\t\t\t<\/div>\n\t\t<\/div><\/div><\/div><\/div>","protected":false},"excerpt":{"rendered":"<p>Uchwyt do \u0142adowarki Byrna doskonale nadaje si\u0119 do bezpiecznego przechowywania zapasowej \u0142adowarki Byrna na pasku lub w kieszeni.<\/p>\n<p>&nbsp;<br \/>\n<input class=\"favorite styled\"\n       type=\"button\"\n       value=\"Zam\u00f3wienie\"\n       style=\"background-color: #FC671D; color: white; font-weight: bold;\"\n       onclick=\"location.href='https:\/\/www.naturabuy.fr\/stores\/2029\/'\"><\/p>","protected":false},"featured_media":8327,"comment_status":"closed","ping_status":"closed","template":"","meta":[],"product_brand":[],"product_cat":[42],"product_tag":[],"class_list":{"0":"post-8324","1":"product","2":"type-product","3":"status-publish","4":"has-post-thumbnail","6":"product_cat-accessoires","8":"first","9":"instock","10":"shipping-taxable","11":"purchasable","12":"product-type-simple"},"_links":{"self":[{"href":"https:\/\/www.byrna-defense.com\/pl\/wp-json\/wp\/v2\/product\/8324","targetHints":{"allow":["GET"]}}],"collection":[{"href":"https:\/\/www.byrna-defense.com\/pl\/wp-json\/wp\/v2\/product"}],"about":[{"href":"https:\/\/www.byrna-defense.com\/pl\/wp-json\/wp\/v2\/types\/product"}],"replies":[{"embeddable":true,"href":"https:\/\/www.byrna-defense.com\/pl\/wp-json\/wp\/v2\/comments?post=8324"}],"wp:featuredmedia":[{"embeddable":true,"href":"https:\/\/www.byrna-defense.com\/pl\/wp-json\/wp\/v2\/media\/8327"}],"wp:attachment":[{"href":"https:\/\/www.byrna-defense.com\/pl\/wp-json\/wp\/v2\/media?parent=8324"}],"wp:term":[{"taxonomy":"product_brand","embeddable":true,"href":"https:\/\/www.byrna-defense.com\/pl\/wp-json\/wp\/v2\/product_brand?post=8324"},{"taxonomy":"product_cat","embeddable":true,"href":"https:\/\/www.byrna-defense.com\/pl\/wp-json\/wp\/v2\/product_cat?post=8324"},{"taxonomy":"product_tag","embeddable":true,"href":"https:\/\/www.byrna-defense.com\/pl\/wp-json\/wp\/v2\/product_tag?post=8324"}],"curies":[{"name":"wp","href":"https:\/\/api.w.org\/{rel}","templated":true}]}}