{"id":8292,"date":"2022-10-14T15:00:52","date_gmt":"2022-10-14T13:00:52","guid":{"rendered":"https:\/\/www.byrna-defense.com\/?post_type=product&#038;p=8292"},"modified":"2025-11-24T17:05:32","modified_gmt":"2025-11-24T16:05:32","slug":"byrna-pepper-projectiles","status":"publish","type":"product","link":"https:\/\/www.byrna-defense.com\/pl\/product\/byrna-pepper-projectiles\/","title":{"rendered":"POCISKI PIEPRZOWE BYRNA"},"content":{"rendered":"<div class=\"vc_row wpb_row vc_row-fluid\"><div class=\"wpb_column vc_column_container vc_col-sm-12\"><div class=\"vc_column-inner\"><div class=\"wpb_wrapper\">\t\n\t\t\t<div id=\"wd-63bd4d2a1db2a\" class=\"wd-text-block-wrapper wd-wpb color-scheme-custom wd-width-100 text-left\">\n\t\t\t\t<div class=\"woodmart-title-container woodmart-text-block reset-last-child font-primary wd-font-weight-400\">\n\t\t\t\t\t<strong>Pociski Byrna \"Pepper\" zawieraj\u0105 mieszank\u0119 Oleoresin Capsicum (OC) + PAVA, co czyni je jednymi z najmocniejszych pocisk\u00f3w na rynku.<\/strong>\t\t\t\t<\/div>\n\t\t\t\t\t\t\t<\/div>\n\t\t\t\n\t\t\t<div id=\"wd-63bd516f8ea73\" class=\"wd-text-block-wrapper wd-wpb color-scheme-custom wd-width-100 text-left\">\n\t\t\t\t<div class=\"woodmart-title-container woodmart-text-block reset-last-child font-text wd-font-weight-400\">\n\t\t\t\t\t<\/p>\n<h5><span style=\"font-weight: 400\">Pocisk obezw\u0142adniaj\u0105cy OC (oleoresin capsicum) 1% i PAVA (piperidine-1-aldoxime methiodide) 4% jest produktem nie\u015bmierciono\u015bnym, przeznaczonym do czasowego unieruchomienia osoby bez powodowania powa\u017cnych obra\u017ce\u0144. Sk\u0142ada si\u0119 z plastikowej kapsu\u0142ki zawieraj\u0105cej mieszanin\u0119 proszk\u00f3w OC i PAVA.<\/span><\/h5>\n<p><span style=\"font-weight: 400\">Po wystrzeleniu pocisku kapsu\u0142a p\u0119ka, a mieszanina OC i PAVA rozprzestrzenia si\u0119 w powietrzu, powoduj\u0105c u osoby poszkodowanej podra\u017cnienie oczu i dr\u00f3g oddechowych. OC, stosowany r\u00f3wnie\u017c w puszkach z gazem pieprzowym, jest silnym \u015brodkiem dra\u017cni\u0105cym, kt\u00f3ry powoduje \u0142zawienie, kichanie i pieczenie sk\u00f3ry. PAVA dzia\u0142a jak \u015brodek obezw\u0142adniaj\u0105cy, powoduj\u0105c tymczasowe os\u0142abienie mi\u0119\u015bni i utrat\u0119 koordynacji.<\/span><\/p>\n<p><span style=\"font-weight: 400\">Pocisk obezw\u0142adniaj\u0105cy na bazie OC i PAVA jest skuteczny na odleg\u0142o\u015b\u0107 do 12 metr\u00f3w. W niekt\u00f3rych krajach jest u\u017cywany przez organy \u015bcigania i pracownik\u00f3w ochrony do unieruchamiania os\u00f3b agresywnych lub niewsp\u00f3\u0142pracuj\u0105cych. Wiadomo r\u00f3wnie\u017c, \u017ce jest przydatny w sytuacjach ulicznych lub w t\u0142umie, gdzie mo\u017ce unieruchomi\u0107 ludzi bez powodowania powa\u017cnych obra\u017ce\u0144.<\/span><\/p>\n<p><span style=\"font-weight: 400\">Podsumowuj\u0105c, pocisk obezw\u0142adniaj\u0105cy OC i PAVA jest produktem nie\u015bmierciono\u015bnym, kt\u00f3ry jest skuteczny w czasowym unieruchomieniu osoby poprzez \u0142\u0105czne zastosowanie \u015brodka dra\u017cni\u0105cego oczy i \u015brodka obezw\u0142adniaj\u0105cego.<br \/>\n<\/span><\/p>\n<p><span style=\"font-weight: 400\">Nale\u017cy zauwa\u017cy\u0107, \u017ce chocia\u017c pocisk Byrna jest nie\u015bmierciono\u015bny, mo\u017ce spowodowa\u0107 obra\u017cenia, je\u015bli zostanie u\u017cyty w zbyt bliskiej odleg\u0142o\u015bci lub je\u015bli cel ma wcze\u015bniej istniej\u0105ce warunki medyczne. Dlatego zaleca si\u0119, aby stosowa\u0107 go tylko w przypadkach bezpo\u015bredniego zagro\u017cenia i po ocenie sytuacji.<\/span><\/p>\n<p>Podczas gdy napastnik jest chwilowo obezw\u0142adniony, lepiej jest ucieka\u0107 ni\u017c pr\u00f3bowa\u0107 go zneutralizowa\u0107. Wa\u017cne jest, aby skontaktowa\u0107 si\u0119 z policj\u0105, kt\u00f3ra zajmie si\u0119 t\u0105 sytuacj\u0105.<\/p>\n<p>&nbsp;<\/p>\n<p>\t\t\t\t<\/div>\n\t\t\t\t\t\t\t<\/div>\n\t\t<\/div><\/div><\/div><\/div><div class=\"vc_row wpb_row vc_row-fluid\"><div class=\"wpb_column vc_column_container vc_col-sm-12\"><div class=\"vc_column-inner\"><div class=\"wpb_wrapper\"><div id=\"wd-6362904e74c3a\" class=\"wd-button-wrapper text-left\"><a href=\"https:\/\/www.byrna-defense.com\/wp-content\/uploads\/2022\/10\/Fiche-de-donne\u0301es-se\u0301curite\u0301-BYRNA-PEPPER-PROJECTILE-SDS.pdf\" title=\"\" class=\"btn btn-color-primary btn-style-default btn-shape-semi-round btn-size-default btn-icon-pos-right\">Karta charakterystyki<span class=\"wd-btn-icon\"><span class=\"wd-icon fas fa-exclamation-triangle\"><\/span><\/span><\/a><\/div><\/div><\/div><\/div><\/div>","protected":false},"excerpt":{"rendered":"<p>Nie\u015bmiertelny pocisk Byrna \"Pepper\" przeznaczony jest do czasowego unieruchomienia niebezpiecznych lub agresywnych os\u00f3b. Wykonany jest z OC (Oleoresin Capsicum) po\u0142\u0105czonego z PAVA, aby wywo\u0142a\u0107 intensywny b\u00f3l i pieczenie oczu, nosa i b\u0142on \u015bluzowych. Wystrzeliwany jest przez wyrzutni\u0119 Byrna dla optymalnej skuteczno\u015bci w zakresie od 10 do 12 metr\u00f3w. Zaleca si\u0119 u\u017cycie tego pocisku tylko w przypadku bezpo\u015bredniego zagro\u017cenia i po ocenie sytuacji.<\/p>\n<div class=\"woocommerce-product-details__short-description\">\n<p><em>W niekt\u00f3rych krajach amunicja ta jest zarezerwowana dla organ\u00f3w \u015bcigania i si\u0142 bezpiecze\u0144stwa.<\/em><\/p>\n<\/div>\n<p>&nbsp;<br \/>\n<input class=\"favorite styled\"\n       type=\"button\"\n       value=\"Zam\u00f3wienie\"\n       style=\"background-color: #FC671D; color: white; font-weight: bold;\"\n       onclick=\"location.href='https:\/\/www.naturabuy.fr\/stores\/2029\/'\"><\/p>","protected":false},"featured_media":8295,"comment_status":"closed","ping_status":"closed","template":"","meta":[],"product_brand":[],"product_cat":[40],"product_tag":[],"class_list":{"0":"post-8292","1":"product","2":"type-product","3":"status-publish","4":"has-post-thumbnail","6":"product_cat-projectiles","8":"first","9":"instock","10":"shipping-taxable","11":"purchasable","12":"product-type-variable"},"_links":{"self":[{"href":"https:\/\/www.byrna-defense.com\/pl\/wp-json\/wp\/v2\/product\/8292","targetHints":{"allow":["GET"]}}],"collection":[{"href":"https:\/\/www.byrna-defense.com\/pl\/wp-json\/wp\/v2\/product"}],"about":[{"href":"https:\/\/www.byrna-defense.com\/pl\/wp-json\/wp\/v2\/types\/product"}],"replies":[{"embeddable":true,"href":"https:\/\/www.byrna-defense.com\/pl\/wp-json\/wp\/v2\/comments?post=8292"}],"wp:featuredmedia":[{"embeddable":true,"href":"https:\/\/www.byrna-defense.com\/pl\/wp-json\/wp\/v2\/media\/8295"}],"wp:attachment":[{"href":"https:\/\/www.byrna-defense.com\/pl\/wp-json\/wp\/v2\/media?parent=8292"}],"wp:term":[{"taxonomy":"product_brand","embeddable":true,"href":"https:\/\/www.byrna-defense.com\/pl\/wp-json\/wp\/v2\/product_brand?post=8292"},{"taxonomy":"product_cat","embeddable":true,"href":"https:\/\/www.byrna-defense.com\/pl\/wp-json\/wp\/v2\/product_cat?post=8292"},{"taxonomy":"product_tag","embeddable":true,"href":"https:\/\/www.byrna-defense.com\/pl\/wp-json\/wp\/v2\/product_tag?post=8292"}],"curies":[{"name":"wp","href":"https:\/\/api.w.org\/{rel}","templated":true}]}}