{"id":8269,"date":"2022-10-14T14:06:43","date_gmt":"2022-10-14T12:06:43","guid":{"rendered":"https:\/\/www.byrna-defense.com\/?post_type=product&#038;p=8269"},"modified":"2023-04-28T11:11:05","modified_gmt":"2023-04-28T09:11:05","slug":"byrna-waistband-holster","status":"publish","type":"product","link":"https:\/\/www.byrna-defense.com\/pl\/product\/byrna-waistband-holster\/","title":{"rendered":"KABURA TAKTYCZNA BYRNA KYDEX"},"content":{"rendered":"<div class=\"vc_row wpb_row vc_row-fluid\"><div class=\"wpb_column vc_column_container vc_col-sm-12\"><div class=\"vc_column-inner\"><div class=\"wpb_wrapper\">\t\n\t\t\t<div id=\"wd-63bd7290798ef\" class=\"wd-text-block-wrapper wd-wpb color-scheme-custom wd-width-100 text-left\">\n\t\t\t\t<div class=\"woodmart-title-container woodmart-text-block reset-last-child font-primary wd-font-weight-400\">\n\t\t\t\t\tTa kabura na pas jest dostosowana do wyrzutni Byrna HD i Byrna SD. Wykonany jest z Kydexu dla maksymalnej wytrzyma\u0142o\u015bci i trwa\u0142o\u015bci. Wyposa\u017cony jest r\u00f3wnie\u017c w obrotowy klips, dzi\u0119ki kt\u00f3remu \u0142atwo przypniesz go do paska i w\u0142o\u017cysz wyrzutni\u0119, do wykorzystania w ka\u017cdych warunkach.<\/p>\n<p>Pozwala na bezpieczne trzymanie Byrna przy sobie, do szybkiego i skutecznego u\u017cycia w razie potrzeby. Idealnie sprawdza si\u0119 w sytuacjach obrony osobistej, podczas aktywno\u015bci na \u015bwie\u017cym powietrzu oraz podczas profesjonalnych trening\u00f3w. Zauwa\u017c, \u017ce launcher nie jest w tym przypadku uwzgl\u0119dniony.<\/p>\n<p><em>Noszenie broni na drogach publicznych jest r\u00f3\u017cnie regulowane w r\u00f3\u017cnych krajach, jednak w domu mo\u017cna u\u017cywa\u0107 kabury taktycznej Kydex do treningu lub strzelania rekreacyjnego.<\/em>\t\t\t\t<\/div>\n\t\t\t\t\t\t\t<\/div>\n\t\t<\/div><\/div><\/div><\/div><div class=\"vc_row wpb_row vc_row-fluid\"><div class=\"wpb_column vc_column_container vc_col-sm-12\"><div class=\"vc_column-inner\"><div class=\"wpb_wrapper\"><div id=\"wd-63628d00e7151\" class=\"wd-button-wrapper text-left\"><a href=\"https:\/\/www.byrna-defense.com\/wp-content\/uploads\/2022\/11\/Byrna-Etui-Niveau-2-FICHE-TECHNIQUE.pdf\" title=\"\" class=\"btn btn-color-primary btn-style-default btn-shape-semi-round btn-size-default btn-icon-pos-right\">Karta katalogowa<span class=\"wd-btn-icon\"><span class=\"wd-icon fas fa-arrow-circle-down\"><\/span><\/span><\/a><\/div><\/div><\/div><\/div><\/div>","protected":false},"excerpt":{"rendered":"<p>Kydex Tactical Belt Holster to akcesorium klasy wojskowej przeznaczone dla u\u017cytkownik\u00f3w Byrna HD Pro i Byrna SD. Jest w pe\u0142ni regulowany, aby dopasowa\u0107 si\u0119 do Twojego cia\u0142a i zastosowa\u0144. Wykonany jest z solidnych materia\u0142\u00f3w zapewniaj\u0105cych d\u0142ugotrwa\u0142e u\u017cytkowanie.<\/p>","protected":false},"featured_media":8275,"comment_status":"closed","ping_status":"closed","template":"","meta":[],"product_brand":[],"product_cat":[42],"product_tag":[],"class_list":{"0":"post-8269","1":"product","2":"type-product","3":"status-publish","4":"has-post-thumbnail","6":"product_cat-accessoires","8":"first","9":"instock","10":"shipping-taxable","11":"purchasable","12":"product-type-variable"},"_links":{"self":[{"href":"https:\/\/www.byrna-defense.com\/pl\/wp-json\/wp\/v2\/product\/8269","targetHints":{"allow":["GET"]}}],"collection":[{"href":"https:\/\/www.byrna-defense.com\/pl\/wp-json\/wp\/v2\/product"}],"about":[{"href":"https:\/\/www.byrna-defense.com\/pl\/wp-json\/wp\/v2\/types\/product"}],"replies":[{"embeddable":true,"href":"https:\/\/www.byrna-defense.com\/pl\/wp-json\/wp\/v2\/comments?post=8269"}],"wp:featuredmedia":[{"embeddable":true,"href":"https:\/\/www.byrna-defense.com\/pl\/wp-json\/wp\/v2\/media\/8275"}],"wp:attachment":[{"href":"https:\/\/www.byrna-defense.com\/pl\/wp-json\/wp\/v2\/media?parent=8269"}],"wp:term":[{"taxonomy":"product_brand","embeddable":true,"href":"https:\/\/www.byrna-defense.com\/pl\/wp-json\/wp\/v2\/product_brand?post=8269"},{"taxonomy":"product_cat","embeddable":true,"href":"https:\/\/www.byrna-defense.com\/pl\/wp-json\/wp\/v2\/product_cat?post=8269"},{"taxonomy":"product_tag","embeddable":true,"href":"https:\/\/www.byrna-defense.com\/pl\/wp-json\/wp\/v2\/product_tag?post=8269"}],"curies":[{"name":"wp","href":"https:\/\/api.w.org\/{rel}","templated":true}]}}