{"id":7728,"date":"2022-09-19T15:29:42","date_gmt":"2022-09-19T13:29:42","guid":{"rendered":"http:\/\/preprod.byrna-defense.com\/www\/?post_type=product&#038;p=7728"},"modified":"2025-11-24T17:04:58","modified_gmt":"2025-11-24T16:04:58","slug":"banshee","status":"publish","type":"product","link":"https:\/\/www.byrna-defense.com\/pl\/product\/banshee\/","title":{"rendered":"Alarm osobisty Banshee"},"content":{"rendered":"<div class=\"vc_row wpb_row vc_row-fluid\"><div class=\"wpb_column vc_column_container vc_col-sm-12\"><div class=\"vc_column-inner\"><div class=\"wpb_wrapper\">\n\t<div class=\"wpb_text_column wpb_content_element\" >\n\t\t<div class=\"wpb_wrapper\">\n\t\t\t<p>Byrna Banshee to wojskowej klasy osobisty alarm bezpiecze\u0144stwa zaprojektowany do ochrony os\u00f3b przed potencjalnymi atakami. Dzi\u0119ki mocy d\u017awi\u0119ku 130dB jest w stanie zwr\u00f3ci\u0107 na siebie uwag\u0119 w ci\u0105gu kilku sekund, udaremniaj\u0105c potencjalne ataki swoim wrzaskliwym, przeszywaj\u0105cym d\u017awi\u0119kiem.<\/p>\n<p>Wyposa\u017cona w karabinek, \u0142atwo mocuje si\u0119 do plecak\u00f3w, pask\u00f3w torebek i szlufek spodni, zapewniaj\u0105c szybki dost\u0119p w sytuacji awaryjnej. Dzi\u0119ki temu zawsze b\u0119dziesz mia\u0142 alarm pod r\u0119k\u0105.<\/p>\n<p>Wykonany z trwa\u0142ych, wodoodpornych materia\u0142\u00f3w, alarm ten jest d\u0142ugotrwa\u0142y i niezawodny. Posiada r\u00f3wnie\u017c wymienne baterie, kt\u00f3re wystarczaj\u0105 nawet na rok, co jest idealnym rozwi\u0105zaniem dla student\u00f3w, doros\u0142ych, os\u00f3b starszych i entuzjast\u00f3w sp\u0119dzania czasu na \u015bwie\u017cym powietrzu.<\/p>\n<p>Podsumowuj\u0105c, Byrna Banshee jest niezb\u0119dnym narz\u0119dziem dla ka\u017cdego, kto martwi si\u0119 o swoje bezpiecze\u0144stwo, aby chroni\u0107 si\u0119 przed potencjalnymi napastnikami i zwr\u00f3ci\u0107 na siebie uwag\u0119 w sytuacji zagro\u017cenia. 130dB to odpowiednik us\u0142yszenia startu wojskowego odrzutowca z odleg\u0142o\u015bci 50 st\u00f3p, wi\u0119c ten alarm jest po prostu niezb\u0119dny dla Twojego osobistego bezpiecze\u0144stwa.<\/p>\n\n\t\t<\/div>\n\t<\/div>\n<\/div><\/div><\/div><\/div><div class=\"vc_row wpb_row vc_row-fluid\"><div class=\"wpb_column vc_column_container vc_col-sm-4\"><div class=\"vc_column-inner\"><div class=\"wpb_wrapper\"><\/div><\/div><\/div><div class=\"wpb_column vc_column_container vc_col-sm-4\"><div class=\"vc_column-inner\"><div class=\"wpb_wrapper\">\n\t<div class=\"wpb_video_widget wpb_content_element vc_clearfix vc_video-aspect-ratio-169 vc_video-el-width-100 vc_video-align-left\" >\n\t\t<div class=\"wpb_wrapper\">\n\t\t\t\n\t\t\t<div class=\"wpb_video_wrapper\"><div class=\"wd-video-poster-wrapper\"><div class=\"wd-video-poster\" style=\"background-image:url(https:\/\/www.byrna-defense.com\/wp-content\/uploads\/2022\/09\/Banshee-Lifestyle-1_800x.jpg)\";><\/div><div class=\"button-play\"><\/div><\/div><iframe title=\"BYRNA BANSHEE\" width=\"500\" height=\"281\" src=\"https:\/\/www.youtube.com\/embed\/xLmvtI8U064?feature=oembed\" frameborder=\"0\" allow=\"accelerometer; autoplay; clipboard-write; encrypted-media; gyroscope; picture-in-picture; web-share\" referrerpolicy=\"strict-origin-when-cross-origin\" allowfullscreen><\/iframe><\/div>\n\t\t<\/div>\n\t<\/div>\n<\/div><\/div><\/div><div class=\"wpb_column vc_column_container vc_col-sm-4\"><div class=\"vc_column-inner\"><div class=\"wpb_wrapper\"><\/div><\/div><\/div><\/div>","protected":false},"excerpt":{"rendered":"<p>Wierni naszej mantrze <strong>\u017bycie w bezpiecze\u0144stwie<\/strong> \" Mamy przyjemno\u015b\u0107 zaprezentowa\u0107 <strong>Byrna Banshee<\/strong> Osobisty alarm bezpiecze\u0144stwa o mocy 130 dB*, klasy wojskowej, zdolny do generowania alarmu d\u017awi\u0119kowego, kt\u00f3ry zwraca uwag\u0119 na Ciebie i udaremnia potencjalne ataki.<\/p>\n<p>&nbsp;<br \/>\n<input class=\"favorite styled\"\n       type=\"button\"\n       value=\"Zam\u00f3wienie\"\n       style=\"background-color: #FC671D; color: white; font-weight: bold;\"\n       onclick=\"location.href='https:\/\/www.naturabuy.fr\/stores\/2029\/'\"><\/p>","protected":false},"featured_media":7777,"comment_status":"closed","ping_status":"closed","template":"","meta":[],"product_brand":[],"product_cat":[15],"product_tag":[],"class_list":{"0":"post-7728","1":"product","2":"type-product","3":"status-publish","4":"has-post-thumbnail","6":"product_cat-uncategorized","8":"first","9":"instock","10":"shipping-taxable","11":"purchasable","12":"product-type-variable","13":"has-default-attributes"},"_links":{"self":[{"href":"https:\/\/www.byrna-defense.com\/pl\/wp-json\/wp\/v2\/product\/7728","targetHints":{"allow":["GET"]}}],"collection":[{"href":"https:\/\/www.byrna-defense.com\/pl\/wp-json\/wp\/v2\/product"}],"about":[{"href":"https:\/\/www.byrna-defense.com\/pl\/wp-json\/wp\/v2\/types\/product"}],"replies":[{"embeddable":true,"href":"https:\/\/www.byrna-defense.com\/pl\/wp-json\/wp\/v2\/comments?post=7728"}],"wp:featuredmedia":[{"embeddable":true,"href":"https:\/\/www.byrna-defense.com\/pl\/wp-json\/wp\/v2\/media\/7777"}],"wp:attachment":[{"href":"https:\/\/www.byrna-defense.com\/pl\/wp-json\/wp\/v2\/media?parent=7728"}],"wp:term":[{"taxonomy":"product_brand","embeddable":true,"href":"https:\/\/www.byrna-defense.com\/pl\/wp-json\/wp\/v2\/product_brand?post=7728"},{"taxonomy":"product_cat","embeddable":true,"href":"https:\/\/www.byrna-defense.com\/pl\/wp-json\/wp\/v2\/product_cat?post=7728"},{"taxonomy":"product_tag","embeddable":true,"href":"https:\/\/www.byrna-defense.com\/pl\/wp-json\/wp\/v2\/product_tag?post=7728"}],"curies":[{"name":"wp","href":"https:\/\/api.w.org\/{rel}","templated":true}]}}