{"id":7502,"date":"2022-08-03T18:31:32","date_gmt":"2022-08-03T16:31:32","guid":{"rendered":"https:\/\/preprod.byrna-defense.com\/www\/?post_type=product&#038;p=7502"},"modified":"2023-04-28T11:58:26","modified_gmt":"2023-04-28T09:58:26","slug":"10-cartouches-de-gaz-byrna","status":"publish","type":"product","link":"https:\/\/www.byrna-defense.com\/pl\/product\/10-cartouches-de-gaz-byrna\/","title":{"rendered":"10 X CO2 8 GR BYRNA"},"content":{"rendered":"<div class=\"vc_row wpb_row vc_row-fluid\"><div class=\"wpb_column vc_column_container vc_col-sm-12\"><div class=\"vc_column-inner\"><div class=\"wpb_wrapper\">\t\n\t\t\t<div id=\"wd-63bd75f2d12d1\" class=\"wd-text-block-wrapper wd-wpb color-scheme-custom wd-width-100 text-left\">\n\t\t\t\t<div class=\"woodmart-title-container woodmart-text-block reset-last-child font-primary wd-font-weight-400 wd-fontsize-m\">\n\t\t\t\t\t*Nie jest kompatybilny z wyrzutniami Byrna SDXL lub HDXL lub wyrzutniami z zainstalowanym Byrna Boost.<\/p>\n<p>Nasze pude\u0142ko dziesi\u0119ciu naboj\u00f3w CO2 8g nadaje si\u0119 tylko do wyrzutni Byrna SD i HD. Ka\u017cdy nab\u00f3j (nowy) pozwala na wystrzelenie 15 do 20 sztuk amunicji z pe\u0142n\u0105 moc\u0105 (4 magazynki po 4 do 5 sztuk). Nab\u00f3j CO2, kt\u00f3ry zosta\u0142 wystrzelony i jest w u\u017cyciu musi by\u0107 u\u017cyty, a nie przechowywany w broni w celu p\u00f3\u017aniejszego odpalenia.<\/p>\n<p>Ze wzgl\u0119d\u00f3w bezpiecze\u0144stwa zawsze pozostawiaj w broni \u015bwie\u017cy nab\u00f3j CO2 do skutecznego u\u017cycia w razie potrzeby obrony.<\/p>\n<p><em>Nigdy nie wrzucaj pe\u0142nych lub pustych wk\u0142ad\u00f3w do ognia i poddawaj je recyklingowi wraz z materia\u0142ami metalowymi.<\/em><\/p>\n<p>\t\t\t\t<\/div>\n\t\t\t\t\t\t\t<\/div>\n\t\t<\/div><\/div><\/div><\/div><div class=\"vc_row wpb_row vc_row-fluid\"><div class=\"wpb_column vc_column_container vc_col-sm-12\"><div class=\"vc_column-inner\"><div class=\"wpb_wrapper\"><div id=\"wd-63628c5a5a928\" class=\"wd-button-wrapper text-left\"><a href=\"https:\/\/www.byrna-defense.com\/wp-content\/uploads\/2022\/11\/Byrna-CO2-Cylindre-FICHE-TECHNIQUE-1.pdf\" title=\"\" class=\"btn btn-color-primary btn-style-default btn-shape-semi-round btn-size-default btn-icon-pos-right\">Karta katalogowa<span class=\"wd-btn-icon\"><span class=\"wd-icon fas fa-arrow-circle-down\"><\/span><\/span><\/a><\/div><\/div><\/div><\/div><\/div>","protected":false},"excerpt":{"rendered":"<p>Opakowanie 10 x 8g naboj\u00f3w CO2 Byrna dedykowanych do wyrzutni Byrna SD i HD Pro.<\/p>","protected":false},"featured_media":9140,"comment_status":"closed","ping_status":"closed","template":"","meta":[],"product_brand":[],"product_cat":[42],"product_tag":[],"class_list":{"0":"post-7502","1":"product","2":"type-product","3":"status-publish","4":"has-post-thumbnail","6":"product_cat-accessoires","8":"first","9":"outofstock","10":"shipping-taxable","11":"purchasable","12":"product-type-simple"},"_links":{"self":[{"href":"https:\/\/www.byrna-defense.com\/pl\/wp-json\/wp\/v2\/product\/7502","targetHints":{"allow":["GET"]}}],"collection":[{"href":"https:\/\/www.byrna-defense.com\/pl\/wp-json\/wp\/v2\/product"}],"about":[{"href":"https:\/\/www.byrna-defense.com\/pl\/wp-json\/wp\/v2\/types\/product"}],"replies":[{"embeddable":true,"href":"https:\/\/www.byrna-defense.com\/pl\/wp-json\/wp\/v2\/comments?post=7502"}],"wp:featuredmedia":[{"embeddable":true,"href":"https:\/\/www.byrna-defense.com\/pl\/wp-json\/wp\/v2\/media\/9140"}],"wp:attachment":[{"href":"https:\/\/www.byrna-defense.com\/pl\/wp-json\/wp\/v2\/media?parent=7502"}],"wp:term":[{"taxonomy":"product_brand","embeddable":true,"href":"https:\/\/www.byrna-defense.com\/pl\/wp-json\/wp\/v2\/product_brand?post=7502"},{"taxonomy":"product_cat","embeddable":true,"href":"https:\/\/www.byrna-defense.com\/pl\/wp-json\/wp\/v2\/product_cat?post=7502"},{"taxonomy":"product_tag","embeddable":true,"href":"https:\/\/www.byrna-defense.com\/pl\/wp-json\/wp\/v2\/product_tag?post=7502"}],"curies":[{"name":"wp","href":"https:\/\/api.w.org\/{rel}","templated":true}]}}