{"id":8560,"date":"2022-11-02T14:57:32","date_gmt":"2022-11-02T13:57:32","guid":{"rendered":"https:\/\/www.byrna-defense.com\/?page_id=8560"},"modified":"2022-11-02T15:02:40","modified_gmt":"2022-11-02T14:02:40","slug":"a-propos","status":"publish","type":"page","link":"https:\/\/www.byrna-defense.com\/pl\/a-propos\/","title":{"rendered":"O nas"},"content":{"rendered":"<div class=\"vc_row wpb_row vc_row-fluid\"><div class=\"wpb_column vc_column_container vc_col-sm-12\"><div class=\"vc_column-inner\"><div class=\"wpb_wrapper\">\t\t<div id=\"gallery_220\" class=\"wd-images-gallery wd-justify-center wd-items-middle view-grid photoswipe-images\" >\n\t\t\t<div class=\"gallery-images row wd-spacing-0\">\n\t\t\t\t\t\t\t\t\t\t\t\t\t\t\t<div class=\"wd-gallery-item col-md-4 col-6\">\n\t\t\t\t\t\t\t\t\t\t\t\t\t\t<a href=\"https:\/\/www.byrna-defense.com\/wp-content\/uploads\/2022\/11\/Byrna_Technologies_Inc_Logo.webp\" data-elementor-open-lightbox=\"no\" data-index=\"1\" data-width=\"749\" data-height=\"278\"  >\n\t\t\t\t\t\t\t\t\t\t\t\t\t\t\t\t\n\t\t\t\t\t\t\t\t\t\t\t\t\t\t\t\t\t<img decoding=\"async\" class=\"wd-gallery-image image-1\" src=\"https:\/\/www.byrna-defense.com\/wp-content\/uploads\/2022\/11\/Byrna_Technologies_Inc_Logo.webp\" width=\"749\" height=\"278\" alt=\"Byrna_Technologies_Inc_Logo\" title=\"Byrna_Technologies_Inc_Logo\" \/>\t\t\t\t\t\t\t\t\t\t\t\t\t\t\t\t\n\t\t\t\t\t\t\t\t\n\t\t\t\t\t\t\t\t\t\t\t\t\t\t\t<\/a>\n\t\t\t\t\t\t\t\t\t\t\t\t<\/div>\n\t\t\t\t\t\t\t\t\t\t\t\t<\/div>\n\t\t<\/div>\n\t\t\t\t<div class=\"vc_empty_space\"   style=\"height: 32px\"><span class=\"vc_empty_space_inner\"><\/span><\/div>\t\n\t\t\t<div id=\"wd-63627846e46bf\" class=\"wd-text-block-wrapper wd-wpb color-scheme-custom wd-width-100 text-left\">\n\t\t\t\t<div class=\"woodmart-title-container woodmart-text-block reset-last-child font-primary wd-font-weight-400 wd-fontsize-l\">\n\t\t\t\t\tWymawiane <strong>bur-nah<\/strong>Byrna HD (Home Defense) to najlepsze w swojej klasie r\u0119czne urz\u0105dzenie bezpiecze\u0144stwa osobistego zasilane CO2. Byrna HD wystrzeliwuje pociski chemiczne dra\u017cni\u0105ce kalibru 68 wype\u0142nione bardzo silnym koktajlem OC (gaz pieprzowy) i CS (gaz \u0142zawi\u0105cy) w jednym strzale.<\/p>\n<p>Byrna HD mo\u017ce skutecznie odstrasza\u0107, dezorientowa\u0107 i rozbraja\u0107 potencjalnych napastnik\u00f3w w odleg\u0142o\u015bci do 18 metr\u00f3w. Kompaktowa konstrukcja Byrna HD jest idealna do ukrytego noszenia i mo\u017ce by\u0107 zabrana praktycznie wsz\u0119dzie.<\/p>\n<p>Do zakupu lub noszenia broni nie jest wymagane \u017cadne federalne pozwolenie lub licencja, nie ma okresu oczekiwania ani sprawdzania przesz\u0142o\u015bci, aby kupi\u0107 i posiada\u0107 Byrna HD.<\/p>\n<p>Byrna Technologies Inc. to firma z siedzib\u0105 w Massachusetts o d\u0142ugiej historii doskona\u0142o\u015bci w produkcji nie\u015bmierciono\u015bnej broni lokalnie i w okolicy. Byrna sprzedaje r\u00f3wnie\u017c nie\u015bmierciono\u015bn\u0105 amunicj\u0119 dla wojska oraz dla organ\u00f3w \u015bcigania i agencji korekcyjnych poprzez sw\u00f3j oddzia\u0142 Byrna Law Enforcement.\t\t\t\t<\/div>\n\t\t\t\t\t\t\t<\/div>\n\t\t<\/div><\/div><\/div><\/div><div class=\"vc_row wpb_row vc_row-fluid\"><div class=\"wpb_column vc_column_container vc_col-sm-12\"><div class=\"vc_column-inner\"><div class=\"wpb_wrapper\"><\/div><\/div><\/div><\/div>","protected":false},"excerpt":{"rendered":"Wymawiana jako bur-nah, Byrna HD (Home Defense) jest najlepszym r\u0119cznym urz\u0105dzeniem bezpiecze\u0144stwa osobistego zasilanym CO2 na rynku.","protected":false},"author":3,"featured_media":0,"parent":0,"menu_order":0,"comment_status":"closed","ping_status":"closed","template":"","meta":{"footnotes":""},"class_list":["post-8560","page","type-page","status-publish","hentry"],"_links":{"self":[{"href":"https:\/\/www.byrna-defense.com\/pl\/wp-json\/wp\/v2\/pages\/8560","targetHints":{"allow":["GET"]}}],"collection":[{"href":"https:\/\/www.byrna-defense.com\/pl\/wp-json\/wp\/v2\/pages"}],"about":[{"href":"https:\/\/www.byrna-defense.com\/pl\/wp-json\/wp\/v2\/types\/page"}],"author":[{"embeddable":true,"href":"https:\/\/www.byrna-defense.com\/pl\/wp-json\/wp\/v2\/users\/3"}],"replies":[{"embeddable":true,"href":"https:\/\/www.byrna-defense.com\/pl\/wp-json\/wp\/v2\/comments?post=8560"}],"version-history":[{"count":5,"href":"https:\/\/www.byrna-defense.com\/pl\/wp-json\/wp\/v2\/pages\/8560\/revisions"}],"predecessor-version":[{"id":8566,"href":"https:\/\/www.byrna-defense.com\/pl\/wp-json\/wp\/v2\/pages\/8560\/revisions\/8566"}],"wp:attachment":[{"href":"https:\/\/www.byrna-defense.com\/pl\/wp-json\/wp\/v2\/media?parent=8560"}],"curies":[{"name":"wp","href":"https:\/\/api.w.org\/{rel}","templated":true}]}}