{"id":8002,"date":"2022-10-11T15:37:36","date_gmt":"2022-10-11T13:37:36","guid":{"rendered":"http:\/\/preprod.byrna-defense.com\/www\/?page_id=8002"},"modified":"2024-02-05T14:20:02","modified_gmt":"2024-02-05T13:20:02","slug":"premiers-soins","status":"publish","type":"page","link":"https:\/\/www.byrna-defense.com\/pl\/premiers-soins\/","title":{"rendered":"Pierwsza pomoc"},"content":{"rendered":"<div class=\"vc_row wpb_row vc_row-fluid\"><div class=\"wpb_column vc_column_container vc_col-sm-12\"><div class=\"vc_column-inner\"><div class=\"wpb_wrapper\">\t\n\t\t\t<div id=\"wd-636248e963a91\" class=\"wd-text-block-wrapper wd-wpb color-scheme-custom wd-width-100 text-left vc_custom_1667385585161\">\n\t\t\t\t<div class=\"woodmart-title-container woodmart-text-block reset-last-child font-text wd-font-weight-400 wd-fontsize-m\">\n\t\t\t\t\tChemiczne substancje dra\u017cni\u0105ce mog\u0105 powodowa\u0107 powa\u017cne obra\u017cenia, trwa\u0142e kalectwo, a w rzadkich przypadkach \u015bmier\u0107. Dzieci, osoby starsze i osoby z chorobami przewlek\u0142ymi s\u0105 bardziej nara\u017cone na dzia\u0142anie chemicznych substancji dra\u017cni\u0105cych. Osoby z istniej\u0105cymi wcze\u015bniej schorzeniami uk\u0142adu oddechowego, takimi jak astma, prawdopodobnie b\u0119d\u0105 potrzebowa\u0142y pomocy medycznej, a czasami mog\u0105 wymaga\u0107 hospitalizacji lub nawet pomocy w oddychaniu. Nara\u017cenie sk\u00f3ry na CS mo\u017ce spowodowa\u0107 oparzenia chemiczne lub wywo\u0142a\u0107 alergiczne kontaktowe zapalenie sk\u00f3ry. Gdy ludzie s\u0105 dotkni\u0119ci z bliska lub s\u0105 powa\u017cnie nara\u017ceni, uszkodzenie oczu obejmuj\u0105ce blizny rog\u00f3wki mo\u017ce spowodowa\u0107 trwa\u0142\u0105 utrat\u0119 ostro\u015bci widzenia.\t\t\t\t<\/div>\n\t\t\t\t\t\t\t<\/div>\n\t\t<\/div><\/div><\/div><\/div><div class=\"vc_row wpb_row vc_row-fluid\"><div class=\"wpb_column vc_column_container vc_col-sm-12\"><div class=\"vc_column-inner\"><div class=\"wpb_wrapper\">\t\n\t\t\t<div id=\"wd-636248f4de5ba\" class=\"wd-text-block-wrapper wd-wpb color-scheme-custom wd-width-100 text-left\">\n\t\t\t\t<div class=\"woodmart-title-container woodmart-text-block reset-last-child font-text wd-font-weight-400 wd-fontsize-m\">\n\t\t\t\t\tW przypadku przypadkowego rozlania lub nara\u017cenia na dzia\u0142anie chemicznych substancji dra\u017cni\u0105cych, nale\u017cy niezw\u0142ocznie zasi\u0119gn\u0105\u0107 porady lekarza.<\/p>\n<ul>\n<li><strong>PO INHALACJI<\/strong> :<br \/>\nZapewni\u0107 \u015bwie\u017ce powietrze; w przypadku wyst\u0105pienia dolegliwo\u015bci skonsultowa\u0107 si\u0119 z lekarzem.<br \/>\nZapewni\u0107 leczenie tlenem, je\u015bli poszkodowany ma trudno\u015bci z oddychaniem.<\/li>\n<li><strong>PO KONTAKCIE ZE SK\u00d3R\u0104<\/strong> :<br \/>\nNatychmiast umy\u0107 wod\u0105 z myd\u0142em i dok\u0142adnie sp\u0142uka\u0107.<br \/>\nW przypadku wyst\u0105pienia podra\u017cnienia sk\u00f3ry lub wysypki: Zasi\u0119gn\u0105\u0107 porady\/zg\u0142osi\u0107 si\u0119 pod opiek\u0119 lekarza.<\/li>\n<li><strong>PO KONTAKCIE WZROKOWYM<\/strong> :<br \/>\nWyj\u0105\u0107 soczewki kontaktowe, je\u015bli si\u0119 je nosi.<br \/>\nP\u0142uka\u0107 otwarte oko (oczy) przez kilka minut pod bie\u017c\u0105c\u0105 wod\u0105. Je\u015bli objawy nie ust\u0119puj\u0105, nale\u017cy skonsultowa\u0107 si\u0119 z lekarzem.<\/li>\n<li><strong>PO SPO\u017bYCIU<\/strong> :<br \/>\nPrzep\u0142ucz usta i wypij du\u017c\u0105 ilo\u015b\u0107 wody.<br \/>\nNie wywo\u0142ywa\u0107 wymiot\u00f3w; natychmiast zasi\u0119gn\u0105\u0107 porady lekarza.<\/li>\n<li><strong>NAJWA\u017bNIEJSZE OBJAWY I SKUTKI, ZAR\u00d3WNO OSTRE, JAK I OP\u00d3\u0179NIONE<\/strong> :<br \/>\nMo\u017ce powodowa\u0107 podra\u017cnienie dr\u00f3g oddechowych.<br \/>\nKaszel.<br \/>\nTrudno\u015bci z oddychaniem.<br \/>\nPowoduje podra\u017cnienie oczu.<br \/>\nReakcje alergiczne.<\/li>\n<li><strong>NIEBEZPIECZE\u0143STWO<\/strong> :<br \/>\nPodejrzewa si\u0119, \u017ce powoduje raka. Droga nara\u017cenia: inhalacja.<\/li>\n<\/ul>\n<p><strong>WSKAZANIE WSZELKIEJ NATYCHMIASTOWEJ POMOCY LEKARSKIEJ I WYMAGANEGO SPECJALNEGO TRAKTOWANIA<\/strong> :<br \/>\nLeczenie objawowe.<br \/>\nZawiera N-vanillylnonanamide. Mo\u017ce wywo\u0142a\u0107 reakcj\u0119 alergiczn\u0105.\t\t\t\t<\/div>\n\t\t\t\t\t\t\t<\/div>\n\t\t<\/div><\/div><\/div><\/div><div class=\"vc_row wpb_row vc_row-fluid vc_row-o-equal-height vc_row-o-content-middle vc_row-flex\"><div class=\"wpb_column vc_column_container vc_col-sm-6\"><div class=\"vc_column-inner\"><div class=\"wpb_wrapper\">\t\t\t<div class=\"info-box-wrapper\">\n\t\t\t\t<div id=\"wd-63624cf66ffd4\" class=\"wd-info-box wd-wpb text-left box-icon-align-left box-style-border color-scheme-light wd-bg-none\"  >\n\t\t\t\t\t\t\t\t\t\t\t<div class=\"box-icon-wrapper  box-with-icon box-icon-simple\">\n\t\t\t\t\t\t\t<div class=\"info-box-icon\">\n\n\t\t\t\t\t\t\t\n\t\t\t\t\t\t\t\t\t\t\t\t\t\t\t\t\t<img decoding=\"async\" class=\"info-icon image-1\" src=\"https:\/\/www.byrna-defense.com\/wp-content\/uploads\/2022\/10\/Byrna_render_Max_1ct-150x150.webp\" width=\"150\" height=\"150\" alt=\"Byrna_render_Max_1ct\" title=\"Byrna_render_Max_1ct\" \/>\t\t\t\t\t\t\t\t\t\t\t\t\t\t\t\t\n\t\t\t\t\t\t\t\n\t\t\t\t\t\t\t<\/div>\n\t\t\t\t\t\t<\/div>\n\t\t\t\t\t\t\t\t\t\t<div class=\"info-box-content\">\n\t\t\t\t\t\t<div class=\"info-box-subtitle wd-fontsize-xs subtitle-style-default wd-font-weight-700\">Projektory Byrna Max<\/div><h4 class=\"info-box-title title wd-font-weight-400 box-title-style-default wd-fontsize-m\">Zastosowanie: Samoobrona<br \/>\nFormu\u0142a: OC, CS, PAVA<\/h4>\t\t\t\t\t\t<div class=\"info-box-inner set-cont-mb-s reset-last-child\">\n\t\t\t\t\t\t\t\t\t\t\t\t\t<\/div>\n\n\t\t\t\t\t\t\t\t\t\t\t\t\n\t\t\t\t\t<\/div>\n\n\t\t\t\t\t<style>#wd-63624cf66ffd4 .info-box-subtitle{background-color:  !important;}<\/style>\t\t\t\t<\/div>\n\t\t\t<\/div>\n\t\t<\/div><\/div><\/div><div class=\"wpb_column vc_column_container vc_col-sm-6\"><div class=\"vc_column-inner\"><div class=\"wpb_wrapper\"><div id=\"wd-63624d25ce89c\" class=\"wd-button-wrapper text-center\"><a href=\"https:\/\/www.byrna-defense.com\/wp-content\/uploads\/2022\/10\/Fiche-de-donne\u0301es-se\u0301curite\u0301-BYRNA-MAX-PROJECTILE-SDS.pdf\" title=\"\" class=\"btn btn-color-primary btn-style-default btn-shape-rectangle btn-size-default\">Karta charakterystyki<\/a><\/div><\/div><\/div><\/div><\/div><div class=\"vc_row wpb_row vc_row-fluid vc_row-o-equal-height vc_row-o-content-middle vc_row-flex\"><div class=\"wpb_column vc_column_container vc_col-sm-6\"><div class=\"vc_column-inner\"><div class=\"wpb_wrapper\">\t\t\t<div class=\"info-box-wrapper\">\n\t\t\t\t<div id=\"wd-63624e7adf422\" class=\"wd-info-box wd-wpb text-left box-icon-align-left box-style-border color-scheme-light wd-bg-none\"  >\n\t\t\t\t\t\t\t\t\t\t\t<div class=\"box-icon-wrapper  box-with-icon box-icon-simple\">\n\t\t\t\t\t\t\t<div class=\"info-box-icon\">\n\n\t\t\t\t\t\t\t\n\t\t\t\t\t\t\t\t\t\t\t\t\t\t\t\t\t<img decoding=\"async\" class=\"info-icon image-1\" src=\"https:\/\/www.byrna-defense.com\/wp-content\/uploads\/2022\/10\/Red_Grey_Pepper-150x150.webp\" width=\"150\" height=\"150\" alt=\"Red_Grey_Pepper\" title=\"Red_Grey_Pepper\" \/>\t\t\t\t\t\t\t\t\t\t\t\t\t\t\t\t\n\t\t\t\t\t\t\t\n\t\t\t\t\t\t\t<\/div>\n\t\t\t\t\t\t<\/div>\n\t\t\t\t\t\t\t\t\t\t<div class=\"info-box-content\">\n\t\t\t\t\t\t<div class=\"info-box-subtitle wd-fontsize-xs subtitle-style-default wd-font-weight-700\">Projektory Byrna Pepper<\/div><h4 class=\"info-box-title title wd-font-weight-400 box-title-style-default wd-fontsize-m\">Zastosowanie: Samoobrona<br \/>\nFormu\u0142a: OC, PAVA<\/h4>\t\t\t\t\t\t<div class=\"info-box-inner set-cont-mb-s reset-last-child\">\n\t\t\t\t\t\t\t\t\t\t\t\t\t<\/div>\n\n\t\t\t\t\t\t\t\t\t\t\t\t\n\t\t\t\t\t<\/div>\n\n\t\t\t\t\t<style>#wd-63624e7adf422 .info-box-subtitle{background-color:  !important;}<\/style>\t\t\t\t<\/div>\n\t\t\t<\/div>\n\t\t<\/div><\/div><\/div><div class=\"wpb_column vc_column_container vc_col-sm-6\"><div class=\"vc_column-inner\"><div class=\"wpb_wrapper\"><div id=\"wd-65c0e01145157\" class=\"wd-button-wrapper text-center\"><a href=\"https:\/\/www.byrna-defense.com\/wp-content\/uploads\/2022\/10\/Fiche-de-donne%CC%81es-se%CC%81curite%CC%81-BYRNA-PEPPER-PROJECTILE-SDS.pdf\" title=\"\" class=\"btn btn-color-primary btn-style-default btn-shape-rectangle btn-size-default\">Karta charakterystyki<\/a><\/div><\/div><\/div><\/div><\/div><div class=\"vc_row wpb_row vc_row-fluid vc_row-o-equal-height vc_row-o-content-middle vc_row-flex\"><div class=\"wpb_column vc_column_container vc_col-sm-6\"><div class=\"vc_column-inner\"><div class=\"wpb_wrapper\">\t\t\t<div class=\"info-box-wrapper\">\n\t\t\t\t<div id=\"wd-6362747c9d442\" class=\"wd-info-box wd-wpb text-left box-icon-align-left box-style-border color-scheme-light wd-bg-none\"  >\n\t\t\t\t\t\t\t\t\t\t\t<div class=\"box-icon-wrapper  box-with-icon box-icon-simple\">\n\t\t\t\t\t\t\t<div class=\"info-box-icon\">\n\n\t\t\t\t\t\t\t\n\t\t\t\t\t\t\t\t\t\t\t\t\t\t\t\t\t<img decoding=\"async\" class=\"info-icon image-1\" src=\"https:\/\/www.byrna-defense.com\/wp-content\/uploads\/2022\/10\/Pro-Training-Single-150x150.webp\" width=\"150\" height=\"150\" alt=\"Pro-Training-Single\" title=\"Pro-Training-Single\" \/>\t\t\t\t\t\t\t\t\t\t\t\t\t\t\t\t\n\t\t\t\t\t\t\t\n\t\t\t\t\t\t\t<\/div>\n\t\t\t\t\t\t<\/div>\n\t\t\t\t\t\t\t\t\t\t<div class=\"info-box-content\">\n\t\t\t\t\t\t<div class=\"info-box-subtitle wd-fontsize-xs subtitle-style-default wd-font-weight-700\">Projektory szkoleniowe Byrna<\/div><h4 class=\"info-box-title title wd-font-weight-400 box-title-style-default wd-fontsize-m\">Zastosowanie: Trening \/ Samoobrona<br \/>\nFormu\u0142a: Talk<\/h4>\t\t\t\t\t\t<div class=\"info-box-inner set-cont-mb-s reset-last-child\">\n\t\t\t\t\t\t\t\t\t\t\t\t\t<\/div>\n\n\t\t\t\t\t\t\t\t\t\t\t\t\n\t\t\t\t\t<\/div>\n\n\t\t\t\t\t<style>#wd-6362747c9d442 .info-box-subtitle{background-color:  !important;}<\/style>\t\t\t\t<\/div>\n\t\t\t<\/div>\n\t\t<\/div><\/div><\/div><div class=\"wpb_column vc_column_container vc_col-sm-6\"><div class=\"vc_column-inner\"><div class=\"wpb_wrapper\"><div id=\"wd-636274ac7a06f\" class=\"wd-button-wrapper text-center\"><a href=\"https:\/\/www.byrna-defense.com\/wp-content\/uploads\/2022\/10\/Fiche-de-donne\u0301es-se\u0301curite\u0301-BYRNA-PRO-TRAINING-PROJECTILE-SDS.pdf\" title=\"\" class=\"btn btn-color-primary btn-style-default btn-shape-rectangle btn-size-default\">Karta charakterystyki<\/a><\/div><\/div><\/div><\/div><\/div><div class=\"vc_row wpb_row vc_row-fluid vc_row-o-equal-height vc_row-o-content-middle vc_row-flex\"><div class=\"wpb_column vc_column_container vc_col-sm-6\"><div class=\"vc_column-inner\"><div class=\"wpb_wrapper\">\t\t\t<div class=\"info-box-wrapper\">\n\t\t\t\t<div id=\"wd-636274b543933\" class=\"wd-info-box wd-wpb text-left box-icon-align-left box-style-border color-scheme-light wd-bg-none\"  >\n\t\t\t\t\t\t\t\t\t\t\t<div class=\"box-icon-wrapper  box-with-icon box-icon-simple\">\n\t\t\t\t\t\t\t<div class=\"info-box-icon\">\n\n\t\t\t\t\t\t\t\n\t\t\t\t\t\t\t\t\t\t\t\t\t\t\t\t\t<img decoding=\"async\" class=\"info-icon image-1\" src=\"https:\/\/www.byrna-defense.com\/wp-content\/uploads\/2022\/10\/Byrna_render_Eco_Kinetic_1ct-150x150.webp\" width=\"150\" height=\"150\" alt=\"Byrna_render_Eco_Kinetic_1ct\" title=\"Byrna_render_Eco_Kinetic_1ct\" \/>\t\t\t\t\t\t\t\t\t\t\t\t\t\t\t\t\n\t\t\t\t\t\t\t\n\t\t\t\t\t\t\t<\/div>\n\t\t\t\t\t\t<\/div>\n\t\t\t\t\t\t\t\t\t\t<div class=\"info-box-content\">\n\t\t\t\t\t\t<div class=\"info-box-subtitle wd-fontsize-xs subtitle-style-default wd-font-weight-700\">Projektory do szkole\u0144 ekologicznych Byrna<\/div><h4 class=\"info-box-title title wd-font-weight-400 box-title-style-default wd-fontsize-m\">Zastosowanie: Szkolenie<br \/>\nFormu\u0142a: tworzywo sztuczne rozpuszczalne w wodzie<\/h4>\t\t\t\t\t\t<div class=\"info-box-inner set-cont-mb-s reset-last-child\">\n\t\t\t\t\t\t\t\t\t\t\t\t\t<\/div>\n\n\t\t\t\t\t\t\t\t\t\t\t\t\n\t\t\t\t\t<\/div>\n\n\t\t\t\t\t<style>#wd-636274b543933 .info-box-subtitle{background-color:  !important;}<\/style>\t\t\t\t<\/div>\n\t\t\t<\/div>\n\t\t<\/div><\/div><\/div><div class=\"wpb_column vc_column_container vc_col-sm-6\"><div class=\"vc_column-inner\"><div class=\"wpb_wrapper\"><div id=\"wd-636274ec54f73\" class=\"wd-button-wrapper text-center\"><a href=\"https:\/\/www.byrna-defense.com\/wp-content\/uploads\/2022\/10\/Fiche-de-donne\u0301es-se\u0301curite\u0301-BYRNA-ECO-KINETIC-PROJECTILE-SDS.pdf\" title=\"\" class=\"btn btn-color-primary btn-style-default btn-shape-rectangle btn-size-default\">Karta charakterystyki<\/a><\/div><\/div><\/div><\/div><\/div>","protected":false},"excerpt":{"rendered":"Chemiczne substancje dra\u017cni\u0105ce mog\u0105 powodowa\u0107 powa\u017cne obra\u017cenia, trwa\u0142e kalectwo, a w rzadkich przypadkach nawet \u015bmier\u0107. Dzieci,","protected":false},"author":1,"featured_media":0,"parent":0,"menu_order":0,"comment_status":"closed","ping_status":"closed","template":"","meta":{"footnotes":""},"class_list":["post-8002","page","type-page","status-publish","hentry"],"_links":{"self":[{"href":"https:\/\/www.byrna-defense.com\/pl\/wp-json\/wp\/v2\/pages\/8002","targetHints":{"allow":["GET"]}}],"collection":[{"href":"https:\/\/www.byrna-defense.com\/pl\/wp-json\/wp\/v2\/pages"}],"about":[{"href":"https:\/\/www.byrna-defense.com\/pl\/wp-json\/wp\/v2\/types\/page"}],"author":[{"embeddable":true,"href":"https:\/\/www.byrna-defense.com\/pl\/wp-json\/wp\/v2\/users\/1"}],"replies":[{"embeddable":true,"href":"https:\/\/www.byrna-defense.com\/pl\/wp-json\/wp\/v2\/comments?post=8002"}],"version-history":[{"count":28,"href":"https:\/\/www.byrna-defense.com\/pl\/wp-json\/wp\/v2\/pages\/8002\/revisions"}],"predecessor-version":[{"id":9150,"href":"https:\/\/www.byrna-defense.com\/pl\/wp-json\/wp\/v2\/pages\/8002\/revisions\/9150"}],"wp:attachment":[{"href":"https:\/\/www.byrna-defense.com\/pl\/wp-json\/wp\/v2\/media?parent=8002"}],"curies":[{"name":"wp","href":"https:\/\/api.w.org\/{rel}","templated":true}]}}