{"id":7985,"date":"2022-10-11T15:13:19","date_gmt":"2022-10-11T13:13:19","guid":{"rendered":"http:\/\/preprod.byrna-defense.com\/www\/?page_id=7985"},"modified":"2022-10-13T17:18:14","modified_gmt":"2022-10-13T15:18:14","slug":"avis","status":"publish","type":"page","link":"https:\/\/www.byrna-defense.com\/pl\/avis\/","title":{"rendered":"Uwaga"},"content":{"rendered":"<div class=\"vc_row wpb_row vc_row-fluid\"><div class=\"wpb_column vc_column_container vc_col-sm-12\"><div class=\"vc_column-inner\"><div class=\"wpb_wrapper\">\t\t\n\t\t<div id=\"wd-63456bded8699\" class=\"title-wrapper wd-wpb set-mb-s reset-last-child  wd-title-color-default wd-title-style-default wd-width-100 text-center\">\n\t\t\t\n\t\t\t<div class=\"liner-continer\">\n\t\t\t\t<h4 class=\"woodmart-title-container title  wd-font-weight- wd-fontsize-l\" >Sprawd\u017a niekt\u00f3re z recenzji poni\u017cej<\/h4>\n\t\t\t\t\t\t\t<\/div>\n\t\t\t\n\t\t\t\n\t\t\t\t\t<\/div>\n\t\t\n\t\t<\/div><\/div><\/div><\/div><div class=\"vc_row wpb_row vc_row-fluid\"><div class=\"wpb_column vc_column_container vc_col-sm-4\"><div class=\"vc_column-inner\"><div class=\"wpb_wrapper\">\t\t\t\n\t\t\t<div id=\"carousel-8523\" class=\"testimonials testimonials-wrapper testimonials-slider testimon-style-standard testimon-align-center   wd-carousel-container wd-carousel-spacing-30\" data-owl-carousel data-desktop=\"1\" data-tablet_landscape=\"1\" data-tablet=\"1\" data-mobile=\"1\">\n\t\t\t\t<div class=\"owl-carousel owl-items-lg-1 owl-items-md-1 owl-items-sm-1 owl-items-xs-1\" >\n\t\t\t\t\t\n\t\t\t<div class=\"testimonial column\" >\n\t\t\t\t<div class=\"testimonial-inner\">\n\t\t\t\t\t\t\t\t\t\t\t<div class=\"testimonial-avatar\">\n\t\t\t\t\t\t\t<img decoding=\"async\" class=\"testimonial-avatar-image\" src=\"https:\/\/www.byrna-defense.com\/wp-content\/uploads\/2022\/10\/original-100x100.jpg\" width=\"100\" height=\"100\" alt=\"original\" title=\"orygina\u0142\" \/>\t\t\t\t\t\t<\/div>\n\t\t\t\t\t\t\t\t\t\t<div class=\"testimonial-content\">\n\t\t\t\t\t\t<div class=\"testimonial-rating\">\n\t\t\t\t\t\t\t<span class=\"star-rating\">\n\t\t\t\t\t\t\t\t<span style=\"width:100%\"><\/span>\n\t\t\t\t\t\t\t<\/span>\n\t\t\t\t\t\t<\/div>\n\t\t\t\t\t\t<img decoding=\"async\" class=\"aligncenter wp-image-7990\" src=\"https:\/\/www.byrna-defense.com\/wp-content\/uploads\/2022\/10\/avis_5etoiles.jpg\" alt=\"\" width=\"90\" height=\"20\" srcset=\"https:\/\/www.byrna-defense.com\/wp-content\/uploads\/2022\/10\/avis_5etoiles.jpg 291w, https:\/\/www.byrna-defense.com\/wp-content\/uploads\/2022\/10\/avis_5etoiles-18x4.jpg 18w, https:\/\/www.byrna-defense.com\/wp-content\/uploads\/2022\/10\/avis_5etoiles-75x17.jpg 75w\" sizes=\"(max-width: 90px) 100vw, 90px\" \/><\/p>\n<p style=\"text-align: center;\">Zestaw (oczywi\u015bcie r\u00f3\u017cowy) dosta\u0142em dla \u017cony jako niespodziank\u0119 - uwielbia go! W\u0142a\u015bnie zam\u00f3wi\u0142em wi\u0119cej kanistr\u00f3w z gazem i amunicj\u0119 treningow\u0105.<br \/>\nSam pistolet sprawia wra\u017cenie bardzo wygodnego i \u0142atwego w obs\u0142udze. B\u0119dzie trzyma\u0107 go w torebce, aby przej\u015b\u0107 z biura do samochodu, poniewa\u017c jej biuro znajduje si\u0119 w z\u0142ej dzielnicy.<\/p>\n<p>\t\t\t\t\t\t<footer>\n\t\t\t\t\t\t\tMicha\u0142 G\t\t\t\t\t\t\t\t\t\t\t\t\t\t\t<span>Zweryfikowany Kupuj\u0105cy<\/span>\n\t\t\t\t\t\t\t\t\t\t\t\t\t<\/footer>\n\t\t\t\t\t<\/div>\n\t\t\t\t<\/div>\n\t\t\t<\/div>\n\n\t\t\t\t\t\t<\/div>\n\t\t\t<\/div>\n\t\t<\/div><\/div><\/div><div class=\"wpb_column vc_column_container vc_col-sm-4\"><div class=\"vc_column-inner\"><div class=\"wpb_wrapper\">\t\t\t\n\t\t\t<div id=\"carousel-4278\" class=\"testimonials testimonials-wrapper testimonials-slider testimon-style-standard testimon-align-center   wd-carousel-container wd-carousel-spacing-30\" data-owl-carousel data-desktop=\"1\" data-tablet_landscape=\"1\" data-tablet=\"1\" data-mobile=\"1\">\n\t\t\t\t<div class=\"owl-carousel owl-items-lg-1 owl-items-md-1 owl-items-sm-1 owl-items-xs-1\" >\n\t\t\t\t\t\n\t\t\t<div class=\"testimonial column\" >\n\t\t\t\t<div class=\"testimonial-inner\">\n\t\t\t\t\t\t\t\t\t\t\t<div class=\"testimonial-avatar\">\n\t\t\t\t\t\t\t<img decoding=\"async\" class=\"testimonial-avatar-image\" src=\"https:\/\/www.byrna-defense.com\/wp-content\/uploads\/2022\/10\/original-1-100x100.jpg\" width=\"100\" height=\"100\" alt=\"original (1)\" title=\"orygina\u0142 (1)\" \/>\t\t\t\t\t\t<\/div>\n\t\t\t\t\t\t\t\t\t\t<div class=\"testimonial-content\">\n\t\t\t\t\t\t<div class=\"testimonial-rating\">\n\t\t\t\t\t\t\t<span class=\"star-rating\">\n\t\t\t\t\t\t\t\t<span style=\"width:100%\"><\/span>\n\t\t\t\t\t\t\t<\/span>\n\t\t\t\t\t\t<\/div>\n\t\t\t\t\t\t<img decoding=\"async\" class=\"aligncenter wp-image-7990\" src=\"https:\/\/www.byrna-defense.com\/wp-content\/uploads\/2022\/10\/avis_5etoiles.jpg\" alt=\"\" width=\"90\" height=\"20\" srcset=\"https:\/\/www.byrna-defense.com\/wp-content\/uploads\/2022\/10\/avis_5etoiles.jpg 291w, https:\/\/www.byrna-defense.com\/wp-content\/uploads\/2022\/10\/avis_5etoiles-18x4.jpg 18w, https:\/\/www.byrna-defense.com\/wp-content\/uploads\/2022\/10\/avis_5etoiles-75x17.jpg 75w\" sizes=\"(max-width: 90px) 100vw, 90px\" \/><\/p>\n<p style=\"text-align: center;\">Najlepsza nie\u015bmierciono\u015bna alternatywa na rynku. Fajnie jest po\u0107wiczy\u0107 celowanie. Czuj\u0119, \u017ce w Kalifornii musz\u0119 by\u0107 kreatywny w tym, co robi\u0119, aby chroni\u0107 rodzin\u0119 i w\u0142asno\u015b\u0107. Alternatywa kenetyczna na razie wystarczy. Dzi\u0119kuj\u0119 Bryanowi za geniusz, kt\u00f3ry trzeba by\u0142o stworzy\u0107, i za marketing, \u017ceby to wysz\u0142o i by\u0142o znane.<\/p>\n<p>\t\t\t\t\t\t<footer>\n\t\t\t\t\t\t\tLawrence B\t\t\t\t\t\t\t\t\t\t\t\t\t\t\t<span>Zweryfikowany Kupuj\u0105cy<\/span>\n\t\t\t\t\t\t\t\t\t\t\t\t\t<\/footer>\n\t\t\t\t\t<\/div>\n\t\t\t\t<\/div>\n\t\t\t<\/div>\n\n\t\t\t\t\t\t<\/div>\n\t\t\t<\/div>\n\t\t<\/div><\/div><\/div><div class=\"wpb_column vc_column_container vc_col-sm-4\"><div class=\"vc_column-inner\"><div class=\"wpb_wrapper\">\t\t\t\n\t\t\t<div id=\"carousel-8262\" class=\"testimonials testimonials-wrapper testimonials-slider testimon-style-standard testimon-align-center   wd-carousel-container wd-carousel-spacing-30\" data-owl-carousel data-desktop=\"1\" data-tablet_landscape=\"1\" data-tablet=\"1\" data-mobile=\"1\">\n\t\t\t\t<div class=\"owl-carousel owl-items-lg-1 owl-items-md-1 owl-items-sm-1 owl-items-xs-1\" >\n\t\t\t\t\t\n\t\t\t<div class=\"testimonial column\" >\n\t\t\t\t<div class=\"testimonial-inner\">\n\t\t\t\t\t\t\t\t\t\t\t<div class=\"testimonial-avatar\">\n\t\t\t\t\t\t\t<img decoding=\"async\" class=\"testimonial-avatar-image\" src=\"https:\/\/www.byrna-defense.com\/wp-content\/uploads\/2022\/10\/original-2-100x100.jpg\" width=\"100\" height=\"100\" alt=\"original (2)\" title=\"orygina\u0142 (2)\" \/>\t\t\t\t\t\t<\/div>\n\t\t\t\t\t\t\t\t\t\t<div class=\"testimonial-content\">\n\t\t\t\t\t\t<div class=\"testimonial-rating\">\n\t\t\t\t\t\t\t<span class=\"star-rating\">\n\t\t\t\t\t\t\t\t<span style=\"width:100%\"><\/span>\n\t\t\t\t\t\t\t<\/span>\n\t\t\t\t\t\t<\/div>\n\t\t\t\t\t\t<img decoding=\"async\" class=\"wp-image-7990 aligncenter\" src=\"https:\/\/www.byrna-defense.com\/wp-content\/uploads\/2022\/10\/avis_5etoiles.jpg\" alt=\"\" width=\"90\" height=\"20\" srcset=\"https:\/\/www.byrna-defense.com\/wp-content\/uploads\/2022\/10\/avis_5etoiles.jpg 291w, https:\/\/www.byrna-defense.com\/wp-content\/uploads\/2022\/10\/avis_5etoiles-18x4.jpg 18w, https:\/\/www.byrna-defense.com\/wp-content\/uploads\/2022\/10\/avis_5etoiles-75x17.jpg 75w\" sizes=\"(max-width: 90px) 100vw, 90px\" \/><\/p>\n<p style=\"text-align: center;\">Nie jest to pierwszy nie\u015bmierciono\u015bny wepon do samoobrony, kt\u00f3ry zakupi\u0142em, ale b\u0119dzie to ostatni. Posiadam paralizator impulsowy wraz z Tippmannem TPIX, kt\u00f3ry jest sprzedawany przez s\u00f3l. Tippman by\u0142 moim przedmiotem obrony domowej, a paralizator zawsze nosi\u0142em na sobie. Ja swojego pierwszego byrna kupi\u0142em po to, \u017ceby przy noszeniu mie\u0107 pod r\u0119k\u0105 wi\u0119cej strza\u0142\u00f3w ni\u017c w przypadku tasera pulsacyjnego.<\/p>\n<p>\t\t\t\t\t\t<footer>\n\t\t\t\t\t\t\tRon M\t\t\t\t\t\t\t\t\t\t\t\t\t\t\t<span>Zweryfikowany Kupuj\u0105cy<\/span>\n\t\t\t\t\t\t\t\t\t\t\t\t\t<\/footer>\n\t\t\t\t\t<\/div>\n\t\t\t\t<\/div>\n\t\t\t<\/div>\n\n\t\t\t\t\t\t<\/div>\n\t\t\t<\/div>\n\t\t<\/div><\/div><\/div><\/div><div class=\"vc_row wpb_row vc_row-fluid\"><div class=\"wpb_column vc_column_container vc_col-sm-12\"><div class=\"vc_column-inner\"><div class=\"wpb_wrapper\"><div class=\"vc_empty_space\"   style=\"height: 32px\"><span class=\"vc_empty_space_inner\"><\/span><\/div><\/div><\/div><\/div><\/div><div class=\"vc_row wpb_row vc_row-fluid\"><div class=\"wpb_column vc_column_container vc_col-sm-4\"><div class=\"vc_column-inner\"><div class=\"wpb_wrapper\">\t\t\t\n\t\t\t<div id=\"carousel-4086\" class=\"testimonials testimonials-wrapper testimonials-slider testimon-style-standard testimon-align-center   wd-carousel-container wd-carousel-spacing-30\" data-owl-carousel data-desktop=\"1\" data-tablet_landscape=\"1\" data-tablet=\"1\" data-mobile=\"1\">\n\t\t\t\t<div class=\"owl-carousel owl-items-lg-1 owl-items-md-1 owl-items-sm-1 owl-items-xs-1\" >\n\t\t\t\t\t\n\t\t\t<div class=\"testimonial column\" >\n\t\t\t\t<div class=\"testimonial-inner\">\n\t\t\t\t\t\t\t\t\t\t\t<div class=\"testimonial-avatar\">\n\t\t\t\t\t\t\t<img decoding=\"async\" class=\"testimonial-avatar-image\" src=\"https:\/\/www.byrna-defense.com\/wp-content\/uploads\/2022\/10\/original-3-100x100.jpg\" width=\"100\" height=\"100\" alt=\"original (3)\" title=\"orygina\u0142 (3)\" \/>\t\t\t\t\t\t<\/div>\n\t\t\t\t\t\t\t\t\t\t<div class=\"testimonial-content\">\n\t\t\t\t\t\t<div class=\"testimonial-rating\">\n\t\t\t\t\t\t\t<span class=\"star-rating\">\n\t\t\t\t\t\t\t\t<span style=\"width:100%\"><\/span>\n\t\t\t\t\t\t\t<\/span>\n\t\t\t\t\t\t<\/div>\n\t\t\t\t\t\t<img decoding=\"async\" class=\"wp-image-7990 aligncenter\" src=\"https:\/\/www.byrna-defense.com\/wp-content\/uploads\/2022\/10\/avis_5etoiles.jpg\" alt=\"\" width=\"90\" height=\"20\" srcset=\"https:\/\/www.byrna-defense.com\/wp-content\/uploads\/2022\/10\/avis_5etoiles.jpg 291w, https:\/\/www.byrna-defense.com\/wp-content\/uploads\/2022\/10\/avis_5etoiles-18x4.jpg 18w, https:\/\/www.byrna-defense.com\/wp-content\/uploads\/2022\/10\/avis_5etoiles-75x17.jpg 75w\" sizes=\"(max-width: 90px) 100vw, 90px\" \/><\/p>\n<p style=\"text-align: center;\">Uwielbiam to... Mam bro\u0144, ale po prostu uczucie A non-lethal spos\u00f3b to niesamowite i mniej b\u00f3l g\u0142owy<\/p>\n<p>\t\t\t\t\t\t<footer>\n\t\t\t\t\t\t\tJose A\t\t\t\t\t\t\t\t\t\t\t\t\t\t\t<span>Zweryfikowany Kupuj\u0105cy<\/span>\n\t\t\t\t\t\t\t\t\t\t\t\t\t<\/footer>\n\t\t\t\t\t<\/div>\n\t\t\t\t<\/div>\n\t\t\t<\/div>\n\n\t\t\t\t\t\t<\/div>\n\t\t\t<\/div>\n\t\t<\/div><\/div><\/div><div class=\"wpb_column vc_column_container vc_col-sm-4\"><div class=\"vc_column-inner\"><div class=\"wpb_wrapper\">\t\t\t\n\t\t\t<div id=\"carousel-2836\" class=\"testimonials testimonials-wrapper testimonials-slider testimon-style-standard testimon-align-center   wd-carousel-container wd-carousel-spacing-30\" data-owl-carousel data-desktop=\"1\" data-tablet_landscape=\"1\" data-tablet=\"1\" data-mobile=\"1\">\n\t\t\t\t<div class=\"owl-carousel owl-items-lg-1 owl-items-md-1 owl-items-sm-1 owl-items-xs-1\" >\n\t\t\t\t\t\n\t\t\t<div class=\"testimonial column\" >\n\t\t\t\t<div class=\"testimonial-inner\">\n\t\t\t\t\t\t\t\t\t\t\t<div class=\"testimonial-avatar\">\n\t\t\t\t\t\t\t<img decoding=\"async\" class=\"testimonial-avatar-image\" src=\"https:\/\/www.byrna-defense.com\/wp-content\/uploads\/2022\/10\/original-5-100x100.jpg\" width=\"100\" height=\"100\" alt=\"original (5)\" title=\"orygina\u0142 (5)\" \/>\t\t\t\t\t\t<\/div>\n\t\t\t\t\t\t\t\t\t\t<div class=\"testimonial-content\">\n\t\t\t\t\t\t<div class=\"testimonial-rating\">\n\t\t\t\t\t\t\t<span class=\"star-rating\">\n\t\t\t\t\t\t\t\t<span style=\"width:100%\"><\/span>\n\t\t\t\t\t\t\t<\/span>\n\t\t\t\t\t\t<\/div>\n\t\t\t\t\t\t<img decoding=\"async\" class=\"aligncenter wp-image-7990\" src=\"https:\/\/www.byrna-defense.com\/wp-content\/uploads\/2022\/10\/avis_5etoiles.jpg\" alt=\"\" width=\"90\" height=\"20\" srcset=\"https:\/\/www.byrna-defense.com\/wp-content\/uploads\/2022\/10\/avis_5etoiles.jpg 291w, https:\/\/www.byrna-defense.com\/wp-content\/uploads\/2022\/10\/avis_5etoiles-18x4.jpg 18w, https:\/\/www.byrna-defense.com\/wp-content\/uploads\/2022\/10\/avis_5etoiles-75x17.jpg 75w\" sizes=\"(max-width: 90px) 100vw, 90px\" \/><\/p>\n<p style=\"text-align: center;\">Dzia\u0142a \u015bwietnie, nie chcia\u0142bym dosta\u0107 nim w twarz. To by\u0142oby naprawd\u0119 do bani!<\/p>\n<p>\t\t\t\t\t\t<footer>\n\t\t\t\t\t\t\tCurtis W\t\t\t\t\t\t\t\t\t\t\t\t\t\t\t<span>Zweryfikowany Kupuj\u0105cy<\/span>\n\t\t\t\t\t\t\t\t\t\t\t\t\t<\/footer>\n\t\t\t\t\t<\/div>\n\t\t\t\t<\/div>\n\t\t\t<\/div>\n\n\t\t\t\t\t\t<\/div>\n\t\t\t<\/div>\n\t\t<\/div><\/div><\/div><div class=\"wpb_column vc_column_container vc_col-sm-4\"><div class=\"vc_column-inner\"><div class=\"wpb_wrapper\">\t\t\t\n\t\t\t<div id=\"carousel-5447\" class=\"testimonials testimonials-wrapper testimonials-slider testimon-style-standard testimon-align-center   wd-carousel-container wd-carousel-spacing-30\" data-owl-carousel data-desktop=\"1\" data-tablet_landscape=\"1\" data-tablet=\"1\" data-mobile=\"1\">\n\t\t\t\t<div class=\"owl-carousel owl-items-lg-1 owl-items-md-1 owl-items-sm-1 owl-items-xs-1\" >\n\t\t\t\t\t\n\t\t\t<div class=\"testimonial column\" >\n\t\t\t\t<div class=\"testimonial-inner\">\n\t\t\t\t\t\t\t\t\t\t\t<div class=\"testimonial-avatar\">\n\t\t\t\t\t\t\t<img decoding=\"async\" class=\"testimonial-avatar-image\" src=\"https:\/\/www.byrna-defense.com\/wp-content\/uploads\/2022\/10\/original-4-100x100.jpg\" width=\"100\" height=\"100\" alt=\"original (4)\" title=\"orygina\u0142 (4)\" \/>\t\t\t\t\t\t<\/div>\n\t\t\t\t\t\t\t\t\t\t<div class=\"testimonial-content\">\n\t\t\t\t\t\t<div class=\"testimonial-rating\">\n\t\t\t\t\t\t\t<span class=\"star-rating\">\n\t\t\t\t\t\t\t\t<span style=\"width:100%\"><\/span>\n\t\t\t\t\t\t\t<\/span>\n\t\t\t\t\t\t<\/div>\n\t\t\t\t\t\t<img decoding=\"async\" class=\"aligncenter wp-image-7990\" src=\"https:\/\/www.byrna-defense.com\/wp-content\/uploads\/2022\/10\/avis_5etoiles.jpg\" alt=\"\" width=\"90\" height=\"20\" srcset=\"https:\/\/www.byrna-defense.com\/wp-content\/uploads\/2022\/10\/avis_5etoiles.jpg 291w, https:\/\/www.byrna-defense.com\/wp-content\/uploads\/2022\/10\/avis_5etoiles-18x4.jpg 18w, https:\/\/www.byrna-defense.com\/wp-content\/uploads\/2022\/10\/avis_5etoiles-75x17.jpg 75w\" sizes=\"(max-width: 90px) 100vw, 90px\" \/><\/p>\n<p style=\"text-align: center;\">Dosta\u0142em to dla \u017cony, bo ona jest zdecydowanie tym \"Ungunowym\" centrum demografii masowej, kt\u00f3rego szuka Byrna. Dotar\u0142a na czas i by\u0142a bezpiecznie zapakowana. Dost\u0119pne zdj\u0119cia i filmy po prostu nie oddaj\u0105 jako\u015bci i precyzji wykonania konstrukcji.<\/p>\n<p>\t\t\t\t\t\t<footer>\n\t\t\t\t\t\t\tLaurence A\t\t\t\t\t\t\t\t\t\t\t\t\t\t\t<span>Zweryfikowany Kupuj\u0105cy<\/span>\n\t\t\t\t\t\t\t\t\t\t\t\t\t<\/footer>\n\t\t\t\t\t<\/div>\n\t\t\t\t<\/div>\n\t\t\t<\/div>\n\n\t\t\t\t\t\t<\/div>\n\t\t\t<\/div>\n\t\t<\/div><\/div><\/div><\/div>","protected":false},"excerpt":{"rendered":"Zobacz kilka recenzji poni\u017cej Zestaw (oczywi\u015bcie r\u00f3\u017cowy) kupi\u0142em \u017conie jako niespodziank\u0119 - uwielbia go.","protected":false},"author":1,"featured_media":0,"parent":0,"menu_order":0,"comment_status":"closed","ping_status":"closed","template":"","meta":{"footnotes":""},"class_list":["post-7985","page","type-page","status-publish","hentry"],"_links":{"self":[{"href":"https:\/\/www.byrna-defense.com\/pl\/wp-json\/wp\/v2\/pages\/7985","targetHints":{"allow":["GET"]}}],"collection":[{"href":"https:\/\/www.byrna-defense.com\/pl\/wp-json\/wp\/v2\/pages"}],"about":[{"href":"https:\/\/www.byrna-defense.com\/pl\/wp-json\/wp\/v2\/types\/page"}],"author":[{"embeddable":true,"href":"https:\/\/www.byrna-defense.com\/pl\/wp-json\/wp\/v2\/users\/1"}],"replies":[{"embeddable":true,"href":"https:\/\/www.byrna-defense.com\/pl\/wp-json\/wp\/v2\/comments?post=7985"}],"version-history":[{"count":10,"href":"https:\/\/www.byrna-defense.com\/pl\/wp-json\/wp\/v2\/pages\/7985\/revisions"}],"predecessor-version":[{"id":8088,"href":"https:\/\/www.byrna-defense.com\/pl\/wp-json\/wp\/v2\/pages\/7985\/revisions\/8088"}],"wp:attachment":[{"href":"https:\/\/www.byrna-defense.com\/pl\/wp-json\/wp\/v2\/media?parent=7985"}],"curies":[{"name":"wp","href":"https:\/\/api.w.org\/{rel}","templated":true}]}}