{"id":8572,"date":"2022-11-02T15:15:25","date_gmt":"2022-11-02T14:15:25","guid":{"rendered":"https:\/\/www.byrna-defense.com\/?post_type=product&#038;p=8572"},"modified":"2025-11-24T17:06:04","modified_gmt":"2025-11-24T16:06:04","slug":"byrna-target-trap","status":"publish","type":"product","link":"https:\/\/www.byrna-defense.com\/it\/product\/byrna-target-trap\/","title":{"rendered":"TRAPPOLA PER BERSAGLI BYRNA"},"content":{"rendered":"<div class=\"vc_row wpb_row vc_row-fluid\"><div class=\"wpb_column vc_column_container vc_col-sm-12\"><div class=\"vc_column-inner\"><div class=\"wpb_wrapper\">\n\t<div class=\"wpb_text_column wpb_content_element\" >\n\t\t<div class=\"wpb_wrapper\">\n\t\t\t<p>Il bersaglio da addestramento Byrna \u00e8 un accessorio per gli utenti dei proiettili Byrna Kinetic o Eco-Kinetic. \u00c8 stato progettato per fornire una piattaforma di allenamento sicura ed efficace per migliorare le proprie abilit\u00e0 di tiro. \u00c8 realizzato con materiali di qualit\u00e0 per una lunga durata.<\/p>\n<p>Questo bersaglio \u00e8 progettato specificamente per l'uso di munizioni Kinetic (polimeri duri) o Eco-Kinetic (polvere verde compressa) ed \u00e8 in grado di recuperare i pallini in modo efficiente dopo ogni colpo. Ci\u00f2 consente di riutilizzare le palle e di ridurre i costi di addestramento (attenzione: il tiro ripetuto di munizioni \"ecocinetiche\" a base di polvere compressa pu\u00f2 portare alla deformazione della struttura della palla).<\/p>\n<p>\u00c8 inoltre progettato per essere utilizzato sia all'interno che all'esterno, in modo da potersi allenare in qualsiasi condizione atmosferica. \u00c8 inoltre progettato per resistere all'usura e all'uso prolungato.<\/p>\n\n\t\t<\/div>\n\t<\/div>\n\n\t\t<div class=\"wd-list wd-wpb color-scheme- wd-fontsize-xs wd-list-type-icon wd-list-style-default\" id=\"wd-63627d52e5137\">\n\t\t\t<ul>\n\t\t\t\t\t\t\t\t\t\t\t\t\t\t<li>\n\t\t\t\t\t\t\t\t\t\t\t\t\t<div class=\"list-icon fas fa-check\"><\/div>\n\t\t\t\t\t\t\t\t\t\t\t\t<span class=\"list-content\">Taffet\u00e0 di nylon gommato di alta qualit\u00e0 con struttura in acciaio resistente.<\/span>\n\t\t\t\t\t<\/li>\n\t\t\t\t\t\t\t\t\t\t\t\t<\/ul>\n\t\t\t\t\t<\/div>\n\t\t\n\t\t\n\t\t<div class=\"wd-list wd-wpb color-scheme- wd-fontsize-xs wd-list-type-icon wd-list-style-default\" id=\"wd-63627d6d9e941\">\n\t\t\t<ul>\n\t\t\t\t\t\t\t\t\t\t\t\t\t\t<li>\n\t\t\t\t\t\t\t\t\t\t\t\t\t<div class=\"list-icon fas fa-check\"><\/div>\n\t\t\t\t\t\t\t\t\t\t\t\t<span class=\"list-content\">Doppia filettatura integrata per ridurre il rumore e aggiungere ulteriore potenza di arresto.\n<\/span>\n\t\t\t\t\t<\/li>\n\t\t\t\t\t\t\t\t\t\t\t\t<\/ul>\n\t\t\t\t\t<\/div>\n\t\t\n\t\t\n\t\t<div class=\"wd-list wd-wpb color-scheme- wd-fontsize-xs wd-list-type-icon wd-list-style-default\" id=\"wd-63627d76ddfb8\">\n\t\t\t<ul>\n\t\t\t\t\t\t\t\t\t\t\t\t\t\t<li>\n\t\t\t\t\t\t\t\t\t\t\t\t\t<div class=\"list-icon fas fa-check\"><\/div>\n\t\t\t\t\t\t\t\t\t\t\t\t<span class=\"list-content\">Il design della tenda consente al tiratore di intrappolare e raccogliere facilmente i proiettili.\n<\/span>\n\t\t\t\t\t<\/li>\n\t\t\t\t\t\t\t\t\t\t\t\t<\/ul>\n\t\t\t\t\t<\/div>\n\t\t\n\t\t\n\t\t<div class=\"wd-list wd-wpb color-scheme- wd-fontsize-xs wd-list-type-icon wd-list-style-default\" id=\"wd-63627d7fd1826\">\n\t\t\t<ul>\n\t\t\t\t\t\t\t\t\t\t\t\t\t\t<li>\n\t\t\t\t\t\t\t\t\t\t\t\t\t<div class=\"list-icon fas fa-check\"><\/div>\n\t\t\t\t\t\t\t\t\t\t\t\t<span class=\"list-content\">Dimensioni aperte di 45 x 45 x 50 cm, diametro di 13 cm quando \u00e8 ripiegato nella custodia.\n<\/span>\n\t\t\t\t\t<\/li>\n\t\t\t\t\t\t\t\t\t\t\t\t<\/ul>\n\t\t\t\t\t<\/div>\n\t\t\n\t\t\n\t\t<div class=\"wd-list wd-wpb color-scheme- wd-fontsize-xs wd-list-type-icon wd-list-style-default\" id=\"wd-63627d89c9d46\">\n\t\t\t<ul>\n\t\t\t\t\t\t\t\t\t\t\t\t\t\t<li>\n\t\t\t\t\t\t\t\t\t\t\t\t\t<div class=\"list-icon fas fa-check\"><\/div>\n\t\t\t\t\t\t\t\t\t\t\t\t<span class=\"list-content\">La custodia da viaggio inclusa facilita il trasporto.<\/span>\n\t\t\t\t\t<\/li>\n\t\t\t\t\t\t\t\t\t\t\t\t<\/ul>\n\t\t\t\t\t<\/div>\n\t\t\n\t\t<\/div><\/div><\/div><div class=\"wpb_column vc_column_container vc_col-sm-12\"><div class=\"vc_column-inner\"><div class=\"wpb_wrapper\"><\/div><\/div><\/div><\/div><div class=\"vc_row wpb_row vc_row-fluid\"><div class=\"wpb_column vc_column_container vc_col-sm-12\"><div class=\"vc_column-inner\"><div class=\"wpb_wrapper\"><div id=\"wd-63bd7073f13b4\" class=\"wd-button-wrapper text-left\"><a href=\"https:\/\/www.byrna-defense.com\/wp-content\/uploads\/2022\/11\/byrna-tent.pdf\" title=\"\" class=\"btn btn-color-primary btn-style-default btn-shape-semi-round btn-size-default btn-icon-pos-right\">Manuel<span class=\"wd-btn-icon\"><span class=\"wd-icon fas fa-arrow-circle-down\"><\/span><\/span><\/a><\/div><div class=\"vc_empty_space\"   style=\"height: 32px\"><span class=\"vc_empty_space_inner\"><\/span><\/div><div id=\"wd-63bd383f49609\" class=\"wd-button-wrapper text-left\"><a href=\"https:\/\/www.byrna-defense.com\/wp-content\/uploads\/2023\/01\/Byrna-Pliable-Piege-a-Cible-FICHE-TECHNIQUE.pdf\" title=\"\" class=\"btn btn-color-primary btn-style-default btn-shape-semi-round btn-size-default btn-icon-pos-right\">Scheda tecnica<span class=\"wd-btn-icon\"><span class=\"wd-icon fas fa-arrow-circle-down\"><\/span><\/span><\/a><\/div><div class=\"vc_empty_space\"   style=\"height: 32px\"><span class=\"vc_empty_space_inner\"><\/span><\/div><\/div><\/div><\/div><\/div><div class=\"vc_row wpb_row vc_row-fluid\"><div class=\"wpb_column vc_column_container vc_col-sm-12\"><div class=\"vc_column-inner\"><div class=\"wpb_wrapper\"><\/div><\/div><\/div><\/div>","protected":false},"excerpt":{"rendered":"<p>Bersaglio di allenamento Byrna con recupero della palla. Uso esclusivo di munizioni Kinetic (polimero duro) o Eco-Kinetic (polvere compressa verde).<\/p>\n<p>&nbsp;<br \/>\n<input class=\"favorite styled\"\n       type=\"button\"\n       value=\"Ordine\"\n       style=\"background-color: #FC671D; color: white; font-weight: bold;\"\n       onclick=\"location.href='https:\/\/www.naturabuy.fr\/stores\/2029\/'\"><\/p>","protected":false},"featured_media":8573,"comment_status":"closed","ping_status":"closed","template":"","meta":[],"product_brand":[],"product_cat":[42],"product_tag":[],"class_list":{"0":"post-8572","1":"product","2":"type-product","3":"status-publish","4":"has-post-thumbnail","6":"product_cat-accessoires","8":"first","9":"instock","10":"shipping-taxable","11":"purchasable","12":"product-type-simple"},"_links":{"self":[{"href":"https:\/\/www.byrna-defense.com\/it\/wp-json\/wp\/v2\/product\/8572","targetHints":{"allow":["GET"]}}],"collection":[{"href":"https:\/\/www.byrna-defense.com\/it\/wp-json\/wp\/v2\/product"}],"about":[{"href":"https:\/\/www.byrna-defense.com\/it\/wp-json\/wp\/v2\/types\/product"}],"replies":[{"embeddable":true,"href":"https:\/\/www.byrna-defense.com\/it\/wp-json\/wp\/v2\/comments?post=8572"}],"wp:featuredmedia":[{"embeddable":true,"href":"https:\/\/www.byrna-defense.com\/it\/wp-json\/wp\/v2\/media\/8573"}],"wp:attachment":[{"href":"https:\/\/www.byrna-defense.com\/it\/wp-json\/wp\/v2\/media?parent=8572"}],"wp:term":[{"taxonomy":"product_brand","embeddable":true,"href":"https:\/\/www.byrna-defense.com\/it\/wp-json\/wp\/v2\/product_brand?post=8572"},{"taxonomy":"product_cat","embeddable":true,"href":"https:\/\/www.byrna-defense.com\/it\/wp-json\/wp\/v2\/product_cat?post=8572"},{"taxonomy":"product_tag","embeddable":true,"href":"https:\/\/www.byrna-defense.com\/it\/wp-json\/wp\/v2\/product_tag?post=8572"}],"curies":[{"name":"wp","href":"https:\/\/api.w.org\/{rel}","templated":true}]}}