{"id":8305,"date":"2022-10-14T15:25:11","date_gmt":"2022-10-14T13:25:11","guid":{"rendered":"https:\/\/www.byrna-defense.com\/?post_type=product&#038;p=8305"},"modified":"2025-11-24T17:05:46","modified_gmt":"2025-11-24T16:05:46","slug":"byrna-eco-kinetic-projectiles","status":"publish","type":"product","link":"https:\/\/www.byrna-defense.com\/es\/product\/byrna-eco-kinetic-projectiles\/","title":{"rendered":"PROYECTILES ECOCIN\u00c9TICOS BYRNA"},"content":{"rendered":"<div class=\"vc_row wpb_row vc_row-fluid\"><div class=\"wpb_column vc_column_container vc_col-sm-12\"><div class=\"vc_column-inner\"><div class=\"wpb_wrapper\">\t\n\t\t\t<div id=\"wd-688768115c9f5\" class=\"wd-text-block-wrapper wd-wpb color-scheme-custom wd-width-100 text-left\">\n\t\t\t\t<div class=\"woodmart-title-container woodmart-text-block reset-last-child font-primary wd-font-weight-400\">\n\t\t\t\t\t<\/p>\n<div class=\"vc_row wpb_row vc_row-fluid\">\n<div class=\"wpb_column vc_column_container vc_col-sm-12\">\n<div class=\"vc_column-inner\">\n<div class=\"wpb_wrapper\">\n<div id=\"wd-63bd3beb21603\" class=\"wd-text-block-wrapper wd-wpb color-scheme-custom wd-width-100 text-left\">\n<div class=\"woodmart-title-container woodmart-text-block reset-last-child font-primary wd-font-weight-400\">Existe en pot de 95 ou 400 projectiles.<\/div>\n<\/div>\n<\/div>\n<\/div>\n<\/div>\n<\/div>\n<div class=\"vc_row wpb_row vc_row-fluid\">\n<div class=\"wpb_column vc_column_container vc_col-sm-12\">\n<div class=\"vc_column-inner\">\n<div class=\"wpb_wrapper\"><\/div>\n<\/div>\n<\/div>\n<\/div>\n<p>\t\t\t\t<\/div>\n\t\t\t\t\t\t\t<\/div>\n\t\t\t\n\t\t\t<div id=\"wd-63bd5f754bdfc\" class=\"wd-text-block-wrapper wd-wpb color-scheme-custom wd-width-100 text-left\">\n\t\t\t\t<div class=\"woodmart-title-container woodmart-text-block reset-last-child font-primary wd-font-weight-400\">\n\t\t\t\t\t<\/p>\n<div class=\"vc_row wpb_row vc_row-fluid\">\n<div class=\"wpb_column vc_column_container vc_col-sm-12\">\n<div class=\"vc_column-inner\">\n<div class=\"wpb_wrapper\">\n<div id=\"wd-63bd3beb21603\" class=\"wd-text-block-wrapper wd-wpb color-scheme-custom wd-width-100 text-left\">\n<div class=\"woodmart-title-container woodmart-text-block reset-last-child font-primary wd-font-weight-400\">\n<p>El proyectil de entrenamiento y ocio \"Eco-Kinetic\" es una munici\u00f3n vers\u00e1til dise\u00f1ada para el ocio, el entrenamiento y la educaci\u00f3n. Est\u00e1 fabricado con un material 100% soluble en agua, lo que permite utilizarlo con seguridad y sin causar da\u00f1os. Se utiliza con un lanzador a\u00e9reo Byrna, que permite la propulsi\u00f3n a corto y medio alcance.<\/p>\n<p>Este proyectil es ideal para actividades de ocio, juegos de simulaci\u00f3n y actividades de entrenamiento.<\/p>\n<p>La particularidad de este proyectil es que se disuelve r\u00e1pida y completamente en el agua, sin dejar residuos persistentes ni da\u00f1ar superficies o equipos. Esto facilita su limpieza y no requiere m\u00e9todos de limpieza especiales. Tambi\u00e9n es respetuoso con el medio ambiente, ya que no contiene productos qu\u00edmicos nocivos para \u00e9l.<\/p>\n<p>Tambi\u00e9n se recomienda seguir la formaci\u00f3n en l\u00ednea y las instrucciones de uso para un uso seguro y eficaz.<\/p>\n<\/div>\n<\/div>\n<\/div>\n<\/div>\n<\/div>\n<\/div>\n<p>\t\t\t\t<\/div>\n\t\t\t\t\t\t\t<\/div>\n\t\t<\/div><\/div><\/div><\/div><div class=\"vc_row wpb_row vc_row-fluid\"><div class=\"wpb_column vc_column_container vc_col-sm-12\"><div class=\"vc_column-inner\"><div class=\"wpb_wrapper\"><div id=\"wd-636292869a130\" class=\"wd-button-wrapper text-left\"><a href=\"https:\/\/www.byrna-defense.com\/wp-content\/uploads\/2022\/10\/Fiche-de-donne\u0301es-se\u0301curite\u0301-BYRNA-ECO-KINETIC-PROJECTILE-SDS.pdf\" title=\"\" class=\"btn btn-color-primary btn-style-default btn-shape-semi-round btn-size-default\">Ficha de datos de seguridad<\/a><\/div><\/div><\/div><\/div><\/div>","protected":false},"excerpt":{"rendered":"<p>Nuevo proyectil de entrenamiento\/recreativo Byrna Eco-Kinetic<\/p>\n<p>La Eco-Kinetic es una de las balas calibre 68 m\u00e1s baratas del mercado. Y lo que es m\u00e1s importante, su capacidad para disolverse con agua no deja residuos tras su uso en exteriores: ya no tendr\u00e1 que limpiar los restos de balas de pl\u00e1stico despu\u00e9s de cada sesi\u00f3n de tiro. Basta con rociar la zona de entrenamiento con agua o dejar que la lluvia haga su trabajo.<\/p>\n<p>Los proyectiles Eco-Kinetic tambi\u00e9n incorporan la exclusiva tecnolog\u00eda VI (Impacto Visual) de Byrna, que produce una peque\u00f1a nube de dispersi\u00f3n y deja una marca muy visible en el lugar del impacto.<\/p>\n<p>&nbsp;<br \/>\n<input class=\"favorite styled\"\n       type=\"button\"\n       value=\"Pida\"\n       style=\"background-color: #FC671D; color: white; font-weight: bold;\"\n       onclick=\"location.href='https:\/\/www.naturabuy.fr\/stores\/2029\/'\"><\/p>","protected":false},"featured_media":8307,"comment_status":"closed","ping_status":"closed","template":"","meta":[],"product_brand":[],"product_cat":[40],"product_tag":[],"class_list":{"0":"post-8305","1":"product","2":"type-product","3":"status-publish","4":"has-post-thumbnail","6":"product_cat-projectiles","8":"first","9":"instock","10":"shipping-taxable","11":"purchasable","12":"product-type-variable"},"_links":{"self":[{"href":"https:\/\/www.byrna-defense.com\/es\/wp-json\/wp\/v2\/product\/8305","targetHints":{"allow":["GET"]}}],"collection":[{"href":"https:\/\/www.byrna-defense.com\/es\/wp-json\/wp\/v2\/product"}],"about":[{"href":"https:\/\/www.byrna-defense.com\/es\/wp-json\/wp\/v2\/types\/product"}],"replies":[{"embeddable":true,"href":"https:\/\/www.byrna-defense.com\/es\/wp-json\/wp\/v2\/comments?post=8305"}],"wp:featuredmedia":[{"embeddable":true,"href":"https:\/\/www.byrna-defense.com\/es\/wp-json\/wp\/v2\/media\/8307"}],"wp:attachment":[{"href":"https:\/\/www.byrna-defense.com\/es\/wp-json\/wp\/v2\/media?parent=8305"}],"wp:term":[{"taxonomy":"product_brand","embeddable":true,"href":"https:\/\/www.byrna-defense.com\/es\/wp-json\/wp\/v2\/product_brand?post=8305"},{"taxonomy":"product_cat","embeddable":true,"href":"https:\/\/www.byrna-defense.com\/es\/wp-json\/wp\/v2\/product_cat?post=8305"},{"taxonomy":"product_tag","embeddable":true,"href":"https:\/\/www.byrna-defense.com\/es\/wp-json\/wp\/v2\/product_tag?post=8305"}],"curies":[{"name":"wp","href":"https:\/\/api.w.org\/{rel}","templated":true}]}}