{"id":8260,"date":"2022-10-14T13:59:17","date_gmt":"2022-10-14T11:59:17","guid":{"rendered":"https:\/\/www.byrna-defense.com\/?post_type=product&#038;p=8260"},"modified":"2025-11-24T17:05:10","modified_gmt":"2025-11-24T16:05:10","slug":"byrna-spare-magazines-black-set-of-2","status":"publish","type":"product","link":"https:\/\/www.byrna-defense.com\/es\/product\/byrna-spare-magazines-black-set-of-2\/","title":{"rendered":"BYRNA 2 PACK MAG BOX"},"content":{"rendered":"<div class=\"vc_row wpb_row vc_row-fluid\"><div class=\"wpb_column vc_column_container vc_col-sm-12\"><div class=\"vc_column-inner\"><div class=\"wpb_wrapper\">\t\n\t\t\t<div id=\"wd-63bd714d61dd0\" class=\"wd-text-block-wrapper wd-wpb color-scheme-custom wd-width-100 text-left\">\n\t\t\t\t<div class=\"woodmart-title-container woodmart-text-block reset-last-child font-primary wd-font-weight-400\">\n\t\t\t\t\tCada uno de estos cargadores contiene 5 cartuchos de munici\u00f3n Kinetic (pol\u00edmero duro) o Eco-Kinetic (p\u00f3lvora comprimida verde) y es compatible con los modelos Byrna HD pro, Byrna SD y Byrna SD XL. Est\u00e1n dise\u00f1adas para su uso con armas Byrna, para garantizar una compatibilidad total y un uso seguro.<\/p>\n<p>Est\u00e1n fabricados con materiales de calidad para una larga vida \u00fatil. Adem\u00e1s, est\u00e1n equipados con un sistema de bloqueo para evitar accidentes durante su manipulaci\u00f3n. Son f\u00e1ciles de usar e instalar, por lo que podr\u00e1 recargar su arma de forma r\u00e1pida y sencilla.\t\t\t\t<\/div>\n\t\t\t\t\t\t\t<\/div>\n\t\t<\/div><\/div><\/div><\/div>","protected":false},"excerpt":{"rendered":"<p>Los cargadores de repuesto de 5 cartuchos de Byrna son accesorios esenciales para los usuarios de los modelos Byrna HD pro, Byrna SD y Byrna SD XL. Permiten recargar el arma de forma r\u00e1pida y sencilla, evitando interrumpir el entrenamiento o quedarse sin munici\u00f3n en una situaci\u00f3n de emergencia.<\/p>\n<p>&nbsp;<br \/>\n<input class=\"favorite styled\"\n       type=\"button\"\n       value=\"Pida\"\n       style=\"background-color: #FC671D; color: white; font-weight: bold;\"\n       onclick=\"location.href='https:\/\/www.naturabuy.fr\/stores\/2029\/'\"><\/p>","protected":false},"featured_media":8264,"comment_status":"closed","ping_status":"closed","template":"","meta":[],"product_brand":[],"product_cat":[42],"product_tag":[],"class_list":{"0":"post-8260","1":"product","2":"type-product","3":"status-publish","4":"has-post-thumbnail","6":"product_cat-accessoires","8":"first","9":"instock","10":"shipping-taxable","11":"purchasable","12":"product-type-simple"},"_links":{"self":[{"href":"https:\/\/www.byrna-defense.com\/es\/wp-json\/wp\/v2\/product\/8260","targetHints":{"allow":["GET"]}}],"collection":[{"href":"https:\/\/www.byrna-defense.com\/es\/wp-json\/wp\/v2\/product"}],"about":[{"href":"https:\/\/www.byrna-defense.com\/es\/wp-json\/wp\/v2\/types\/product"}],"replies":[{"embeddable":true,"href":"https:\/\/www.byrna-defense.com\/es\/wp-json\/wp\/v2\/comments?post=8260"}],"wp:featuredmedia":[{"embeddable":true,"href":"https:\/\/www.byrna-defense.com\/es\/wp-json\/wp\/v2\/media\/8264"}],"wp:attachment":[{"href":"https:\/\/www.byrna-defense.com\/es\/wp-json\/wp\/v2\/media?parent=8260"}],"wp:term":[{"taxonomy":"product_brand","embeddable":true,"href":"https:\/\/www.byrna-defense.com\/es\/wp-json\/wp\/v2\/product_brand?post=8260"},{"taxonomy":"product_cat","embeddable":true,"href":"https:\/\/www.byrna-defense.com\/es\/wp-json\/wp\/v2\/product_cat?post=8260"},{"taxonomy":"product_tag","embeddable":true,"href":"https:\/\/www.byrna-defense.com\/es\/wp-json\/wp\/v2\/product_tag?post=8260"}],"curies":[{"name":"wp","href":"https:\/\/api.w.org\/{rel}","templated":true}]}}