{"id":8572,"date":"2022-11-02T15:15:25","date_gmt":"2022-11-02T14:15:25","guid":{"rendered":"https:\/\/www.byrna-defense.com\/?post_type=product&#038;p=8572"},"modified":"2025-11-24T17:06:04","modified_gmt":"2025-11-24T16:06:04","slug":"byrna-target-trap","status":"publish","type":"product","link":"https:\/\/www.byrna-defense.com\/de\/product\/byrna-target-trap\/","title":{"rendered":"BYRNA TARGET TRAP"},"content":{"rendered":"<div class=\"vc_row wpb_row vc_row-fluid\"><div class=\"wpb_column vc_column_container vc_col-sm-12\"><div class=\"vc_column-inner\"><div class=\"wpb_wrapper\">\n\t<div class=\"wpb_text_column wpb_content_element\" >\n\t\t<div class=\"wpb_wrapper\">\n\t\t\t<p>Die Byrna-Trainingsscheibe ist ein Zubeh\u00f6r f\u00fcr Benutzer von Byrna Kinetic- oder Eco-Kinetic-Geschossen. Sie wurde entwickelt, um eine sichere und effektive Trainingsplattform zur Verbesserung Ihrer Schie\u00dffertigkeiten zu bieten. Sie ist aus hochwertigen Materialien gefertigt, um eine lange Nutzungsdauer zu gew\u00e4hrleisten.<\/p>\n<p>Diese Zielscheibe wurde speziell f\u00fcr die Verwendung mit Kinetic- (Hartpolymer) oder Eco-Kinetic-Munition (gr\u00fcnes gepresstes Pulver) entwickelt und ist in der Lage, die Kugeln nach jedem Schuss effizient zu sammeln. Dadurch k\u00f6nnen die Kugeln wiederverwendet und die Trainingskosten gesenkt werden (Achtung: Das wiederholte Abfeuern von \"Eco-Kinetic\"-Munition, die aus gepresstem Pulver hergestellt wird, kann zu einer Verformung der Kugelstruktur f\u00fchren).<\/p>\n<p>Sie ist au\u00dferdem f\u00fcr den Gebrauch im Innen- und Au\u00dfenbereich konzipiert, damit Sie bei allen Wetterbedingungen trainieren k\u00f6nnen. Es ist au\u00dferdem so konzipiert, dass es bei l\u00e4ngerem Gebrauch abrieb- und verschlei\u00dffest ist.<\/p>\n\n\t\t<\/div>\n\t<\/div>\n\n\t\t<div class=\"wd-list wd-wpb color-scheme- wd-fontsize-xs wd-list-type-icon wd-list-style-default\" id=\"wd-63627d52e5137\">\n\t\t\t<ul>\n\t\t\t\t\t\t\t\t\t\t\t\t\t\t<li>\n\t\t\t\t\t\t\t\t\t\t\t\t\t<div class=\"list-icon fas fa-check\"><\/div>\n\t\t\t\t\t\t\t\t\t\t\t\t<span class=\"list-content\">Hochwertiges, gummiertes Nylontaft mit langlebigem Stahlrahmen.<\/span>\n\t\t\t\t\t<\/li>\n\t\t\t\t\t\t\t\t\t\t\t\t<\/ul>\n\t\t\t\t\t<\/div>\n\t\t\n\t\t\n\t\t<div class=\"wd-list wd-wpb color-scheme- wd-fontsize-xs wd-list-type-icon wd-list-style-default\" id=\"wd-63627d6d9e941\">\n\t\t\t<ul>\n\t\t\t\t\t\t\t\t\t\t\t\t\t\t<li>\n\t\t\t\t\t\t\t\t\t\t\t\t\t<div class=\"list-icon fas fa-check\"><\/div>\n\t\t\t\t\t\t\t\t\t\t\t\t<span class=\"list-content\">Integriertes Doppelnetz zur Ger\u00e4uschreduzierung und f\u00fcr zus\u00e4tzliche Stoppkraft.\n<\/span>\n\t\t\t\t\t<\/li>\n\t\t\t\t\t\t\t\t\t\t\t\t<\/ul>\n\t\t\t\t\t<\/div>\n\t\t\n\t\t\n\t\t<div class=\"wd-list wd-wpb color-scheme- wd-fontsize-xs wd-list-type-icon wd-list-style-default\" id=\"wd-63627d76ddfb8\">\n\t\t\t<ul>\n\t\t\t\t\t\t\t\t\t\t\t\t\t\t<li>\n\t\t\t\t\t\t\t\t\t\t\t\t\t<div class=\"list-icon fas fa-check\"><\/div>\n\t\t\t\t\t\t\t\t\t\t\t\t<span class=\"list-content\">Das Design des Zeltes erm\u00f6glicht es dem Sch\u00fctzen, Projektile leicht einzufangen und aufzusammeln.\n<\/span>\n\t\t\t\t\t<\/li>\n\t\t\t\t\t\t\t\t\t\t\t\t<\/ul>\n\t\t\t\t\t<\/div>\n\t\t\n\t\t\n\t\t<div class=\"wd-list wd-wpb color-scheme- wd-fontsize-xs wd-list-type-icon wd-list-style-default\" id=\"wd-63627d7fd1826\">\n\t\t\t<ul>\n\t\t\t\t\t\t\t\t\t\t\t\t\t\t<li>\n\t\t\t\t\t\t\t\t\t\t\t\t\t<div class=\"list-icon fas fa-check\"><\/div>\n\t\t\t\t\t\t\t\t\t\t\t\t<span class=\"list-content\">Gr\u00f6\u00dfe ge\u00f6ffnet 45 x 45 x 50 cm, Durchmesser 13 cm, nachdem es in die Tragetasche gefaltet wurde.\n<\/span>\n\t\t\t\t\t<\/li>\n\t\t\t\t\t\t\t\t\t\t\t\t<\/ul>\n\t\t\t\t\t<\/div>\n\t\t\n\t\t\n\t\t<div class=\"wd-list wd-wpb color-scheme- wd-fontsize-xs wd-list-type-icon wd-list-style-default\" id=\"wd-63627d89c9d46\">\n\t\t\t<ul>\n\t\t\t\t\t\t\t\t\t\t\t\t\t\t<li>\n\t\t\t\t\t\t\t\t\t\t\t\t\t<div class=\"list-icon fas fa-check\"><\/div>\n\t\t\t\t\t\t\t\t\t\t\t\t<span class=\"list-content\">Inklusive Reisetasche f\u00fcr den einfachen Transport.<\/span>\n\t\t\t\t\t<\/li>\n\t\t\t\t\t\t\t\t\t\t\t\t<\/ul>\n\t\t\t\t\t<\/div>\n\t\t\n\t\t<\/div><\/div><\/div><div class=\"wpb_column vc_column_container vc_col-sm-12\"><div class=\"vc_column-inner\"><div class=\"wpb_wrapper\"><\/div><\/div><\/div><\/div><div class=\"vc_row wpb_row vc_row-fluid\"><div class=\"wpb_column vc_column_container vc_col-sm-12\"><div class=\"vc_column-inner\"><div class=\"wpb_wrapper\"><div id=\"wd-63bd7073f13b4\" class=\"wd-button-wrapper text-left\"><a href=\"https:\/\/www.byrna-defense.com\/wp-content\/uploads\/2022\/11\/byrna-tent.pdf\" title=\"\" class=\"btn btn-color-primary btn-style-default btn-shape-semi-round btn-size-default btn-icon-pos-right\">Handbuch<span class=\"wd-btn-icon\"><span class=\"wd-icon fas fa-arrow-circle-down\"><\/span><\/span><\/a><\/div><div class=\"vc_empty_space\"   style=\"height: 32px\"><span class=\"vc_empty_space_inner\"><\/span><\/div><div id=\"wd-63bd383f49609\" class=\"wd-button-wrapper text-left\"><a href=\"https:\/\/www.byrna-defense.com\/wp-content\/uploads\/2023\/01\/Byrna-Pliable-Piege-a-Cible-FICHE-TECHNIQUE.pdf\" title=\"\" class=\"btn btn-color-primary btn-style-default btn-shape-semi-round btn-size-default btn-icon-pos-right\">Datenblatt<span class=\"wd-btn-icon\"><span class=\"wd-icon fas fa-arrow-circle-down\"><\/span><\/span><\/a><\/div><div class=\"vc_empty_space\"   style=\"height: 32px\"><span class=\"vc_empty_space_inner\"><\/span><\/div><\/div><\/div><\/div><\/div><div class=\"vc_row wpb_row vc_row-fluid\"><div class=\"wpb_column vc_column_container vc_col-sm-12\"><div class=\"vc_column-inner\"><div class=\"wpb_wrapper\"><\/div><\/div><\/div><\/div>","protected":false},"excerpt":{"rendered":"<p>Byrna-Trainingszielscheibe mit Kugelfang. Nur f\u00fcr Kinetic- (Hartpolymer) oder Eco-Kinetic-Munition (gr\u00fcnes Pulver).<\/p>\n<p>&nbsp;<br \/>\n<input class=\"favorite styled\"\n       type=\"button\"\n       value=\"Bestellen\"\n       style=\"background-color: #FC671D; color: white; font-weight: bold;\"\n       onclick=\"location.href='https:\/\/www.naturabuy.fr\/stores\/2029\/'\"><\/p>","protected":false},"featured_media":8573,"comment_status":"closed","ping_status":"closed","template":"","meta":[],"product_brand":[],"product_cat":[42],"product_tag":[],"class_list":{"0":"post-8572","1":"product","2":"type-product","3":"status-publish","4":"has-post-thumbnail","6":"product_cat-accessoires","8":"first","9":"instock","10":"shipping-taxable","11":"purchasable","12":"product-type-simple"},"_links":{"self":[{"href":"https:\/\/www.byrna-defense.com\/de\/wp-json\/wp\/v2\/product\/8572","targetHints":{"allow":["GET"]}}],"collection":[{"href":"https:\/\/www.byrna-defense.com\/de\/wp-json\/wp\/v2\/product"}],"about":[{"href":"https:\/\/www.byrna-defense.com\/de\/wp-json\/wp\/v2\/types\/product"}],"replies":[{"embeddable":true,"href":"https:\/\/www.byrna-defense.com\/de\/wp-json\/wp\/v2\/comments?post=8572"}],"wp:featuredmedia":[{"embeddable":true,"href":"https:\/\/www.byrna-defense.com\/de\/wp-json\/wp\/v2\/media\/8573"}],"wp:attachment":[{"href":"https:\/\/www.byrna-defense.com\/de\/wp-json\/wp\/v2\/media?parent=8572"}],"wp:term":[{"taxonomy":"product_brand","embeddable":true,"href":"https:\/\/www.byrna-defense.com\/de\/wp-json\/wp\/v2\/product_brand?post=8572"},{"taxonomy":"product_cat","embeddable":true,"href":"https:\/\/www.byrna-defense.com\/de\/wp-json\/wp\/v2\/product_cat?post=8572"},{"taxonomy":"product_tag","embeddable":true,"href":"https:\/\/www.byrna-defense.com\/de\/wp-json\/wp\/v2\/product_tag?post=8572"}],"curies":[{"name":"wp","href":"https:\/\/api.w.org\/{rel}","templated":true}]}}