{"id":8324,"date":"2022-10-14T15:45:10","date_gmt":"2022-10-14T13:45:10","guid":{"rendered":"https:\/\/www.byrna-defense.com\/?post_type=product&#038;p=8324"},"modified":"2025-11-24T17:05:57","modified_gmt":"2025-11-24T16:05:57","slug":"byrna-magazine-carrier","status":"publish","type":"product","link":"https:\/\/www.byrna-defense.com\/de\/product\/byrna-magazine-carrier\/","title":{"rendered":"BYRNA MAGAZINE CARRIER"},"content":{"rendered":"<div class=\"vc_row wpb_row vc_row-fluid\"><div class=\"wpb_column vc_column_container vc_col-sm-12\"><div class=\"vc_column-inner\"><div class=\"wpb_wrapper\">\t\n\t\t\t<div id=\"wd-63bd610187956\" class=\"wd-text-block-wrapper wd-wpb color-scheme-custom wd-width-100 text-left\">\n\t\t\t\t<div class=\"woodmart-title-container woodmart-text-block reset-last-child font-text wd-font-weight-400\">\n\t\t\t\t\tDer Byrna-Magazinhalter ist ein unverzichtbares Zubeh\u00f6r f\u00fcr die Benutzer von Byrna-Geschossen. Er wurde entwickelt, um Ihr Byrna-Ersatzmagazin sicher zu halten, so dass Sie es bei Bedarf immer griffbereit haben. Es ist aus haltbaren Materialien gefertigt, um eine lange Nutzungsdauer zu gew\u00e4hrleisten.<\/p>\n<p>Er ist einfach zu bedienen, clipsen Sie einfach Ihr Byrna-Ersatzmagazin in den Magazinhalter. Sie k\u00f6nnen ihn an Ihrem G\u00fcrtel oder in Ihrer Tasche befestigen, um schnell und einfach darauf zugreifen zu k\u00f6nnen. Er ist au\u00dferdem mit einem Verriegelungssystem ausgestattet, das ein versehentliches L\u00f6sen des Magazins verhindert.<\/p>\n<p>Der Byrna-Magazinhalter ist ein praktisches und wichtiges Zubeh\u00f6r f\u00fcr alle Benutzer von Byrna-Geschossen. Mit ihm haben Sie jederzeit ein Ersatzmagazin zur Hand, um auf jede Notsituation vorbereitet zu sein. Er ist auch mit den anderen Geschossmodellen und Magazinen der Marke Byrna kompatibel.<\/p>\n<p>Kompatibel mit Byrna HD, Byrna HD XL und Byrna SD<\/p>\n<p>Ladeger\u00e4t nicht im Lieferumfang enthalten.\t\t\t\t<\/div>\n\t\t\t\t\t\t\t<\/div>\n\t\t<\/div><\/div><\/div><\/div><div class=\"vc_row wpb_row vc_row-fluid\"><div class=\"wpb_column vc_column_container vc_col-sm-12\"><div class=\"vc_column-inner\"><div class=\"wpb_wrapper\">\t\n\t\t\t<div id=\"wd-63bd36f93d916\" class=\"wd-text-block-wrapper wd-wpb color-scheme-custom wd-width-100 text-left\">\n\t\t\t\t<div class=\"woodmart-title-container woodmart-text-block reset-last-child font-primary wd-font-weight-400\">\n\t\t\t\t\t\t\t\t\t<\/div>\n\t\t\t\t\t\t\t<\/div>\n\t\t<\/div><\/div><\/div><\/div>","protected":false},"excerpt":{"rendered":"<p>Der Byrna-Magazinhalter ist perfekt geeignet, um Ihr Byrna-Ersatzmagazin sicher an Ihrem G\u00fcrtel oder in Ihrer Tasche zu halten.<\/p>\n<p>&nbsp;<br \/>\n<input class=\"favorite styled\"\n       type=\"button\"\n       value=\"Bestellen\"\n       style=\"background-color: #FC671D; color: white; font-weight: bold;\"\n       onclick=\"location.href='https:\/\/www.naturabuy.fr\/stores\/2029\/'\"><\/p>","protected":false},"featured_media":8327,"comment_status":"closed","ping_status":"closed","template":"","meta":[],"product_brand":[],"product_cat":[42],"product_tag":[],"class_list":{"0":"post-8324","1":"product","2":"type-product","3":"status-publish","4":"has-post-thumbnail","6":"product_cat-accessoires","8":"first","9":"instock","10":"shipping-taxable","11":"purchasable","12":"product-type-simple"},"_links":{"self":[{"href":"https:\/\/www.byrna-defense.com\/de\/wp-json\/wp\/v2\/product\/8324","targetHints":{"allow":["GET"]}}],"collection":[{"href":"https:\/\/www.byrna-defense.com\/de\/wp-json\/wp\/v2\/product"}],"about":[{"href":"https:\/\/www.byrna-defense.com\/de\/wp-json\/wp\/v2\/types\/product"}],"replies":[{"embeddable":true,"href":"https:\/\/www.byrna-defense.com\/de\/wp-json\/wp\/v2\/comments?post=8324"}],"wp:featuredmedia":[{"embeddable":true,"href":"https:\/\/www.byrna-defense.com\/de\/wp-json\/wp\/v2\/media\/8327"}],"wp:attachment":[{"href":"https:\/\/www.byrna-defense.com\/de\/wp-json\/wp\/v2\/media?parent=8324"}],"wp:term":[{"taxonomy":"product_brand","embeddable":true,"href":"https:\/\/www.byrna-defense.com\/de\/wp-json\/wp\/v2\/product_brand?post=8324"},{"taxonomy":"product_cat","embeddable":true,"href":"https:\/\/www.byrna-defense.com\/de\/wp-json\/wp\/v2\/product_cat?post=8324"},{"taxonomy":"product_tag","embeddable":true,"href":"https:\/\/www.byrna-defense.com\/de\/wp-json\/wp\/v2\/product_tag?post=8324"}],"curies":[{"name":"wp","href":"https:\/\/api.w.org\/{rel}","templated":true}]}}