{"id":8314,"date":"2022-10-14T15:30:07","date_gmt":"2022-10-14T13:30:07","guid":{"rendered":"https:\/\/www.byrna-defense.com\/?post_type=product&#038;p=8314"},"modified":"2025-11-24T17:05:51","modified_gmt":"2025-11-24T16:05:51","slug":"pro-training","status":"publish","type":"product","link":"https:\/\/www.byrna-defense.com\/de\/product\/pro-training\/","title":{"rendered":"BYRNA TRAINING PROJECTILES"},"content":{"rendered":"<div class=\"vc_row wpb_row vc_row-fluid\"><div class=\"wpb_column vc_column_container vc_col-sm-12\"><div class=\"vc_column-inner\"><div class=\"wpb_wrapper\">\t\n\t\t\t<div id=\"wd-688767f229f13\" class=\"wd-text-block-wrapper wd-wpb color-scheme-custom wd-width-100 text-left\">\n\t\t\t\t<div class=\"woodmart-title-container woodmart-text-block reset-last-child font-primary wd-font-weight-400\">\n\t\t\t\t\tExiste en pot de 95 projectiles.\t\t\t\t<\/div>\n\t\t\t\t\t\t\t<\/div>\n\t\t\t\n\t\t\t<div id=\"wd-63bd5c7accd11\" class=\"wd-text-block-wrapper wd-wpb color-scheme-custom wd-width-100 text-left\">\n\t\t\t\t<div class=\"woodmart-title-container woodmart-text-block reset-last-child font-primary wd-font-weight-400\">\n\t\t\t\t\tDas mit inertem wei\u00dfem Pulver gef\u00fcllte \u00dcbungsgeschoss \"Training\" ist eine unverzichtbare Munition zur Simulation von Notfallsituationen, in denen Geschosse mit einer reizenden oder kampfunf\u00e4hig machenden Chemikalie eingesetzt werden k\u00f6nnen. Es ist f\u00fcr die Verwendung mit einem Byrna-Druckluftwerfer konzipiert, der einen Antrieb auf eine effektive Entfernung von bis zu 12 Metern erm\u00f6glicht.<\/p>\n<p>Das aus einem haltbaren Polymermaterial hergestellte Projektil ist mit einem inerten wei\u00dfen Pulver gef\u00fcllt, mit dem die Streuung und der Aufprall eines Projektils mit einer reizenden oder kampfunf\u00e4hig machenden Chemikalie (Max oder Pepper) simuliert werden kann. Dies erm\u00f6glicht eine effektive Vorbereitung auf reale Situationen, in denen Sie Projektile mit kampfunf\u00e4hig machenden oder reizenden Chemikalien einsetzen m\u00fcssen.<\/p>\n<p>Das in diesem Geschoss verwendete inerte wei\u00dfe Pulver ist ungiftig und nicht reizend, was eine sichere Verwendung erm\u00f6glicht. Es ist au\u00dferdem leicht zu reinigen und hinterl\u00e4sst keine hartn\u00e4ckigen R\u00fcckst\u00e4nde.<\/p>\n<p>Dieses \u00dcbungsgeschoss ist ideal f\u00fcr Strafverfolgungsbeh\u00f6rden, private Sicherheitsdienste, Sicherheitspersonal und Privatpersonen, die sich effektiv auf Notfallsituationen vorbereiten m\u00f6chten. Es erm\u00f6glicht die Simulation der realen Bedingungen, unter denen ein Destabilisierungsprojektil abgefeuert wird. Es wird daher empfohlen, Online-Schulungen zu absolvieren und die Nutzungshinweise zu befolgen, um eine sichere und effektive Nutzung zu gew\u00e4hrleisten.\t\t\t\t<\/div>\n\t\t\t\t\t\t\t<\/div>\n\t\t<\/div><\/div><\/div><\/div><div class=\"vc_row wpb_row vc_row-fluid\"><div class=\"wpb_column vc_column_container vc_col-sm-12\"><div class=\"vc_column-inner\"><div class=\"wpb_wrapper\"><div id=\"wd-636293417bdcd\" class=\"wd-button-wrapper text-left\"><a href=\"https:\/\/www.byrna-defense.com\/wp-content\/uploads\/2022\/10\/Fiche-de-donne\u0301es-se\u0301curite\u0301-BYRNA-PRO-TRAINING-PROJECTILE-SDS.pdf\" title=\"\" class=\"btn btn-color-primary btn-style-default btn-shape-semi-round btn-size-default\">Sicherheitsdatenblatt<\/a><\/div><\/div><\/div><\/div><\/div>","protected":false},"excerpt":{"rendered":"<p>Mit inertem wei\u00dfem Pulver gef\u00fcllte \u00dcbungsgeschosse, die dazu dienen, das Abfeuern, den Aufprall und die Streuung von Projektilen zu simulieren, die eine reizende oder bet\u00e4ubende Chemikalie enthalten.<\/p>\n<p>&nbsp;<br \/>\n<input class=\"favorite styled\"\n       type=\"button\"\n       value=\"Bestellen\"\n       style=\"background-color: #FC671D; color: white; font-weight: bold;\"\n       onclick=\"location.href='https:\/\/www.naturabuy.fr\/stores\/2029\/'\"><\/p>","protected":false},"featured_media":8514,"comment_status":"closed","ping_status":"closed","template":"","meta":[],"product_brand":[],"product_cat":[40],"product_tag":[],"class_list":{"0":"post-8314","1":"product","2":"type-product","3":"status-publish","4":"has-post-thumbnail","6":"product_cat-projectiles","8":"first","9":"instock","10":"shipping-taxable","11":"purchasable","12":"product-type-variable","13":"has-default-attributes"},"_links":{"self":[{"href":"https:\/\/www.byrna-defense.com\/de\/wp-json\/wp\/v2\/product\/8314","targetHints":{"allow":["GET"]}}],"collection":[{"href":"https:\/\/www.byrna-defense.com\/de\/wp-json\/wp\/v2\/product"}],"about":[{"href":"https:\/\/www.byrna-defense.com\/de\/wp-json\/wp\/v2\/types\/product"}],"replies":[{"embeddable":true,"href":"https:\/\/www.byrna-defense.com\/de\/wp-json\/wp\/v2\/comments?post=8314"}],"wp:featuredmedia":[{"embeddable":true,"href":"https:\/\/www.byrna-defense.com\/de\/wp-json\/wp\/v2\/media\/8514"}],"wp:attachment":[{"href":"https:\/\/www.byrna-defense.com\/de\/wp-json\/wp\/v2\/media?parent=8314"}],"wp:term":[{"taxonomy":"product_brand","embeddable":true,"href":"https:\/\/www.byrna-defense.com\/de\/wp-json\/wp\/v2\/product_brand?post=8314"},{"taxonomy":"product_cat","embeddable":true,"href":"https:\/\/www.byrna-defense.com\/de\/wp-json\/wp\/v2\/product_cat?post=8314"},{"taxonomy":"product_tag","embeddable":true,"href":"https:\/\/www.byrna-defense.com\/de\/wp-json\/wp\/v2\/product_tag?post=8314"}],"curies":[{"name":"wp","href":"https:\/\/api.w.org\/{rel}","templated":true}]}}