{"id":7728,"date":"2022-09-19T15:29:42","date_gmt":"2022-09-19T13:29:42","guid":{"rendered":"http:\/\/preprod.byrna-defense.com\/www\/?post_type=product&#038;p=7728"},"modified":"2025-11-24T17:04:58","modified_gmt":"2025-11-24T16:04:58","slug":"banshee","status":"publish","type":"product","link":"https:\/\/www.byrna-defense.com\/de\/product\/banshee\/","title":{"rendered":"Pers\u00f6nlicher Alarm Banshee"},"content":{"rendered":"<div class=\"vc_row wpb_row vc_row-fluid\"><div class=\"wpb_column vc_column_container vc_col-sm-12\"><div class=\"vc_column-inner\"><div class=\"wpb_wrapper\">\n\t<div class=\"wpb_text_column wpb_content_element\" >\n\t\t<div class=\"wpb_wrapper\">\n\t\t\t<p>Die Byrna Banshee ist ein pers\u00f6nlicher Sicherheitsalarm in Milit\u00e4rqualit\u00e4t, der zum Schutz von Personen vor potenziellen Angriffen entwickelt wurde. Mit einer Lautst\u00e4rke von 130 dB ist sie in der Lage, innerhalb von Sekunden auf sich aufmerksam zu machen und mit ihrem schrillen, durchdringenden Ger\u00e4usch potenzielle Angriffe zu vereiteln.<\/p>\n<p>Ausgestattet mit einem Karabinerhaken l\u00e4sst sie sich leicht an Rucks\u00e4cken, Handtaschenriemen und Hosenschlaufen befestigen, um im Notfall schnell zugreifen zu k\u00f6nnen. So haben Sie den Alarm jederzeit griffbereit.<\/p>\n<p>Hergestellt aus langlebigen und wasserfesten Materialien, ist dieser Alarm langlebig und zuverl\u00e4ssig. Er ist au\u00dferdem mit austauschbaren Batterien ausgestattet, die bis zu einem Jahr halten. Das ist ideal f\u00fcr Sch\u00fcler, Erwachsene, Senioren und Outdoor-Fans.<\/p>\n<p>Alles in allem ist die Byrna Banshee ein wichtiges Hilfsmittel f\u00fcr alle sicherheitsbewussten Menschen, um sich vor potenziellen Angreifern zu sch\u00fctzen und im Notfall auf sich aufmerksam zu machen. 130dB entspricht dem H\u00f6ren des Starts eines Milit\u00e4rjets aus 15 Metern Entfernung, weshalb dieser Alarm f\u00fcr Ihre pers\u00f6nliche Sicherheit einfach unverzichtbar ist.<\/p>\n\n\t\t<\/div>\n\t<\/div>\n<\/div><\/div><\/div><\/div><div class=\"vc_row wpb_row vc_row-fluid\"><div class=\"wpb_column vc_column_container vc_col-sm-4\"><div class=\"vc_column-inner\"><div class=\"wpb_wrapper\"><\/div><\/div><\/div><div class=\"wpb_column vc_column_container vc_col-sm-4\"><div class=\"vc_column-inner\"><div class=\"wpb_wrapper\">\n\t<div class=\"wpb_video_widget wpb_content_element vc_clearfix vc_video-aspect-ratio-169 vc_video-el-width-100 vc_video-align-left\" >\n\t\t<div class=\"wpb_wrapper\">\n\t\t\t\n\t\t\t<div class=\"wpb_video_wrapper\"><div class=\"wd-video-poster-wrapper\"><div class=\"wd-video-poster\" style=\"background-image:url(https:\/\/www.byrna-defense.com\/wp-content\/uploads\/2022\/09\/Banshee-Lifestyle-1_800x.jpg)\";><\/div><div class=\"button-play\"><\/div><\/div><iframe title=\"BYRNA BANSHEE\" width=\"500\" height=\"281\" src=\"https:\/\/www.youtube.com\/embed\/xLmvtI8U064?feature=oembed\" frameborder=\"0\" allow=\"accelerometer; autoplay; clipboard-write; encrypted-media; gyroscope; picture-in-picture; web-share\" referrerpolicy=\"strict-origin-when-cross-origin\" allowfullscreen><\/iframe><\/div>\n\t\t<\/div>\n\t<\/div>\n<\/div><\/div><\/div><div class=\"wpb_column vc_column_container vc_col-sm-4\"><div class=\"vc_column-inner\"><div class=\"wpb_wrapper\"><\/div><\/div><\/div><\/div>","protected":false},"excerpt":{"rendered":"<p>Getreu unserem Mantra \" <strong>Sicher leben<\/strong> \" Wir freuen uns, Ihnen das <strong>Byrna Banshee<\/strong> : Ein pers\u00f6nlicher Sicherheitsalarm mit 130 dB* in Milit\u00e4rqualit\u00e4t, der einen Alarmton erzeugen kann, der die Aufmerksamkeit auf Sie lenkt und potenzielle Angriffe vereitelt.<\/p>\n<p>&nbsp;<br \/>\n<input class=\"favorite styled\"\n       type=\"button\"\n       value=\"Bestellen\"\n       style=\"background-color: #FC671D; color: white; font-weight: bold;\"\n       onclick=\"location.href='https:\/\/www.naturabuy.fr\/stores\/2029\/'\"><\/p>","protected":false},"featured_media":7777,"comment_status":"closed","ping_status":"closed","template":"","meta":[],"product_brand":[],"product_cat":[15],"product_tag":[],"class_list":{"0":"post-7728","1":"product","2":"type-product","3":"status-publish","4":"has-post-thumbnail","6":"product_cat-uncategorized","8":"first","9":"instock","10":"shipping-taxable","11":"purchasable","12":"product-type-variable","13":"has-default-attributes"},"_links":{"self":[{"href":"https:\/\/www.byrna-defense.com\/de\/wp-json\/wp\/v2\/product\/7728","targetHints":{"allow":["GET"]}}],"collection":[{"href":"https:\/\/www.byrna-defense.com\/de\/wp-json\/wp\/v2\/product"}],"about":[{"href":"https:\/\/www.byrna-defense.com\/de\/wp-json\/wp\/v2\/types\/product"}],"replies":[{"embeddable":true,"href":"https:\/\/www.byrna-defense.com\/de\/wp-json\/wp\/v2\/comments?post=7728"}],"wp:featuredmedia":[{"embeddable":true,"href":"https:\/\/www.byrna-defense.com\/de\/wp-json\/wp\/v2\/media\/7777"}],"wp:attachment":[{"href":"https:\/\/www.byrna-defense.com\/de\/wp-json\/wp\/v2\/media?parent=7728"}],"wp:term":[{"taxonomy":"product_brand","embeddable":true,"href":"https:\/\/www.byrna-defense.com\/de\/wp-json\/wp\/v2\/product_brand?post=7728"},{"taxonomy":"product_cat","embeddable":true,"href":"https:\/\/www.byrna-defense.com\/de\/wp-json\/wp\/v2\/product_cat?post=7728"},{"taxonomy":"product_tag","embeddable":true,"href":"https:\/\/www.byrna-defense.com\/de\/wp-json\/wp\/v2\/product_tag?post=7728"}],"curies":[{"name":"wp","href":"https:\/\/api.w.org\/{rel}","templated":true}]}}