{"id":8012,"date":"2022-10-11T15:41:18","date_gmt":"2022-10-11T13:41:18","guid":{"rendered":"http:\/\/preprod.byrna-defense.com\/www\/?page_id=8012"},"modified":"2022-11-02T11:29:29","modified_gmt":"2022-11-02T10:29:29","slug":"services-retours","status":"publish","type":"page","link":"https:\/\/www.byrna-defense.com\/de\/services-retours\/","title":{"rendered":"Service &amp; R\u00fccksendungen"},"content":{"rendered":"<div class=\"vc_row wpb_row vc_row-fluid\"><div class=\"wpb_column vc_column_container vc_col-sm-12\"><div class=\"vc_column-inner\"><div class=\"wpb_wrapper\">\n\t<div class=\"wpb_text_column wpb_content_element\" >\n\t\t<div class=\"wpb_wrapper\">\n\t\t\t<h2>AUSTAUSCH UND R\u00dcCKMELDUNGEN<\/h2>\n<div>\n<p>Sie haben 30 Tage ab dem Versanddatum Zeit, die Produkte unter der Bedingung zur\u00fcckzusenden, dass die Artikel nicht ausgepackt werden, sie m\u00fcssen identisch neu verpackt werden und an die folgende Adresse geschickt werden:\u00a0<strong>Gesellschaft Alliance - 2 impasse Paul S\u00e9journ\u00e9, 66350, Toulouges, Frankreich<\/strong>.<br \/>\nNach Erhalt werden die Artikel von einer Qualit\u00e4tsabteilung \u00fcberpr\u00fcft, bevor eine R\u00fcckerstattung oder die Ausgabe eines Gutscheins erfolgt.<\/p>\n<ul>\n<li>\n<h4>BEI EINEM KUNDENFEHLER<\/h4>\n<p>Die Kosten f\u00fcr die R\u00fccksendung sind von Ihnen zu tragen. Eine entsprechende Vereinbarung wird mit der Handelsabteilung ausgehandelt.<\/li>\n<li>\n<h4>IM FALLE EINES FEHLERS BEI DER VORBEREITUNG DER BESTELLUNG<\/h4>\n<p>Produkte, die in Ihrer Bestellung fehlen, werden Ihnen innerhalb von 2-3 Werktagen zugesandt. Im Falle eines Lieferengpasses wird eine Vereinbarung zwischen der Privatperson und der Handelsabteilung getroffen.<\/li>\n<li>\n<h4>BEI KUNDENSTORNIERUNG NACH DEM VERSAND<\/h4>\n<p>Die R\u00fcckerstattung erfolgt nach R\u00fccksendung des Pakets in unser Lager und die Kosten f\u00fcr den Hin- und\/oder R\u00fcckversand werden vom Gesamtbetrag der R\u00fcckerstattung der Bestellung abgezogen.<\/li>\n<\/ul>\n<\/div>\n\n\t\t<\/div>\n\t<\/div>\n<\/div><\/div><\/div><\/div>","protected":false},"excerpt":{"rendered":"UMTAUSCH UND R\u00dcCKGABE Sie k\u00f6nnen die Produkte innerhalb von 30 Tagen ab dem Versanddatum zur\u00fcckgeben, vorausgesetzt, dass","protected":false},"author":1,"featured_media":0,"parent":0,"menu_order":0,"comment_status":"closed","ping_status":"closed","template":"","meta":{"footnotes":""},"class_list":["post-8012","page","type-page","status-publish","hentry"],"_links":{"self":[{"href":"https:\/\/www.byrna-defense.com\/de\/wp-json\/wp\/v2\/pages\/8012","targetHints":{"allow":["GET"]}}],"collection":[{"href":"https:\/\/www.byrna-defense.com\/de\/wp-json\/wp\/v2\/pages"}],"about":[{"href":"https:\/\/www.byrna-defense.com\/de\/wp-json\/wp\/v2\/types\/page"}],"author":[{"embeddable":true,"href":"https:\/\/www.byrna-defense.com\/de\/wp-json\/wp\/v2\/users\/1"}],"replies":[{"embeddable":true,"href":"https:\/\/www.byrna-defense.com\/de\/wp-json\/wp\/v2\/comments?post=8012"}],"version-history":[{"count":6,"href":"https:\/\/www.byrna-defense.com\/de\/wp-json\/wp\/v2\/pages\/8012\/revisions"}],"predecessor-version":[{"id":8533,"href":"https:\/\/www.byrna-defense.com\/de\/wp-json\/wp\/v2\/pages\/8012\/revisions\/8533"}],"wp:attachment":[{"href":"https:\/\/www.byrna-defense.com\/de\/wp-json\/wp\/v2\/media?parent=8012"}],"curies":[{"name":"wp","href":"https:\/\/api.w.org\/{rel}","templated":true}]}}