{"id":7985,"date":"2022-10-11T15:13:19","date_gmt":"2022-10-11T13:13:19","guid":{"rendered":"http:\/\/preprod.byrna-defense.com\/www\/?page_id=7985"},"modified":"2022-10-13T17:18:14","modified_gmt":"2022-10-13T15:18:14","slug":"avis","status":"publish","type":"page","link":"https:\/\/www.byrna-defense.com\/de\/avis\/","title":{"rendered":"Meinungen"},"content":{"rendered":"<div class=\"vc_row wpb_row vc_row-fluid\"><div class=\"wpb_column vc_column_container vc_col-sm-12\"><div class=\"vc_column-inner\"><div class=\"wpb_wrapper\">\t\t\n\t\t<div id=\"wd-63456bded8699\" class=\"title-wrapper wd-wpb set-mb-s reset-last-child  wd-title-color-default wd-title-style-default wd-width-100 text-center\">\n\t\t\t\n\t\t\t<div class=\"liner-continer\">\n\t\t\t\t<h4 class=\"woodmart-title-container title  wd-font-weight- wd-fontsize-l\" >Sehen Sie sich unten einige Meinungen an<\/h4>\n\t\t\t\t\t\t\t<\/div>\n\t\t\t\n\t\t\t\n\t\t\t\t\t<\/div>\n\t\t\n\t\t<\/div><\/div><\/div><\/div><div class=\"vc_row wpb_row vc_row-fluid\"><div class=\"wpb_column vc_column_container vc_col-sm-4\"><div class=\"vc_column-inner\"><div class=\"wpb_wrapper\">\t\t\t\n\t\t\t<div id=\"carousel-9867\" class=\"testimonials testimonials-wrapper testimonials-slider testimon-style-standard testimon-align-center   wd-carousel-container wd-carousel-spacing-30\" data-owl-carousel data-desktop=\"1\" data-tablet_landscape=\"1\" data-tablet=\"1\" data-mobile=\"1\">\n\t\t\t\t<div class=\"owl-carousel owl-items-lg-1 owl-items-md-1 owl-items-sm-1 owl-items-xs-1\" >\n\t\t\t\t\t\n\t\t\t<div class=\"testimonial column\" >\n\t\t\t\t<div class=\"testimonial-inner\">\n\t\t\t\t\t\t\t\t\t\t\t<div class=\"testimonial-avatar\">\n\t\t\t\t\t\t\t<img decoding=\"async\" class=\"testimonial-avatar-image\" src=\"https:\/\/www.byrna-defense.com\/wp-content\/uploads\/2022\/10\/original-100x100.jpg\" width=\"100\" height=\"100\" alt=\"original\" title=\"original\" \/>\t\t\t\t\t\t<\/div>\n\t\t\t\t\t\t\t\t\t\t<div class=\"testimonial-content\">\n\t\t\t\t\t\t<div class=\"testimonial-rating\">\n\t\t\t\t\t\t\t<span class=\"star-rating\">\n\t\t\t\t\t\t\t\t<span style=\"width:100%\"><\/span>\n\t\t\t\t\t\t\t<\/span>\n\t\t\t\t\t\t<\/div>\n\t\t\t\t\t\t<img decoding=\"async\" class=\"aligncenter wp-image-7990\" src=\"https:\/\/www.byrna-defense.com\/wp-content\/uploads\/2022\/10\/avis_5etoiles.jpg\" alt=\"\" width=\"90\" height=\"20\" srcset=\"https:\/\/www.byrna-defense.com\/wp-content\/uploads\/2022\/10\/avis_5etoiles.jpg 291w, https:\/\/www.byrna-defense.com\/wp-content\/uploads\/2022\/10\/avis_5etoiles-18x4.jpg 18w, https:\/\/www.byrna-defense.com\/wp-content\/uploads\/2022\/10\/avis_5etoiles-75x17.jpg 75w\" sizes=\"(max-width: 90px) 100vw, 90px\" \/><\/p>\n<p style=\"text-align: center;\">Ich habe das Set (nat\u00fcrlich pink) als \u00dcberraschung f\u00fcr meine Frau bekommen - sie liebt es! Ich habe noch mehr Gaskanister und Ammoniak-Training bestellt.<br \/>\nDie Waffe selbst f\u00fchlt sich sehr komfortabel und leicht zu bedienen an. She'll keep it in her purse for walking from office to car as her office is in a bad neighborhood<\/p>\n<p>\t\t\t\t\t\t<footer>\n\t\t\t\t\t\t\tMichael G\t\t\t\t\t\t\t\t\t\t\t\t\t\t\t<span>Verified Buyer<\/span>\n\t\t\t\t\t\t\t\t\t\t\t\t\t<\/footer>\n\t\t\t\t\t<\/div>\n\t\t\t\t<\/div>\n\t\t\t<\/div>\n\n\t\t\t\t\t\t<\/div>\n\t\t\t<\/div>\n\t\t<\/div><\/div><\/div><div class=\"wpb_column vc_column_container vc_col-sm-4\"><div class=\"vc_column-inner\"><div class=\"wpb_wrapper\">\t\t\t\n\t\t\t<div id=\"carousel-6831\" class=\"testimonials testimonials-wrapper testimonials-slider testimon-style-standard testimon-align-center   wd-carousel-container wd-carousel-spacing-30\" data-owl-carousel data-desktop=\"1\" data-tablet_landscape=\"1\" data-tablet=\"1\" data-mobile=\"1\">\n\t\t\t\t<div class=\"owl-carousel owl-items-lg-1 owl-items-md-1 owl-items-sm-1 owl-items-xs-1\" >\n\t\t\t\t\t\n\t\t\t<div class=\"testimonial column\" >\n\t\t\t\t<div class=\"testimonial-inner\">\n\t\t\t\t\t\t\t\t\t\t\t<div class=\"testimonial-avatar\">\n\t\t\t\t\t\t\t<img decoding=\"async\" class=\"testimonial-avatar-image\" src=\"https:\/\/www.byrna-defense.com\/wp-content\/uploads\/2022\/10\/original-1-100x100.jpg\" width=\"100\" height=\"100\" alt=\"original (1)\" title=\"Original (1)\" \/>\t\t\t\t\t\t<\/div>\n\t\t\t\t\t\t\t\t\t\t<div class=\"testimonial-content\">\n\t\t\t\t\t\t<div class=\"testimonial-rating\">\n\t\t\t\t\t\t\t<span class=\"star-rating\">\n\t\t\t\t\t\t\t\t<span style=\"width:100%\"><\/span>\n\t\t\t\t\t\t\t<\/span>\n\t\t\t\t\t\t<\/div>\n\t\t\t\t\t\t<img decoding=\"async\" class=\"aligncenter wp-image-7990\" src=\"https:\/\/www.byrna-defense.com\/wp-content\/uploads\/2022\/10\/avis_5etoiles.jpg\" alt=\"\" width=\"90\" height=\"20\" srcset=\"https:\/\/www.byrna-defense.com\/wp-content\/uploads\/2022\/10\/avis_5etoiles.jpg 291w, https:\/\/www.byrna-defense.com\/wp-content\/uploads\/2022\/10\/avis_5etoiles-18x4.jpg 18w, https:\/\/www.byrna-defense.com\/wp-content\/uploads\/2022\/10\/avis_5etoiles-75x17.jpg 75w\" sizes=\"(max-width: 90px) 100vw, 90px\" \/><\/p>\n<p style=\"text-align: center;\">Die beste nicht-lethalische Alternative auf dem Markt. Es macht Spa\u00df, die Praxis anzusprechen. Ich habe das Gef\u00fchl, dass ich in Kalifornien kreativ sein muss, was ich tue, um Familie und Eigentum zu sch\u00fctzen. The kenetic alternative will do it for now. thank you Bryan for the genius it was to create this, and the marketing to get it out there and known.<\/p>\n<p>\t\t\t\t\t\t<footer>\n\t\t\t\t\t\t\tLawrence B\t\t\t\t\t\t\t\t\t\t\t\t\t\t\t<span>Verified Buyer<\/span>\n\t\t\t\t\t\t\t\t\t\t\t\t\t<\/footer>\n\t\t\t\t\t<\/div>\n\t\t\t\t<\/div>\n\t\t\t<\/div>\n\n\t\t\t\t\t\t<\/div>\n\t\t\t<\/div>\n\t\t<\/div><\/div><\/div><div class=\"wpb_column vc_column_container vc_col-sm-4\"><div class=\"vc_column-inner\"><div class=\"wpb_wrapper\">\t\t\t\n\t\t\t<div id=\"carousel-1553\" class=\"testimonials testimonials-wrapper testimonials-slider testimon-style-standard testimon-align-center   wd-carousel-container wd-carousel-spacing-30\" data-owl-carousel data-desktop=\"1\" data-tablet_landscape=\"1\" data-tablet=\"1\" data-mobile=\"1\">\n\t\t\t\t<div class=\"owl-carousel owl-items-lg-1 owl-items-md-1 owl-items-sm-1 owl-items-xs-1\" >\n\t\t\t\t\t\n\t\t\t<div class=\"testimonial column\" >\n\t\t\t\t<div class=\"testimonial-inner\">\n\t\t\t\t\t\t\t\t\t\t\t<div class=\"testimonial-avatar\">\n\t\t\t\t\t\t\t<img decoding=\"async\" class=\"testimonial-avatar-image\" src=\"https:\/\/www.byrna-defense.com\/wp-content\/uploads\/2022\/10\/original-2-100x100.jpg\" width=\"100\" height=\"100\" alt=\"original (2)\" title=\"Original (2)\" \/>\t\t\t\t\t\t<\/div>\n\t\t\t\t\t\t\t\t\t\t<div class=\"testimonial-content\">\n\t\t\t\t\t\t<div class=\"testimonial-rating\">\n\t\t\t\t\t\t\t<span class=\"star-rating\">\n\t\t\t\t\t\t\t\t<span style=\"width:100%\"><\/span>\n\t\t\t\t\t\t\t<\/span>\n\t\t\t\t\t\t<\/div>\n\t\t\t\t\t\t<img decoding=\"async\" class=\"wp-image-7990 aligncenter\" src=\"https:\/\/www.byrna-defense.com\/wp-content\/uploads\/2022\/10\/avis_5etoiles.jpg\" alt=\"\" width=\"90\" height=\"20\" srcset=\"https:\/\/www.byrna-defense.com\/wp-content\/uploads\/2022\/10\/avis_5etoiles.jpg 291w, https:\/\/www.byrna-defense.com\/wp-content\/uploads\/2022\/10\/avis_5etoiles-18x4.jpg 18w, https:\/\/www.byrna-defense.com\/wp-content\/uploads\/2022\/10\/avis_5etoiles-75x17.jpg 75w\" sizes=\"(max-width: 90px) 100vw, 90px\" \/><\/p>\n<p style=\"text-align: center;\">Dies ist nicht die erste nicht-letale Selbstverteidigungswaffe, die ich gekauft habe, aber es wird die letzte sein. Ich besitze einen Elektroschocker zusammen mit dem Tippmann TPIX, der von salt verkauft wird. Der Tippmann ist mein Heimverteidigungsartikel und der Elektroschocker, den ich schon immer bei mir hatte. Ich kaufte meine erste Byrna, damit ich beim Tragen mehr Sch\u00fcsse in der Hand haben w\u00fcrde als mit dem Taser-Puls.<\/p>\n<p>\t\t\t\t\t\t<footer>\n\t\t\t\t\t\t\tRon M\t\t\t\t\t\t\t\t\t\t\t\t\t\t\t<span>Verified Buyer<\/span>\n\t\t\t\t\t\t\t\t\t\t\t\t\t<\/footer>\n\t\t\t\t\t<\/div>\n\t\t\t\t<\/div>\n\t\t\t<\/div>\n\n\t\t\t\t\t\t<\/div>\n\t\t\t<\/div>\n\t\t<\/div><\/div><\/div><\/div><div class=\"vc_row wpb_row vc_row-fluid\"><div class=\"wpb_column vc_column_container vc_col-sm-12\"><div class=\"vc_column-inner\"><div class=\"wpb_wrapper\"><div class=\"vc_empty_space\"   style=\"height: 32px\"><span class=\"vc_empty_space_inner\"><\/span><\/div><\/div><\/div><\/div><\/div><div class=\"vc_row wpb_row vc_row-fluid\"><div class=\"wpb_column vc_column_container vc_col-sm-4\"><div class=\"vc_column-inner\"><div class=\"wpb_wrapper\">\t\t\t\n\t\t\t<div id=\"carousel-6127\" class=\"testimonials testimonials-wrapper testimonials-slider testimon-style-standard testimon-align-center   wd-carousel-container wd-carousel-spacing-30\" data-owl-carousel data-desktop=\"1\" data-tablet_landscape=\"1\" data-tablet=\"1\" data-mobile=\"1\">\n\t\t\t\t<div class=\"owl-carousel owl-items-lg-1 owl-items-md-1 owl-items-sm-1 owl-items-xs-1\" >\n\t\t\t\t\t\n\t\t\t<div class=\"testimonial column\" >\n\t\t\t\t<div class=\"testimonial-inner\">\n\t\t\t\t\t\t\t\t\t\t\t<div class=\"testimonial-avatar\">\n\t\t\t\t\t\t\t<img decoding=\"async\" class=\"testimonial-avatar-image\" src=\"https:\/\/www.byrna-defense.com\/wp-content\/uploads\/2022\/10\/original-3-100x100.jpg\" width=\"100\" height=\"100\" alt=\"original (3)\" title=\"original (3)\" \/>\t\t\t\t\t\t<\/div>\n\t\t\t\t\t\t\t\t\t\t<div class=\"testimonial-content\">\n\t\t\t\t\t\t<div class=\"testimonial-rating\">\n\t\t\t\t\t\t\t<span class=\"star-rating\">\n\t\t\t\t\t\t\t\t<span style=\"width:100%\"><\/span>\n\t\t\t\t\t\t\t<\/span>\n\t\t\t\t\t\t<\/div>\n\t\t\t\t\t\t<img decoding=\"async\" class=\"wp-image-7990 aligncenter\" src=\"https:\/\/www.byrna-defense.com\/wp-content\/uploads\/2022\/10\/avis_5etoiles.jpg\" alt=\"\" width=\"90\" height=\"20\" srcset=\"https:\/\/www.byrna-defense.com\/wp-content\/uploads\/2022\/10\/avis_5etoiles.jpg 291w, https:\/\/www.byrna-defense.com\/wp-content\/uploads\/2022\/10\/avis_5etoiles-18x4.jpg 18w, https:\/\/www.byrna-defense.com\/wp-content\/uploads\/2022\/10\/avis_5etoiles-75x17.jpg 75w\" sizes=\"(max-width: 90px) 100vw, 90px\" \/><\/p>\n<p style=\"text-align: center;\">I love it ... I have guns but just the feeling of A non-lethal way it's amazing and less headaches<\/p>\n<p>\t\t\t\t\t\t<footer>\n\t\t\t\t\t\t\tJose A\t\t\t\t\t\t\t\t\t\t\t\t\t\t\t<span>Verified Buyer<\/span>\n\t\t\t\t\t\t\t\t\t\t\t\t\t<\/footer>\n\t\t\t\t\t<\/div>\n\t\t\t\t<\/div>\n\t\t\t<\/div>\n\n\t\t\t\t\t\t<\/div>\n\t\t\t<\/div>\n\t\t<\/div><\/div><\/div><div class=\"wpb_column vc_column_container vc_col-sm-4\"><div class=\"vc_column-inner\"><div class=\"wpb_wrapper\">\t\t\t\n\t\t\t<div id=\"carousel-2768\" class=\"testimonials testimonials-wrapper testimonials-slider testimon-style-standard testimon-align-center   wd-carousel-container wd-carousel-spacing-30\" data-owl-carousel data-desktop=\"1\" data-tablet_landscape=\"1\" data-tablet=\"1\" data-mobile=\"1\">\n\t\t\t\t<div class=\"owl-carousel owl-items-lg-1 owl-items-md-1 owl-items-sm-1 owl-items-xs-1\" >\n\t\t\t\t\t\n\t\t\t<div class=\"testimonial column\" >\n\t\t\t\t<div class=\"testimonial-inner\">\n\t\t\t\t\t\t\t\t\t\t\t<div class=\"testimonial-avatar\">\n\t\t\t\t\t\t\t<img decoding=\"async\" class=\"testimonial-avatar-image\" src=\"https:\/\/www.byrna-defense.com\/wp-content\/uploads\/2022\/10\/original-5-100x100.jpg\" width=\"100\" height=\"100\" alt=\"original (5)\" title=\"originell (5)\" \/>\t\t\t\t\t\t<\/div>\n\t\t\t\t\t\t\t\t\t\t<div class=\"testimonial-content\">\n\t\t\t\t\t\t<div class=\"testimonial-rating\">\n\t\t\t\t\t\t\t<span class=\"star-rating\">\n\t\t\t\t\t\t\t\t<span style=\"width:100%\"><\/span>\n\t\t\t\t\t\t\t<\/span>\n\t\t\t\t\t\t<\/div>\n\t\t\t\t\t\t<img decoding=\"async\" class=\"aligncenter wp-image-7990\" src=\"https:\/\/www.byrna-defense.com\/wp-content\/uploads\/2022\/10\/avis_5etoiles.jpg\" alt=\"\" width=\"90\" height=\"20\" srcset=\"https:\/\/www.byrna-defense.com\/wp-content\/uploads\/2022\/10\/avis_5etoiles.jpg 291w, https:\/\/www.byrna-defense.com\/wp-content\/uploads\/2022\/10\/avis_5etoiles-18x4.jpg 18w, https:\/\/www.byrna-defense.com\/wp-content\/uploads\/2022\/10\/avis_5etoiles-75x17.jpg 75w\" sizes=\"(max-width: 90px) 100vw, 90px\" \/><\/p>\n<p style=\"text-align: center;\">Works great, would not wanna get hit in face with it. It would really suck!<\/p>\n<p>\t\t\t\t\t\t<footer>\n\t\t\t\t\t\t\tCurtis W\t\t\t\t\t\t\t\t\t\t\t\t\t\t\t<span>Verified Buyer<\/span>\n\t\t\t\t\t\t\t\t\t\t\t\t\t<\/footer>\n\t\t\t\t\t<\/div>\n\t\t\t\t<\/div>\n\t\t\t<\/div>\n\n\t\t\t\t\t\t<\/div>\n\t\t\t<\/div>\n\t\t<\/div><\/div><\/div><div class=\"wpb_column vc_column_container vc_col-sm-4\"><div class=\"vc_column-inner\"><div class=\"wpb_wrapper\">\t\t\t\n\t\t\t<div id=\"carousel-4857\" class=\"testimonials testimonials-wrapper testimonials-slider testimon-style-standard testimon-align-center   wd-carousel-container wd-carousel-spacing-30\" data-owl-carousel data-desktop=\"1\" data-tablet_landscape=\"1\" data-tablet=\"1\" data-mobile=\"1\">\n\t\t\t\t<div class=\"owl-carousel owl-items-lg-1 owl-items-md-1 owl-items-sm-1 owl-items-xs-1\" >\n\t\t\t\t\t\n\t\t\t<div class=\"testimonial column\" >\n\t\t\t\t<div class=\"testimonial-inner\">\n\t\t\t\t\t\t\t\t\t\t\t<div class=\"testimonial-avatar\">\n\t\t\t\t\t\t\t<img decoding=\"async\" class=\"testimonial-avatar-image\" src=\"https:\/\/www.byrna-defense.com\/wp-content\/uploads\/2022\/10\/original-4-100x100.jpg\" width=\"100\" height=\"100\" alt=\"original (4)\" title=\"originell (4)\" \/>\t\t\t\t\t\t<\/div>\n\t\t\t\t\t\t\t\t\t\t<div class=\"testimonial-content\">\n\t\t\t\t\t\t<div class=\"testimonial-rating\">\n\t\t\t\t\t\t\t<span class=\"star-rating\">\n\t\t\t\t\t\t\t\t<span style=\"width:100%\"><\/span>\n\t\t\t\t\t\t\t<\/span>\n\t\t\t\t\t\t<\/div>\n\t\t\t\t\t\t<img decoding=\"async\" class=\"aligncenter wp-image-7990\" src=\"https:\/\/www.byrna-defense.com\/wp-content\/uploads\/2022\/10\/avis_5etoiles.jpg\" alt=\"\" width=\"90\" height=\"20\" srcset=\"https:\/\/www.byrna-defense.com\/wp-content\/uploads\/2022\/10\/avis_5etoiles.jpg 291w, https:\/\/www.byrna-defense.com\/wp-content\/uploads\/2022\/10\/avis_5etoiles-18x4.jpg 18w, https:\/\/www.byrna-defense.com\/wp-content\/uploads\/2022\/10\/avis_5etoiles-75x17.jpg 75w\" sizes=\"(max-width: 90px) 100vw, 90px\" \/><\/p>\n<p style=\"text-align: center;\">Ich habe dies f\u00fcr meine Frau besorgt, da sie definitiv das \"Ungun\"-Zentrum der Massendemografie ist, nach dem Byrna sucht. Es kam p\u00fcnktlich an und war sicher verpackt. Die verf\u00fcgbaren Bilder und Videos erfassen einfach nicht die Qualit\u00e4t und Pr\u00e4zision der Konstruktion.<\/p>\n<p>\t\t\t\t\t\t<footer>\n\t\t\t\t\t\t\tLaurence A\t\t\t\t\t\t\t\t\t\t\t\t\t\t\t<span>Verified Buyer<\/span>\n\t\t\t\t\t\t\t\t\t\t\t\t\t<\/footer>\n\t\t\t\t\t<\/div>\n\t\t\t\t<\/div>\n\t\t\t<\/div>\n\n\t\t\t\t\t\t<\/div>\n\t\t\t<\/div>\n\t\t<\/div><\/div><\/div><\/div>","protected":false},"excerpt":{"rendered":"I got the kit (pink, of course) for my wife as a surprise - she loves","protected":false},"author":1,"featured_media":0,"parent":0,"menu_order":0,"comment_status":"closed","ping_status":"closed","template":"","meta":{"footnotes":""},"class_list":["post-7985","page","type-page","status-publish","hentry"],"_links":{"self":[{"href":"https:\/\/www.byrna-defense.com\/de\/wp-json\/wp\/v2\/pages\/7985","targetHints":{"allow":["GET"]}}],"collection":[{"href":"https:\/\/www.byrna-defense.com\/de\/wp-json\/wp\/v2\/pages"}],"about":[{"href":"https:\/\/www.byrna-defense.com\/de\/wp-json\/wp\/v2\/types\/page"}],"author":[{"embeddable":true,"href":"https:\/\/www.byrna-defense.com\/de\/wp-json\/wp\/v2\/users\/1"}],"replies":[{"embeddable":true,"href":"https:\/\/www.byrna-defense.com\/de\/wp-json\/wp\/v2\/comments?post=7985"}],"version-history":[{"count":10,"href":"https:\/\/www.byrna-defense.com\/de\/wp-json\/wp\/v2\/pages\/7985\/revisions"}],"predecessor-version":[{"id":8088,"href":"https:\/\/www.byrna-defense.com\/de\/wp-json\/wp\/v2\/pages\/7985\/revisions\/8088"}],"wp:attachment":[{"href":"https:\/\/www.byrna-defense.com\/de\/wp-json\/wp\/v2\/media?parent=7985"}],"curies":[{"name":"wp","href":"https:\/\/api.w.org\/{rel}","templated":true}]}}