{"id":8572,"date":"2022-11-02T15:15:25","date_gmt":"2022-11-02T14:15:25","guid":{"rendered":"https:\/\/www.byrna-defense.com\/?post_type=product&#038;p=8572"},"modified":"2025-11-24T17:06:04","modified_gmt":"2025-11-24T16:06:04","slug":"byrna-target-trap","status":"publish","type":"product","link":"https:\/\/www.byrna-defense.com\/cs\/product\/byrna-target-trap\/","title":{"rendered":"C\u00cdLOV\u00c1 PAST BYRNA"},"content":{"rendered":"<div class=\"vc_row wpb_row vc_row-fluid\"><div class=\"wpb_column vc_column_container vc_col-sm-12\"><div class=\"vc_column-inner\"><div class=\"wpb_wrapper\">\n\t<div class=\"wpb_text_column wpb_content_element\" >\n\t\t<div class=\"wpb_wrapper\">\n\t\t\t<p>Tr\u00e9ninkov\u00fd ter\u010d Byrna je p\u0159\u00edslu\u0161enstv\u00ed pro u\u017eivatele st\u0159el Byrna Kinetic nebo Eco-Kinetic. Je navr\u017een tak, aby poskytoval bezpe\u010dnou a efektivn\u00ed tr\u00e9ninkovou platformu pro zlep\u0161en\u00ed va\u0161ich st\u0159eleck\u00fdch dovednost\u00ed. Je vyroben z kvalitn\u00edch materi\u00e1l\u016f pro dlouhou \u017eivotnost.<\/p>\n<p>Tento ter\u010d je speci\u00e1ln\u011b navr\u017een pro pou\u017eit\u00ed se st\u0159elivem Kinetic (tvrd\u00fd polymer) nebo Eco-Kinetic (zelen\u00fd stla\u010den\u00fd prach) a je schopen \u00fa\u010dinn\u011b obnovovat kuli\u010dky po ka\u017ed\u00e9m v\u00fdst\u0159elu. To umo\u017e\u0148uje opakovan\u00e9 pou\u017eit\u00ed kuli\u010dek a sni\u017euje n\u00e1klady na v\u00fdcvik (Upozorn\u011bn\u00ed: Opakovan\u00e1 st\u0159elba z \"eko-kinetick\u00e9\" munice ze stla\u010den\u00e9ho prachu m\u016f\u017ee v\u00e9st k deformaci struktury kuli\u010dky).<\/p>\n<p>Je tak\u00e9 navr\u017een pro pou\u017eit\u00ed v interi\u00e9ru i exteri\u00e9ru, tak\u017ee m\u016f\u017eete tr\u00e9novat za jak\u00e9hokoli po\u010das\u00ed. Je tak\u00e9 navr\u017een tak, aby odol\u00e1val opot\u0159eben\u00ed p\u0159i dlouhodob\u00e9m pou\u017e\u00edv\u00e1n\u00ed.<\/p>\n\n\t\t<\/div>\n\t<\/div>\n\n\t\t<div class=\"wd-list wd-wpb color-scheme- wd-fontsize-xs wd-list-type-icon wd-list-style-default\" id=\"wd-63627d52e5137\">\n\t\t\t<ul>\n\t\t\t\t\t\t\t\t\t\t\t\t\t\t<li>\n\t\t\t\t\t\t\t\t\t\t\t\t\t<div class=\"list-icon fas fa-check\"><\/div>\n\t\t\t\t\t\t\t\t\t\t\t\t<span class=\"list-content\">Vysoce kvalitn\u00ed pogumovan\u00fd nylonov\u00fd taft s odoln\u00fdm ocelov\u00fdm r\u00e1mem.<\/span>\n\t\t\t\t\t<\/li>\n\t\t\t\t\t\t\t\t\t\t\t\t<\/ul>\n\t\t\t\t\t<\/div>\n\t\t\n\t\t\n\t\t<div class=\"wd-list wd-wpb color-scheme- wd-fontsize-xs wd-list-type-icon wd-list-style-default\" id=\"wd-63627d6d9e941\">\n\t\t\t<ul>\n\t\t\t\t\t\t\t\t\t\t\t\t\t\t<li>\n\t\t\t\t\t\t\t\t\t\t\t\t\t<div class=\"list-icon fas fa-check\"><\/div>\n\t\t\t\t\t\t\t\t\t\t\t\t<span class=\"list-content\">Integrovan\u00fd dvojit\u00fd z\u00e1vit sni\u017euje hlu\u010dnost a zvy\u0161uje brzdnou s\u00edlu.\n<\/span>\n\t\t\t\t\t<\/li>\n\t\t\t\t\t\t\t\t\t\t\t\t<\/ul>\n\t\t\t\t\t<\/div>\n\t\t\n\t\t\n\t\t<div class=\"wd-list wd-wpb color-scheme- wd-fontsize-xs wd-list-type-icon wd-list-style-default\" id=\"wd-63627d76ddfb8\">\n\t\t\t<ul>\n\t\t\t\t\t\t\t\t\t\t\t\t\t\t<li>\n\t\t\t\t\t\t\t\t\t\t\t\t\t<div class=\"list-icon fas fa-check\"><\/div>\n\t\t\t\t\t\t\t\t\t\t\t\t<span class=\"list-content\">Konstrukce stanu umo\u017e\u0148uje st\u0159elci snadno zachyt\u00e1vat a sb\u00edrat st\u0159ely.\n<\/span>\n\t\t\t\t\t<\/li>\n\t\t\t\t\t\t\t\t\t\t\t\t<\/ul>\n\t\t\t\t\t<\/div>\n\t\t\n\t\t\n\t\t<div class=\"wd-list wd-wpb color-scheme- wd-fontsize-xs wd-list-type-icon wd-list-style-default\" id=\"wd-63627d7fd1826\">\n\t\t\t<ul>\n\t\t\t\t\t\t\t\t\t\t\t\t\t\t<li>\n\t\t\t\t\t\t\t\t\t\t\t\t\t<div class=\"list-icon fas fa-check\"><\/div>\n\t\t\t\t\t\t\t\t\t\t\t\t<span class=\"list-content\">Rozm\u011bry v otev\u0159en\u00e9m stavu 45 x 45 x 50 cm, pr\u016fm\u011br 13 cm po slo\u017een\u00ed v p\u0159enosn\u00e9m pouzd\u0159e.\n<\/span>\n\t\t\t\t\t<\/li>\n\t\t\t\t\t\t\t\t\t\t\t\t<\/ul>\n\t\t\t\t\t<\/div>\n\t\t\n\t\t\n\t\t<div class=\"wd-list wd-wpb color-scheme- wd-fontsize-xs wd-list-type-icon wd-list-style-default\" id=\"wd-63627d89c9d46\">\n\t\t\t<ul>\n\t\t\t\t\t\t\t\t\t\t\t\t\t\t<li>\n\t\t\t\t\t\t\t\t\t\t\t\t\t<div class=\"list-icon fas fa-check\"><\/div>\n\t\t\t\t\t\t\t\t\t\t\t\t<span class=\"list-content\">Sou\u010d\u00e1st\u00ed balen\u00ed je cestovn\u00ed pouzdro pro snadnou p\u0159epravu.<\/span>\n\t\t\t\t\t<\/li>\n\t\t\t\t\t\t\t\t\t\t\t\t<\/ul>\n\t\t\t\t\t<\/div>\n\t\t\n\t\t<\/div><\/div><\/div><div class=\"wpb_column vc_column_container vc_col-sm-12\"><div class=\"vc_column-inner\"><div class=\"wpb_wrapper\"><\/div><\/div><\/div><\/div><div class=\"vc_row wpb_row vc_row-fluid\"><div class=\"wpb_column vc_column_container vc_col-sm-12\"><div class=\"vc_column-inner\"><div class=\"wpb_wrapper\"><div id=\"wd-63bd7073f13b4\" class=\"wd-button-wrapper text-left\"><a href=\"https:\/\/www.byrna-defense.com\/wp-content\/uploads\/2022\/11\/byrna-tent.pdf\" title=\"\" class=\"btn btn-color-primary btn-style-default btn-shape-semi-round btn-size-default btn-icon-pos-right\">Manuel<span class=\"wd-btn-icon\"><span class=\"wd-icon fas fa-arrow-circle-down\"><\/span><\/span><\/a><\/div><div class=\"vc_empty_space\"   style=\"height: 32px\"><span class=\"vc_empty_space_inner\"><\/span><\/div><div id=\"wd-63bd383f49609\" class=\"wd-button-wrapper text-left\"><a href=\"https:\/\/www.byrna-defense.com\/wp-content\/uploads\/2023\/01\/Byrna-Pliable-Piege-a-Cible-FICHE-TECHNIQUE.pdf\" title=\"\" class=\"btn btn-color-primary btn-style-default btn-shape-semi-round btn-size-default btn-icon-pos-right\">Datov\u00fd list<span class=\"wd-btn-icon\"><span class=\"wd-icon fas fa-arrow-circle-down\"><\/span><\/span><\/a><\/div><div class=\"vc_empty_space\"   style=\"height: 32px\"><span class=\"vc_empty_space_inner\"><\/span><\/div><\/div><\/div><\/div><\/div><div class=\"vc_row wpb_row vc_row-fluid\"><div class=\"wpb_column vc_column_container vc_col-sm-12\"><div class=\"vc_column-inner\"><div class=\"wpb_wrapper\"><\/div><\/div><\/div><\/div>","protected":false},"excerpt":{"rendered":"<p>Tr\u00e9ninkov\u00fd ter\u010d Byrna s m\u00ed\u010dkem na obnovu. V\u00fdhradn\u00ed pou\u017eit\u00ed pro munici Kinetic (tvrd\u00fd polymer) nebo Eco-Kinetic (zelen\u00fd stla\u010den\u00fd prach).<\/p>\n<p>&nbsp;<br \/>\n<input class=\"favorite styled\"\n       type=\"button\"\n       value=\"Objedn\u00e1vka\"\n       style=\"background-color: #FC671D; color: white; font-weight: bold;\"\n       onclick=\"location.href='https:\/\/www.naturabuy.fr\/stores\/2029\/'\"><\/p>","protected":false},"featured_media":8573,"comment_status":"closed","ping_status":"closed","template":"","meta":[],"product_brand":[],"product_cat":[42],"product_tag":[],"class_list":{"0":"post-8572","1":"product","2":"type-product","3":"status-publish","4":"has-post-thumbnail","6":"product_cat-accessoires","8":"first","9":"instock","10":"shipping-taxable","11":"purchasable","12":"product-type-simple"},"_links":{"self":[{"href":"https:\/\/www.byrna-defense.com\/cs\/wp-json\/wp\/v2\/product\/8572","targetHints":{"allow":["GET"]}}],"collection":[{"href":"https:\/\/www.byrna-defense.com\/cs\/wp-json\/wp\/v2\/product"}],"about":[{"href":"https:\/\/www.byrna-defense.com\/cs\/wp-json\/wp\/v2\/types\/product"}],"replies":[{"embeddable":true,"href":"https:\/\/www.byrna-defense.com\/cs\/wp-json\/wp\/v2\/comments?post=8572"}],"wp:featuredmedia":[{"embeddable":true,"href":"https:\/\/www.byrna-defense.com\/cs\/wp-json\/wp\/v2\/media\/8573"}],"wp:attachment":[{"href":"https:\/\/www.byrna-defense.com\/cs\/wp-json\/wp\/v2\/media?parent=8572"}],"wp:term":[{"taxonomy":"product_brand","embeddable":true,"href":"https:\/\/www.byrna-defense.com\/cs\/wp-json\/wp\/v2\/product_brand?post=8572"},{"taxonomy":"product_cat","embeddable":true,"href":"https:\/\/www.byrna-defense.com\/cs\/wp-json\/wp\/v2\/product_cat?post=8572"},{"taxonomy":"product_tag","embeddable":true,"href":"https:\/\/www.byrna-defense.com\/cs\/wp-json\/wp\/v2\/product_tag?post=8572"}],"curies":[{"name":"wp","href":"https:\/\/api.w.org\/{rel}","templated":true}]}}