{"id":7728,"date":"2022-09-19T15:29:42","date_gmt":"2022-09-19T13:29:42","guid":{"rendered":"http:\/\/preprod.byrna-defense.com\/www\/?post_type=product&#038;p=7728"},"modified":"2025-11-24T17:04:58","modified_gmt":"2025-11-24T16:04:58","slug":"banshee","status":"publish","type":"product","link":"https:\/\/www.byrna-defense.com\/cs\/product\/banshee\/","title":{"rendered":"Osobn\u00ed alarm Banshee"},"content":{"rendered":"<div class=\"vc_row wpb_row vc_row-fluid\"><div class=\"wpb_column vc_column_container vc_col-sm-12\"><div class=\"vc_column-inner\"><div class=\"wpb_wrapper\">\n\t<div class=\"wpb_text_column wpb_content_element\" >\n\t\t<div class=\"wpb_wrapper\">\n\t\t\t<p>Byrna Banshee je vojensk\u00fd osobn\u00ed bezpe\u010dnostn\u00ed alarm ur\u010den\u00fd k ochran\u011b osob p\u0159ed potenci\u00e1ln\u00edmi \u00fatoky. Se silou zvuku 130 dB na sebe dok\u00e1\u017ee b\u011bhem n\u011bkolika sekund upozornit a sv\u00fdm pronikav\u00fdm zvukem zma\u0159it p\u0159\u00edpadn\u00fd \u00fatok.<\/p>\n<p>Je vybaven karabinou, tak\u017ee se snadno p\u0159ipevn\u00ed k batohu, popruhu kabelky a poutku u kalhot, aby byl v p\u0159\u00edpad\u011b nouze rychle k dispozici. Bud\u00edk tak budete m\u00edt v\u017edy po ruce.<\/p>\n<p>Tento bud\u00edk je vyroben z odoln\u00fdch, vod\u011bodoln\u00fdch materi\u00e1l\u016f a m\u00e1 dlouhou \u017eivotnost a je spolehliv\u00fd. M\u00e1 tak\u00e9 vym\u011bniteln\u00e9 baterie, kter\u00e9 vydr\u017e\u00ed a\u017e rok, co\u017e je ide\u00e1ln\u00ed pro studenty, dosp\u011bl\u00e9, star\u0161\u00ed osoby a outdoorov\u00e9 nad\u0161ence.<\/p>\n<p>Celkov\u011b je Byrna Banshee nezbytn\u00fdm n\u00e1strojem pro ka\u017ed\u00e9ho, kdo se star\u00e1 o svou bezpe\u010dnost, aby se ochr\u00e1nil p\u0159ed potenci\u00e1ln\u00edmi \u00fato\u010dn\u00edky a upoutal pozornost v p\u0159\u00edpad\u011b nouze. 130 dB je ekvivalentem sly\u0161en\u00ed startu vojensk\u00e9ho letadla ze vzd\u00e1lenosti 50 stop, tak\u017ee tento alarm je pro va\u0161i osobn\u00ed bezpe\u010dnost prost\u011b nezbytn\u00fd.<\/p>\n\n\t\t<\/div>\n\t<\/div>\n<\/div><\/div><\/div><\/div><div class=\"vc_row wpb_row vc_row-fluid\"><div class=\"wpb_column vc_column_container vc_col-sm-4\"><div class=\"vc_column-inner\"><div class=\"wpb_wrapper\"><\/div><\/div><\/div><div class=\"wpb_column vc_column_container vc_col-sm-4\"><div class=\"vc_column-inner\"><div class=\"wpb_wrapper\">\n\t<div class=\"wpb_video_widget wpb_content_element vc_clearfix vc_video-aspect-ratio-169 vc_video-el-width-100 vc_video-align-left\" >\n\t\t<div class=\"wpb_wrapper\">\n\t\t\t\n\t\t\t<div class=\"wpb_video_wrapper\"><div class=\"wd-video-poster-wrapper\"><div class=\"wd-video-poster\" style=\"background-image:url(https:\/\/www.byrna-defense.com\/wp-content\/uploads\/2022\/09\/Banshee-Lifestyle-1_800x.jpg)\";><\/div><div class=\"button-play\"><\/div><\/div><iframe title=\"BYRNA BANSHEE\" width=\"500\" height=\"281\" src=\"https:\/\/www.youtube.com\/embed\/xLmvtI8U064?feature=oembed\" frameborder=\"0\" allow=\"accelerometer; autoplay; clipboard-write; encrypted-media; gyroscope; picture-in-picture; web-share\" referrerpolicy=\"strict-origin-when-cross-origin\" allowfullscreen><\/iframe><\/div>\n\t\t<\/div>\n\t<\/div>\n<\/div><\/div><\/div><div class=\"wpb_column vc_column_container vc_col-sm-4\"><div class=\"vc_column-inner\"><div class=\"wpb_wrapper\"><\/div><\/div><\/div><\/div>","protected":false},"excerpt":{"rendered":"<p>V\u011brni sv\u00e9mu mantra <strong>\u017divot v bezpe\u010d\u00ed<\/strong> \" S pot\u011b\u0161en\u00edm p\u0159edstavujeme <strong>Byrna Banshee<\/strong> Osobn\u00ed bezpe\u010dnostn\u00ed alarm vojensk\u00e9 t\u0159\u00eddy s hlasitost\u00ed 130 dB*, kter\u00fd dok\u00e1\u017ee vydat zvukov\u00e9 upozorn\u011bn\u00ed, je\u017e na v\u00e1s upozorn\u00ed a zabr\u00e1n\u00ed potenci\u00e1ln\u00edm \u00fatok\u016fm.<\/p>\n<p>&nbsp;<br \/>\n<input class=\"favorite styled\"\n       type=\"button\"\n       value=\"Objedn\u00e1vka\"\n       style=\"background-color: #FC671D; color: white; font-weight: bold;\"\n       onclick=\"location.href='https:\/\/www.naturabuy.fr\/stores\/2029\/'\"><\/p>","protected":false},"featured_media":7777,"comment_status":"closed","ping_status":"closed","template":"","meta":[],"product_brand":[],"product_cat":[15],"product_tag":[],"class_list":{"0":"post-7728","1":"product","2":"type-product","3":"status-publish","4":"has-post-thumbnail","6":"product_cat-uncategorized","8":"first","9":"instock","10":"shipping-taxable","11":"purchasable","12":"product-type-variable","13":"has-default-attributes"},"_links":{"self":[{"href":"https:\/\/www.byrna-defense.com\/cs\/wp-json\/wp\/v2\/product\/7728","targetHints":{"allow":["GET"]}}],"collection":[{"href":"https:\/\/www.byrna-defense.com\/cs\/wp-json\/wp\/v2\/product"}],"about":[{"href":"https:\/\/www.byrna-defense.com\/cs\/wp-json\/wp\/v2\/types\/product"}],"replies":[{"embeddable":true,"href":"https:\/\/www.byrna-defense.com\/cs\/wp-json\/wp\/v2\/comments?post=7728"}],"wp:featuredmedia":[{"embeddable":true,"href":"https:\/\/www.byrna-defense.com\/cs\/wp-json\/wp\/v2\/media\/7777"}],"wp:attachment":[{"href":"https:\/\/www.byrna-defense.com\/cs\/wp-json\/wp\/v2\/media?parent=7728"}],"wp:term":[{"taxonomy":"product_brand","embeddable":true,"href":"https:\/\/www.byrna-defense.com\/cs\/wp-json\/wp\/v2\/product_brand?post=7728"},{"taxonomy":"product_cat","embeddable":true,"href":"https:\/\/www.byrna-defense.com\/cs\/wp-json\/wp\/v2\/product_cat?post=7728"},{"taxonomy":"product_tag","embeddable":true,"href":"https:\/\/www.byrna-defense.com\/cs\/wp-json\/wp\/v2\/product_tag?post=7728"}],"curies":[{"name":"wp","href":"https:\/\/api.w.org\/{rel}","templated":true}]}}