{"id":8560,"date":"2022-11-02T14:57:32","date_gmt":"2022-11-02T13:57:32","guid":{"rendered":"https:\/\/www.byrna-defense.com\/?page_id=8560"},"modified":"2022-11-02T15:02:40","modified_gmt":"2022-11-02T14:02:40","slug":"a-propos","status":"publish","type":"page","link":"https:\/\/www.byrna-defense.com\/cs\/a-propos\/","title":{"rendered":"O n\u00e1s"},"content":{"rendered":"<div class=\"vc_row wpb_row vc_row-fluid\"><div class=\"wpb_column vc_column_container vc_col-sm-12\"><div class=\"vc_column-inner\"><div class=\"wpb_wrapper\">\t\t<div id=\"gallery_505\" class=\"wd-images-gallery wd-justify-center wd-items-middle view-grid photoswipe-images\" >\n\t\t\t<div class=\"gallery-images row wd-spacing-0\">\n\t\t\t\t\t\t\t\t\t\t\t\t\t\t\t<div class=\"wd-gallery-item col-md-4 col-6\">\n\t\t\t\t\t\t\t\t\t\t\t\t\t\t<a href=\"https:\/\/www.byrna-defense.com\/wp-content\/uploads\/2022\/11\/Byrna_Technologies_Inc_Logo.webp\" data-elementor-open-lightbox=\"no\" data-index=\"1\" data-width=\"749\" data-height=\"278\"  >\n\t\t\t\t\t\t\t\t\t\t\t\t\t\t\t\t\n\t\t\t\t\t\t\t\t\t\t\t\t\t\t\t\t\t<img decoding=\"async\" class=\"wd-gallery-image image-1\" src=\"https:\/\/www.byrna-defense.com\/wp-content\/uploads\/2022\/11\/Byrna_Technologies_Inc_Logo.webp\" width=\"749\" height=\"278\" alt=\"Byrna_Technologies_Inc_Logo\" title=\"Byrna_Technologies_Inc_Logo\" \/>\t\t\t\t\t\t\t\t\t\t\t\t\t\t\t\t\n\t\t\t\t\t\t\t\t\n\t\t\t\t\t\t\t\t\t\t\t\t\t\t\t<\/a>\n\t\t\t\t\t\t\t\t\t\t\t\t<\/div>\n\t\t\t\t\t\t\t\t\t\t\t\t<\/div>\n\t\t<\/div>\n\t\t\t\t<div class=\"vc_empty_space\"   style=\"height: 32px\"><span class=\"vc_empty_space_inner\"><\/span><\/div>\t\n\t\t\t<div id=\"wd-63627846e46bf\" class=\"wd-text-block-wrapper wd-wpb color-scheme-custom wd-width-100 text-left\">\n\t\t\t\t<div class=\"woodmart-title-container woodmart-text-block reset-last-child font-primary wd-font-weight-400 wd-fontsize-l\">\n\t\t\t\t\tVyslovuje se <strong>bur-nah<\/strong>Byrna HD (Home Defense) je nejlep\u0161\u00ed ru\u010dn\u00ed osobn\u00ed bezpe\u010dnostn\u00ed za\u0159\u00edzen\u00ed na CO2 ve sv\u00e9 t\u0159\u00edd\u011b. Byrna HD vyst\u0159eluje dr\u00e1\u017ediv\u00e9 chemick\u00e9 projektily r\u00e1\u017ee 68 napln\u011bn\u00e9 velmi siln\u00fdm koktejlem OC (pep\u0159ov\u00fd sprej) a CS (slzn\u00fd plyn) v jednom v\u00fdst\u0159elu.<\/p>\n<p>Byrna HD dok\u00e1\u017ee \u00fa\u010dinn\u011b odradit, dezorientovat a zne\u0161kodnit potenci\u00e1ln\u00ed \u00fato\u010dn\u00edky na vzd\u00e1lenost a\u017e 18 metr\u016f. Kompaktn\u00ed design pistole Byrna HD je ide\u00e1ln\u00ed pro skryt\u00e9 no\u0161en\u00ed a lze ji vz\u00edt prakticky kamkoli.<\/p>\n<p>K n\u00e1kupu nebo no\u0161en\u00ed zbran\u011b nen\u00ed t\u0159eba \u017e\u00e1dn\u00e9 feder\u00e1ln\u00ed povolen\u00ed ani licence, na n\u00e1kup a vlastnictv\u00ed zbran\u011b Byrna HD nen\u00ed t\u0159eba \u010dekat ani prov\u011b\u0159ovat pozad\u00ed.<\/p>\n<p>Byrna Technologies Inc. je spole\u010dnost se s\u00eddlem v Massachusetts, kter\u00e1 se dlouhodob\u011b zab\u00fdv\u00e1 v\u00fdrobou nesmrt\u00edc\u00edch zbran\u00ed na m\u00edstn\u00ed \u00farovni i v okol\u00ed. Spole\u010dnost Byrna tak\u00e9 prod\u00e1v\u00e1 nesmrt\u00edc\u00ed st\u0159elivo arm\u00e1d\u011b a prost\u0159ednictv\u00edm sv\u00e9 divize Byrna Law Enforcement tak\u00e9 donucovac\u00edm org\u00e1n\u016fm a n\u00e1pravn\u00fdm za\u0159\u00edzen\u00edm.\t\t\t\t<\/div>\n\t\t\t\t\t\t\t<\/div>\n\t\t<\/div><\/div><\/div><\/div><div class=\"vc_row wpb_row vc_row-fluid\"><div class=\"wpb_column vc_column_container vc_col-sm-12\"><div class=\"vc_column-inner\"><div class=\"wpb_wrapper\"><\/div><\/div><\/div><\/div>","protected":false},"excerpt":{"rendered":"Byrna HD (Home Defense) se vyslovuje bur-nah a je nejlep\u0161\u00edm ru\u010dn\u00edm osobn\u00edm bezpe\u010dnostn\u00edm za\u0159\u00edzen\u00edm s CO2 na trhu.","protected":false},"author":3,"featured_media":0,"parent":0,"menu_order":0,"comment_status":"closed","ping_status":"closed","template":"","meta":{"footnotes":""},"class_list":["post-8560","page","type-page","status-publish","hentry"],"_links":{"self":[{"href":"https:\/\/www.byrna-defense.com\/cs\/wp-json\/wp\/v2\/pages\/8560","targetHints":{"allow":["GET"]}}],"collection":[{"href":"https:\/\/www.byrna-defense.com\/cs\/wp-json\/wp\/v2\/pages"}],"about":[{"href":"https:\/\/www.byrna-defense.com\/cs\/wp-json\/wp\/v2\/types\/page"}],"author":[{"embeddable":true,"href":"https:\/\/www.byrna-defense.com\/cs\/wp-json\/wp\/v2\/users\/3"}],"replies":[{"embeddable":true,"href":"https:\/\/www.byrna-defense.com\/cs\/wp-json\/wp\/v2\/comments?post=8560"}],"version-history":[{"count":5,"href":"https:\/\/www.byrna-defense.com\/cs\/wp-json\/wp\/v2\/pages\/8560\/revisions"}],"predecessor-version":[{"id":8566,"href":"https:\/\/www.byrna-defense.com\/cs\/wp-json\/wp\/v2\/pages\/8560\/revisions\/8566"}],"wp:attachment":[{"href":"https:\/\/www.byrna-defense.com\/cs\/wp-json\/wp\/v2\/media?parent=8560"}],"curies":[{"name":"wp","href":"https:\/\/api.w.org\/{rel}","templated":true}]}}