{"id":8002,"date":"2022-10-11T15:37:36","date_gmt":"2022-10-11T13:37:36","guid":{"rendered":"http:\/\/preprod.byrna-defense.com\/www\/?page_id=8002"},"modified":"2024-02-05T14:20:02","modified_gmt":"2024-02-05T13:20:02","slug":"premiers-soins","status":"publish","type":"page","link":"https:\/\/www.byrna-defense.com\/cs\/premiers-soins\/","title":{"rendered":"Prvn\u00ed pomoc"},"content":{"rendered":"<div class=\"vc_row wpb_row vc_row-fluid\"><div class=\"wpb_column vc_column_container vc_col-sm-12\"><div class=\"vc_column-inner\"><div class=\"wpb_wrapper\">\t\n\t\t\t<div id=\"wd-636248e963a91\" class=\"wd-text-block-wrapper wd-wpb color-scheme-custom wd-width-100 text-left vc_custom_1667385585161\">\n\t\t\t\t<div class=\"woodmart-title-container woodmart-text-block reset-last-child font-text wd-font-weight-400 wd-fontsize-m\">\n\t\t\t\t\tChemick\u00e9 dr\u00e1\u017ediv\u00e9 l\u00e1tky mohou zp\u016fsobit v\u00e1\u017en\u00e9 zran\u011bn\u00ed, trval\u00e9 posti\u017een\u00ed a ve vz\u00e1cn\u00fdch p\u0159\u00edpadech i smrt. D\u011bti, star\u0161\u00ed lid\u00e9 a osoby s chronick\u00fdmi onemocn\u011bn\u00edmi jsou v\u016f\u010di \u00fa\u010dink\u016fm chemick\u00fdch dr\u00e1\u017ediv\u00fdch l\u00e1tek zraniteln\u011bj\u0161\u00ed. Lid\u00e9 s ji\u017e existuj\u00edc\u00edmi d\u00fdchac\u00edmi pot\u00ed\u017eemi, jako je astma, budou pravd\u011bpodobn\u011b pot\u0159ebovat l\u00e9ka\u0159skou pomoc a n\u011bkdy mohou vy\u017eadovat hospitalizaci nebo dokonce pomoc p\u0159i d\u00fdch\u00e1n\u00ed. Expozice k\u016f\u017ee CS m\u016f\u017ee zp\u016fsobit chemick\u00e9 pop\u00e1leniny nebo vyvolat alergickou kontaktn\u00ed dermatitidu. Pokud jsou lid\u00e9 zasa\u017eeni z bl\u00edzka nebo jsou siln\u011b exponov\u00e1ni, m\u016f\u017ee po\u0161kozen\u00ed oka zahrnuj\u00edc\u00ed zjizven\u00ed rohovky v\u00e9st k trval\u00e9 ztr\u00e1t\u011b zrakov\u00e9 ostrosti.\t\t\t\t<\/div>\n\t\t\t\t\t\t\t<\/div>\n\t\t<\/div><\/div><\/div><\/div><div class=\"vc_row wpb_row vc_row-fluid\"><div class=\"wpb_column vc_column_container vc_col-sm-12\"><div class=\"vc_column-inner\"><div class=\"wpb_wrapper\">\t\n\t\t\t<div id=\"wd-636248f4de5ba\" class=\"wd-text-block-wrapper wd-wpb color-scheme-custom wd-width-100 text-left\">\n\t\t\t\t<div class=\"woodmart-title-container woodmart-text-block reset-last-child font-text wd-font-weight-400 wd-fontsize-m\">\n\t\t\t\t\tV p\u0159\u00edpad\u011b n\u00e1hodn\u00e9ho rozlit\u00ed nebo zasa\u017een\u00ed chemick\u00fdmi dr\u00e1\u017ediv\u00fdmi l\u00e1tkami okam\u017eit\u011b vyhledejte l\u00e9ka\u0159skou pomoc.<\/p>\n<ul>\n<li><strong>PO VDECHNUT\u00cd<\/strong> :<br \/>\nZajist\u011bte \u010derstv\u00fd vzduch; v p\u0159\u00edpad\u011b pot\u00ed\u017e\u00ed vyhledejte l\u00e9ka\u0159e.<br \/>\nPokud m\u00e1 posti\u017een\u00fd pot\u00ed\u017ee s d\u00fdch\u00e1n\u00edm, poskytn\u011bte mu kysl\u00edkovou l\u00e9\u010dbu.<\/li>\n<li><strong>PO KONTAKTU S K\u016e\u017d\u00cd<\/strong> :<br \/>\nOkam\u017eit\u011b je omyjte vodou a m\u00fddlem a d\u016fkladn\u011b opl\u00e1chn\u011bte.<br \/>\nPokud se objev\u00ed podr\u00e1\u017ed\u011bn\u00ed k\u016f\u017ee nebo vyr\u00e1\u017eka: Vyhledejte l\u00e9ka\u0159skou pomoc.<\/li>\n<li><strong>PO O\u010cN\u00cdM KONTAKTU<\/strong> :<br \/>\nPokud nos\u00edte kontaktn\u00ed \u010do\u010dky, vyjm\u011bte je.<br \/>\nOtev\u0159en\u00e9 oko (o\u010di) n\u011bkolik minut vyplachujte pod tekouc\u00ed vodou. Pokud p\u0159\u00edznaky p\u0159etrv\u00e1vaj\u00ed, vyhledejte l\u00e9ka\u0159e.<\/li>\n<li><strong>PO PO\u017dIT\u00cd<\/strong> :<br \/>\nVypl\u00e1chn\u011bte si \u00fasta a pijte hodn\u011b vody.<br \/>\nNevyvol\u00e1vejte zvracen\u00ed; okam\u017eit\u011b vyhledejte l\u00e9ka\u0159skou pomoc.<\/li>\n<li><strong>NEJD\u016eLE\u017dIT\u011aJ\u0160\u00cd P\u0158\u00cdZNAKY A \u00da\u010cINKY, AKUTN\u00cd I OPO\u017dD\u011aN\u00c9.<\/strong> :<br \/>\nM\u016f\u017ee zp\u016fsobit podr\u00e1\u017ed\u011bn\u00ed d\u00fdchac\u00edch cest.<br \/>\nKa\u0161el.<br \/>\nD\u00fdchac\u00ed pot\u00ed\u017ee.<br \/>\nZp\u016fsobuje podr\u00e1\u017ed\u011bn\u00ed o\u010d\u00ed.<br \/>\nAlergick\u00e9 reakce.<\/li>\n<li><strong>NEBEZPE\u010c\u00cd<\/strong> :<br \/>\nPodez\u0159en\u00ed, \u017ee zp\u016fsobuje rakovinu. Zp\u016fsob expozice: Vdechnut\u00ed.<\/li>\n<\/ul>\n<p><strong>\u00daDAJ O P\u0158\u00cdPADN\u00c9 OKAM\u017dIT\u00c9 L\u00c9KA\u0158SK\u00c9 P\u00c9\u010cI A ZVL\u00c1\u0160TN\u00cdM O\u0160ET\u0158EN\u00cd.<\/strong> :<br \/>\nL\u00e9\u010dba symptomatick\u00e1.<br \/>\nObsahuje N-vanillylnonanamid. M\u016f\u017ee vyvolat alergickou reakci.\t\t\t\t<\/div>\n\t\t\t\t\t\t\t<\/div>\n\t\t<\/div><\/div><\/div><\/div><div class=\"vc_row wpb_row vc_row-fluid vc_row-o-equal-height vc_row-o-content-middle vc_row-flex\"><div class=\"wpb_column vc_column_container vc_col-sm-6\"><div class=\"vc_column-inner\"><div class=\"wpb_wrapper\">\t\t\t<div class=\"info-box-wrapper\">\n\t\t\t\t<div id=\"wd-63624cf66ffd4\" class=\"wd-info-box wd-wpb text-left box-icon-align-left box-style-border color-scheme-light wd-bg-none\"  >\n\t\t\t\t\t\t\t\t\t\t\t<div class=\"box-icon-wrapper  box-with-icon box-icon-simple\">\n\t\t\t\t\t\t\t<div class=\"info-box-icon\">\n\n\t\t\t\t\t\t\t\n\t\t\t\t\t\t\t\t\t\t\t\t\t\t\t\t\t<img decoding=\"async\" class=\"info-icon image-1\" src=\"https:\/\/www.byrna-defense.com\/wp-content\/uploads\/2022\/10\/Byrna_render_Max_1ct-150x150.webp\" width=\"150\" height=\"150\" alt=\"Byrna_render_Max_1ct\" title=\"Byrna_render_Max_1ct\" \/>\t\t\t\t\t\t\t\t\t\t\t\t\t\t\t\t\n\t\t\t\t\t\t\t\n\t\t\t\t\t\t\t<\/div>\n\t\t\t\t\t\t<\/div>\n\t\t\t\t\t\t\t\t\t\t<div class=\"info-box-content\">\n\t\t\t\t\t\t<div class=\"info-box-subtitle wd-fontsize-xs subtitle-style-default wd-font-weight-700\">Projektory Byrna Max<\/div><h4 class=\"info-box-title title wd-font-weight-400 box-title-style-default wd-fontsize-m\">Pou\u017eit\u00ed: Sebeobrana<br \/>\nSlo\u017een\u00ed: OC, CS, PAVA<\/h4>\t\t\t\t\t\t<div class=\"info-box-inner set-cont-mb-s reset-last-child\">\n\t\t\t\t\t\t\t\t\t\t\t\t\t<\/div>\n\n\t\t\t\t\t\t\t\t\t\t\t\t\n\t\t\t\t\t<\/div>\n\n\t\t\t\t\t<style>#wd-63624cf66ffd4 .info-box-subtitle{background-color:  !important;}<\/style>\t\t\t\t<\/div>\n\t\t\t<\/div>\n\t\t<\/div><\/div><\/div><div class=\"wpb_column vc_column_container vc_col-sm-6\"><div class=\"vc_column-inner\"><div class=\"wpb_wrapper\"><div id=\"wd-63624d25ce89c\" class=\"wd-button-wrapper text-center\"><a href=\"https:\/\/www.byrna-defense.com\/wp-content\/uploads\/2022\/10\/Fiche-de-donne\u0301es-se\u0301curite\u0301-BYRNA-MAX-PROJECTILE-SDS.pdf\" title=\"\" class=\"btn btn-color-primary btn-style-default btn-shape-rectangle btn-size-default\">Bezpe\u010dnostn\u00ed list<\/a><\/div><\/div><\/div><\/div><\/div><div class=\"vc_row wpb_row vc_row-fluid vc_row-o-equal-height vc_row-o-content-middle vc_row-flex\"><div class=\"wpb_column vc_column_container vc_col-sm-6\"><div class=\"vc_column-inner\"><div class=\"wpb_wrapper\">\t\t\t<div class=\"info-box-wrapper\">\n\t\t\t\t<div id=\"wd-63624e7adf422\" class=\"wd-info-box wd-wpb text-left box-icon-align-left box-style-border color-scheme-light wd-bg-none\"  >\n\t\t\t\t\t\t\t\t\t\t\t<div class=\"box-icon-wrapper  box-with-icon box-icon-simple\">\n\t\t\t\t\t\t\t<div class=\"info-box-icon\">\n\n\t\t\t\t\t\t\t\n\t\t\t\t\t\t\t\t\t\t\t\t\t\t\t\t\t<img decoding=\"async\" class=\"info-icon image-1\" src=\"https:\/\/www.byrna-defense.com\/wp-content\/uploads\/2022\/10\/Red_Grey_Pepper-150x150.webp\" width=\"150\" height=\"150\" alt=\"Red_Grey_Pepper\" title=\"Red_Grey_Pepper\" \/>\t\t\t\t\t\t\t\t\t\t\t\t\t\t\t\t\n\t\t\t\t\t\t\t\n\t\t\t\t\t\t\t<\/div>\n\t\t\t\t\t\t<\/div>\n\t\t\t\t\t\t\t\t\t\t<div class=\"info-box-content\">\n\t\t\t\t\t\t<div class=\"info-box-subtitle wd-fontsize-xs subtitle-style-default wd-font-weight-700\">Projektory Byrna Pepper<\/div><h4 class=\"info-box-title title wd-font-weight-400 box-title-style-default wd-fontsize-m\">Pou\u017eit\u00ed: Sebeobrana<br \/>\nSlo\u017een\u00ed: OC, PAVA<\/h4>\t\t\t\t\t\t<div class=\"info-box-inner set-cont-mb-s reset-last-child\">\n\t\t\t\t\t\t\t\t\t\t\t\t\t<\/div>\n\n\t\t\t\t\t\t\t\t\t\t\t\t\n\t\t\t\t\t<\/div>\n\n\t\t\t\t\t<style>#wd-63624e7adf422 .info-box-subtitle{background-color:  !important;}<\/style>\t\t\t\t<\/div>\n\t\t\t<\/div>\n\t\t<\/div><\/div><\/div><div class=\"wpb_column vc_column_container vc_col-sm-6\"><div class=\"vc_column-inner\"><div class=\"wpb_wrapper\"><div id=\"wd-65c0e01145157\" class=\"wd-button-wrapper text-center\"><a href=\"https:\/\/www.byrna-defense.com\/wp-content\/uploads\/2022\/10\/Fiche-de-donne%CC%81es-se%CC%81curite%CC%81-BYRNA-PEPPER-PROJECTILE-SDS.pdf\" title=\"\" class=\"btn btn-color-primary btn-style-default btn-shape-rectangle btn-size-default\">Bezpe\u010dnostn\u00ed list<\/a><\/div><\/div><\/div><\/div><\/div><div class=\"vc_row wpb_row vc_row-fluid vc_row-o-equal-height vc_row-o-content-middle vc_row-flex\"><div class=\"wpb_column vc_column_container vc_col-sm-6\"><div class=\"vc_column-inner\"><div class=\"wpb_wrapper\">\t\t\t<div class=\"info-box-wrapper\">\n\t\t\t\t<div id=\"wd-6362747c9d442\" class=\"wd-info-box wd-wpb text-left box-icon-align-left box-style-border color-scheme-light wd-bg-none\"  >\n\t\t\t\t\t\t\t\t\t\t\t<div class=\"box-icon-wrapper  box-with-icon box-icon-simple\">\n\t\t\t\t\t\t\t<div class=\"info-box-icon\">\n\n\t\t\t\t\t\t\t\n\t\t\t\t\t\t\t\t\t\t\t\t\t\t\t\t\t<img decoding=\"async\" class=\"info-icon image-1\" src=\"https:\/\/www.byrna-defense.com\/wp-content\/uploads\/2022\/10\/Pro-Training-Single-150x150.webp\" width=\"150\" height=\"150\" alt=\"Pro-Training-Single\" title=\"Pro-Training-Single\" \/>\t\t\t\t\t\t\t\t\t\t\t\t\t\t\t\t\n\t\t\t\t\t\t\t\n\t\t\t\t\t\t\t<\/div>\n\t\t\t\t\t\t<\/div>\n\t\t\t\t\t\t\t\t\t\t<div class=\"info-box-content\">\n\t\t\t\t\t\t<div class=\"info-box-subtitle wd-fontsize-xs subtitle-style-default wd-font-weight-700\">\u0160kol\u00edc\u00ed projektory Byrna<\/div><h4 class=\"info-box-title title wd-font-weight-400 box-title-style-default wd-fontsize-m\">Pou\u017eit\u00ed: Cvi\u010den\u00ed \/ Sebeobrana<br \/>\nSlo\u017een\u00ed: mastek<\/h4>\t\t\t\t\t\t<div class=\"info-box-inner set-cont-mb-s reset-last-child\">\n\t\t\t\t\t\t\t\t\t\t\t\t\t<\/div>\n\n\t\t\t\t\t\t\t\t\t\t\t\t\n\t\t\t\t\t<\/div>\n\n\t\t\t\t\t<style>#wd-6362747c9d442 .info-box-subtitle{background-color:  !important;}<\/style>\t\t\t\t<\/div>\n\t\t\t<\/div>\n\t\t<\/div><\/div><\/div><div class=\"wpb_column vc_column_container vc_col-sm-6\"><div class=\"vc_column-inner\"><div class=\"wpb_wrapper\"><div id=\"wd-636274ac7a06f\" class=\"wd-button-wrapper text-center\"><a href=\"https:\/\/www.byrna-defense.com\/wp-content\/uploads\/2022\/10\/Fiche-de-donne\u0301es-se\u0301curite\u0301-BYRNA-PRO-TRAINING-PROJECTILE-SDS.pdf\" title=\"\" class=\"btn btn-color-primary btn-style-default btn-shape-rectangle btn-size-default\">Bezpe\u010dnostn\u00ed list<\/a><\/div><\/div><\/div><\/div><\/div><div class=\"vc_row wpb_row vc_row-fluid vc_row-o-equal-height vc_row-o-content-middle vc_row-flex\"><div class=\"wpb_column vc_column_container vc_col-sm-6\"><div class=\"vc_column-inner\"><div class=\"wpb_wrapper\">\t\t\t<div class=\"info-box-wrapper\">\n\t\t\t\t<div id=\"wd-636274b543933\" class=\"wd-info-box wd-wpb text-left box-icon-align-left box-style-border color-scheme-light wd-bg-none\"  >\n\t\t\t\t\t\t\t\t\t\t\t<div class=\"box-icon-wrapper  box-with-icon box-icon-simple\">\n\t\t\t\t\t\t\t<div class=\"info-box-icon\">\n\n\t\t\t\t\t\t\t\n\t\t\t\t\t\t\t\t\t\t\t\t\t\t\t\t\t<img decoding=\"async\" class=\"info-icon image-1\" src=\"https:\/\/www.byrna-defense.com\/wp-content\/uploads\/2022\/10\/Byrna_render_Eco_Kinetic_1ct-150x150.webp\" width=\"150\" height=\"150\" alt=\"Byrna_render_Eco_Kinetic_1ct\" title=\"Byrna_render_Eco_Kinetic_1ct\" \/>\t\t\t\t\t\t\t\t\t\t\t\t\t\t\t\t\n\t\t\t\t\t\t\t\n\t\t\t\t\t\t\t<\/div>\n\t\t\t\t\t\t<\/div>\n\t\t\t\t\t\t\t\t\t\t<div class=\"info-box-content\">\n\t\t\t\t\t\t<div class=\"info-box-subtitle wd-fontsize-xs subtitle-style-default wd-font-weight-700\">Projektory Byrna Eco-training<\/div><h4 class=\"info-box-title title wd-font-weight-400 box-title-style-default wd-fontsize-m\">Pou\u017eit\u00ed: \u0160kolen\u00ed<br \/>\nSlo\u017een\u00ed: ve vod\u011b rozpustn\u00fd plast<\/h4>\t\t\t\t\t\t<div class=\"info-box-inner set-cont-mb-s reset-last-child\">\n\t\t\t\t\t\t\t\t\t\t\t\t\t<\/div>\n\n\t\t\t\t\t\t\t\t\t\t\t\t\n\t\t\t\t\t<\/div>\n\n\t\t\t\t\t<style>#wd-636274b543933 .info-box-subtitle{background-color:  !important;}<\/style>\t\t\t\t<\/div>\n\t\t\t<\/div>\n\t\t<\/div><\/div><\/div><div class=\"wpb_column vc_column_container vc_col-sm-6\"><div class=\"vc_column-inner\"><div class=\"wpb_wrapper\"><div id=\"wd-636274ec54f73\" class=\"wd-button-wrapper text-center\"><a href=\"https:\/\/www.byrna-defense.com\/wp-content\/uploads\/2022\/10\/Fiche-de-donne\u0301es-se\u0301curite\u0301-BYRNA-ECO-KINETIC-PROJECTILE-SDS.pdf\" title=\"\" class=\"btn btn-color-primary btn-style-default btn-shape-rectangle btn-size-default\">Bezpe\u010dnostn\u00ed list<\/a><\/div><\/div><\/div><\/div><\/div>","protected":false},"excerpt":{"rendered":"Chemick\u00e9 dr\u00e1\u017ediv\u00e9 l\u00e1tky mohou zp\u016fsobit v\u00e1\u017en\u00e9 zran\u011bn\u00ed, trval\u00e9 posti\u017een\u00ed a ve vz\u00e1cn\u00fdch p\u0159\u00edpadech i smrt. D\u011bti,","protected":false},"author":1,"featured_media":0,"parent":0,"menu_order":0,"comment_status":"closed","ping_status":"closed","template":"","meta":{"footnotes":""},"class_list":["post-8002","page","type-page","status-publish","hentry"],"_links":{"self":[{"href":"https:\/\/www.byrna-defense.com\/cs\/wp-json\/wp\/v2\/pages\/8002","targetHints":{"allow":["GET"]}}],"collection":[{"href":"https:\/\/www.byrna-defense.com\/cs\/wp-json\/wp\/v2\/pages"}],"about":[{"href":"https:\/\/www.byrna-defense.com\/cs\/wp-json\/wp\/v2\/types\/page"}],"author":[{"embeddable":true,"href":"https:\/\/www.byrna-defense.com\/cs\/wp-json\/wp\/v2\/users\/1"}],"replies":[{"embeddable":true,"href":"https:\/\/www.byrna-defense.com\/cs\/wp-json\/wp\/v2\/comments?post=8002"}],"version-history":[{"count":28,"href":"https:\/\/www.byrna-defense.com\/cs\/wp-json\/wp\/v2\/pages\/8002\/revisions"}],"predecessor-version":[{"id":9150,"href":"https:\/\/www.byrna-defense.com\/cs\/wp-json\/wp\/v2\/pages\/8002\/revisions\/9150"}],"wp:attachment":[{"href":"https:\/\/www.byrna-defense.com\/cs\/wp-json\/wp\/v2\/media?parent=8002"}],"curies":[{"name":"wp","href":"https:\/\/api.w.org\/{rel}","templated":true}]}}