{"id":7985,"date":"2022-10-11T15:13:19","date_gmt":"2022-10-11T13:13:19","guid":{"rendered":"http:\/\/preprod.byrna-defense.com\/www\/?page_id=7985"},"modified":"2022-10-13T17:18:14","modified_gmt":"2022-10-13T15:18:14","slug":"avis","status":"publish","type":"page","link":"https:\/\/www.byrna-defense.com\/cs\/avis\/","title":{"rendered":"Ozn\u00e1men\u00ed"},"content":{"rendered":"<div class=\"vc_row wpb_row vc_row-fluid\"><div class=\"wpb_column vc_column_container vc_col-sm-12\"><div class=\"vc_column-inner\"><div class=\"wpb_wrapper\">\t\t\n\t\t<div id=\"wd-63456bded8699\" class=\"title-wrapper wd-wpb set-mb-s reset-last-child  wd-title-color-default wd-title-style-default wd-width-100 text-center\">\n\t\t\t\n\t\t\t<div class=\"liner-continer\">\n\t\t\t\t<h4 class=\"woodmart-title-container title  wd-font-weight- wd-fontsize-l\" >Pod\u00edvejte se na n\u011bkter\u00e9 z n\u00ed\u017ee uveden\u00fdch recenz\u00ed<\/h4>\n\t\t\t\t\t\t\t<\/div>\n\t\t\t\n\t\t\t\n\t\t\t\t\t<\/div>\n\t\t\n\t\t<\/div><\/div><\/div><\/div><div class=\"vc_row wpb_row vc_row-fluid\"><div class=\"wpb_column vc_column_container vc_col-sm-4\"><div class=\"vc_column-inner\"><div class=\"wpb_wrapper\">\t\t\t\n\t\t\t<div id=\"carousel-9051\" class=\"testimonials testimonials-wrapper testimonials-slider testimon-style-standard testimon-align-center   wd-carousel-container wd-carousel-spacing-30\" data-owl-carousel data-desktop=\"1\" data-tablet_landscape=\"1\" data-tablet=\"1\" data-mobile=\"1\">\n\t\t\t\t<div class=\"owl-carousel owl-items-lg-1 owl-items-md-1 owl-items-sm-1 owl-items-xs-1\" >\n\t\t\t\t\t\n\t\t\t<div class=\"testimonial column\" >\n\t\t\t\t<div class=\"testimonial-inner\">\n\t\t\t\t\t\t\t\t\t\t\t<div class=\"testimonial-avatar\">\n\t\t\t\t\t\t\t<img decoding=\"async\" class=\"testimonial-avatar-image\" src=\"https:\/\/www.byrna-defense.com\/wp-content\/uploads\/2022\/10\/original-100x100.jpg\" width=\"100\" height=\"100\" alt=\"original\" title=\"origin\u00e1l\" \/>\t\t\t\t\t\t<\/div>\n\t\t\t\t\t\t\t\t\t\t<div class=\"testimonial-content\">\n\t\t\t\t\t\t<div class=\"testimonial-rating\">\n\t\t\t\t\t\t\t<span class=\"star-rating\">\n\t\t\t\t\t\t\t\t<span style=\"width:100%\"><\/span>\n\t\t\t\t\t\t\t<\/span>\n\t\t\t\t\t\t<\/div>\n\t\t\t\t\t\t<img decoding=\"async\" class=\"aligncenter wp-image-7990\" src=\"https:\/\/www.byrna-defense.com\/wp-content\/uploads\/2022\/10\/avis_5etoiles.jpg\" alt=\"\" width=\"90\" height=\"20\" srcset=\"https:\/\/www.byrna-defense.com\/wp-content\/uploads\/2022\/10\/avis_5etoiles.jpg 291w, https:\/\/www.byrna-defense.com\/wp-content\/uploads\/2022\/10\/avis_5etoiles-18x4.jpg 18w, https:\/\/www.byrna-defense.com\/wp-content\/uploads\/2022\/10\/avis_5etoiles-75x17.jpg 75w\" sizes=\"(max-width: 90px) 100vw, 90px\" \/><\/p>\n<p style=\"text-align: center;\">Sadu (samoz\u0159ejm\u011b r\u016f\u017eovou) jsem koupil pro svou \u017eenu jako p\u0159ekvapen\u00ed - miluje ji! Pr\u00e1v\u011b jsem objednal dal\u0161\u00ed kanystry s plynem a cvi\u010dnou munici.<br \/>\nSamotn\u00e1 zbra\u0148 je velmi pohodln\u00e1 a snadno se ovl\u00e1d\u00e1. Bude ho m\u00edt v kabelce, aby mohla j\u00edt z kancel\u00e1\u0159e do auta, proto\u017ee jej\u00ed kancel\u00e1\u0159 je ve \u0161patn\u00e9 \u010dtvrti.<\/p>\n<p>\t\t\t\t\t\t<footer>\n\t\t\t\t\t\t\tMichael G\t\t\t\t\t\t\t\t\t\t\t\t\t\t\t<span>Ov\u011b\u0159en\u00fd kupuj\u00edc\u00ed<\/span>\n\t\t\t\t\t\t\t\t\t\t\t\t\t<\/footer>\n\t\t\t\t\t<\/div>\n\t\t\t\t<\/div>\n\t\t\t<\/div>\n\n\t\t\t\t\t\t<\/div>\n\t\t\t<\/div>\n\t\t<\/div><\/div><\/div><div class=\"wpb_column vc_column_container vc_col-sm-4\"><div class=\"vc_column-inner\"><div class=\"wpb_wrapper\">\t\t\t\n\t\t\t<div id=\"carousel-8278\" class=\"testimonials testimonials-wrapper testimonials-slider testimon-style-standard testimon-align-center   wd-carousel-container wd-carousel-spacing-30\" data-owl-carousel data-desktop=\"1\" data-tablet_landscape=\"1\" data-tablet=\"1\" data-mobile=\"1\">\n\t\t\t\t<div class=\"owl-carousel owl-items-lg-1 owl-items-md-1 owl-items-sm-1 owl-items-xs-1\" >\n\t\t\t\t\t\n\t\t\t<div class=\"testimonial column\" >\n\t\t\t\t<div class=\"testimonial-inner\">\n\t\t\t\t\t\t\t\t\t\t\t<div class=\"testimonial-avatar\">\n\t\t\t\t\t\t\t<img decoding=\"async\" class=\"testimonial-avatar-image\" src=\"https:\/\/www.byrna-defense.com\/wp-content\/uploads\/2022\/10\/original-1-100x100.jpg\" width=\"100\" height=\"100\" alt=\"original (1)\" title=\"origin\u00e1l (1)\" \/>\t\t\t\t\t\t<\/div>\n\t\t\t\t\t\t\t\t\t\t<div class=\"testimonial-content\">\n\t\t\t\t\t\t<div class=\"testimonial-rating\">\n\t\t\t\t\t\t\t<span class=\"star-rating\">\n\t\t\t\t\t\t\t\t<span style=\"width:100%\"><\/span>\n\t\t\t\t\t\t\t<\/span>\n\t\t\t\t\t\t<\/div>\n\t\t\t\t\t\t<img decoding=\"async\" class=\"aligncenter wp-image-7990\" src=\"https:\/\/www.byrna-defense.com\/wp-content\/uploads\/2022\/10\/avis_5etoiles.jpg\" alt=\"\" width=\"90\" height=\"20\" srcset=\"https:\/\/www.byrna-defense.com\/wp-content\/uploads\/2022\/10\/avis_5etoiles.jpg 291w, https:\/\/www.byrna-defense.com\/wp-content\/uploads\/2022\/10\/avis_5etoiles-18x4.jpg 18w, https:\/\/www.byrna-defense.com\/wp-content\/uploads\/2022\/10\/avis_5etoiles-75x17.jpg 75w\" sizes=\"(max-width: 90px) 100vw, 90px\" \/><\/p>\n<p style=\"text-align: center;\">Nejlep\u0161\u00ed nesmrt\u00edc\u00ed alternativa na trhu. Cvi\u010den\u00ed na ter\u010d je z\u00e1bavn\u00e9. M\u00e1m pocit, \u017ee v Kalifornii mus\u00edm b\u00fdt kreativn\u00ed v tom, co d\u011bl\u00e1m, abych ochr\u00e1nil rodinu a majetek. D\u011bkuji Bryanovi za genialitu, kterou si vy\u017e\u00e1dalo jeho vytvo\u0159en\u00ed, a za marketing, d\u00edky n\u011bmu\u017e se o n\u011bm dozv\u011bd\u011bli.<\/p>\n<p>\t\t\t\t\t\t<footer>\n\t\t\t\t\t\t\tLawrence B\t\t\t\t\t\t\t\t\t\t\t\t\t\t\t<span>Ov\u011b\u0159en\u00fd kupuj\u00edc\u00ed<\/span>\n\t\t\t\t\t\t\t\t\t\t\t\t\t<\/footer>\n\t\t\t\t\t<\/div>\n\t\t\t\t<\/div>\n\t\t\t<\/div>\n\n\t\t\t\t\t\t<\/div>\n\t\t\t<\/div>\n\t\t<\/div><\/div><\/div><div class=\"wpb_column vc_column_container vc_col-sm-4\"><div class=\"vc_column-inner\"><div class=\"wpb_wrapper\">\t\t\t\n\t\t\t<div id=\"carousel-8988\" class=\"testimonials testimonials-wrapper testimonials-slider testimon-style-standard testimon-align-center   wd-carousel-container wd-carousel-spacing-30\" data-owl-carousel data-desktop=\"1\" data-tablet_landscape=\"1\" data-tablet=\"1\" data-mobile=\"1\">\n\t\t\t\t<div class=\"owl-carousel owl-items-lg-1 owl-items-md-1 owl-items-sm-1 owl-items-xs-1\" >\n\t\t\t\t\t\n\t\t\t<div class=\"testimonial column\" >\n\t\t\t\t<div class=\"testimonial-inner\">\n\t\t\t\t\t\t\t\t\t\t\t<div class=\"testimonial-avatar\">\n\t\t\t\t\t\t\t<img decoding=\"async\" class=\"testimonial-avatar-image\" src=\"https:\/\/www.byrna-defense.com\/wp-content\/uploads\/2022\/10\/original-2-100x100.jpg\" width=\"100\" height=\"100\" alt=\"original (2)\" title=\"origin\u00e1l (2)\" \/>\t\t\t\t\t\t<\/div>\n\t\t\t\t\t\t\t\t\t\t<div class=\"testimonial-content\">\n\t\t\t\t\t\t<div class=\"testimonial-rating\">\n\t\t\t\t\t\t\t<span class=\"star-rating\">\n\t\t\t\t\t\t\t\t<span style=\"width:100%\"><\/span>\n\t\t\t\t\t\t\t<\/span>\n\t\t\t\t\t\t<\/div>\n\t\t\t\t\t\t<img decoding=\"async\" class=\"wp-image-7990 aligncenter\" src=\"https:\/\/www.byrna-defense.com\/wp-content\/uploads\/2022\/10\/avis_5etoiles.jpg\" alt=\"\" width=\"90\" height=\"20\" srcset=\"https:\/\/www.byrna-defense.com\/wp-content\/uploads\/2022\/10\/avis_5etoiles.jpg 291w, https:\/\/www.byrna-defense.com\/wp-content\/uploads\/2022\/10\/avis_5etoiles-18x4.jpg 18w, https:\/\/www.byrna-defense.com\/wp-content\/uploads\/2022\/10\/avis_5etoiles-75x17.jpg 75w\" sizes=\"(max-width: 90px) 100vw, 90px\" \/><\/p>\n<p style=\"text-align: center;\">Nen\u00ed to prvn\u00ed nesmrt\u00edc\u00ed sebeobrann\u00e1 zbra\u0148, kterou jsem si po\u0159\u00eddil, ale bude to posledn\u00ed. Vlastn\u00edm pulzn\u00ed taser spolu s Tippmannem TPIX, kter\u00fd prod\u00e1v\u00e1 s\u016fl. Tippman byl m\u00fdm dom\u00e1c\u00edm obrann\u00fdm prost\u0159edkem a taserem, kter\u00fd jsem v\u017edy nosil u sebe. Svou prvn\u00ed byrnu jsem si koupil proto, abych m\u011bl p\u0159i no\u0161en\u00ed po ruce v\u00edce v\u00fdst\u0159el\u016f, ne\u017e jsem m\u011bl s pulzn\u00edm taserem.<\/p>\n<p>\t\t\t\t\t\t<footer>\n\t\t\t\t\t\t\tRon M\t\t\t\t\t\t\t\t\t\t\t\t\t\t\t<span>Ov\u011b\u0159en\u00fd kupuj\u00edc\u00ed<\/span>\n\t\t\t\t\t\t\t\t\t\t\t\t\t<\/footer>\n\t\t\t\t\t<\/div>\n\t\t\t\t<\/div>\n\t\t\t<\/div>\n\n\t\t\t\t\t\t<\/div>\n\t\t\t<\/div>\n\t\t<\/div><\/div><\/div><\/div><div class=\"vc_row wpb_row vc_row-fluid\"><div class=\"wpb_column vc_column_container vc_col-sm-12\"><div class=\"vc_column-inner\"><div class=\"wpb_wrapper\"><div class=\"vc_empty_space\"   style=\"height: 32px\"><span class=\"vc_empty_space_inner\"><\/span><\/div><\/div><\/div><\/div><\/div><div class=\"vc_row wpb_row vc_row-fluid\"><div class=\"wpb_column vc_column_container vc_col-sm-4\"><div class=\"vc_column-inner\"><div class=\"wpb_wrapper\">\t\t\t\n\t\t\t<div id=\"carousel-8899\" class=\"testimonials testimonials-wrapper testimonials-slider testimon-style-standard testimon-align-center   wd-carousel-container wd-carousel-spacing-30\" data-owl-carousel data-desktop=\"1\" data-tablet_landscape=\"1\" data-tablet=\"1\" data-mobile=\"1\">\n\t\t\t\t<div class=\"owl-carousel owl-items-lg-1 owl-items-md-1 owl-items-sm-1 owl-items-xs-1\" >\n\t\t\t\t\t\n\t\t\t<div class=\"testimonial column\" >\n\t\t\t\t<div class=\"testimonial-inner\">\n\t\t\t\t\t\t\t\t\t\t\t<div class=\"testimonial-avatar\">\n\t\t\t\t\t\t\t<img decoding=\"async\" class=\"testimonial-avatar-image\" src=\"https:\/\/www.byrna-defense.com\/wp-content\/uploads\/2022\/10\/original-3-100x100.jpg\" width=\"100\" height=\"100\" alt=\"original (3)\" title=\"origin\u00e1l (3)\" \/>\t\t\t\t\t\t<\/div>\n\t\t\t\t\t\t\t\t\t\t<div class=\"testimonial-content\">\n\t\t\t\t\t\t<div class=\"testimonial-rating\">\n\t\t\t\t\t\t\t<span class=\"star-rating\">\n\t\t\t\t\t\t\t\t<span style=\"width:100%\"><\/span>\n\t\t\t\t\t\t\t<\/span>\n\t\t\t\t\t\t<\/div>\n\t\t\t\t\t\t<img decoding=\"async\" class=\"wp-image-7990 aligncenter\" src=\"https:\/\/www.byrna-defense.com\/wp-content\/uploads\/2022\/10\/avis_5etoiles.jpg\" alt=\"\" width=\"90\" height=\"20\" srcset=\"https:\/\/www.byrna-defense.com\/wp-content\/uploads\/2022\/10\/avis_5etoiles.jpg 291w, https:\/\/www.byrna-defense.com\/wp-content\/uploads\/2022\/10\/avis_5etoiles-18x4.jpg 18w, https:\/\/www.byrna-defense.com\/wp-content\/uploads\/2022\/10\/avis_5etoiles-75x17.jpg 75w\" sizes=\"(max-width: 90px) 100vw, 90px\" \/><\/p>\n<p style=\"text-align: center;\">Miluju to... M\u00e1m zbran\u011b, ale jen pocit, \u017ee nelet\u00e1ln\u00ed zp\u016fsob, jak je to \u00fa\u017easn\u00e9 a m\u00e9n\u011b bolesti hlavy<\/p>\n<p>\t\t\t\t\t\t<footer>\n\t\t\t\t\t\t\tJose A\t\t\t\t\t\t\t\t\t\t\t\t\t\t\t<span>Ov\u011b\u0159en\u00fd kupuj\u00edc\u00ed<\/span>\n\t\t\t\t\t\t\t\t\t\t\t\t\t<\/footer>\n\t\t\t\t\t<\/div>\n\t\t\t\t<\/div>\n\t\t\t<\/div>\n\n\t\t\t\t\t\t<\/div>\n\t\t\t<\/div>\n\t\t<\/div><\/div><\/div><div class=\"wpb_column vc_column_container vc_col-sm-4\"><div class=\"vc_column-inner\"><div class=\"wpb_wrapper\">\t\t\t\n\t\t\t<div id=\"carousel-6105\" class=\"testimonials testimonials-wrapper testimonials-slider testimon-style-standard testimon-align-center   wd-carousel-container wd-carousel-spacing-30\" data-owl-carousel data-desktop=\"1\" data-tablet_landscape=\"1\" data-tablet=\"1\" data-mobile=\"1\">\n\t\t\t\t<div class=\"owl-carousel owl-items-lg-1 owl-items-md-1 owl-items-sm-1 owl-items-xs-1\" >\n\t\t\t\t\t\n\t\t\t<div class=\"testimonial column\" >\n\t\t\t\t<div class=\"testimonial-inner\">\n\t\t\t\t\t\t\t\t\t\t\t<div class=\"testimonial-avatar\">\n\t\t\t\t\t\t\t<img decoding=\"async\" class=\"testimonial-avatar-image\" src=\"https:\/\/www.byrna-defense.com\/wp-content\/uploads\/2022\/10\/original-5-100x100.jpg\" width=\"100\" height=\"100\" alt=\"original (5)\" title=\"origin\u00e1l (5)\" \/>\t\t\t\t\t\t<\/div>\n\t\t\t\t\t\t\t\t\t\t<div class=\"testimonial-content\">\n\t\t\t\t\t\t<div class=\"testimonial-rating\">\n\t\t\t\t\t\t\t<span class=\"star-rating\">\n\t\t\t\t\t\t\t\t<span style=\"width:100%\"><\/span>\n\t\t\t\t\t\t\t<\/span>\n\t\t\t\t\t\t<\/div>\n\t\t\t\t\t\t<img decoding=\"async\" class=\"aligncenter wp-image-7990\" src=\"https:\/\/www.byrna-defense.com\/wp-content\/uploads\/2022\/10\/avis_5etoiles.jpg\" alt=\"\" width=\"90\" height=\"20\" srcset=\"https:\/\/www.byrna-defense.com\/wp-content\/uploads\/2022\/10\/avis_5etoiles.jpg 291w, https:\/\/www.byrna-defense.com\/wp-content\/uploads\/2022\/10\/avis_5etoiles-18x4.jpg 18w, https:\/\/www.byrna-defense.com\/wp-content\/uploads\/2022\/10\/avis_5etoiles-75x17.jpg 75w\" sizes=\"(max-width: 90px) 100vw, 90px\" \/><\/p>\n<p style=\"text-align: center;\">Funguje skv\u011ble, necht\u011bl bych s n\u00edm dostat r\u00e1nu do obli\u010deje. To by bylo opravdu na nic!<\/p>\n<p>\t\t\t\t\t\t<footer>\n\t\t\t\t\t\t\tCurtis W\t\t\t\t\t\t\t\t\t\t\t\t\t\t\t<span>Ov\u011b\u0159en\u00fd kupuj\u00edc\u00ed<\/span>\n\t\t\t\t\t\t\t\t\t\t\t\t\t<\/footer>\n\t\t\t\t\t<\/div>\n\t\t\t\t<\/div>\n\t\t\t<\/div>\n\n\t\t\t\t\t\t<\/div>\n\t\t\t<\/div>\n\t\t<\/div><\/div><\/div><div class=\"wpb_column vc_column_container vc_col-sm-4\"><div class=\"vc_column-inner\"><div class=\"wpb_wrapper\">\t\t\t\n\t\t\t<div id=\"carousel-8716\" class=\"testimonials testimonials-wrapper testimonials-slider testimon-style-standard testimon-align-center   wd-carousel-container wd-carousel-spacing-30\" data-owl-carousel data-desktop=\"1\" data-tablet_landscape=\"1\" data-tablet=\"1\" data-mobile=\"1\">\n\t\t\t\t<div class=\"owl-carousel owl-items-lg-1 owl-items-md-1 owl-items-sm-1 owl-items-xs-1\" >\n\t\t\t\t\t\n\t\t\t<div class=\"testimonial column\" >\n\t\t\t\t<div class=\"testimonial-inner\">\n\t\t\t\t\t\t\t\t\t\t\t<div class=\"testimonial-avatar\">\n\t\t\t\t\t\t\t<img decoding=\"async\" class=\"testimonial-avatar-image\" src=\"https:\/\/www.byrna-defense.com\/wp-content\/uploads\/2022\/10\/original-4-100x100.jpg\" width=\"100\" height=\"100\" alt=\"original (4)\" title=\"origin\u00e1l (4)\" \/>\t\t\t\t\t\t<\/div>\n\t\t\t\t\t\t\t\t\t\t<div class=\"testimonial-content\">\n\t\t\t\t\t\t<div class=\"testimonial-rating\">\n\t\t\t\t\t\t\t<span class=\"star-rating\">\n\t\t\t\t\t\t\t\t<span style=\"width:100%\"><\/span>\n\t\t\t\t\t\t\t<\/span>\n\t\t\t\t\t\t<\/div>\n\t\t\t\t\t\t<img decoding=\"async\" class=\"aligncenter wp-image-7990\" src=\"https:\/\/www.byrna-defense.com\/wp-content\/uploads\/2022\/10\/avis_5etoiles.jpg\" alt=\"\" width=\"90\" height=\"20\" srcset=\"https:\/\/www.byrna-defense.com\/wp-content\/uploads\/2022\/10\/avis_5etoiles.jpg 291w, https:\/\/www.byrna-defense.com\/wp-content\/uploads\/2022\/10\/avis_5etoiles-18x4.jpg 18w, https:\/\/www.byrna-defense.com\/wp-content\/uploads\/2022\/10\/avis_5etoiles-75x17.jpg 75w\" sizes=\"(max-width: 90px) 100vw, 90px\" \/><\/p>\n<p style=\"text-align: center;\">M\u00e1m to pro svou \u017eenu, proto\u017ee ona je rozhodn\u011b \"Ungun\" st\u0159edem demografick\u00e9 Byrna hled\u00e1. P\u0159i\u0161el v\u010das a byl bezpe\u010dn\u011b zabalen. Dostupn\u00e9 obr\u00e1zky a videa jednodu\u0161e nevystihuj\u00ed kvalitu a preciznost konstrukce.<\/p>\n<p>\t\t\t\t\t\t<footer>\n\t\t\t\t\t\t\tLaurence A\t\t\t\t\t\t\t\t\t\t\t\t\t\t\t<span>Ov\u011b\u0159en\u00fd kupuj\u00edc\u00ed<\/span>\n\t\t\t\t\t\t\t\t\t\t\t\t\t<\/footer>\n\t\t\t\t\t<\/div>\n\t\t\t\t<\/div>\n\t\t\t<\/div>\n\n\t\t\t\t\t\t<\/div>\n\t\t\t<\/div>\n\t\t<\/div><\/div><\/div><\/div>","protected":false},"excerpt":{"rendered":"Pod\u00edvejte se na n\u011bkter\u00e9 recenze n\u00ed\u017ee Sadu (samoz\u0159ejm\u011b r\u016f\u017eovou) jsem dostal pro svou \u017eenu jako p\u0159ekvapen\u00ed - miluje ji.","protected":false},"author":1,"featured_media":0,"parent":0,"menu_order":0,"comment_status":"closed","ping_status":"closed","template":"","meta":{"footnotes":""},"class_list":["post-7985","page","type-page","status-publish","hentry"],"_links":{"self":[{"href":"https:\/\/www.byrna-defense.com\/cs\/wp-json\/wp\/v2\/pages\/7985","targetHints":{"allow":["GET"]}}],"collection":[{"href":"https:\/\/www.byrna-defense.com\/cs\/wp-json\/wp\/v2\/pages"}],"about":[{"href":"https:\/\/www.byrna-defense.com\/cs\/wp-json\/wp\/v2\/types\/page"}],"author":[{"embeddable":true,"href":"https:\/\/www.byrna-defense.com\/cs\/wp-json\/wp\/v2\/users\/1"}],"replies":[{"embeddable":true,"href":"https:\/\/www.byrna-defense.com\/cs\/wp-json\/wp\/v2\/comments?post=7985"}],"version-history":[{"count":10,"href":"https:\/\/www.byrna-defense.com\/cs\/wp-json\/wp\/v2\/pages\/7985\/revisions"}],"predecessor-version":[{"id":8088,"href":"https:\/\/www.byrna-defense.com\/cs\/wp-json\/wp\/v2\/pages\/7985\/revisions\/8088"}],"wp:attachment":[{"href":"https:\/\/www.byrna-defense.com\/cs\/wp-json\/wp\/v2\/media?parent=7985"}],"curies":[{"name":"wp","href":"https:\/\/api.w.org\/{rel}","templated":true}]}}