{"id":7763,"date":"2022-09-19T15:58:41","date_gmt":"2022-09-19T13:58:41","guid":{"rendered":"http:\/\/preprod.byrna-defense.com\/www\/?page_id=7763"},"modified":"2023-01-10T16:40:36","modified_gmt":"2023-01-10T15:40:36","slug":"revendeurs","status":"publish","type":"page","link":"https:\/\/www.byrna-defense.com\/cs\/revendeurs\/","title":{"rendered":"Prodejci"},"content":{"rendered":"<div data-vc-full-width=\"true\" data-vc-full-width-init=\"false\" data-vc-stretch-content=\"true\" class=\"vc_row wpb_row vc_row-fluid vc_custom_1663595903277 vc_row-no-padding\"><div class=\"wpb_column vc_column_container vc_col-sm-12\"><div class=\"vc_column-inner\"><div class=\"wpb_wrapper\"><\/div><\/div><\/div><\/div><div class=\"vc_row-full-width vc_clearfix\"><\/div><div class=\"vc_row wpb_row vc_row-fluid vc_custom_1496926452255 vc_row-o-equal-height vc_row-flex\"><div class=\"wpb_column vc_column_container vc_col-sm-6 vc_col-lg-6 vc_col-md-6\"><div class=\"vc_column-inner\"><div class=\"wpb_wrapper\">\t\t\n\t\t<div id=\"wd-63287582dbf52\" class=\"title-wrapper wd-wpb set-mb-s reset-last-child  wd-title-color-default wd-title-style-default wd-width-100 text-left\">\n\t\t\t\t\t\t\t<div class=\"title-subtitle  subtitle-color-default font-default subtitle-style-default wd-font-weight- wd-fontsize-xs\">INFORMACE<\/div>\n\t\t\t\n\t\t\t<div class=\"liner-continer\">\n\t\t\t\t<h4 class=\"woodmart-title-container title  wd-font-weight- wd-fontsize-l\" >CHCETE DISTRIBUOVAT PRODUKTY SPOLE\u010cNOSTI BYRNA?<\/h4>\n\t\t\t\t\t\t\t<\/div>\n\t\t\t\n\t\t\t\n\t\t\t\t\t<\/div>\n\t\t\n\t\t\n<div class=\"wpcf7 no-js\" id=\"wpcf7-f7757-o1\" lang=\"fr-FR\" dir=\"ltr\" data-wpcf7-id=\"7757\">\n<div class=\"screen-reader-response\"><p role=\"status\" aria-live=\"polite\" aria-atomic=\"true\"><\/p> <ul><\/ul><\/div>\n<form action=\"\/cs\/wp-json\/wp\/v2\/pages\/7763#wpcf7-f7757-o1\" method=\"post\" class=\"wpcf7-form init\" aria-label=\"Kontaktn\u00ed formul\u00e1\u0159\" novalidate=\"novalidate\" data-status=\"init\" data-trp-original-action=\"\/cs\/wp-json\/wp\/v2\/pages\/7763#wpcf7-f7757-o1\">\n<fieldset class=\"hidden-fields-container\"><input type=\"hidden\" name=\"_wpcf7\" value=\"7757\" \/><input type=\"hidden\" name=\"_wpcf7_version\" value=\"6.1.2\" \/><input type=\"hidden\" name=\"_wpcf7_locale\" value=\"fr_FR\" \/><input type=\"hidden\" name=\"_wpcf7_unit_tag\" value=\"wpcf7-f7757-o1\" \/><input type=\"hidden\" name=\"_wpcf7_container_post\" value=\"0\" \/><input type=\"hidden\" name=\"_wpcf7_posted_data_hash\" value=\"\" \/><input type=\"hidden\" name=\"_wpcf7_recaptcha_response\" value=\"\" \/>\n<\/fieldset>\n<p><label> Va\u0161e jm\u00e9no<br \/>\n<span class=\"wpcf7-form-control-wrap\" data-name=\"your-name\"><input size=\"40\" maxlength=\"400\" class=\"wpcf7-form-control wpcf7-text wpcf7-validates-as-required\" aria-required=\"true\" aria-invalid=\"false\" value=\"\" type=\"text\" name=\"your-name\" \/><\/span> <\/label>\n<\/p>\n<p><label> Va\u0161e e-mailov\u00e1 adresa<br \/>\n<span class=\"wpcf7-form-control-wrap\" data-name=\"your-email\"><input size=\"40\" maxlength=\"400\" class=\"wpcf7-form-control wpcf7-email wpcf7-validates-as-required wpcf7-text wpcf7-validates-as-email\" aria-required=\"true\" aria-invalid=\"false\" value=\"\" type=\"email\" name=\"your-email\" \/><\/span> <\/label>\n<\/p>\n<p><label> Objekt<br \/>\n<span class=\"wpcf7-form-control-wrap\" data-name=\"your-subject\"><input size=\"40\" maxlength=\"400\" class=\"wpcf7-form-control wpcf7-text wpcf7-validates-as-required\" aria-required=\"true\" aria-invalid=\"false\" value=\"\" type=\"text\" name=\"your-subject\" \/><\/span> <\/label>\n<\/p>\n<p><label> Va\u0161e zpr\u00e1va (nepovinn\u00e9)<br \/>\n<span class=\"wpcf7-form-control-wrap\" data-name=\"your-message\"><textarea cols=\"40\" rows=\"10\" maxlength=\"2000\" class=\"wpcf7-form-control wpcf7-textarea\" aria-invalid=\"false\" name=\"your-message\"><\/textarea><\/span> <\/label>\n<\/p>\n<p><input class=\"wpcf7-form-control wpcf7-submit has-spinner\" type=\"submit\" value=\"Odeslat\" \/>\n<\/p><div class=\"wpcf7-response-output\" aria-hidden=\"true\"><\/div>\n<input type=\"hidden\" name=\"trp-form-language\" value=\"cs\"\/><\/form>\n<\/div>\n<\/div><\/div><\/div><div class=\"wpb_column vc_column_container vc_col-sm-6\"><div class=\"vc_column-inner\"><div class=\"wpb_wrapper\">\t\t\n\t\t<div id=\"wd-6328774901966\" class=\"title-wrapper wd-wpb set-mb-s reset-last-child  wd-title-color-default wd-title-style-default wd-width-100 text-left\">\n\t\t\t\t\t\t\t<div class=\"title-subtitle  subtitle-color-default font-default subtitle-style-default wd-font-weight- wd-fontsize-xs\">\u010cASTO KLADEN\u00c9 DOTAZY<\/div>\n\t\t\t\n\t\t\t<div class=\"liner-continer\">\n\t\t\t\t<h4 class=\"woodmart-title-container title  wd-font-weight- wd-fontsize-l\" >N\u011aKTER\u00c9 ODPOV\u011aDI<\/h4>\n\t\t\t\t\t\t\t<\/div>\n\t\t\t\n\t\t\t\n\t\t\t\t\t<\/div>\n\t\t\n\t\t<div  class=\"vc_toggle vc_toggle_default vc_toggle_color_default vc_toggle_size_md\"><div class=\"vc_toggle_title\"><h4>Kdo m\u016f\u017ee distribuovat odpalovac\u00ed za\u0159\u00edzen\u00ed Byrna?<\/h4><i class=\"vc_toggle_icon\"><\/i><\/div><div class=\"vc_toggle_content\"><p>Ve v\u011bt\u0161in\u011b evropsk\u00fdch zem\u00ed jsou odpalova\u010de byrna pova\u017eov\u00e1ny za zbran\u011b a v obchodech nebo na internetu je mohou prod\u00e1vat pouze obchody se zbran\u011bmi nebo spole\u010dnosti, kter\u00e9 maj\u00ed licenci na obchodov\u00e1n\u00ed s touto kategori\u00ed zbran\u00ed. Obra\u0165te se na n\u00e1\u0161 servis a zjist\u011bte si, jak\u00e1 je legislativa va\u0161\u00ed zem\u011b t\u00fdkaj\u00edc\u00ed se t\u011bchto odpalovac\u00edch za\u0159\u00edzen\u00ed a jejich projektil\u016f.<\/p>\n<\/div><\/div><div  class=\"vc_toggle vc_toggle_default vc_toggle_color_default vc_toggle_size_md\"><div class=\"vc_toggle_title\"><h4>Prod\u00e1v\u00e1m paintballov\u00e9 odpalova\u010de, mohu prod\u00e1vat odpalova\u010de Byrna?<\/h4><i class=\"vc_toggle_icon\"><\/i><\/div><div class=\"vc_toggle_content\"><p>V mnoha zem\u00edch jsou odpalova\u010de Byrna pova\u017eov\u00e1ny za paintballov\u00e9 odpalova\u010de, ale n\u011bkdy m\u016f\u017ee b\u00fdt vzhledem k v\u00fdkonu, pr\u016fm\u011bru kuli\u010dek nebo jejich obsahu sporn\u00e9, zda pat\u0159\u00ed do t\u00e9to kategorie.Obra\u0165te se pros\u00edm na p\u0159\u00edslu\u0161n\u00e9 \u00fa\u0159ady ve va\u0161\u00ed zemi a ov\u011b\u0159te si, jak\u00e1 legislativa se na odpalova\u010de Byrna a jejich st\u0159ely vztahuje.<\/p>\n<\/div><\/div><div  class=\"vc_toggle vc_toggle_default vc_toggle_color_default vc_toggle_size_md\"><div class=\"vc_toggle_title\"><h4>Je spole\u010dnost Byrna ji\u017e p\u0159\u00edtomna v Evrop\u011b?<\/h4><i class=\"vc_toggle_icon\"><\/i><\/div><div class=\"vc_toggle_content\"><p>Spole\u010dnost Byrna se do Francie dov\u00e1\u017e\u00ed ji\u017e dva roky a na jihu Francie byl z\u0159\u00edzen sklad spole\u010dnosti Byrna Europe. Tento sklad m\u00e1 ve\u0161ker\u00e9 z\u00e1soby pot\u0159ebn\u00e9 k z\u00e1sobov\u00e1n\u00ed v\u0161ech dovozc\u016f nebo prodejc\u016f v Evrop\u011b.<\/p>\n<\/div><\/div><\/div><\/div><\/div><\/div>","protected":false},"excerpt":{"rendered":"CHCETE DISTRIBUOVAT PRODUKTY SPOLE\u010cNOSTI BYRNA? Va\u0161e jm\u00e9no V\u00e1\u0161 e-mail P\u0159edm\u011bt Va\u0161e zpr\u00e1va (nepovinn\u00e9) \u010casto kladen\u00e9 ot\u00e1zky N\u011aKTER\u00c9 ODPOV\u011aDI Kdo","protected":false},"author":1,"featured_media":0,"parent":0,"menu_order":0,"comment_status":"closed","ping_status":"closed","template":"","meta":{"footnotes":""},"class_list":["post-7763","page","type-page","status-publish","hentry"],"_links":{"self":[{"href":"https:\/\/www.byrna-defense.com\/cs\/wp-json\/wp\/v2\/pages\/7763","targetHints":{"allow":["GET"]}}],"collection":[{"href":"https:\/\/www.byrna-defense.com\/cs\/wp-json\/wp\/v2\/pages"}],"about":[{"href":"https:\/\/www.byrna-defense.com\/cs\/wp-json\/wp\/v2\/types\/page"}],"author":[{"embeddable":true,"href":"https:\/\/www.byrna-defense.com\/cs\/wp-json\/wp\/v2\/users\/1"}],"replies":[{"embeddable":true,"href":"https:\/\/www.byrna-defense.com\/cs\/wp-json\/wp\/v2\/comments?post=7763"}],"version-history":[{"count":12,"href":"https:\/\/www.byrna-defense.com\/cs\/wp-json\/wp\/v2\/pages\/7763\/revisions"}],"predecessor-version":[{"id":8677,"href":"https:\/\/www.byrna-defense.com\/cs\/wp-json\/wp\/v2\/pages\/7763\/revisions\/8677"}],"wp:attachment":[{"href":"https:\/\/www.byrna-defense.com\/cs\/wp-json\/wp\/v2\/media?parent=7763"}],"curies":[{"name":"wp","href":"https:\/\/api.w.org\/{rel}","templated":true}]}}